{"id":10459,"date":"2020-12-21T15:27:19","date_gmt":"2020-12-21T14:27:19","guid":{"rendered":"https:\/\/www.oros.com\/startseite\/"},"modified":"2025-10-31T14:08:55","modified_gmt":"2025-10-31T13:08:55","slug":"startseite","status":"publish","type":"page","link":"https:\/\/www.oros.com\/de\/","title":{"rendered":"Startseite"},"content":{"rendered":"<p>Ger\u00e4usche und Schwingungen &#8211;<br \/>\nMessungen &amp; Analyse<\/p>\n","protected":false},"excerpt":{"rendered":"<p>Ger\u00e4usche und Schwingungen &#8211; Messungen &amp; Analyse<\/p>\n","protected":false},"author":2,"featured_media":0,"parent":0,"menu_order":0,"comment_status":"closed","ping_status":"closed","template":"","meta":{"_acf_changed":false,"inline_featured_image":false,"footnotes":""},"class_list":["post-10459","page","type-page","status-publish","hentry"],"acf":[],"yoast_head":"<!-- This site is optimized with the Yoast SEO plugin v27.5 - https:\/\/yoast.com\/product\/yoast-seo-wordpress\/ -->\n<title>Ger\u00e4usch- und Schwingungsmessungen an rotierenden Maschinen<\/title>\n<meta name=\"description\" content=\"OROS Systeme f\u00fcr Ger\u00e4usch- und Schwingungsmessungen. Leistungsstarke, mobile Hardware und Software f\u00fcr vielf\u00e4ltige Analysen.\" \/>\n<meta name=\"robots\" content=\"index, follow, max-snippet:-1, max-image-preview:large, max-video-preview:-1\" \/>\n<link rel=\"canonical\" href=\"https:\/\/www.oros.com\/de\/\" \/>\n<meta property=\"og:locale\" content=\"de_DE\" \/>\n<meta property=\"og:type\" content=\"article\" \/>\n<meta property=\"og:title\" content=\"Ger\u00e4usch- und Schwingungsmessungen an rotierenden Maschinen\" \/>\n<meta property=\"og:description\" content=\"OROS Systeme f\u00fcr Ger\u00e4usch- und Schwingungsmessungen. Leistungsstarke, mobile Hardware und Software f\u00fcr vielf\u00e4ltige Analysen.\" \/>\n<meta property=\"og:url\" content=\"https:\/\/www.oros.com\/de\/\" \/>\n<meta property=\"og:site_name\" content=\"OROS\" \/>\n<meta property=\"article:modified_time\" content=\"2025-10-31T13:08:55+00:00\" \/>\n<meta name=\"twitter:card\" content=\"summary_large_image\" \/>\n<meta name=\"twitter:label1\" content=\"Gesch\u00e4tzte Lesezeit\" \/>\n\t<meta name=\"twitter:data1\" content=\"1\u00a0Minute\" \/>\n<script type=\"application\/ld+json\" class=\"yoast-schema-graph\">{\"@context\":\"https:\\\/\\\/schema.org\",\"@graph\":[{\"@type\":\"WebPage\",\"@id\":\"https:\\\/\\\/www.oros.com\\\/de\\\/\",\"url\":\"https:\\\/\\\/www.oros.com\\\/de\\\/\",\"name\":\"Ger\u00e4usch- und Schwingungsmessungen an rotierenden Maschinen\",\"isPartOf\":{\"@id\":\"https:\\\/\\\/www.oros.com\\\/#website\"},\"datePublished\":\"2020-12-21T14:27:19+00:00\",\"dateModified\":\"2025-10-31T13:08:55+00:00\",\"description\":\"OROS Systeme f\u00fcr Ger\u00e4usch- und Schwingungsmessungen. Leistungsstarke, mobile Hardware und Software f\u00fcr vielf\u00e4ltige Analysen.\",\"breadcrumb\":{\"@id\":\"https:\\\/\\\/www.oros.com\\\/de\\\/#breadcrumb\"},\"inLanguage\":\"de\",\"potentialAction\":[{\"@type\":\"ReadAction\",\"target\":[\"https:\\\/\\\/www.oros.com\\\/de\\\/\"]}]},{\"@type\":\"BreadcrumbList\",\"@id\":\"https:\\\/\\\/www.oros.com\\\/de\\\/#breadcrumb\",\"itemListElement\":[{\"@type\":\"ListItem\",\"position\":1,\"name\":\"Accueil\",\"item\":\"https:\\\/\\\/www.oros.com\\\/de\\\/\"},{\"@type\":\"ListItem\",\"position\":2,\"name\":\"Startseite\"}]},{\"@type\":\"WebSite\",\"@id\":\"https:\\\/\\\/www.oros.com\\\/#website\",\"url\":\"https:\\\/\\\/www.oros.com\\\/\",\"name\":\"OROS\",\"description\":\"Measuring noise &amp; vibration\",\"potentialAction\":[{\"@type\":\"SearchAction\",\"target\":{\"@type\":\"EntryPoint\",\"urlTemplate\":\"https:\\\/\\\/www.oros.com\\\/?s={search_term_string}\"},\"query-input\":{\"@type\":\"PropertyValueSpecification\",\"valueRequired\":true,\"valueName\":\"search_term_string\"}}],\"inLanguage\":\"de\"}]}<\/script>\n<!-- \/ Yoast SEO plugin. -->","yoast_head_json":{"title":"Ger\u00e4usch- und Schwingungsmessungen an rotierenden Maschinen","description":"OROS Systeme f\u00fcr Ger\u00e4usch- und Schwingungsmessungen. Leistungsstarke, mobile Hardware und Software f\u00fcr vielf\u00e4ltige Analysen.","robots":{"index":"index","follow":"follow","max-snippet":"max-snippet:-1","max-image-preview":"max-image-preview:large","max-video-preview":"max-video-preview:-1"},"canonical":"https:\/\/www.oros.com\/de\/","og_locale":"de_DE","og_type":"article","og_title":"Ger\u00e4usch- und Schwingungsmessungen an rotierenden Maschinen","og_description":"OROS Systeme f\u00fcr Ger\u00e4usch- und Schwingungsmessungen. Leistungsstarke, mobile Hardware und Software f\u00fcr vielf\u00e4ltige Analysen.","og_url":"https:\/\/www.oros.com\/de\/","og_site_name":"OROS","article_modified_time":"2025-10-31T13:08:55+00:00","twitter_card":"summary_large_image","twitter_misc":{"Gesch\u00e4tzte Lesezeit":"1\u00a0Minute"},"schema":{"@context":"https:\/\/schema.org","@graph":[{"@type":"WebPage","@id":"https:\/\/www.oros.com\/de\/","url":"https:\/\/www.oros.com\/de\/","name":"Ger\u00e4usch- und Schwingungsmessungen an rotierenden Maschinen","isPartOf":{"@id":"https:\/\/www.oros.com\/#website"},"datePublished":"2020-12-21T14:27:19+00:00","dateModified":"2025-10-31T13:08:55+00:00","description":"OROS Systeme f\u00fcr Ger\u00e4usch- und Schwingungsmessungen. Leistungsstarke, mobile Hardware und Software f\u00fcr vielf\u00e4ltige Analysen.","breadcrumb":{"@id":"https:\/\/www.oros.com\/de\/#breadcrumb"},"inLanguage":"de","potentialAction":[{"@type":"ReadAction","target":["https:\/\/www.oros.com\/de\/"]}]},{"@type":"BreadcrumbList","@id":"https:\/\/www.oros.com\/de\/#breadcrumb","itemListElement":[{"@type":"ListItem","position":1,"name":"Accueil","item":"https:\/\/www.oros.com\/de\/"},{"@type":"ListItem","position":2,"name":"Startseite"}]},{"@type":"WebSite","@id":"https:\/\/www.oros.com\/#website","url":"https:\/\/www.oros.com\/","name":"OROS","description":"Measuring noise &amp; vibration","potentialAction":[{"@type":"SearchAction","target":{"@type":"EntryPoint","urlTemplate":"https:\/\/www.oros.com\/?s={search_term_string}"},"query-input":{"@type":"PropertyValueSpecification","valueRequired":true,"valueName":"search_term_string"}}],"inLanguage":"de"}]}},"_links":{"self":[{"href":"https:\/\/www.oros.com\/de\/wp-json\/wp\/v2\/pages\/10459","targetHints":{"allow":["GET"]}}],"collection":[{"href":"https:\/\/www.oros.com\/de\/wp-json\/wp\/v2\/pages"}],"about":[{"href":"https:\/\/www.oros.com\/de\/wp-json\/wp\/v2\/types\/page"}],"author":[{"embeddable":true,"href":"https:\/\/www.oros.com\/de\/wp-json\/wp\/v2\/users\/2"}],"replies":[{"embeddable":true,"href":"https:\/\/www.oros.com\/de\/wp-json\/wp\/v2\/comments?post=10459"}],"version-history":[{"count":16,"href":"https:\/\/www.oros.com\/de\/wp-json\/wp\/v2\/pages\/10459\/revisions"}],"predecessor-version":[{"id":138459,"href":"https:\/\/www.oros.com\/de\/wp-json\/wp\/v2\/pages\/10459\/revisions\/138459"}],"wp:attachment":[{"href":"https:\/\/www.oros.com\/de\/wp-json\/wp\/v2\/media?parent=10459"}],"curies":[{"name":"wp","href":"https:\/\/api.w.org\/{rel}","templated":true}]}}