{"id":10460,"date":"2020-12-21T15:27:34","date_gmt":"2020-12-21T14:27:34","guid":{"rendered":"https:\/\/www.oros.com\/auf-die-anforderungen-der-industrie-zugeschnitten\/"},"modified":"2022-08-22T10:54:23","modified_gmt":"2022-08-22T08:54:23","slug":"industrien","status":"publish","type":"page","link":"https:\/\/www.oros.com\/de\/industrien\/","title":{"rendered":"Auf die Anforderungen der Industrie zugeschnitten"},"content":{"rendered":"<p>Ihr Anspruch an Zuverl\u00e4ssigkeit und Effizienz stellt Sie Tag f\u00fcr Tag vor neue Herausforderungen. Wir kennen die Anforderungen, die Sie an Ihre Systeme zur Ger\u00e4usch- und Schwingungsmessung stellen: Umfassende L\u00f6sungen, die Leistung und Sicherheit bieten und Ihren anspruchsvollen Herausforderungen gerecht werden.<\/p>\n","protected":false},"excerpt":{"rendered":"<p>Ihr Anspruch an Zuverl\u00e4ssigkeit und Effizienz stellt Sie Tag f\u00fcr Tag vor neue Herausforderungen. Wir kennen die Anforderungen, die Sie&#8230; <span class=\"moretag btn btn--right btn--bold\">Weiterlesen<\/span><\/p>\n","protected":false},"author":2,"featured_media":1460,"parent":0,"menu_order":7,"comment_status":"closed","ping_status":"closed","template":"views\/main-page.blade.php","meta":{"_acf_changed":false,"inline_featured_image":false,"footnotes":""},"class_list":["post-10460","page","type-page","status-publish","has-post-thumbnail","hentry"],"acf":[],"yoast_head":"<!-- This site is optimized with the Yoast SEO plugin v27.5 - https:\/\/yoast.com\/product\/yoast-seo-wordpress\/ -->\n<title>Schall- und Schwingungsmesssysteme - OROS<\/title>\n<meta name=\"description\" content=\"Schall- und Schwingungsmessger\u00e4te f\u00fcr die Automobil-, Luft- und Raumfahrt-, Schifffahrts-, Energie- &amp; Prozessindustrie\" \/>\n<meta name=\"robots\" content=\"index, follow, max-snippet:-1, max-image-preview:large, max-video-preview:-1\" \/>\n<link rel=\"canonical\" href=\"https:\/\/www.oros.com\/de\/industrien\/\" \/>\n<meta property=\"og:locale\" content=\"de_DE\" \/>\n<meta property=\"og:type\" content=\"article\" \/>\n<meta property=\"og:title\" content=\"Schall- und Schwingungsmesssysteme - OROS\" \/>\n<meta property=\"og:description\" content=\"Schall- und Schwingungsmessger\u00e4te f\u00fcr die Automobil-, Luft- und Raumfahrt-, Schifffahrts-, Energie- &amp; Prozessindustrie\" \/>\n<meta property=\"og:url\" content=\"https:\/\/www.oros.com\/de\/industrien\/\" \/>\n<meta property=\"og:site_name\" content=\"OROS\" \/>\n<meta property=\"article:modified_time\" content=\"2022-08-22T08:54:23+00:00\" \/>\n<meta property=\"og:image\" content=\"https:\/\/www.oros.com\/wp-content\/uploads\/2018\/12\/analysis.jpg\" \/>\n\t<meta property=\"og:image:width\" content=\"1650\" \/>\n\t<meta property=\"og:image:height\" content=\"1096\" \/>\n\t<meta property=\"og:image:type\" content=\"image\/jpeg\" \/>\n<meta name=\"twitter:card\" content=\"summary_large_image\" \/>\n<meta name=\"twitter:label1\" content=\"Gesch\u00e4tzte Lesezeit\" \/>\n\t<meta name=\"twitter:data1\" content=\"1\u00a0Minute\" \/>\n<script type=\"application\/ld+json\" class=\"yoast-schema-graph\">{\"@context\":\"https:\\\/\\\/schema.org\",\"@graph\":[{\"@type\":\"WebPage\",\"@id\":\"https:\\\/\\\/www.oros.com\\\/de\\\/industrien\\\/\",\"url\":\"https:\\\/\\\/www.oros.com\\\/de\\\/industrien\\\/\",\"name\":\"Schall- und Schwingungsmesssysteme - OROS\",\"isPartOf\":{\"@id\":\"https:\\\/\\\/www.oros.com\\\/#website\"},\"primaryImageOfPage\":{\"@id\":\"https:\\\/\\\/www.oros.com\\\/de\\\/industrien\\\/#primaryimage\"},\"image\":{\"@id\":\"https:\\\/\\\/www.oros.com\\\/de\\\/industrien\\\/#primaryimage\"},\"thumbnailUrl\":\"https:\\\/\\\/www.oros.com\\\/wp-content\\\/uploads\\\/2018\\\/12\\\/analysis.jpg\",\"datePublished\":\"2020-12-21T14:27:34+00:00\",\"dateModified\":\"2022-08-22T08:54:23+00:00\",\"description\":\"Schall- und Schwingungsmessger\u00e4te f\u00fcr die Automobil-, Luft- und Raumfahrt-, Schifffahrts-, Energie- & Prozessindustrie\",\"breadcrumb\":{\"@id\":\"https:\\\/\\\/www.oros.com\\\/de\\\/industrien\\\/#breadcrumb\"},\"inLanguage\":\"de\",\"potentialAction\":[{\"@type\":\"ReadAction\",\"target\":[\"https:\\\/\\\/www.oros.com\\\/de\\\/industrien\\\/\"]}]},{\"@type\":\"ImageObject\",\"inLanguage\":\"de\",\"@id\":\"https:\\\/\\\/www.oros.com\\\/de\\\/industrien\\\/#primaryimage\",\"url\":\"https:\\\/\\\/www.oros.com\\\/wp-content\\\/uploads\\\/2018\\\/12\\\/analysis.jpg\",\"contentUrl\":\"https:\\\/\\\/www.oros.com\\\/wp-content\\\/uploads\\\/2018\\\/12\\\/analysis.jpg\",\"width\":1650,\"height\":1096},{\"@type\":\"BreadcrumbList\",\"@id\":\"https:\\\/\\\/www.oros.com\\\/de\\\/industrien\\\/#breadcrumb\",\"itemListElement\":[{\"@type\":\"ListItem\",\"position\":1,\"name\":\"Accueil\",\"item\":\"https:\\\/\\\/www.oros.com\\\/de\\\/\"},{\"@type\":\"ListItem\",\"position\":2,\"name\":\"Auf die Anforderungen der Industrie zugeschnitten\"}]},{\"@type\":\"WebSite\",\"@id\":\"https:\\\/\\\/www.oros.com\\\/#website\",\"url\":\"https:\\\/\\\/www.oros.com\\\/\",\"name\":\"OROS\",\"description\":\"Measuring noise &amp; vibration\",\"potentialAction\":[{\"@type\":\"SearchAction\",\"target\":{\"@type\":\"EntryPoint\",\"urlTemplate\":\"https:\\\/\\\/www.oros.com\\\/?s={search_term_string}\"},\"query-input\":{\"@type\":\"PropertyValueSpecification\",\"valueRequired\":true,\"valueName\":\"search_term_string\"}}],\"inLanguage\":\"de\"}]}<\/script>\n<!-- \/ Yoast SEO plugin. -->","yoast_head_json":{"title":"Schall- und Schwingungsmesssysteme - OROS","description":"Schall- und Schwingungsmessger\u00e4te f\u00fcr die Automobil-, Luft- und Raumfahrt-, Schifffahrts-, Energie- & Prozessindustrie","robots":{"index":"index","follow":"follow","max-snippet":"max-snippet:-1","max-image-preview":"max-image-preview:large","max-video-preview":"max-video-preview:-1"},"canonical":"https:\/\/www.oros.com\/de\/industrien\/","og_locale":"de_DE","og_type":"article","og_title":"Schall- und Schwingungsmesssysteme - OROS","og_description":"Schall- und Schwingungsmessger\u00e4te f\u00fcr die Automobil-, Luft- und Raumfahrt-, Schifffahrts-, Energie- & Prozessindustrie","og_url":"https:\/\/www.oros.com\/de\/industrien\/","og_site_name":"OROS","article_modified_time":"2022-08-22T08:54:23+00:00","og_image":[{"width":1650,"height":1096,"url":"https:\/\/www.oros.com\/wp-content\/uploads\/2018\/12\/analysis.jpg","type":"image\/jpeg"}],"twitter_card":"summary_large_image","twitter_misc":{"Gesch\u00e4tzte Lesezeit":"1\u00a0Minute"},"schema":{"@context":"https:\/\/schema.org","@graph":[{"@type":"WebPage","@id":"https:\/\/www.oros.com\/de\/industrien\/","url":"https:\/\/www.oros.com\/de\/industrien\/","name":"Schall- und Schwingungsmesssysteme - OROS","isPartOf":{"@id":"https:\/\/www.oros.com\/#website"},"primaryImageOfPage":{"@id":"https:\/\/www.oros.com\/de\/industrien\/#primaryimage"},"image":{"@id":"https:\/\/www.oros.com\/de\/industrien\/#primaryimage"},"thumbnailUrl":"https:\/\/www.oros.com\/wp-content\/uploads\/2018\/12\/analysis.jpg","datePublished":"2020-12-21T14:27:34+00:00","dateModified":"2022-08-22T08:54:23+00:00","description":"Schall- und Schwingungsmessger\u00e4te f\u00fcr die Automobil-, Luft- und Raumfahrt-, Schifffahrts-, Energie- & Prozessindustrie","breadcrumb":{"@id":"https:\/\/www.oros.com\/de\/industrien\/#breadcrumb"},"inLanguage":"de","potentialAction":[{"@type":"ReadAction","target":["https:\/\/www.oros.com\/de\/industrien\/"]}]},{"@type":"ImageObject","inLanguage":"de","@id":"https:\/\/www.oros.com\/de\/industrien\/#primaryimage","url":"https:\/\/www.oros.com\/wp-content\/uploads\/2018\/12\/analysis.jpg","contentUrl":"https:\/\/www.oros.com\/wp-content\/uploads\/2018\/12\/analysis.jpg","width":1650,"height":1096},{"@type":"BreadcrumbList","@id":"https:\/\/www.oros.com\/de\/industrien\/#breadcrumb","itemListElement":[{"@type":"ListItem","position":1,"name":"Accueil","item":"https:\/\/www.oros.com\/de\/"},{"@type":"ListItem","position":2,"name":"Auf die Anforderungen der Industrie zugeschnitten"}]},{"@type":"WebSite","@id":"https:\/\/www.oros.com\/#website","url":"https:\/\/www.oros.com\/","name":"OROS","description":"Measuring noise &amp; vibration","potentialAction":[{"@type":"SearchAction","target":{"@type":"EntryPoint","urlTemplate":"https:\/\/www.oros.com\/?s={search_term_string}"},"query-input":{"@type":"PropertyValueSpecification","valueRequired":true,"valueName":"search_term_string"}}],"inLanguage":"de"}]}},"_links":{"self":[{"href":"https:\/\/www.oros.com\/de\/wp-json\/wp\/v2\/pages\/10460","targetHints":{"allow":["GET"]}}],"collection":[{"href":"https:\/\/www.oros.com\/de\/wp-json\/wp\/v2\/pages"}],"about":[{"href":"https:\/\/www.oros.com\/de\/wp-json\/wp\/v2\/types\/page"}],"author":[{"embeddable":true,"href":"https:\/\/www.oros.com\/de\/wp-json\/wp\/v2\/users\/2"}],"replies":[{"embeddable":true,"href":"https:\/\/www.oros.com\/de\/wp-json\/wp\/v2\/comments?post=10460"}],"version-history":[{"count":3,"href":"https:\/\/www.oros.com\/de\/wp-json\/wp\/v2\/pages\/10460\/revisions"}],"predecessor-version":[{"id":11071,"href":"https:\/\/www.oros.com\/de\/wp-json\/wp\/v2\/pages\/10460\/revisions\/11071"}],"wp:featuredmedia":[{"embeddable":true,"href":"https:\/\/www.oros.com\/de\/wp-json\/wp\/v2\/media\/1460"}],"wp:attachment":[{"href":"https:\/\/www.oros.com\/de\/wp-json\/wp\/v2\/media?parent=10460"}],"curies":[{"name":"wp","href":"https:\/\/api.w.org\/{rel}","templated":true}]}}