{"id":10462,"date":"2020-12-21T15:27:52","date_gmt":"2020-12-21T14:27:52","guid":{"rendered":"https:\/\/www.oros.com\/auf-die-anforderungen-der-industrie-zugeschnitten\/nvh-automobilindustrie\/"},"modified":"2023-05-22T15:07:19","modified_gmt":"2023-05-22T13:07:19","slug":"nvh-automobilindustrie","status":"publish","type":"page","link":"https:\/\/www.oros.com\/de\/industrien\/nvh-automobilindustrie\/","title":{"rendered":"NVH Automobilindustrie"},"content":{"rendered":"<div id=\"par56218\" class=\"paragraphe\">\n<div class=\"inner\">\n<p>Kfz-Ger\u00e4usche und Schwingungen sind f\u00fcr alle Beteiligten ein zentrales Thema: Fahrer, Beifahrer und Passanten. \u00dcberm\u00e4\u00dfige Belastung durch <strong>L\u00e4rm und\/oder Vibration (NVH)<\/strong> kann zu einer schlechten Produktwirkung f\u00fchren und den Verkauf beeinflussen.<\/p>\n<p>&nbsp;<\/p>\n<p>OROS-Systeme werden zur effektiven Auswertung vibroakustischer Ph\u00e4nomene eingesetzt. Das letztendliche Ziel besteht darin, den Komfort der Fahrzeuge sowie ihre Haltbarkeit und Leistung zu verbessern. OROS bietet eine breite Palette von Analysel\u00f6sungen an, die Datenerfassung, Strukturdynamik, Akustik und rotierende Anwendungen sowie damit verbundene Serviceleistungen umfassen.<\/p>\n<p>&nbsp;<\/p>\n<\/div>\n<\/div>\n","protected":false},"excerpt":{"rendered":"<p>Kfz-Ger\u00e4usche und Schwingungen sind f\u00fcr alle Beteiligten ein zentrales Thema: Fahrer, Beifahrer und Passanten. \u00dcberm\u00e4\u00dfige Belastung durch L\u00e4rm und\/oder Vibration&#8230; <span class=\"moretag btn btn--right btn--bold\">Weiterlesen<\/span><\/p>\n","protected":false},"author":2,"featured_media":4503,"parent":10460,"menu_order":1,"comment_status":"closed","ping_status":"closed","template":"views\/industries.blade.php","meta":{"_acf_changed":false,"inline_featured_image":false,"footnotes":""},"class_list":["post-10462","page","type-page","status-publish","has-post-thumbnail","hentry"],"acf":[],"yoast_head":"<!-- This site is optimized with the Yoast SEO plugin v27.4 - https:\/\/yoast.com\/product\/yoast-seo-wordpress\/ -->\n<title>NVH Mess- und Analysel\u00f6sungen - OROS<\/title>\n<meta name=\"description\" content=\"Messger\u00e4te und Software f\u00fcr NVH Messungen in unterschiedlichen Umgebungen: F&amp;E, im Fahrzeug und bei der Produktion\" \/>\n<meta name=\"robots\" content=\"index, follow, max-snippet:-1, max-image-preview:large, max-video-preview:-1\" \/>\n<link rel=\"canonical\" href=\"https:\/\/www.oros.com\/de\/industrien\/nvh-automobilindustrie\/\" \/>\n<meta property=\"og:locale\" content=\"de_DE\" \/>\n<meta property=\"og:type\" content=\"article\" \/>\n<meta property=\"og:title\" content=\"NVH Mess- und Analysel\u00f6sungen - OROS\" \/>\n<meta property=\"og:description\" content=\"Messger\u00e4te und Software f\u00fcr NVH Messungen in unterschiedlichen Umgebungen: F&amp;E, im Fahrzeug und bei der Produktion\" \/>\n<meta property=\"og:url\" content=\"https:\/\/www.oros.com\/de\/industrien\/nvh-automobilindustrie\/\" \/>\n<meta property=\"og:site_name\" content=\"OROS\" \/>\n<meta property=\"article:modified_time\" content=\"2023-05-22T13:07:19+00:00\" \/>\n<meta property=\"og:image\" content=\"https:\/\/www.oros.com\/wp-content\/uploads\/2019\/06\/auto_range_rover_2019.jpg\" \/>\n\t<meta property=\"og:image:width\" content=\"1000\" \/>\n\t<meta property=\"og:image:height\" content=\"667\" \/>\n\t<meta property=\"og:image:type\" content=\"image\/jpeg\" \/>\n<meta name=\"twitter:card\" content=\"summary_large_image\" \/>\n<meta name=\"twitter:label1\" content=\"Gesch\u00e4tzte Lesezeit\" \/>\n\t<meta name=\"twitter:data1\" content=\"1\u00a0Minute\" \/>\n<script type=\"application\/ld+json\" class=\"yoast-schema-graph\">{\"@context\":\"https:\\\/\\\/schema.org\",\"@graph\":[{\"@type\":\"WebPage\",\"@id\":\"https:\\\/\\\/www.oros.com\\\/de\\\/industrien\\\/nvh-automobilindustrie\\\/\",\"url\":\"https:\\\/\\\/www.oros.com\\\/de\\\/industrien\\\/nvh-automobilindustrie\\\/\",\"name\":\"NVH Mess- und Analysel\u00f6sungen - OROS\",\"isPartOf\":{\"@id\":\"https:\\\/\\\/www.oros.com\\\/#website\"},\"primaryImageOfPage\":{\"@id\":\"https:\\\/\\\/www.oros.com\\\/de\\\/industrien\\\/nvh-automobilindustrie\\\/#primaryimage\"},\"image\":{\"@id\":\"https:\\\/\\\/www.oros.com\\\/de\\\/industrien\\\/nvh-automobilindustrie\\\/#primaryimage\"},\"thumbnailUrl\":\"https:\\\/\\\/www.oros.com\\\/wp-content\\\/uploads\\\/2019\\\/06\\\/auto_range_rover_2019.jpg\",\"datePublished\":\"2020-12-21T14:27:52+00:00\",\"dateModified\":\"2023-05-22T13:07:19+00:00\",\"description\":\"Messger\u00e4te und Software f\u00fcr NVH Messungen in unterschiedlichen Umgebungen: F&E, im Fahrzeug und bei der Produktion\",\"breadcrumb\":{\"@id\":\"https:\\\/\\\/www.oros.com\\\/de\\\/industrien\\\/nvh-automobilindustrie\\\/#breadcrumb\"},\"inLanguage\":\"de\",\"potentialAction\":[{\"@type\":\"ReadAction\",\"target\":[\"https:\\\/\\\/www.oros.com\\\/de\\\/industrien\\\/nvh-automobilindustrie\\\/\"]}]},{\"@type\":\"ImageObject\",\"inLanguage\":\"de\",\"@id\":\"https:\\\/\\\/www.oros.com\\\/de\\\/industrien\\\/nvh-automobilindustrie\\\/#primaryimage\",\"url\":\"https:\\\/\\\/www.oros.com\\\/wp-content\\\/uploads\\\/2019\\\/06\\\/auto_range_rover_2019.jpg\",\"contentUrl\":\"https:\\\/\\\/www.oros.com\\\/wp-content\\\/uploads\\\/2019\\\/06\\\/auto_range_rover_2019.jpg\",\"width\":1000,\"height\":667},{\"@type\":\"BreadcrumbList\",\"@id\":\"https:\\\/\\\/www.oros.com\\\/de\\\/industrien\\\/nvh-automobilindustrie\\\/#breadcrumb\",\"itemListElement\":[{\"@type\":\"ListItem\",\"position\":1,\"name\":\"Accueil\",\"item\":\"https:\\\/\\\/www.oros.com\\\/de\\\/\"},{\"@type\":\"ListItem\",\"position\":2,\"name\":\"Auf die Anforderungen der Industrie zugeschnitten\",\"item\":\"https:\\\/\\\/www.oros.com\\\/de\\\/industrien\\\/\"},{\"@type\":\"ListItem\",\"position\":3,\"name\":\"NVH Automobilindustrie\"}]},{\"@type\":\"WebSite\",\"@id\":\"https:\\\/\\\/www.oros.com\\\/#website\",\"url\":\"https:\\\/\\\/www.oros.com\\\/\",\"name\":\"OROS\",\"description\":\"Measuring noise &amp; vibration\",\"potentialAction\":[{\"@type\":\"SearchAction\",\"target\":{\"@type\":\"EntryPoint\",\"urlTemplate\":\"https:\\\/\\\/www.oros.com\\\/?s={search_term_string}\"},\"query-input\":{\"@type\":\"PropertyValueSpecification\",\"valueRequired\":true,\"valueName\":\"search_term_string\"}}],\"inLanguage\":\"de\"}]}<\/script>\n<!-- \/ Yoast SEO plugin. -->","yoast_head_json":{"title":"NVH Mess- und Analysel\u00f6sungen - OROS","description":"Messger\u00e4te und Software f\u00fcr NVH Messungen in unterschiedlichen Umgebungen: F&E, im Fahrzeug und bei der Produktion","robots":{"index":"index","follow":"follow","max-snippet":"max-snippet:-1","max-image-preview":"max-image-preview:large","max-video-preview":"max-video-preview:-1"},"canonical":"https:\/\/www.oros.com\/de\/industrien\/nvh-automobilindustrie\/","og_locale":"de_DE","og_type":"article","og_title":"NVH Mess- und Analysel\u00f6sungen - OROS","og_description":"Messger\u00e4te und Software f\u00fcr NVH Messungen in unterschiedlichen Umgebungen: F&E, im Fahrzeug und bei der Produktion","og_url":"https:\/\/www.oros.com\/de\/industrien\/nvh-automobilindustrie\/","og_site_name":"OROS","article_modified_time":"2023-05-22T13:07:19+00:00","og_image":[{"width":1000,"height":667,"url":"https:\/\/www.oros.com\/wp-content\/uploads\/2019\/06\/auto_range_rover_2019.jpg","type":"image\/jpeg"}],"twitter_card":"summary_large_image","twitter_misc":{"Gesch\u00e4tzte Lesezeit":"1\u00a0Minute"},"schema":{"@context":"https:\/\/schema.org","@graph":[{"@type":"WebPage","@id":"https:\/\/www.oros.com\/de\/industrien\/nvh-automobilindustrie\/","url":"https:\/\/www.oros.com\/de\/industrien\/nvh-automobilindustrie\/","name":"NVH Mess- und Analysel\u00f6sungen - OROS","isPartOf":{"@id":"https:\/\/www.oros.com\/#website"},"primaryImageOfPage":{"@id":"https:\/\/www.oros.com\/de\/industrien\/nvh-automobilindustrie\/#primaryimage"},"image":{"@id":"https:\/\/www.oros.com\/de\/industrien\/nvh-automobilindustrie\/#primaryimage"},"thumbnailUrl":"https:\/\/www.oros.com\/wp-content\/uploads\/2019\/06\/auto_range_rover_2019.jpg","datePublished":"2020-12-21T14:27:52+00:00","dateModified":"2023-05-22T13:07:19+00:00","description":"Messger\u00e4te und Software f\u00fcr NVH Messungen in unterschiedlichen Umgebungen: F&E, im Fahrzeug und bei der Produktion","breadcrumb":{"@id":"https:\/\/www.oros.com\/de\/industrien\/nvh-automobilindustrie\/#breadcrumb"},"inLanguage":"de","potentialAction":[{"@type":"ReadAction","target":["https:\/\/www.oros.com\/de\/industrien\/nvh-automobilindustrie\/"]}]},{"@type":"ImageObject","inLanguage":"de","@id":"https:\/\/www.oros.com\/de\/industrien\/nvh-automobilindustrie\/#primaryimage","url":"https:\/\/www.oros.com\/wp-content\/uploads\/2019\/06\/auto_range_rover_2019.jpg","contentUrl":"https:\/\/www.oros.com\/wp-content\/uploads\/2019\/06\/auto_range_rover_2019.jpg","width":1000,"height":667},{"@type":"BreadcrumbList","@id":"https:\/\/www.oros.com\/de\/industrien\/nvh-automobilindustrie\/#breadcrumb","itemListElement":[{"@type":"ListItem","position":1,"name":"Accueil","item":"https:\/\/www.oros.com\/de\/"},{"@type":"ListItem","position":2,"name":"Auf die Anforderungen der Industrie zugeschnitten","item":"https:\/\/www.oros.com\/de\/industrien\/"},{"@type":"ListItem","position":3,"name":"NVH Automobilindustrie"}]},{"@type":"WebSite","@id":"https:\/\/www.oros.com\/#website","url":"https:\/\/www.oros.com\/","name":"OROS","description":"Measuring noise &amp; vibration","potentialAction":[{"@type":"SearchAction","target":{"@type":"EntryPoint","urlTemplate":"https:\/\/www.oros.com\/?s={search_term_string}"},"query-input":{"@type":"PropertyValueSpecification","valueRequired":true,"valueName":"search_term_string"}}],"inLanguage":"de"}]}},"_links":{"self":[{"href":"https:\/\/www.oros.com\/de\/wp-json\/wp\/v2\/pages\/10462","targetHints":{"allow":["GET"]}}],"collection":[{"href":"https:\/\/www.oros.com\/de\/wp-json\/wp\/v2\/pages"}],"about":[{"href":"https:\/\/www.oros.com\/de\/wp-json\/wp\/v2\/types\/page"}],"author":[{"embeddable":true,"href":"https:\/\/www.oros.com\/de\/wp-json\/wp\/v2\/users\/2"}],"replies":[{"embeddable":true,"href":"https:\/\/www.oros.com\/de\/wp-json\/wp\/v2\/comments?post=10462"}],"version-history":[{"count":7,"href":"https:\/\/www.oros.com\/de\/wp-json\/wp\/v2\/pages\/10462\/revisions"}],"predecessor-version":[{"id":130347,"href":"https:\/\/www.oros.com\/de\/wp-json\/wp\/v2\/pages\/10462\/revisions\/130347"}],"up":[{"embeddable":true,"href":"https:\/\/www.oros.com\/de\/wp-json\/wp\/v2\/pages\/10460"}],"wp:featuredmedia":[{"embeddable":true,"href":"https:\/\/www.oros.com\/de\/wp-json\/wp\/v2\/media\/4503"}],"wp:attachment":[{"href":"https:\/\/www.oros.com\/de\/wp-json\/wp\/v2\/media?parent=10462"}],"curies":[{"name":"wp","href":"https:\/\/api.w.org\/{rel}","templated":true}]}}