{"id":10465,"date":"2020-12-21T15:28:26","date_gmt":"2020-12-21T14:28:26","guid":{"rendered":"https:\/\/www.oros.com\/auf-die-anforderungen-der-industrie-zugeschnitten\/marine\/"},"modified":"2023-05-22T14:58:48","modified_gmt":"2023-05-22T12:58:48","slug":"marine","status":"publish","type":"page","link":"https:\/\/www.oros.com\/de\/industrien\/marine\/","title":{"rendered":"Marine"},"content":{"rendered":"<div id=\"par56214\" class=\"paragraphe\">\n<div class=\"inner\">\n<p>Als Antwort auf die Globalisierung der Wirtschaft nimmt der Schiffstransport st\u00e4ndig zu, und die milit\u00e4rische Nachfrage nach leisen und m\u00e4chtigen Kriegsschiffen ist ungebrochen. Die Schiffbauindustrie verzeichnet eine steigende Nachfrage nach gr\u00f6\u00dferen und schnelleren Schiffen.<\/p>\n<p>&nbsp;<\/p>\n<p>Die neuesten Antriebsinnovationen (Pods, Turbinenantrieb) wie auch die Geb\u00e4udetechnik <strong>ben\u00f6tigen mehr Messungen, um zugelassen und validiert werden zu k\u00f6nnen<\/strong>. Herk\u00f6mmliche Aufnahmeger\u00e4te oder einfache Analysesysteme k\u00f6nnen diesen hohen Anforderungen an die Erfassung und Analyse nicht gerecht werden. OROS unterst\u00fctzt Sie bei der Bew\u00e4ltigung dieser Herausforderungen bei der Schwingungsanalyse.<\/p>\n<\/div>\n<\/div>\n","protected":false},"excerpt":{"rendered":"<p>Als Antwort auf die Globalisierung der Wirtschaft nimmt der Schiffstransport st\u00e4ndig zu, und die milit\u00e4rische Nachfrage nach leisen und m\u00e4chtigen&#8230; <span class=\"moretag btn btn--right btn--bold\">Weiterlesen<\/span><\/p>\n","protected":false},"author":2,"featured_media":6212,"parent":10460,"menu_order":4,"comment_status":"closed","ping_status":"closed","template":"views\/industries.blade.php","meta":{"_acf_changed":false,"inline_featured_image":false,"footnotes":""},"class_list":["post-10465","page","type-page","status-publish","has-post-thumbnail","hentry"],"acf":[],"yoast_head":"<!-- This site is optimized with the Yoast SEO plugin v27.5 - https:\/\/yoast.com\/product\/yoast-seo-wordpress\/ -->\n<title>Produkte f\u00fcr Schall- und Schwingungsmessungen - OROS<\/title>\n<meta name=\"description\" content=\"Produkte f\u00fcr Schall- und Schwingungsanalysen in den Bereichen Schiffbau und Antriebstechnik f\u00fcr die Verteidigungs- und Schifffahrtsindustrie.\" \/>\n<meta name=\"robots\" content=\"index, follow, max-snippet:-1, max-image-preview:large, max-video-preview:-1\" \/>\n<link rel=\"canonical\" href=\"https:\/\/www.oros.com\/de\/industrien\/marine\/\" \/>\n<meta property=\"og:locale\" content=\"de_DE\" \/>\n<meta property=\"og:type\" content=\"article\" \/>\n<meta property=\"og:title\" content=\"Produkte f\u00fcr Schall- und Schwingungsmessungen - OROS\" \/>\n<meta property=\"og:description\" content=\"Produkte f\u00fcr Schall- und Schwingungsanalysen in den Bereichen Schiffbau und Antriebstechnik f\u00fcr die Verteidigungs- und Schifffahrtsindustrie.\" \/>\n<meta property=\"og:url\" content=\"https:\/\/www.oros.com\/de\/industrien\/marine\/\" \/>\n<meta property=\"og:site_name\" content=\"OROS\" \/>\n<meta property=\"article:modified_time\" content=\"2023-05-22T12:58:48+00:00\" \/>\n<meta property=\"og:image\" content=\"https:\/\/www.oros.com\/wp-content\/uploads\/2019\/06\/marine_bunkering_tanker_web.gif\" \/>\n\t<meta property=\"og:image:width\" content=\"1000\" \/>\n\t<meta property=\"og:image:height\" content=\"660\" \/>\n\t<meta property=\"og:image:type\" content=\"image\/gif\" \/>\n<meta name=\"twitter:card\" content=\"summary_large_image\" \/>\n<meta name=\"twitter:label1\" content=\"Gesch\u00e4tzte Lesezeit\" \/>\n\t<meta name=\"twitter:data1\" content=\"1\u00a0Minute\" \/>\n<script type=\"application\/ld+json\" class=\"yoast-schema-graph\">{\"@context\":\"https:\\\/\\\/schema.org\",\"@graph\":[{\"@type\":\"WebPage\",\"@id\":\"https:\\\/\\\/www.oros.com\\\/de\\\/industrien\\\/marine\\\/\",\"url\":\"https:\\\/\\\/www.oros.com\\\/de\\\/industrien\\\/marine\\\/\",\"name\":\"Produkte f\u00fcr Schall- und Schwingungsmessungen - OROS\",\"isPartOf\":{\"@id\":\"https:\\\/\\\/www.oros.com\\\/#website\"},\"primaryImageOfPage\":{\"@id\":\"https:\\\/\\\/www.oros.com\\\/de\\\/industrien\\\/marine\\\/#primaryimage\"},\"image\":{\"@id\":\"https:\\\/\\\/www.oros.com\\\/de\\\/industrien\\\/marine\\\/#primaryimage\"},\"thumbnailUrl\":\"https:\\\/\\\/www.oros.com\\\/wp-content\\\/uploads\\\/2019\\\/06\\\/marine_bunkering_tanker_web.gif\",\"datePublished\":\"2020-12-21T14:28:26+00:00\",\"dateModified\":\"2023-05-22T12:58:48+00:00\",\"description\":\"Produkte f\u00fcr Schall- und Schwingungsanalysen in den Bereichen Schiffbau und Antriebstechnik f\u00fcr die Verteidigungs- und Schifffahrtsindustrie.\",\"breadcrumb\":{\"@id\":\"https:\\\/\\\/www.oros.com\\\/de\\\/industrien\\\/marine\\\/#breadcrumb\"},\"inLanguage\":\"de\",\"potentialAction\":[{\"@type\":\"ReadAction\",\"target\":[\"https:\\\/\\\/www.oros.com\\\/de\\\/industrien\\\/marine\\\/\"]}]},{\"@type\":\"ImageObject\",\"inLanguage\":\"de\",\"@id\":\"https:\\\/\\\/www.oros.com\\\/de\\\/industrien\\\/marine\\\/#primaryimage\",\"url\":\"https:\\\/\\\/www.oros.com\\\/wp-content\\\/uploads\\\/2019\\\/06\\\/marine_bunkering_tanker_web.gif\",\"contentUrl\":\"https:\\\/\\\/www.oros.com\\\/wp-content\\\/uploads\\\/2019\\\/06\\\/marine_bunkering_tanker_web.gif\",\"width\":1000,\"height\":660},{\"@type\":\"BreadcrumbList\",\"@id\":\"https:\\\/\\\/www.oros.com\\\/de\\\/industrien\\\/marine\\\/#breadcrumb\",\"itemListElement\":[{\"@type\":\"ListItem\",\"position\":1,\"name\":\"Accueil\",\"item\":\"https:\\\/\\\/www.oros.com\\\/de\\\/\"},{\"@type\":\"ListItem\",\"position\":2,\"name\":\"Auf die Anforderungen der Industrie zugeschnitten\",\"item\":\"https:\\\/\\\/www.oros.com\\\/de\\\/industrien\\\/\"},{\"@type\":\"ListItem\",\"position\":3,\"name\":\"Marine\"}]},{\"@type\":\"WebSite\",\"@id\":\"https:\\\/\\\/www.oros.com\\\/#website\",\"url\":\"https:\\\/\\\/www.oros.com\\\/\",\"name\":\"OROS\",\"description\":\"Measuring noise &amp; vibration\",\"potentialAction\":[{\"@type\":\"SearchAction\",\"target\":{\"@type\":\"EntryPoint\",\"urlTemplate\":\"https:\\\/\\\/www.oros.com\\\/?s={search_term_string}\"},\"query-input\":{\"@type\":\"PropertyValueSpecification\",\"valueRequired\":true,\"valueName\":\"search_term_string\"}}],\"inLanguage\":\"de\"}]}<\/script>\n<!-- \/ Yoast SEO plugin. -->","yoast_head_json":{"title":"Produkte f\u00fcr Schall- und Schwingungsmessungen - OROS","description":"Produkte f\u00fcr Schall- und Schwingungsanalysen in den Bereichen Schiffbau und Antriebstechnik f\u00fcr die Verteidigungs- und Schifffahrtsindustrie.","robots":{"index":"index","follow":"follow","max-snippet":"max-snippet:-1","max-image-preview":"max-image-preview:large","max-video-preview":"max-video-preview:-1"},"canonical":"https:\/\/www.oros.com\/de\/industrien\/marine\/","og_locale":"de_DE","og_type":"article","og_title":"Produkte f\u00fcr Schall- und Schwingungsmessungen - OROS","og_description":"Produkte f\u00fcr Schall- und Schwingungsanalysen in den Bereichen Schiffbau und Antriebstechnik f\u00fcr die Verteidigungs- und Schifffahrtsindustrie.","og_url":"https:\/\/www.oros.com\/de\/industrien\/marine\/","og_site_name":"OROS","article_modified_time":"2023-05-22T12:58:48+00:00","og_image":[{"width":1000,"height":660,"url":"https:\/\/www.oros.com\/wp-content\/uploads\/2019\/06\/marine_bunkering_tanker_web.gif","type":"image\/gif"}],"twitter_card":"summary_large_image","twitter_misc":{"Gesch\u00e4tzte Lesezeit":"1\u00a0Minute"},"schema":{"@context":"https:\/\/schema.org","@graph":[{"@type":"WebPage","@id":"https:\/\/www.oros.com\/de\/industrien\/marine\/","url":"https:\/\/www.oros.com\/de\/industrien\/marine\/","name":"Produkte f\u00fcr Schall- und Schwingungsmessungen - OROS","isPartOf":{"@id":"https:\/\/www.oros.com\/#website"},"primaryImageOfPage":{"@id":"https:\/\/www.oros.com\/de\/industrien\/marine\/#primaryimage"},"image":{"@id":"https:\/\/www.oros.com\/de\/industrien\/marine\/#primaryimage"},"thumbnailUrl":"https:\/\/www.oros.com\/wp-content\/uploads\/2019\/06\/marine_bunkering_tanker_web.gif","datePublished":"2020-12-21T14:28:26+00:00","dateModified":"2023-05-22T12:58:48+00:00","description":"Produkte f\u00fcr Schall- und Schwingungsanalysen in den Bereichen Schiffbau und Antriebstechnik f\u00fcr die Verteidigungs- und Schifffahrtsindustrie.","breadcrumb":{"@id":"https:\/\/www.oros.com\/de\/industrien\/marine\/#breadcrumb"},"inLanguage":"de","potentialAction":[{"@type":"ReadAction","target":["https:\/\/www.oros.com\/de\/industrien\/marine\/"]}]},{"@type":"ImageObject","inLanguage":"de","@id":"https:\/\/www.oros.com\/de\/industrien\/marine\/#primaryimage","url":"https:\/\/www.oros.com\/wp-content\/uploads\/2019\/06\/marine_bunkering_tanker_web.gif","contentUrl":"https:\/\/www.oros.com\/wp-content\/uploads\/2019\/06\/marine_bunkering_tanker_web.gif","width":1000,"height":660},{"@type":"BreadcrumbList","@id":"https:\/\/www.oros.com\/de\/industrien\/marine\/#breadcrumb","itemListElement":[{"@type":"ListItem","position":1,"name":"Accueil","item":"https:\/\/www.oros.com\/de\/"},{"@type":"ListItem","position":2,"name":"Auf die Anforderungen der Industrie zugeschnitten","item":"https:\/\/www.oros.com\/de\/industrien\/"},{"@type":"ListItem","position":3,"name":"Marine"}]},{"@type":"WebSite","@id":"https:\/\/www.oros.com\/#website","url":"https:\/\/www.oros.com\/","name":"OROS","description":"Measuring noise &amp; vibration","potentialAction":[{"@type":"SearchAction","target":{"@type":"EntryPoint","urlTemplate":"https:\/\/www.oros.com\/?s={search_term_string}"},"query-input":{"@type":"PropertyValueSpecification","valueRequired":true,"valueName":"search_term_string"}}],"inLanguage":"de"}]}},"_links":{"self":[{"href":"https:\/\/www.oros.com\/de\/wp-json\/wp\/v2\/pages\/10465","targetHints":{"allow":["GET"]}}],"collection":[{"href":"https:\/\/www.oros.com\/de\/wp-json\/wp\/v2\/pages"}],"about":[{"href":"https:\/\/www.oros.com\/de\/wp-json\/wp\/v2\/types\/page"}],"author":[{"embeddable":true,"href":"https:\/\/www.oros.com\/de\/wp-json\/wp\/v2\/users\/2"}],"replies":[{"embeddable":true,"href":"https:\/\/www.oros.com\/de\/wp-json\/wp\/v2\/comments?post=10465"}],"version-history":[{"count":7,"href":"https:\/\/www.oros.com\/de\/wp-json\/wp\/v2\/pages\/10465\/revisions"}],"predecessor-version":[{"id":130342,"href":"https:\/\/www.oros.com\/de\/wp-json\/wp\/v2\/pages\/10465\/revisions\/130342"}],"up":[{"embeddable":true,"href":"https:\/\/www.oros.com\/de\/wp-json\/wp\/v2\/pages\/10460"}],"wp:featuredmedia":[{"embeddable":true,"href":"https:\/\/www.oros.com\/de\/wp-json\/wp\/v2\/media\/6212"}],"wp:attachment":[{"href":"https:\/\/www.oros.com\/de\/wp-json\/wp\/v2\/media?parent=10465"}],"curies":[{"name":"wp","href":"https:\/\/api.w.org\/{rel}","templated":true}]}}