{"id":10466,"date":"2020-12-21T15:28:36","date_gmt":"2020-12-21T14:28:36","guid":{"rendered":"https:\/\/www.oros.com\/auf-die-anforderungen-der-industrie-zugeschnitten\/bildung-universitten\/"},"modified":"2023-05-22T14:59:43","modified_gmt":"2023-05-22T12:59:43","slug":"bildung-universitten","status":"publish","type":"page","link":"https:\/\/www.oros.com\/de\/industrien\/bildung-universitten\/","title":{"rendered":"Bildung &amp; Universit&auml;ten"},"content":{"rendered":"<p>Das Wissen \u00fcber Schall und Vibration ist in st\u00e4ndiger Entwicklung. Dies ist dem Engagement der Universit\u00e4ten zu verdanken, die Forschungsarbeiten und kompetente Ingenieure bereitstellen, die bereit sind, sich den Herausforderungen der Branche zu stellen. Da hier alles beginnt, hat OROS stets gro\u00dfe Sorgfalt darauf verwendet, Instrumente f\u00fcr universit\u00e4re Anwendungen bereitzustellen. Flexibilit\u00e4t, Offenheit, direkter Zugang zu den Ergebnissen und nat\u00fcrlich Qualit\u00e4t und Genauigkeit sind die Schl\u00fcsselpunkte, damit die Fachleute aus Bildung und Forschung ihre Aufgabe mit dem besten Leistungsniveau erf\u00fcllen k\u00f6nnen.<\/p>\n","protected":false},"excerpt":{"rendered":"<p>Das Wissen \u00fcber Schall und Vibration ist in st\u00e4ndiger Entwicklung. Dies ist dem Engagement der Universit\u00e4ten zu verdanken, die Forschungsarbeiten&#8230; <span class=\"moretag btn btn--right btn--bold\">Weiterlesen<\/span><\/p>\n","protected":false},"author":2,"featured_media":1377,"parent":10460,"menu_order":5,"comment_status":"closed","ping_status":"closed","template":"views\/industries.blade.php","meta":{"_acf_changed":false,"inline_featured_image":false,"footnotes":""},"class_list":["post-10466","page","type-page","status-publish","has-post-thumbnail","hentry"],"acf":[],"yoast_head":"<!-- This site is optimized with the Yoast SEO plugin v27.5 - https:\/\/yoast.com\/product\/yoast-seo-wordpress\/ -->\n<title>Messsysteme f\u00fcr Schall &amp; Schwingungen<\/title>\n<meta name=\"description\" content=\"OROS unterst\u00fctzt Universit\u00e4ten und Seminarveranstaltungen mit fortschrittlichen bildungsorientierten Systemen (Hardware und Software).\" \/>\n<meta name=\"robots\" content=\"index, follow, max-snippet:-1, max-image-preview:large, max-video-preview:-1\" \/>\n<link rel=\"canonical\" href=\"https:\/\/www.oros.com\/de\/industrien\/bildung-universitten\/\" \/>\n<meta property=\"og:locale\" content=\"de_DE\" \/>\n<meta property=\"og:type\" content=\"article\" \/>\n<meta property=\"og:title\" content=\"Messsysteme f\u00fcr Schall &amp; Schwingungen\" \/>\n<meta property=\"og:description\" content=\"OROS unterst\u00fctzt Universit\u00e4ten und Seminarveranstaltungen mit fortschrittlichen bildungsorientierten Systemen (Hardware und Software).\" \/>\n<meta property=\"og:url\" content=\"https:\/\/www.oros.com\/de\/industrien\/bildung-universitten\/\" \/>\n<meta property=\"og:site_name\" content=\"OROS\" \/>\n<meta property=\"article:modified_time\" content=\"2023-05-22T12:59:43+00:00\" \/>\n<meta property=\"og:image\" content=\"https:\/\/www.oros.com\/wp-content\/uploads\/2019\/02\/univ_ac_research.jpg\" \/>\n\t<meta property=\"og:image:width\" content=\"1128\" \/>\n\t<meta property=\"og:image:height\" content=\"846\" \/>\n\t<meta property=\"og:image:type\" content=\"image\/jpeg\" \/>\n<meta name=\"twitter:card\" content=\"summary_large_image\" \/>\n<meta name=\"twitter:label1\" content=\"Gesch\u00e4tzte Lesezeit\" \/>\n\t<meta name=\"twitter:data1\" content=\"1\u00a0Minute\" \/>\n<script type=\"application\/ld+json\" class=\"yoast-schema-graph\">{\"@context\":\"https:\\\/\\\/schema.org\",\"@graph\":[{\"@type\":\"WebPage\",\"@id\":\"https:\\\/\\\/www.oros.com\\\/de\\\/industrien\\\/bildung-universitten\\\/\",\"url\":\"https:\\\/\\\/www.oros.com\\\/de\\\/industrien\\\/bildung-universitten\\\/\",\"name\":\"Messsysteme f\u00fcr Schall & Schwingungen\",\"isPartOf\":{\"@id\":\"https:\\\/\\\/www.oros.com\\\/#website\"},\"primaryImageOfPage\":{\"@id\":\"https:\\\/\\\/www.oros.com\\\/de\\\/industrien\\\/bildung-universitten\\\/#primaryimage\"},\"image\":{\"@id\":\"https:\\\/\\\/www.oros.com\\\/de\\\/industrien\\\/bildung-universitten\\\/#primaryimage\"},\"thumbnailUrl\":\"https:\\\/\\\/www.oros.com\\\/wp-content\\\/uploads\\\/2019\\\/02\\\/univ_ac_research.jpg\",\"datePublished\":\"2020-12-21T14:28:36+00:00\",\"dateModified\":\"2023-05-22T12:59:43+00:00\",\"description\":\"OROS unterst\u00fctzt Universit\u00e4ten und Seminarveranstaltungen mit fortschrittlichen bildungsorientierten Systemen (Hardware und Software).\",\"breadcrumb\":{\"@id\":\"https:\\\/\\\/www.oros.com\\\/de\\\/industrien\\\/bildung-universitten\\\/#breadcrumb\"},\"inLanguage\":\"de\",\"potentialAction\":[{\"@type\":\"ReadAction\",\"target\":[\"https:\\\/\\\/www.oros.com\\\/de\\\/industrien\\\/bildung-universitten\\\/\"]}]},{\"@type\":\"ImageObject\",\"inLanguage\":\"de\",\"@id\":\"https:\\\/\\\/www.oros.com\\\/de\\\/industrien\\\/bildung-universitten\\\/#primaryimage\",\"url\":\"https:\\\/\\\/www.oros.com\\\/wp-content\\\/uploads\\\/2019\\\/02\\\/univ_ac_research.jpg\",\"contentUrl\":\"https:\\\/\\\/www.oros.com\\\/wp-content\\\/uploads\\\/2019\\\/02\\\/univ_ac_research.jpg\",\"width\":1128,\"height\":846},{\"@type\":\"BreadcrumbList\",\"@id\":\"https:\\\/\\\/www.oros.com\\\/de\\\/industrien\\\/bildung-universitten\\\/#breadcrumb\",\"itemListElement\":[{\"@type\":\"ListItem\",\"position\":1,\"name\":\"Accueil\",\"item\":\"https:\\\/\\\/www.oros.com\\\/de\\\/\"},{\"@type\":\"ListItem\",\"position\":2,\"name\":\"Auf die Anforderungen der Industrie zugeschnitten\",\"item\":\"https:\\\/\\\/www.oros.com\\\/de\\\/industrien\\\/\"},{\"@type\":\"ListItem\",\"position\":3,\"name\":\"Bildung &amp; Universit&auml;ten\"}]},{\"@type\":\"WebSite\",\"@id\":\"https:\\\/\\\/www.oros.com\\\/#website\",\"url\":\"https:\\\/\\\/www.oros.com\\\/\",\"name\":\"OROS\",\"description\":\"Measuring noise &amp; vibration\",\"potentialAction\":[{\"@type\":\"SearchAction\",\"target\":{\"@type\":\"EntryPoint\",\"urlTemplate\":\"https:\\\/\\\/www.oros.com\\\/?s={search_term_string}\"},\"query-input\":{\"@type\":\"PropertyValueSpecification\",\"valueRequired\":true,\"valueName\":\"search_term_string\"}}],\"inLanguage\":\"de\"}]}<\/script>\n<!-- \/ Yoast SEO plugin. -->","yoast_head_json":{"title":"Messsysteme f\u00fcr Schall & Schwingungen","description":"OROS unterst\u00fctzt Universit\u00e4ten und Seminarveranstaltungen mit fortschrittlichen bildungsorientierten Systemen (Hardware und Software).","robots":{"index":"index","follow":"follow","max-snippet":"max-snippet:-1","max-image-preview":"max-image-preview:large","max-video-preview":"max-video-preview:-1"},"canonical":"https:\/\/www.oros.com\/de\/industrien\/bildung-universitten\/","og_locale":"de_DE","og_type":"article","og_title":"Messsysteme f\u00fcr Schall & Schwingungen","og_description":"OROS unterst\u00fctzt Universit\u00e4ten und Seminarveranstaltungen mit fortschrittlichen bildungsorientierten Systemen (Hardware und Software).","og_url":"https:\/\/www.oros.com\/de\/industrien\/bildung-universitten\/","og_site_name":"OROS","article_modified_time":"2023-05-22T12:59:43+00:00","og_image":[{"width":1128,"height":846,"url":"https:\/\/www.oros.com\/wp-content\/uploads\/2019\/02\/univ_ac_research.jpg","type":"image\/jpeg"}],"twitter_card":"summary_large_image","twitter_misc":{"Gesch\u00e4tzte Lesezeit":"1\u00a0Minute"},"schema":{"@context":"https:\/\/schema.org","@graph":[{"@type":"WebPage","@id":"https:\/\/www.oros.com\/de\/industrien\/bildung-universitten\/","url":"https:\/\/www.oros.com\/de\/industrien\/bildung-universitten\/","name":"Messsysteme f\u00fcr Schall & Schwingungen","isPartOf":{"@id":"https:\/\/www.oros.com\/#website"},"primaryImageOfPage":{"@id":"https:\/\/www.oros.com\/de\/industrien\/bildung-universitten\/#primaryimage"},"image":{"@id":"https:\/\/www.oros.com\/de\/industrien\/bildung-universitten\/#primaryimage"},"thumbnailUrl":"https:\/\/www.oros.com\/wp-content\/uploads\/2019\/02\/univ_ac_research.jpg","datePublished":"2020-12-21T14:28:36+00:00","dateModified":"2023-05-22T12:59:43+00:00","description":"OROS unterst\u00fctzt Universit\u00e4ten und Seminarveranstaltungen mit fortschrittlichen bildungsorientierten Systemen (Hardware und Software).","breadcrumb":{"@id":"https:\/\/www.oros.com\/de\/industrien\/bildung-universitten\/#breadcrumb"},"inLanguage":"de","potentialAction":[{"@type":"ReadAction","target":["https:\/\/www.oros.com\/de\/industrien\/bildung-universitten\/"]}]},{"@type":"ImageObject","inLanguage":"de","@id":"https:\/\/www.oros.com\/de\/industrien\/bildung-universitten\/#primaryimage","url":"https:\/\/www.oros.com\/wp-content\/uploads\/2019\/02\/univ_ac_research.jpg","contentUrl":"https:\/\/www.oros.com\/wp-content\/uploads\/2019\/02\/univ_ac_research.jpg","width":1128,"height":846},{"@type":"BreadcrumbList","@id":"https:\/\/www.oros.com\/de\/industrien\/bildung-universitten\/#breadcrumb","itemListElement":[{"@type":"ListItem","position":1,"name":"Accueil","item":"https:\/\/www.oros.com\/de\/"},{"@type":"ListItem","position":2,"name":"Auf die Anforderungen der Industrie zugeschnitten","item":"https:\/\/www.oros.com\/de\/industrien\/"},{"@type":"ListItem","position":3,"name":"Bildung &amp; Universit&auml;ten"}]},{"@type":"WebSite","@id":"https:\/\/www.oros.com\/#website","url":"https:\/\/www.oros.com\/","name":"OROS","description":"Measuring noise &amp; vibration","potentialAction":[{"@type":"SearchAction","target":{"@type":"EntryPoint","urlTemplate":"https:\/\/www.oros.com\/?s={search_term_string}"},"query-input":{"@type":"PropertyValueSpecification","valueRequired":true,"valueName":"search_term_string"}}],"inLanguage":"de"}]}},"_links":{"self":[{"href":"https:\/\/www.oros.com\/de\/wp-json\/wp\/v2\/pages\/10466","targetHints":{"allow":["GET"]}}],"collection":[{"href":"https:\/\/www.oros.com\/de\/wp-json\/wp\/v2\/pages"}],"about":[{"href":"https:\/\/www.oros.com\/de\/wp-json\/wp\/v2\/types\/page"}],"author":[{"embeddable":true,"href":"https:\/\/www.oros.com\/de\/wp-json\/wp\/v2\/users\/2"}],"replies":[{"embeddable":true,"href":"https:\/\/www.oros.com\/de\/wp-json\/wp\/v2\/comments?post=10466"}],"version-history":[{"count":8,"href":"https:\/\/www.oros.com\/de\/wp-json\/wp\/v2\/pages\/10466\/revisions"}],"predecessor-version":[{"id":130343,"href":"https:\/\/www.oros.com\/de\/wp-json\/wp\/v2\/pages\/10466\/revisions\/130343"}],"up":[{"embeddable":true,"href":"https:\/\/www.oros.com\/de\/wp-json\/wp\/v2\/pages\/10460"}],"wp:featuredmedia":[{"embeddable":true,"href":"https:\/\/www.oros.com\/de\/wp-json\/wp\/v2\/media\/1377"}],"wp:attachment":[{"href":"https:\/\/www.oros.com\/de\/wp-json\/wp\/v2\/media?parent=10466"}],"curies":[{"name":"wp","href":"https:\/\/api.w.org\/{rel}","templated":true}]}}