{"id":10471,"date":"2020-12-21T15:28:46","date_gmt":"2020-12-21T14:28:46","guid":{"rendered":"https:\/\/www.oros.com\/anwendungen\/qualitts-prozesssteuerung\/"},"modified":"2022-08-22T10:25:18","modified_gmt":"2022-08-22T08:25:18","slug":"qualitts-prozesssteuerung","status":"publish","type":"page","link":"https:\/\/www.oros.com\/de\/anwendungen\/qualitts-prozesssteuerung\/","title":{"rendered":"Qualit&auml;ts- &amp; Prozesssteuerung"},"content":{"rendered":"<p>Pr\u00fcfung im Betrieb, Pr\u00fcfung der Bearbeitungsqualit\u00e4t, Pr\u00fcfstandswartung, End-of-Line, Qualit\u00e4tskontrolle<\/p>\n","protected":false},"excerpt":{"rendered":"<p>Pr\u00fcfung im Betrieb, Pr\u00fcfung der Bearbeitungsqualit\u00e4t, Pr\u00fcfstandswartung, End-of-Line, Qualit\u00e4tskontrolle<\/p>\n","protected":false},"author":2,"featured_media":8827,"parent":10467,"menu_order":3,"comment_status":"closed","ping_status":"closed","template":"views\/main-page.blade.php","meta":{"_acf_changed":false,"inline_featured_image":false,"footnotes":""},"class_list":["post-10471","page","type-page","status-publish","has-post-thumbnail","hentry"],"acf":[],"yoast_head":"<!-- This site is optimized with the Yoast SEO plugin v27.6 - https:\/\/yoast.com\/product\/yoast-seo-wordpress\/ -->\n<title>Schall- und Schwingungsmessungen in der Qualit\u00e4tskontrolle<\/title>\n<meta name=\"description\" content=\"Pr\u00e4zisionsbearbeitung und Prozessqualit\u00e4tskontrolle: End-of-Line Fertigungstest, Feinabstimmung von Werkzeugmaschinen\" \/>\n<meta name=\"robots\" content=\"index, follow, max-snippet:-1, max-image-preview:large, max-video-preview:-1\" \/>\n<link rel=\"canonical\" href=\"https:\/\/www.oros.com\/de\/anwendungen\/qualitts-prozesssteuerung\/\" \/>\n<meta property=\"og:locale\" content=\"de_DE\" \/>\n<meta property=\"og:type\" content=\"article\" \/>\n<meta property=\"og:title\" content=\"Schall- und Schwingungsmessungen in der Qualit\u00e4tskontrolle\" \/>\n<meta property=\"og:description\" content=\"Pr\u00e4zisionsbearbeitung und Prozessqualit\u00e4tskontrolle: End-of-Line Fertigungstest, Feinabstimmung von Werkzeugmaschinen\" \/>\n<meta property=\"og:url\" content=\"https:\/\/www.oros.com\/de\/anwendungen\/qualitts-prozesssteuerung\/\" \/>\n<meta property=\"og:site_name\" content=\"OROS\" \/>\n<meta property=\"article:modified_time\" content=\"2022-08-22T08:25:18+00:00\" \/>\n<meta property=\"og:image\" content=\"https:\/\/www.oros.com\/wp-content\/uploads\/2018\/12\/cnc_milling_machine-1-e1557921702753.jpg\" \/>\n\t<meta property=\"og:image:width\" content=\"900\" \/>\n\t<meta property=\"og:image:height\" content=\"600\" \/>\n\t<meta property=\"og:image:type\" content=\"image\/jpeg\" \/>\n<meta name=\"twitter:card\" content=\"summary_large_image\" \/>\n<meta name=\"twitter:label1\" content=\"Gesch\u00e4tzte Lesezeit\" \/>\n\t<meta name=\"twitter:data1\" content=\"1\u00a0Minute\" \/>\n<script type=\"application\/ld+json\" class=\"yoast-schema-graph\">{\"@context\":\"https:\\\/\\\/schema.org\",\"@graph\":[{\"@type\":\"WebPage\",\"@id\":\"https:\\\/\\\/www.oros.com\\\/de\\\/anwendungen\\\/qualitts-prozesssteuerung\\\/\",\"url\":\"https:\\\/\\\/www.oros.com\\\/de\\\/anwendungen\\\/qualitts-prozesssteuerung\\\/\",\"name\":\"Schall- und Schwingungsmessungen in der Qualit\u00e4tskontrolle\",\"isPartOf\":{\"@id\":\"https:\\\/\\\/www.oros.com\\\/#website\"},\"primaryImageOfPage\":{\"@id\":\"https:\\\/\\\/www.oros.com\\\/de\\\/anwendungen\\\/qualitts-prozesssteuerung\\\/#primaryimage\"},\"image\":{\"@id\":\"https:\\\/\\\/www.oros.com\\\/de\\\/anwendungen\\\/qualitts-prozesssteuerung\\\/#primaryimage\"},\"thumbnailUrl\":\"https:\\\/\\\/www.oros.com\\\/wp-content\\\/uploads\\\/2018\\\/12\\\/cnc_milling_machine-1-e1557921702753.jpg\",\"datePublished\":\"2020-12-21T14:28:46+00:00\",\"dateModified\":\"2022-08-22T08:25:18+00:00\",\"description\":\"Pr\u00e4zisionsbearbeitung und Prozessqualit\u00e4tskontrolle: End-of-Line Fertigungstest, Feinabstimmung von Werkzeugmaschinen\",\"breadcrumb\":{\"@id\":\"https:\\\/\\\/www.oros.com\\\/de\\\/anwendungen\\\/qualitts-prozesssteuerung\\\/#breadcrumb\"},\"inLanguage\":\"de\",\"potentialAction\":[{\"@type\":\"ReadAction\",\"target\":[\"https:\\\/\\\/www.oros.com\\\/de\\\/anwendungen\\\/qualitts-prozesssteuerung\\\/\"]}]},{\"@type\":\"ImageObject\",\"inLanguage\":\"de\",\"@id\":\"https:\\\/\\\/www.oros.com\\\/de\\\/anwendungen\\\/qualitts-prozesssteuerung\\\/#primaryimage\",\"url\":\"https:\\\/\\\/www.oros.com\\\/wp-content\\\/uploads\\\/2018\\\/12\\\/cnc_milling_machine-1-e1557921702753.jpg\",\"contentUrl\":\"https:\\\/\\\/www.oros.com\\\/wp-content\\\/uploads\\\/2018\\\/12\\\/cnc_milling_machine-1-e1557921702753.jpg\",\"width\":900,\"height\":600},{\"@type\":\"BreadcrumbList\",\"@id\":\"https:\\\/\\\/www.oros.com\\\/de\\\/anwendungen\\\/qualitts-prozesssteuerung\\\/#breadcrumb\",\"itemListElement\":[{\"@type\":\"ListItem\",\"position\":1,\"name\":\"Accueil\",\"item\":\"https:\\\/\\\/www.oros.com\\\/de\\\/\"},{\"@type\":\"ListItem\",\"position\":2,\"name\":\"Anwendungen\",\"item\":\"https:\\\/\\\/www.oros.com\\\/de\\\/anwendungen\\\/\"},{\"@type\":\"ListItem\",\"position\":3,\"name\":\"Qualit&auml;ts- &amp; Prozesssteuerung\"}]},{\"@type\":\"WebSite\",\"@id\":\"https:\\\/\\\/www.oros.com\\\/#website\",\"url\":\"https:\\\/\\\/www.oros.com\\\/\",\"name\":\"OROS\",\"description\":\"Measuring noise &amp; vibration\",\"potentialAction\":[{\"@type\":\"SearchAction\",\"target\":{\"@type\":\"EntryPoint\",\"urlTemplate\":\"https:\\\/\\\/www.oros.com\\\/?s={search_term_string}\"},\"query-input\":{\"@type\":\"PropertyValueSpecification\",\"valueRequired\":true,\"valueName\":\"search_term_string\"}}],\"inLanguage\":\"de\"}]}<\/script>\n<!-- \/ Yoast SEO plugin. -->","yoast_head_json":{"title":"Schall- und Schwingungsmessungen in der Qualit\u00e4tskontrolle","description":"Pr\u00e4zisionsbearbeitung und Prozessqualit\u00e4tskontrolle: End-of-Line Fertigungstest, Feinabstimmung von Werkzeugmaschinen","robots":{"index":"index","follow":"follow","max-snippet":"max-snippet:-1","max-image-preview":"max-image-preview:large","max-video-preview":"max-video-preview:-1"},"canonical":"https:\/\/www.oros.com\/de\/anwendungen\/qualitts-prozesssteuerung\/","og_locale":"de_DE","og_type":"article","og_title":"Schall- und Schwingungsmessungen in der Qualit\u00e4tskontrolle","og_description":"Pr\u00e4zisionsbearbeitung und Prozessqualit\u00e4tskontrolle: End-of-Line Fertigungstest, Feinabstimmung von Werkzeugmaschinen","og_url":"https:\/\/www.oros.com\/de\/anwendungen\/qualitts-prozesssteuerung\/","og_site_name":"OROS","article_modified_time":"2022-08-22T08:25:18+00:00","og_image":[{"width":900,"height":600,"url":"https:\/\/www.oros.com\/wp-content\/uploads\/2018\/12\/cnc_milling_machine-1-e1557921702753.jpg","type":"image\/jpeg"}],"twitter_card":"summary_large_image","twitter_misc":{"Gesch\u00e4tzte Lesezeit":"1\u00a0Minute"},"schema":{"@context":"https:\/\/schema.org","@graph":[{"@type":"WebPage","@id":"https:\/\/www.oros.com\/de\/anwendungen\/qualitts-prozesssteuerung\/","url":"https:\/\/www.oros.com\/de\/anwendungen\/qualitts-prozesssteuerung\/","name":"Schall- und Schwingungsmessungen in der Qualit\u00e4tskontrolle","isPartOf":{"@id":"https:\/\/www.oros.com\/#website"},"primaryImageOfPage":{"@id":"https:\/\/www.oros.com\/de\/anwendungen\/qualitts-prozesssteuerung\/#primaryimage"},"image":{"@id":"https:\/\/www.oros.com\/de\/anwendungen\/qualitts-prozesssteuerung\/#primaryimage"},"thumbnailUrl":"https:\/\/www.oros.com\/wp-content\/uploads\/2018\/12\/cnc_milling_machine-1-e1557921702753.jpg","datePublished":"2020-12-21T14:28:46+00:00","dateModified":"2022-08-22T08:25:18+00:00","description":"Pr\u00e4zisionsbearbeitung und Prozessqualit\u00e4tskontrolle: End-of-Line Fertigungstest, Feinabstimmung von Werkzeugmaschinen","breadcrumb":{"@id":"https:\/\/www.oros.com\/de\/anwendungen\/qualitts-prozesssteuerung\/#breadcrumb"},"inLanguage":"de","potentialAction":[{"@type":"ReadAction","target":["https:\/\/www.oros.com\/de\/anwendungen\/qualitts-prozesssteuerung\/"]}]},{"@type":"ImageObject","inLanguage":"de","@id":"https:\/\/www.oros.com\/de\/anwendungen\/qualitts-prozesssteuerung\/#primaryimage","url":"https:\/\/www.oros.com\/wp-content\/uploads\/2018\/12\/cnc_milling_machine-1-e1557921702753.jpg","contentUrl":"https:\/\/www.oros.com\/wp-content\/uploads\/2018\/12\/cnc_milling_machine-1-e1557921702753.jpg","width":900,"height":600},{"@type":"BreadcrumbList","@id":"https:\/\/www.oros.com\/de\/anwendungen\/qualitts-prozesssteuerung\/#breadcrumb","itemListElement":[{"@type":"ListItem","position":1,"name":"Accueil","item":"https:\/\/www.oros.com\/de\/"},{"@type":"ListItem","position":2,"name":"Anwendungen","item":"https:\/\/www.oros.com\/de\/anwendungen\/"},{"@type":"ListItem","position":3,"name":"Qualit&auml;ts- &amp; Prozesssteuerung"}]},{"@type":"WebSite","@id":"https:\/\/www.oros.com\/#website","url":"https:\/\/www.oros.com\/","name":"OROS","description":"Measuring noise &amp; vibration","potentialAction":[{"@type":"SearchAction","target":{"@type":"EntryPoint","urlTemplate":"https:\/\/www.oros.com\/?s={search_term_string}"},"query-input":{"@type":"PropertyValueSpecification","valueRequired":true,"valueName":"search_term_string"}}],"inLanguage":"de"}]}},"_links":{"self":[{"href":"https:\/\/www.oros.com\/de\/wp-json\/wp\/v2\/pages\/10471","targetHints":{"allow":["GET"]}}],"collection":[{"href":"https:\/\/www.oros.com\/de\/wp-json\/wp\/v2\/pages"}],"about":[{"href":"https:\/\/www.oros.com\/de\/wp-json\/wp\/v2\/types\/page"}],"author":[{"embeddable":true,"href":"https:\/\/www.oros.com\/de\/wp-json\/wp\/v2\/users\/2"}],"replies":[{"embeddable":true,"href":"https:\/\/www.oros.com\/de\/wp-json\/wp\/v2\/comments?post=10471"}],"version-history":[{"count":3,"href":"https:\/\/www.oros.com\/de\/wp-json\/wp\/v2\/pages\/10471\/revisions"}],"predecessor-version":[{"id":117724,"href":"https:\/\/www.oros.com\/de\/wp-json\/wp\/v2\/pages\/10471\/revisions\/117724"}],"up":[{"embeddable":true,"href":"https:\/\/www.oros.com\/de\/wp-json\/wp\/v2\/pages\/10467"}],"wp:featuredmedia":[{"embeddable":true,"href":"https:\/\/www.oros.com\/de\/wp-json\/wp\/v2\/media\/8827"}],"wp:attachment":[{"href":"https:\/\/www.oros.com\/de\/wp-json\/wp\/v2\/media?parent=10471"}],"curies":[{"name":"wp","href":"https:\/\/api.w.org\/{rel}","templated":true}]}}