{"id":10493,"date":"2020-12-21T15:30:23","date_gmt":"2020-12-21T14:30:23","guid":{"rendered":"https:\/\/www.oros.com\/lsungen\/"},"modified":"2023-03-06T11:45:06","modified_gmt":"2023-03-06T10:45:06","slug":"produkte","status":"publish","type":"page","link":"https:\/\/www.oros.com\/de\/produkte\/","title":{"rendered":"Produkte"},"content":{"rendered":"<p>Die von OROS angebotenen Systeme zur Ger\u00e4usch- und Schwingungspr\u00fcfung arbeiten auf der Basis einer kompletten Software-Suite und mehrkanaligen Instrumenten.<\/p>\n","protected":false},"excerpt":{"rendered":"<p>Die von OROS angebotenen Systeme zur Ger\u00e4usch- und Schwingungspr\u00fcfung arbeiten auf der Basis einer kompletten Software-Suite und mehrkanaligen Instrumenten.<\/p>\n","protected":false},"author":2,"featured_media":1460,"parent":0,"menu_order":2,"comment_status":"closed","ping_status":"closed","template":"views\/main-page.blade.php","meta":{"_acf_changed":false,"inline_featured_image":false,"footnotes":""},"class_list":["post-10493","page","type-page","status-publish","has-post-thumbnail","hentry"],"acf":[],"yoast_head":"<!-- This site is optimized with the Yoast SEO plugin v27.4 - https:\/\/yoast.com\/product\/yoast-seo-wordpress\/ -->\n<title>Messger\u00e4te f\u00fcr die Analyse von Ger\u00e4uschen und Schwingungen - OROS<\/title>\n<meta name=\"description\" content=\"Systeme zur Ger\u00e4usch- und Schwingungsanalyse, die auf der Basis einer kompletten Software-Suite und mehrkanaliger Hardware arbeiten.\" \/>\n<meta name=\"robots\" content=\"index, follow, max-snippet:-1, max-image-preview:large, max-video-preview:-1\" \/>\n<link rel=\"canonical\" href=\"https:\/\/www.oros.com\/de\/produkte\/\" \/>\n<meta property=\"og:locale\" content=\"de_DE\" \/>\n<meta property=\"og:type\" content=\"article\" \/>\n<meta property=\"og:title\" content=\"Messger\u00e4te f\u00fcr die Analyse von Ger\u00e4uschen und Schwingungen - OROS\" \/>\n<meta property=\"og:description\" content=\"Systeme zur Ger\u00e4usch- und Schwingungsanalyse, die auf der Basis einer kompletten Software-Suite und mehrkanaliger Hardware arbeiten.\" \/>\n<meta property=\"og:url\" content=\"https:\/\/www.oros.com\/de\/produkte\/\" \/>\n<meta property=\"og:site_name\" content=\"OROS\" \/>\n<meta property=\"article:modified_time\" content=\"2023-03-06T10:45:06+00:00\" \/>\n<meta property=\"og:image\" content=\"https:\/\/www.oros.com\/wp-content\/uploads\/2018\/12\/analysis.jpg\" \/>\n\t<meta property=\"og:image:width\" content=\"1650\" \/>\n\t<meta property=\"og:image:height\" content=\"1096\" \/>\n\t<meta property=\"og:image:type\" content=\"image\/jpeg\" \/>\n<meta name=\"twitter:card\" content=\"summary_large_image\" \/>\n<meta name=\"twitter:label1\" content=\"Gesch\u00e4tzte Lesezeit\" \/>\n\t<meta name=\"twitter:data1\" content=\"1\u00a0Minute\" \/>\n<script type=\"application\/ld+json\" class=\"yoast-schema-graph\">{\"@context\":\"https:\\\/\\\/schema.org\",\"@graph\":[{\"@type\":\"WebPage\",\"@id\":\"https:\\\/\\\/www.oros.com\\\/de\\\/produkte\\\/\",\"url\":\"https:\\\/\\\/www.oros.com\\\/de\\\/produkte\\\/\",\"name\":\"Messger\u00e4te f\u00fcr die Analyse von Ger\u00e4uschen und Schwingungen - OROS\",\"isPartOf\":{\"@id\":\"https:\\\/\\\/www.oros.com\\\/#website\"},\"primaryImageOfPage\":{\"@id\":\"https:\\\/\\\/www.oros.com\\\/de\\\/produkte\\\/#primaryimage\"},\"image\":{\"@id\":\"https:\\\/\\\/www.oros.com\\\/de\\\/produkte\\\/#primaryimage\"},\"thumbnailUrl\":\"https:\\\/\\\/www.oros.com\\\/wp-content\\\/uploads\\\/2018\\\/12\\\/analysis.jpg\",\"datePublished\":\"2020-12-21T14:30:23+00:00\",\"dateModified\":\"2023-03-06T10:45:06+00:00\",\"description\":\"Systeme zur Ger\u00e4usch- und Schwingungsanalyse, die auf der Basis einer kompletten Software-Suite und mehrkanaliger Hardware arbeiten.\",\"breadcrumb\":{\"@id\":\"https:\\\/\\\/www.oros.com\\\/de\\\/produkte\\\/#breadcrumb\"},\"inLanguage\":\"de\",\"potentialAction\":[{\"@type\":\"ReadAction\",\"target\":[\"https:\\\/\\\/www.oros.com\\\/de\\\/produkte\\\/\"]}]},{\"@type\":\"ImageObject\",\"inLanguage\":\"de\",\"@id\":\"https:\\\/\\\/www.oros.com\\\/de\\\/produkte\\\/#primaryimage\",\"url\":\"https:\\\/\\\/www.oros.com\\\/wp-content\\\/uploads\\\/2018\\\/12\\\/analysis.jpg\",\"contentUrl\":\"https:\\\/\\\/www.oros.com\\\/wp-content\\\/uploads\\\/2018\\\/12\\\/analysis.jpg\",\"width\":1650,\"height\":1096},{\"@type\":\"BreadcrumbList\",\"@id\":\"https:\\\/\\\/www.oros.com\\\/de\\\/produkte\\\/#breadcrumb\",\"itemListElement\":[{\"@type\":\"ListItem\",\"position\":1,\"name\":\"Accueil\",\"item\":\"https:\\\/\\\/www.oros.com\\\/de\\\/\"},{\"@type\":\"ListItem\",\"position\":2,\"name\":\"Produkte\"}]},{\"@type\":\"WebSite\",\"@id\":\"https:\\\/\\\/www.oros.com\\\/#website\",\"url\":\"https:\\\/\\\/www.oros.com\\\/\",\"name\":\"OROS\",\"description\":\"Measuring noise &amp; vibration\",\"potentialAction\":[{\"@type\":\"SearchAction\",\"target\":{\"@type\":\"EntryPoint\",\"urlTemplate\":\"https:\\\/\\\/www.oros.com\\\/?s={search_term_string}\"},\"query-input\":{\"@type\":\"PropertyValueSpecification\",\"valueRequired\":true,\"valueName\":\"search_term_string\"}}],\"inLanguage\":\"de\"}]}<\/script>\n<!-- \/ Yoast SEO plugin. -->","yoast_head_json":{"title":"Messger\u00e4te f\u00fcr die Analyse von Ger\u00e4uschen und Schwingungen - OROS","description":"Systeme zur Ger\u00e4usch- und Schwingungsanalyse, die auf der Basis einer kompletten Software-Suite und mehrkanaliger Hardware arbeiten.","robots":{"index":"index","follow":"follow","max-snippet":"max-snippet:-1","max-image-preview":"max-image-preview:large","max-video-preview":"max-video-preview:-1"},"canonical":"https:\/\/www.oros.com\/de\/produkte\/","og_locale":"de_DE","og_type":"article","og_title":"Messger\u00e4te f\u00fcr die Analyse von Ger\u00e4uschen und Schwingungen - OROS","og_description":"Systeme zur Ger\u00e4usch- und Schwingungsanalyse, die auf der Basis einer kompletten Software-Suite und mehrkanaliger Hardware arbeiten.","og_url":"https:\/\/www.oros.com\/de\/produkte\/","og_site_name":"OROS","article_modified_time":"2023-03-06T10:45:06+00:00","og_image":[{"width":1650,"height":1096,"url":"https:\/\/www.oros.com\/wp-content\/uploads\/2018\/12\/analysis.jpg","type":"image\/jpeg"}],"twitter_card":"summary_large_image","twitter_misc":{"Gesch\u00e4tzte Lesezeit":"1\u00a0Minute"},"schema":{"@context":"https:\/\/schema.org","@graph":[{"@type":"WebPage","@id":"https:\/\/www.oros.com\/de\/produkte\/","url":"https:\/\/www.oros.com\/de\/produkte\/","name":"Messger\u00e4te f\u00fcr die Analyse von Ger\u00e4uschen und Schwingungen - OROS","isPartOf":{"@id":"https:\/\/www.oros.com\/#website"},"primaryImageOfPage":{"@id":"https:\/\/www.oros.com\/de\/produkte\/#primaryimage"},"image":{"@id":"https:\/\/www.oros.com\/de\/produkte\/#primaryimage"},"thumbnailUrl":"https:\/\/www.oros.com\/wp-content\/uploads\/2018\/12\/analysis.jpg","datePublished":"2020-12-21T14:30:23+00:00","dateModified":"2023-03-06T10:45:06+00:00","description":"Systeme zur Ger\u00e4usch- und Schwingungsanalyse, die auf der Basis einer kompletten Software-Suite und mehrkanaliger Hardware arbeiten.","breadcrumb":{"@id":"https:\/\/www.oros.com\/de\/produkte\/#breadcrumb"},"inLanguage":"de","potentialAction":[{"@type":"ReadAction","target":["https:\/\/www.oros.com\/de\/produkte\/"]}]},{"@type":"ImageObject","inLanguage":"de","@id":"https:\/\/www.oros.com\/de\/produkte\/#primaryimage","url":"https:\/\/www.oros.com\/wp-content\/uploads\/2018\/12\/analysis.jpg","contentUrl":"https:\/\/www.oros.com\/wp-content\/uploads\/2018\/12\/analysis.jpg","width":1650,"height":1096},{"@type":"BreadcrumbList","@id":"https:\/\/www.oros.com\/de\/produkte\/#breadcrumb","itemListElement":[{"@type":"ListItem","position":1,"name":"Accueil","item":"https:\/\/www.oros.com\/de\/"},{"@type":"ListItem","position":2,"name":"Produkte"}]},{"@type":"WebSite","@id":"https:\/\/www.oros.com\/#website","url":"https:\/\/www.oros.com\/","name":"OROS","description":"Measuring noise &amp; vibration","potentialAction":[{"@type":"SearchAction","target":{"@type":"EntryPoint","urlTemplate":"https:\/\/www.oros.com\/?s={search_term_string}"},"query-input":{"@type":"PropertyValueSpecification","valueRequired":true,"valueName":"search_term_string"}}],"inLanguage":"de"}]}},"_links":{"self":[{"href":"https:\/\/www.oros.com\/de\/wp-json\/wp\/v2\/pages\/10493","targetHints":{"allow":["GET"]}}],"collection":[{"href":"https:\/\/www.oros.com\/de\/wp-json\/wp\/v2\/pages"}],"about":[{"href":"https:\/\/www.oros.com\/de\/wp-json\/wp\/v2\/types\/page"}],"author":[{"embeddable":true,"href":"https:\/\/www.oros.com\/de\/wp-json\/wp\/v2\/users\/2"}],"replies":[{"embeddable":true,"href":"https:\/\/www.oros.com\/de\/wp-json\/wp\/v2\/comments?post=10493"}],"version-history":[{"count":8,"href":"https:\/\/www.oros.com\/de\/wp-json\/wp\/v2\/pages\/10493\/revisions"}],"predecessor-version":[{"id":129943,"href":"https:\/\/www.oros.com\/de\/wp-json\/wp\/v2\/pages\/10493\/revisions\/129943"}],"wp:featuredmedia":[{"embeddable":true,"href":"https:\/\/www.oros.com\/de\/wp-json\/wp\/v2\/media\/1460"}],"wp:attachment":[{"href":"https:\/\/www.oros.com\/de\/wp-json\/wp\/v2\/media?parent=10493"}],"curies":[{"name":"wp","href":"https:\/\/api.w.org\/{rel}","templated":true}]}}