{"id":10494,"date":"2020-12-21T15:30:37","date_gmt":"2020-12-21T14:30:26","guid":{"rendered":"https:\/\/www.oros.com\/serviceleistungen\/"},"modified":"2023-03-21T15:02:54","modified_gmt":"2023-03-21T14:02:54","slug":"serviceleistungen","status":"publish","type":"page","link":"https:\/\/www.oros.com\/de\/serviceleistungen\/","title":{"rendered":"Services"},"content":{"rendered":"<div id=\"document\" class=\"avecColonneGauche\">\n<div class=\"documentInner\">\n<div id=\"fondSite\">\n<div id=\"corps\">\n<div id=\"contenu\">\n<div id=\"par56204\" class=\"paragraphe\">\n<div class=\"inner\">\n<p>Die Experten von OROS k\u00f6nnen Sie <strong>bei Ihren Messungen unterst\u00fctzen.<\/strong> Wir k\u00f6nnen Ihnen auch<strong> Optimierungsvorschl\u00e4ge f\u00fcr Ihre Testprozesse anbieten, <\/strong>je nachdem, wie Ihre Anwendung und Ihre Anforderungen in der Praxis aussehen. <strong><br \/>\n<\/strong>Wir bieten <strong>theoretische <\/strong>und <strong>angewandte <a href=\"https:\/\/www.oros.com\/de\/serviceleistungen\/schulungen\/\">Schulungseinheiten <\/a><\/strong>zum Thema Ger\u00e4usche und Schwingungen an. Anwenderschulungen k\u00f6nnen wir auch<strong> an Ihrem Standort<\/strong>durchf\u00fchren. Wir sind Ihnen bei der Verwendung Ihrer OROS-Ger\u00e4te behilflich.<\/p>\n<p>&nbsp;<\/p>\n<p><a href=\"https:\/\/www.oros.com\/wp-content\/uploads\/2019\/06\/service-line-brochure.pdf\" target=\"_blank\" rel=\"noopener noreferrer\">SERVICE LINE BROSCH\u00dcRE<\/a><\/p>\n<p>&nbsp;<\/p>\n<p>&nbsp;<\/p>\n<\/div>\n<\/div>\n<\/div>\n<\/div>\n<\/div>\n<\/div>\n<\/div>\n","protected":false},"excerpt":{"rendered":"<p>Die Experten von OROS k\u00f6nnen Sie bei Ihren Messungen unterst\u00fctzen. Wir k\u00f6nnen Ihnen auch Optimierungsvorschl\u00e4ge f\u00fcr Ihre Testprozesse anbieten, je&#8230; <span class=\"moretag btn btn--right btn--bold\">Weiterlesen<\/span><\/p>\n","protected":false},"author":2,"featured_media":2860,"parent":0,"menu_order":5,"comment_status":"closed","ping_status":"closed","template":"views\/main-page.blade.php","meta":{"_acf_changed":false,"inline_featured_image":false,"footnotes":""},"class_list":["post-10494","page","type-page","status-publish","has-post-thumbnail","hentry"],"acf":[],"yoast_head":"<!-- This site is optimized with the Yoast SEO plugin v27.4 - https:\/\/yoast.com\/product\/yoast-seo-wordpress\/ -->\n<title>Serviceleistungen: Schulung, Coaching und Pr\u00fcfung - OROS<\/title>\n<meta name=\"description\" content=\"Dank ihres soliden Netzwerks verf\u00fcgt die OROS GmbH \u00fcber ein fundiertes Expertenwissen auf dem Gebiet der Ger\u00e4usch- und Schwingungsanalyse.\" \/>\n<meta name=\"robots\" content=\"index, follow, max-snippet:-1, max-image-preview:large, max-video-preview:-1\" \/>\n<link rel=\"canonical\" href=\"https:\/\/www.oros.com\/de\/serviceleistungen\/\" \/>\n<meta property=\"og:locale\" content=\"de_DE\" \/>\n<meta property=\"og:type\" content=\"article\" \/>\n<meta property=\"og:title\" content=\"Serviceleistungen: Schulung, Coaching und Pr\u00fcfung - OROS\" \/>\n<meta property=\"og:description\" content=\"Dank ihres soliden Netzwerks verf\u00fcgt die OROS GmbH \u00fcber ein fundiertes Expertenwissen auf dem Gebiet der Ger\u00e4usch- und Schwingungsanalyse.\" \/>\n<meta property=\"og:url\" content=\"https:\/\/www.oros.com\/de\/serviceleistungen\/\" \/>\n<meta property=\"og:site_name\" content=\"OROS\" \/>\n<meta property=\"article:modified_time\" content=\"2023-03-21T14:02:54+00:00\" \/>\n<meta property=\"og:image\" content=\"https:\/\/www.oros.com\/wp-content\/uploads\/2019\/02\/services_uae_web.jpg\" \/>\n\t<meta property=\"og:image:width\" content=\"960\" \/>\n\t<meta property=\"og:image:height\" content=\"720\" \/>\n\t<meta property=\"og:image:type\" content=\"image\/jpeg\" \/>\n<meta name=\"twitter:card\" content=\"summary_large_image\" \/>\n<meta name=\"twitter:label1\" content=\"Gesch\u00e4tzte Lesezeit\" \/>\n\t<meta name=\"twitter:data1\" content=\"1\u00a0Minute\" \/>\n<script type=\"application\/ld+json\" class=\"yoast-schema-graph\">{\"@context\":\"https:\\\/\\\/schema.org\",\"@graph\":[{\"@type\":\"WebPage\",\"@id\":\"https:\\\/\\\/www.oros.com\\\/de\\\/serviceleistungen\\\/\",\"url\":\"https:\\\/\\\/www.oros.com\\\/de\\\/serviceleistungen\\\/\",\"name\":\"Serviceleistungen: Schulung, Coaching und Pr\u00fcfung - OROS\",\"isPartOf\":{\"@id\":\"https:\\\/\\\/www.oros.com\\\/#website\"},\"primaryImageOfPage\":{\"@id\":\"https:\\\/\\\/www.oros.com\\\/de\\\/serviceleistungen\\\/#primaryimage\"},\"image\":{\"@id\":\"https:\\\/\\\/www.oros.com\\\/de\\\/serviceleistungen\\\/#primaryimage\"},\"thumbnailUrl\":\"https:\\\/\\\/www.oros.com\\\/wp-content\\\/uploads\\\/2019\\\/02\\\/services_uae_web.jpg\",\"datePublished\":\"2020-12-21T14:30:26+00:00\",\"dateModified\":\"2023-03-21T14:02:54+00:00\",\"description\":\"Dank ihres soliden Netzwerks verf\u00fcgt die OROS GmbH \u00fcber ein fundiertes Expertenwissen auf dem Gebiet der Ger\u00e4usch- und Schwingungsanalyse.\",\"breadcrumb\":{\"@id\":\"https:\\\/\\\/www.oros.com\\\/de\\\/serviceleistungen\\\/#breadcrumb\"},\"inLanguage\":\"de\",\"potentialAction\":[{\"@type\":\"ReadAction\",\"target\":[\"https:\\\/\\\/www.oros.com\\\/de\\\/serviceleistungen\\\/\"]}]},{\"@type\":\"ImageObject\",\"inLanguage\":\"de\",\"@id\":\"https:\\\/\\\/www.oros.com\\\/de\\\/serviceleistungen\\\/#primaryimage\",\"url\":\"https:\\\/\\\/www.oros.com\\\/wp-content\\\/uploads\\\/2019\\\/02\\\/services_uae_web.jpg\",\"contentUrl\":\"https:\\\/\\\/www.oros.com\\\/wp-content\\\/uploads\\\/2019\\\/02\\\/services_uae_web.jpg\",\"width\":960,\"height\":720},{\"@type\":\"BreadcrumbList\",\"@id\":\"https:\\\/\\\/www.oros.com\\\/de\\\/serviceleistungen\\\/#breadcrumb\",\"itemListElement\":[{\"@type\":\"ListItem\",\"position\":1,\"name\":\"Accueil\",\"item\":\"https:\\\/\\\/www.oros.com\\\/de\\\/\"},{\"@type\":\"ListItem\",\"position\":2,\"name\":\"Services\"}]},{\"@type\":\"WebSite\",\"@id\":\"https:\\\/\\\/www.oros.com\\\/#website\",\"url\":\"https:\\\/\\\/www.oros.com\\\/\",\"name\":\"OROS\",\"description\":\"Measuring noise &amp; vibration\",\"potentialAction\":[{\"@type\":\"SearchAction\",\"target\":{\"@type\":\"EntryPoint\",\"urlTemplate\":\"https:\\\/\\\/www.oros.com\\\/?s={search_term_string}\"},\"query-input\":{\"@type\":\"PropertyValueSpecification\",\"valueRequired\":true,\"valueName\":\"search_term_string\"}}],\"inLanguage\":\"de\"}]}<\/script>\n<!-- \/ Yoast SEO plugin. -->","yoast_head_json":{"title":"Serviceleistungen: Schulung, Coaching und Pr\u00fcfung - OROS","description":"Dank ihres soliden Netzwerks verf\u00fcgt die OROS GmbH \u00fcber ein fundiertes Expertenwissen auf dem Gebiet der Ger\u00e4usch- und Schwingungsanalyse.","robots":{"index":"index","follow":"follow","max-snippet":"max-snippet:-1","max-image-preview":"max-image-preview:large","max-video-preview":"max-video-preview:-1"},"canonical":"https:\/\/www.oros.com\/de\/serviceleistungen\/","og_locale":"de_DE","og_type":"article","og_title":"Serviceleistungen: Schulung, Coaching und Pr\u00fcfung - OROS","og_description":"Dank ihres soliden Netzwerks verf\u00fcgt die OROS GmbH \u00fcber ein fundiertes Expertenwissen auf dem Gebiet der Ger\u00e4usch- und Schwingungsanalyse.","og_url":"https:\/\/www.oros.com\/de\/serviceleistungen\/","og_site_name":"OROS","article_modified_time":"2023-03-21T14:02:54+00:00","og_image":[{"width":960,"height":720,"url":"https:\/\/www.oros.com\/wp-content\/uploads\/2019\/02\/services_uae_web.jpg","type":"image\/jpeg"}],"twitter_card":"summary_large_image","twitter_misc":{"Gesch\u00e4tzte Lesezeit":"1\u00a0Minute"},"schema":{"@context":"https:\/\/schema.org","@graph":[{"@type":"WebPage","@id":"https:\/\/www.oros.com\/de\/serviceleistungen\/","url":"https:\/\/www.oros.com\/de\/serviceleistungen\/","name":"Serviceleistungen: Schulung, Coaching und Pr\u00fcfung - OROS","isPartOf":{"@id":"https:\/\/www.oros.com\/#website"},"primaryImageOfPage":{"@id":"https:\/\/www.oros.com\/de\/serviceleistungen\/#primaryimage"},"image":{"@id":"https:\/\/www.oros.com\/de\/serviceleistungen\/#primaryimage"},"thumbnailUrl":"https:\/\/www.oros.com\/wp-content\/uploads\/2019\/02\/services_uae_web.jpg","datePublished":"2020-12-21T14:30:26+00:00","dateModified":"2023-03-21T14:02:54+00:00","description":"Dank ihres soliden Netzwerks verf\u00fcgt die OROS GmbH \u00fcber ein fundiertes Expertenwissen auf dem Gebiet der Ger\u00e4usch- und Schwingungsanalyse.","breadcrumb":{"@id":"https:\/\/www.oros.com\/de\/serviceleistungen\/#breadcrumb"},"inLanguage":"de","potentialAction":[{"@type":"ReadAction","target":["https:\/\/www.oros.com\/de\/serviceleistungen\/"]}]},{"@type":"ImageObject","inLanguage":"de","@id":"https:\/\/www.oros.com\/de\/serviceleistungen\/#primaryimage","url":"https:\/\/www.oros.com\/wp-content\/uploads\/2019\/02\/services_uae_web.jpg","contentUrl":"https:\/\/www.oros.com\/wp-content\/uploads\/2019\/02\/services_uae_web.jpg","width":960,"height":720},{"@type":"BreadcrumbList","@id":"https:\/\/www.oros.com\/de\/serviceleistungen\/#breadcrumb","itemListElement":[{"@type":"ListItem","position":1,"name":"Accueil","item":"https:\/\/www.oros.com\/de\/"},{"@type":"ListItem","position":2,"name":"Services"}]},{"@type":"WebSite","@id":"https:\/\/www.oros.com\/#website","url":"https:\/\/www.oros.com\/","name":"OROS","description":"Measuring noise &amp; vibration","potentialAction":[{"@type":"SearchAction","target":{"@type":"EntryPoint","urlTemplate":"https:\/\/www.oros.com\/?s={search_term_string}"},"query-input":{"@type":"PropertyValueSpecification","valueRequired":true,"valueName":"search_term_string"}}],"inLanguage":"de"}]}},"_links":{"self":[{"href":"https:\/\/www.oros.com\/de\/wp-json\/wp\/v2\/pages\/10494","targetHints":{"allow":["GET"]}}],"collection":[{"href":"https:\/\/www.oros.com\/de\/wp-json\/wp\/v2\/pages"}],"about":[{"href":"https:\/\/www.oros.com\/de\/wp-json\/wp\/v2\/types\/page"}],"author":[{"embeddable":true,"href":"https:\/\/www.oros.com\/de\/wp-json\/wp\/v2\/users\/2"}],"replies":[{"embeddable":true,"href":"https:\/\/www.oros.com\/de\/wp-json\/wp\/v2\/comments?post=10494"}],"version-history":[{"count":10,"href":"https:\/\/www.oros.com\/de\/wp-json\/wp\/v2\/pages\/10494\/revisions"}],"predecessor-version":[{"id":130102,"href":"https:\/\/www.oros.com\/de\/wp-json\/wp\/v2\/pages\/10494\/revisions\/130102"}],"wp:featuredmedia":[{"embeddable":true,"href":"https:\/\/www.oros.com\/de\/wp-json\/wp\/v2\/media\/2860"}],"wp:attachment":[{"href":"https:\/\/www.oros.com\/de\/wp-json\/wp\/v2\/media?parent=10494"}],"curies":[{"name":"wp","href":"https:\/\/api.w.org\/{rel}","templated":true}]}}