{"id":10499,"date":"2020-12-21T15:30:48","date_gmt":"2020-12-21T14:30:48","guid":{"rendered":"https:\/\/www.oros.com\/lsungen\/akustik\/"},"modified":"2022-08-22T12:31:41","modified_gmt":"2022-08-22T10:31:41","slug":"akustik","status":"publish","type":"page","link":"https:\/\/www.oros.com\/de\/produkte\/akustik\/","title":{"rendered":"Akustik"},"content":{"rendered":"<p>Die tragbaren Systeme der Serie OROS 3 liefern genaue und umfassende Ergebnisse von Ger\u00e4uschph\u00e4nomenen.<br \/>\nDie akustische Analyse kann gleichzeitig mit anderen Verfahren der Signalverarbeitung wie FFT, Recording oder Ordnungsanalyse eingesetzt werden.<\/p>\n","protected":false},"excerpt":{"rendered":"<p>Die tragbaren Systeme der Serie OROS 3 liefern genaue und umfassende Ergebnisse von Ger\u00e4uschph\u00e4nomenen. Die akustische Analyse kann gleichzeitig mit&#8230; <span class=\"moretag btn btn--right btn--bold\">Weiterlesen<\/span><\/p>\n","protected":false},"author":2,"featured_media":5487,"parent":10493,"menu_order":4,"comment_status":"closed","ping_status":"closed","template":"views\/main-page.blade.php","meta":{"_acf_changed":false,"inline_featured_image":false,"footnotes":""},"class_list":["post-10499","page","type-page","status-publish","has-post-thumbnail","hentry"],"acf":[],"yoast_head":"<!-- This site is optimized with the Yoast SEO plugin v27.4 - https:\/\/yoast.com\/product\/yoast-seo-wordpress\/ -->\n<title>Software-Suite f\u00fcr akustische Messung und Analyse - OROS<\/title>\n<meta name=\"description\" content=\"Werkzeuge zur Durchf\u00fchrung von akustischen Messungen und Analysen: Schallleistung, Schallintensit\u00e4t, Schallqualit\u00e4t, Transferpfadanalyse\" \/>\n<meta name=\"robots\" content=\"index, follow, max-snippet:-1, max-image-preview:large, max-video-preview:-1\" \/>\n<link rel=\"canonical\" href=\"https:\/\/www.oros.com\/de\/produkte\/akustik\/\" \/>\n<meta property=\"og:locale\" content=\"de_DE\" \/>\n<meta property=\"og:type\" content=\"article\" \/>\n<meta property=\"og:title\" content=\"Software-Suite f\u00fcr akustische Messung und Analyse - OROS\" \/>\n<meta property=\"og:description\" content=\"Werkzeuge zur Durchf\u00fchrung von akustischen Messungen und Analysen: Schallleistung, Schallintensit\u00e4t, Schallqualit\u00e4t, Transferpfadanalyse\" \/>\n<meta property=\"og:url\" content=\"https:\/\/www.oros.com\/de\/produkte\/akustik\/\" \/>\n<meta property=\"og:site_name\" content=\"OROS\" \/>\n<meta property=\"article:modified_time\" content=\"2022-08-22T10:31:41+00:00\" \/>\n<meta property=\"og:image\" content=\"https:\/\/www.oros.com\/wp-content\/uploads\/2019\/06\/si-eclate_xl_web-2.jpg\" \/>\n\t<meta property=\"og:image:width\" content=\"3780\" \/>\n\t<meta property=\"og:image:height\" content=\"1323\" \/>\n\t<meta property=\"og:image:type\" content=\"image\/jpeg\" \/>\n<meta name=\"twitter:card\" content=\"summary_large_image\" \/>\n<meta name=\"twitter:label1\" content=\"Gesch\u00e4tzte Lesezeit\" \/>\n\t<meta name=\"twitter:data1\" content=\"1\u00a0Minute\" \/>\n<script type=\"application\/ld+json\" class=\"yoast-schema-graph\">{\"@context\":\"https:\\\/\\\/schema.org\",\"@graph\":[{\"@type\":\"WebPage\",\"@id\":\"https:\\\/\\\/www.oros.com\\\/de\\\/produkte\\\/akustik\\\/\",\"url\":\"https:\\\/\\\/www.oros.com\\\/de\\\/produkte\\\/akustik\\\/\",\"name\":\"Software-Suite f\u00fcr akustische Messung und Analyse - OROS\",\"isPartOf\":{\"@id\":\"https:\\\/\\\/www.oros.com\\\/#website\"},\"primaryImageOfPage\":{\"@id\":\"https:\\\/\\\/www.oros.com\\\/de\\\/produkte\\\/akustik\\\/#primaryimage\"},\"image\":{\"@id\":\"https:\\\/\\\/www.oros.com\\\/de\\\/produkte\\\/akustik\\\/#primaryimage\"},\"thumbnailUrl\":\"https:\\\/\\\/www.oros.com\\\/wp-content\\\/uploads\\\/2019\\\/06\\\/si-eclate_xl_web-2.jpg\",\"datePublished\":\"2020-12-21T14:30:48+00:00\",\"dateModified\":\"2022-08-22T10:31:41+00:00\",\"description\":\"Werkzeuge zur Durchf\u00fchrung von akustischen Messungen und Analysen: Schallleistung, Schallintensit\u00e4t, Schallqualit\u00e4t, Transferpfadanalyse\",\"breadcrumb\":{\"@id\":\"https:\\\/\\\/www.oros.com\\\/de\\\/produkte\\\/akustik\\\/#breadcrumb\"},\"inLanguage\":\"de\",\"potentialAction\":[{\"@type\":\"ReadAction\",\"target\":[\"https:\\\/\\\/www.oros.com\\\/de\\\/produkte\\\/akustik\\\/\"]}]},{\"@type\":\"ImageObject\",\"inLanguage\":\"de\",\"@id\":\"https:\\\/\\\/www.oros.com\\\/de\\\/produkte\\\/akustik\\\/#primaryimage\",\"url\":\"https:\\\/\\\/www.oros.com\\\/wp-content\\\/uploads\\\/2019\\\/06\\\/si-eclate_xl_web-2.jpg\",\"contentUrl\":\"https:\\\/\\\/www.oros.com\\\/wp-content\\\/uploads\\\/2019\\\/06\\\/si-eclate_xl_web-2.jpg\",\"width\":3780,\"height\":1323},{\"@type\":\"BreadcrumbList\",\"@id\":\"https:\\\/\\\/www.oros.com\\\/de\\\/produkte\\\/akustik\\\/#breadcrumb\",\"itemListElement\":[{\"@type\":\"ListItem\",\"position\":1,\"name\":\"Accueil\",\"item\":\"https:\\\/\\\/www.oros.com\\\/de\\\/\"},{\"@type\":\"ListItem\",\"position\":2,\"name\":\"Produkte\",\"item\":\"https:\\\/\\\/www.oros.com\\\/de\\\/produkte\\\/\"},{\"@type\":\"ListItem\",\"position\":3,\"name\":\"Akustik\"}]},{\"@type\":\"WebSite\",\"@id\":\"https:\\\/\\\/www.oros.com\\\/#website\",\"url\":\"https:\\\/\\\/www.oros.com\\\/\",\"name\":\"OROS\",\"description\":\"Measuring noise &amp; vibration\",\"potentialAction\":[{\"@type\":\"SearchAction\",\"target\":{\"@type\":\"EntryPoint\",\"urlTemplate\":\"https:\\\/\\\/www.oros.com\\\/?s={search_term_string}\"},\"query-input\":{\"@type\":\"PropertyValueSpecification\",\"valueRequired\":true,\"valueName\":\"search_term_string\"}}],\"inLanguage\":\"de\"}]}<\/script>\n<!-- \/ Yoast SEO plugin. -->","yoast_head_json":{"title":"Software-Suite f\u00fcr akustische Messung und Analyse - OROS","description":"Werkzeuge zur Durchf\u00fchrung von akustischen Messungen und Analysen: Schallleistung, Schallintensit\u00e4t, Schallqualit\u00e4t, Transferpfadanalyse","robots":{"index":"index","follow":"follow","max-snippet":"max-snippet:-1","max-image-preview":"max-image-preview:large","max-video-preview":"max-video-preview:-1"},"canonical":"https:\/\/www.oros.com\/de\/produkte\/akustik\/","og_locale":"de_DE","og_type":"article","og_title":"Software-Suite f\u00fcr akustische Messung und Analyse - OROS","og_description":"Werkzeuge zur Durchf\u00fchrung von akustischen Messungen und Analysen: Schallleistung, Schallintensit\u00e4t, Schallqualit\u00e4t, Transferpfadanalyse","og_url":"https:\/\/www.oros.com\/de\/produkte\/akustik\/","og_site_name":"OROS","article_modified_time":"2022-08-22T10:31:41+00:00","og_image":[{"width":3780,"height":1323,"url":"https:\/\/www.oros.com\/wp-content\/uploads\/2019\/06\/si-eclate_xl_web-2.jpg","type":"image\/jpeg"}],"twitter_card":"summary_large_image","twitter_misc":{"Gesch\u00e4tzte Lesezeit":"1\u00a0Minute"},"schema":{"@context":"https:\/\/schema.org","@graph":[{"@type":"WebPage","@id":"https:\/\/www.oros.com\/de\/produkte\/akustik\/","url":"https:\/\/www.oros.com\/de\/produkte\/akustik\/","name":"Software-Suite f\u00fcr akustische Messung und Analyse - OROS","isPartOf":{"@id":"https:\/\/www.oros.com\/#website"},"primaryImageOfPage":{"@id":"https:\/\/www.oros.com\/de\/produkte\/akustik\/#primaryimage"},"image":{"@id":"https:\/\/www.oros.com\/de\/produkte\/akustik\/#primaryimage"},"thumbnailUrl":"https:\/\/www.oros.com\/wp-content\/uploads\/2019\/06\/si-eclate_xl_web-2.jpg","datePublished":"2020-12-21T14:30:48+00:00","dateModified":"2022-08-22T10:31:41+00:00","description":"Werkzeuge zur Durchf\u00fchrung von akustischen Messungen und Analysen: Schallleistung, Schallintensit\u00e4t, Schallqualit\u00e4t, Transferpfadanalyse","breadcrumb":{"@id":"https:\/\/www.oros.com\/de\/produkte\/akustik\/#breadcrumb"},"inLanguage":"de","potentialAction":[{"@type":"ReadAction","target":["https:\/\/www.oros.com\/de\/produkte\/akustik\/"]}]},{"@type":"ImageObject","inLanguage":"de","@id":"https:\/\/www.oros.com\/de\/produkte\/akustik\/#primaryimage","url":"https:\/\/www.oros.com\/wp-content\/uploads\/2019\/06\/si-eclate_xl_web-2.jpg","contentUrl":"https:\/\/www.oros.com\/wp-content\/uploads\/2019\/06\/si-eclate_xl_web-2.jpg","width":3780,"height":1323},{"@type":"BreadcrumbList","@id":"https:\/\/www.oros.com\/de\/produkte\/akustik\/#breadcrumb","itemListElement":[{"@type":"ListItem","position":1,"name":"Accueil","item":"https:\/\/www.oros.com\/de\/"},{"@type":"ListItem","position":2,"name":"Produkte","item":"https:\/\/www.oros.com\/de\/produkte\/"},{"@type":"ListItem","position":3,"name":"Akustik"}]},{"@type":"WebSite","@id":"https:\/\/www.oros.com\/#website","url":"https:\/\/www.oros.com\/","name":"OROS","description":"Measuring noise &amp; vibration","potentialAction":[{"@type":"SearchAction","target":{"@type":"EntryPoint","urlTemplate":"https:\/\/www.oros.com\/?s={search_term_string}"},"query-input":{"@type":"PropertyValueSpecification","valueRequired":true,"valueName":"search_term_string"}}],"inLanguage":"de"}]}},"_links":{"self":[{"href":"https:\/\/www.oros.com\/de\/wp-json\/wp\/v2\/pages\/10499","targetHints":{"allow":["GET"]}}],"collection":[{"href":"https:\/\/www.oros.com\/de\/wp-json\/wp\/v2\/pages"}],"about":[{"href":"https:\/\/www.oros.com\/de\/wp-json\/wp\/v2\/types\/page"}],"author":[{"embeddable":true,"href":"https:\/\/www.oros.com\/de\/wp-json\/wp\/v2\/users\/2"}],"replies":[{"embeddable":true,"href":"https:\/\/www.oros.com\/de\/wp-json\/wp\/v2\/comments?post=10499"}],"version-history":[{"count":2,"href":"https:\/\/www.oros.com\/de\/wp-json\/wp\/v2\/pages\/10499\/revisions"}],"predecessor-version":[{"id":11212,"href":"https:\/\/www.oros.com\/de\/wp-json\/wp\/v2\/pages\/10499\/revisions\/11212"}],"up":[{"embeddable":true,"href":"https:\/\/www.oros.com\/de\/wp-json\/wp\/v2\/pages\/10493"}],"wp:featuredmedia":[{"embeddable":true,"href":"https:\/\/www.oros.com\/de\/wp-json\/wp\/v2\/media\/5487"}],"wp:attachment":[{"href":"https:\/\/www.oros.com\/de\/wp-json\/wp\/v2\/media?parent=10499"}],"curies":[{"name":"wp","href":"https:\/\/api.w.org\/{rel}","templated":true}]}}