{"id":10512,"date":"2020-12-21T15:31:49","date_gmt":"2020-12-21T14:31:49","guid":{"rendered":"https:\/\/www.oros.com\/lsungen\/akustik\/tpa-transferpfadanalyse\/"},"modified":"2023-05-17T14:25:04","modified_gmt":"2023-05-17T12:25:04","slug":"tpa-transferpfadanalyse","status":"publish","type":"page","link":"https:\/\/www.oros.com\/de\/produkte\/akustik\/tpa-transferpfadanalyse\/","title":{"rendered":"TPA &#8211; Transferpfadanalyse"},"content":{"rendered":"<p>Der Experte f\u00fcr Ger\u00e4usche und Schwingungen hat sich zum Ziel gesetzt, die wichtigsten beteiligten Quellen zu identifizieren, um die notwendigen mechanischen Korrekturen vorzunehmen. Als Spezialist f\u00fcr Ger\u00e4usche und Schwingungen bietet OROS eine Reihe von Serviceleistungen und einzigartigen Messl\u00f6sungen an, die auf die Analyse von \u00dcbertragungswegen und auf den Prozess der Bestimmung der akustischen Impulse f\u00fcr die Fahrg\u00e4ste ausgerichtet sind: die TPA-Methode (Transfer Path Analysis).<\/p>\n","protected":false},"excerpt":{"rendered":"<p>Der Experte f\u00fcr Ger\u00e4usche und Schwingungen hat sich zum Ziel gesetzt, die wichtigsten beteiligten Quellen zu identifizieren, um die notwendigen&#8230; <span class=\"moretag btn btn--right btn--bold\">Weiterlesen<\/span><\/p>\n","protected":false},"author":2,"featured_media":1631,"parent":10499,"menu_order":5,"comment_status":"closed","ping_status":"closed","template":"views\/solutions.blade.php","meta":{"_acf_changed":false,"inline_featured_image":false,"footnotes":""},"class_list":["post-10512","page","type-page","status-publish","has-post-thumbnail","hentry"],"acf":[],"yoast_head":"<!-- This site is optimized with the Yoast SEO plugin v27.4 - https:\/\/yoast.com\/product\/yoast-seo-wordpress\/ -->\n<title>TPA - Advanced Transferpfadanalyse - OROS<\/title>\n<meta name=\"description\" content=\"Identifizierung und Einstufung der wichtigsten beteiligten Quellen, um den akustischen Komfort des Fahrzeugs zu optimieren.\" \/>\n<meta name=\"robots\" content=\"index, follow, max-snippet:-1, max-image-preview:large, max-video-preview:-1\" \/>\n<link rel=\"canonical\" href=\"https:\/\/www.oros.com\/de\/produkte\/akustik\/tpa-transferpfadanalyse\/\" \/>\n<meta property=\"og:locale\" content=\"de_DE\" \/>\n<meta property=\"og:type\" content=\"article\" \/>\n<meta property=\"og:title\" content=\"TPA - Advanced Transferpfadanalyse - OROS\" \/>\n<meta property=\"og:description\" content=\"Identifizierung und Einstufung der wichtigsten beteiligten Quellen, um den akustischen Komfort des Fahrzeugs zu optimieren.\" \/>\n<meta property=\"og:url\" content=\"https:\/\/www.oros.com\/de\/produkte\/akustik\/tpa-transferpfadanalyse\/\" \/>\n<meta property=\"og:site_name\" content=\"OROS\" \/>\n<meta property=\"article:modified_time\" content=\"2023-05-17T12:25:04+00:00\" \/>\n<meta property=\"og:image\" content=\"https:\/\/www.oros.com\/wp-content\/uploads\/2019\/02\/situation_auto_anechoic_chamber2_web.jpg\" \/>\n\t<meta property=\"og:image:width\" content=\"1000\" \/>\n\t<meta property=\"og:image:height\" content=\"667\" \/>\n\t<meta property=\"og:image:type\" content=\"image\/jpeg\" \/>\n<meta name=\"twitter:card\" content=\"summary_large_image\" \/>\n<meta name=\"twitter:label1\" content=\"Gesch\u00e4tzte Lesezeit\" \/>\n\t<meta name=\"twitter:data1\" content=\"1\u00a0Minute\" \/>\n<script type=\"application\/ld+json\" class=\"yoast-schema-graph\">{\"@context\":\"https:\\\/\\\/schema.org\",\"@graph\":[{\"@type\":\"WebPage\",\"@id\":\"https:\\\/\\\/www.oros.com\\\/de\\\/produkte\\\/akustik\\\/tpa-transferpfadanalyse\\\/\",\"url\":\"https:\\\/\\\/www.oros.com\\\/de\\\/produkte\\\/akustik\\\/tpa-transferpfadanalyse\\\/\",\"name\":\"TPA - Advanced Transferpfadanalyse - OROS\",\"isPartOf\":{\"@id\":\"https:\\\/\\\/www.oros.com\\\/#website\"},\"primaryImageOfPage\":{\"@id\":\"https:\\\/\\\/www.oros.com\\\/de\\\/produkte\\\/akustik\\\/tpa-transferpfadanalyse\\\/#primaryimage\"},\"image\":{\"@id\":\"https:\\\/\\\/www.oros.com\\\/de\\\/produkte\\\/akustik\\\/tpa-transferpfadanalyse\\\/#primaryimage\"},\"thumbnailUrl\":\"https:\\\/\\\/www.oros.com\\\/wp-content\\\/uploads\\\/2019\\\/02\\\/situation_auto_anechoic_chamber2_web.jpg\",\"datePublished\":\"2020-12-21T14:31:49+00:00\",\"dateModified\":\"2023-05-17T12:25:04+00:00\",\"description\":\"Identifizierung und Einstufung der wichtigsten beteiligten Quellen, um den akustischen Komfort des Fahrzeugs zu optimieren.\",\"breadcrumb\":{\"@id\":\"https:\\\/\\\/www.oros.com\\\/de\\\/produkte\\\/akustik\\\/tpa-transferpfadanalyse\\\/#breadcrumb\"},\"inLanguage\":\"de\",\"potentialAction\":[{\"@type\":\"ReadAction\",\"target\":[\"https:\\\/\\\/www.oros.com\\\/de\\\/produkte\\\/akustik\\\/tpa-transferpfadanalyse\\\/\"]}]},{\"@type\":\"ImageObject\",\"inLanguage\":\"de\",\"@id\":\"https:\\\/\\\/www.oros.com\\\/de\\\/produkte\\\/akustik\\\/tpa-transferpfadanalyse\\\/#primaryimage\",\"url\":\"https:\\\/\\\/www.oros.com\\\/wp-content\\\/uploads\\\/2019\\\/02\\\/situation_auto_anechoic_chamber2_web.jpg\",\"contentUrl\":\"https:\\\/\\\/www.oros.com\\\/wp-content\\\/uploads\\\/2019\\\/02\\\/situation_auto_anechoic_chamber2_web.jpg\",\"width\":1000,\"height\":667},{\"@type\":\"BreadcrumbList\",\"@id\":\"https:\\\/\\\/www.oros.com\\\/de\\\/produkte\\\/akustik\\\/tpa-transferpfadanalyse\\\/#breadcrumb\",\"itemListElement\":[{\"@type\":\"ListItem\",\"position\":1,\"name\":\"Accueil\",\"item\":\"https:\\\/\\\/www.oros.com\\\/de\\\/\"},{\"@type\":\"ListItem\",\"position\":2,\"name\":\"Produkte\",\"item\":\"https:\\\/\\\/www.oros.com\\\/de\\\/produkte\\\/\"},{\"@type\":\"ListItem\",\"position\":3,\"name\":\"Akustik\",\"item\":\"https:\\\/\\\/www.oros.com\\\/de\\\/produkte\\\/akustik\\\/\"},{\"@type\":\"ListItem\",\"position\":4,\"name\":\"TPA &#8211; Transferpfadanalyse\"}]},{\"@type\":\"WebSite\",\"@id\":\"https:\\\/\\\/www.oros.com\\\/#website\",\"url\":\"https:\\\/\\\/www.oros.com\\\/\",\"name\":\"OROS\",\"description\":\"Measuring noise &amp; vibration\",\"potentialAction\":[{\"@type\":\"SearchAction\",\"target\":{\"@type\":\"EntryPoint\",\"urlTemplate\":\"https:\\\/\\\/www.oros.com\\\/?s={search_term_string}\"},\"query-input\":{\"@type\":\"PropertyValueSpecification\",\"valueRequired\":true,\"valueName\":\"search_term_string\"}}],\"inLanguage\":\"de\"}]}<\/script>\n<!-- \/ Yoast SEO plugin. -->","yoast_head_json":{"title":"TPA - Advanced Transferpfadanalyse - OROS","description":"Identifizierung und Einstufung der wichtigsten beteiligten Quellen, um den akustischen Komfort des Fahrzeugs zu optimieren.","robots":{"index":"index","follow":"follow","max-snippet":"max-snippet:-1","max-image-preview":"max-image-preview:large","max-video-preview":"max-video-preview:-1"},"canonical":"https:\/\/www.oros.com\/de\/produkte\/akustik\/tpa-transferpfadanalyse\/","og_locale":"de_DE","og_type":"article","og_title":"TPA - Advanced Transferpfadanalyse - OROS","og_description":"Identifizierung und Einstufung der wichtigsten beteiligten Quellen, um den akustischen Komfort des Fahrzeugs zu optimieren.","og_url":"https:\/\/www.oros.com\/de\/produkte\/akustik\/tpa-transferpfadanalyse\/","og_site_name":"OROS","article_modified_time":"2023-05-17T12:25:04+00:00","og_image":[{"width":1000,"height":667,"url":"https:\/\/www.oros.com\/wp-content\/uploads\/2019\/02\/situation_auto_anechoic_chamber2_web.jpg","type":"image\/jpeg"}],"twitter_card":"summary_large_image","twitter_misc":{"Gesch\u00e4tzte Lesezeit":"1\u00a0Minute"},"schema":{"@context":"https:\/\/schema.org","@graph":[{"@type":"WebPage","@id":"https:\/\/www.oros.com\/de\/produkte\/akustik\/tpa-transferpfadanalyse\/","url":"https:\/\/www.oros.com\/de\/produkte\/akustik\/tpa-transferpfadanalyse\/","name":"TPA - Advanced Transferpfadanalyse - OROS","isPartOf":{"@id":"https:\/\/www.oros.com\/#website"},"primaryImageOfPage":{"@id":"https:\/\/www.oros.com\/de\/produkte\/akustik\/tpa-transferpfadanalyse\/#primaryimage"},"image":{"@id":"https:\/\/www.oros.com\/de\/produkte\/akustik\/tpa-transferpfadanalyse\/#primaryimage"},"thumbnailUrl":"https:\/\/www.oros.com\/wp-content\/uploads\/2019\/02\/situation_auto_anechoic_chamber2_web.jpg","datePublished":"2020-12-21T14:31:49+00:00","dateModified":"2023-05-17T12:25:04+00:00","description":"Identifizierung und Einstufung der wichtigsten beteiligten Quellen, um den akustischen Komfort des Fahrzeugs zu optimieren.","breadcrumb":{"@id":"https:\/\/www.oros.com\/de\/produkte\/akustik\/tpa-transferpfadanalyse\/#breadcrumb"},"inLanguage":"de","potentialAction":[{"@type":"ReadAction","target":["https:\/\/www.oros.com\/de\/produkte\/akustik\/tpa-transferpfadanalyse\/"]}]},{"@type":"ImageObject","inLanguage":"de","@id":"https:\/\/www.oros.com\/de\/produkte\/akustik\/tpa-transferpfadanalyse\/#primaryimage","url":"https:\/\/www.oros.com\/wp-content\/uploads\/2019\/02\/situation_auto_anechoic_chamber2_web.jpg","contentUrl":"https:\/\/www.oros.com\/wp-content\/uploads\/2019\/02\/situation_auto_anechoic_chamber2_web.jpg","width":1000,"height":667},{"@type":"BreadcrumbList","@id":"https:\/\/www.oros.com\/de\/produkte\/akustik\/tpa-transferpfadanalyse\/#breadcrumb","itemListElement":[{"@type":"ListItem","position":1,"name":"Accueil","item":"https:\/\/www.oros.com\/de\/"},{"@type":"ListItem","position":2,"name":"Produkte","item":"https:\/\/www.oros.com\/de\/produkte\/"},{"@type":"ListItem","position":3,"name":"Akustik","item":"https:\/\/www.oros.com\/de\/produkte\/akustik\/"},{"@type":"ListItem","position":4,"name":"TPA &#8211; Transferpfadanalyse"}]},{"@type":"WebSite","@id":"https:\/\/www.oros.com\/#website","url":"https:\/\/www.oros.com\/","name":"OROS","description":"Measuring noise &amp; vibration","potentialAction":[{"@type":"SearchAction","target":{"@type":"EntryPoint","urlTemplate":"https:\/\/www.oros.com\/?s={search_term_string}"},"query-input":{"@type":"PropertyValueSpecification","valueRequired":true,"valueName":"search_term_string"}}],"inLanguage":"de"}]}},"_links":{"self":[{"href":"https:\/\/www.oros.com\/de\/wp-json\/wp\/v2\/pages\/10512","targetHints":{"allow":["GET"]}}],"collection":[{"href":"https:\/\/www.oros.com\/de\/wp-json\/wp\/v2\/pages"}],"about":[{"href":"https:\/\/www.oros.com\/de\/wp-json\/wp\/v2\/types\/page"}],"author":[{"embeddable":true,"href":"https:\/\/www.oros.com\/de\/wp-json\/wp\/v2\/users\/2"}],"replies":[{"embeddable":true,"href":"https:\/\/www.oros.com\/de\/wp-json\/wp\/v2\/comments?post=10512"}],"version-history":[{"count":7,"href":"https:\/\/www.oros.com\/de\/wp-json\/wp\/v2\/pages\/10512\/revisions"}],"predecessor-version":[{"id":130272,"href":"https:\/\/www.oros.com\/de\/wp-json\/wp\/v2\/pages\/10512\/revisions\/130272"}],"up":[{"embeddable":true,"href":"https:\/\/www.oros.com\/de\/wp-json\/wp\/v2\/pages\/10499"}],"wp:featuredmedia":[{"embeddable":true,"href":"https:\/\/www.oros.com\/de\/wp-json\/wp\/v2\/media\/1631"}],"wp:attachment":[{"href":"https:\/\/www.oros.com\/de\/wp-json\/wp\/v2\/media?parent=10512"}],"curies":[{"name":"wp","href":"https:\/\/api.w.org\/{rel}","templated":true}]}}