{"id":10514,"date":"2020-12-21T15:31:57","date_gmt":"2020-12-21T14:31:57","guid":{"rendered":"https:\/\/www.oros.com\/lsungen\/strukturdynamik\/ods\/"},"modified":"2023-05-17T14:21:21","modified_gmt":"2023-05-17T12:21:21","slug":"ods","status":"publish","type":"page","link":"https:\/\/www.oros.com\/de\/produkte\/strukturdynamik\/ods\/","title":{"rendered":"ODS"},"content":{"rendered":"<p>Es handelt sich hierbei um eine kosteng\u00fcnstige Anwendungssoftware mit einem umfassenden Paket f\u00fcr Modaltests, sowohl f\u00fcr Spezialisten als auch f\u00fcr Einsteiger. Die Software OROS Modal wurde entwickelt, um Modalanalysen, strukturdynamische Berechnungen und Betriebsschwingformanalysen (BSA Vibration) durchzuf\u00fchren.<\/p>\n","protected":false},"excerpt":{"rendered":"<p>Es handelt sich hierbei um eine kosteng\u00fcnstige Anwendungssoftware mit einem umfassenden Paket f\u00fcr Modaltests, sowohl f\u00fcr Spezialisten als auch f\u00fcr&#8230; <span class=\"moretag btn btn--right btn--bold\">Weiterlesen<\/span><\/p>\n","protected":false},"author":2,"featured_media":4630,"parent":10500,"menu_order":1,"comment_status":"closed","ping_status":"closed","template":"views\/solutions.blade.php","meta":{"_acf_changed":false,"inline_featured_image":false,"footnotes":""},"class_list":["post-10514","page","type-page","status-publish","has-post-thumbnail","hentry"],"acf":[],"yoast_head":"<!-- This site is optimized with the Yoast SEO plugin v27.4 - https:\/\/yoast.com\/product\/yoast-seo-wordpress\/ -->\n<title>Betriebsschwingformanalyse (BSA) - OROS<\/title>\n<meta name=\"description\" content=\"Das Softwaremodul f\u00fcr modale Anwendungen erm\u00f6glicht die dynamische Visualisierung der durch Vibrationen erzeugten Schwingform im Betrieb.\" \/>\n<meta name=\"robots\" content=\"index, follow, max-snippet:-1, max-image-preview:large, max-video-preview:-1\" \/>\n<link rel=\"canonical\" href=\"https:\/\/www.oros.com\/de\/produkte\/strukturdynamik\/ods\/\" \/>\n<meta property=\"og:locale\" content=\"de_DE\" \/>\n<meta property=\"og:type\" content=\"article\" \/>\n<meta property=\"og:title\" content=\"Betriebsschwingformanalyse (BSA) - OROS\" \/>\n<meta property=\"og:description\" content=\"Das Softwaremodul f\u00fcr modale Anwendungen erm\u00f6glicht die dynamische Visualisierung der durch Vibrationen erzeugten Schwingform im Betrieb.\" \/>\n<meta property=\"og:url\" content=\"https:\/\/www.oros.com\/de\/produkte\/strukturdynamik\/ods\/\" \/>\n<meta property=\"og:site_name\" content=\"OROS\" \/>\n<meta property=\"article:modified_time\" content=\"2023-05-17T12:21:21+00:00\" \/>\n<meta property=\"og:image\" content=\"https:\/\/www.oros.com\/wp-content\/uploads\/2019\/06\/modal_auto_web_paysage.jpg\" \/>\n\t<meta property=\"og:image:width\" content=\"1000\" \/>\n\t<meta property=\"og:image:height\" content=\"429\" \/>\n\t<meta property=\"og:image:type\" content=\"image\/jpeg\" \/>\n<meta name=\"twitter:card\" content=\"summary_large_image\" \/>\n<meta name=\"twitter:label1\" content=\"Gesch\u00e4tzte Lesezeit\" \/>\n\t<meta name=\"twitter:data1\" content=\"1\u00a0Minute\" \/>\n<script type=\"application\/ld+json\" class=\"yoast-schema-graph\">{\"@context\":\"https:\\\/\\\/schema.org\",\"@graph\":[{\"@type\":\"WebPage\",\"@id\":\"https:\\\/\\\/www.oros.com\\\/de\\\/produkte\\\/strukturdynamik\\\/ods\\\/\",\"url\":\"https:\\\/\\\/www.oros.com\\\/de\\\/produkte\\\/strukturdynamik\\\/ods\\\/\",\"name\":\"Betriebsschwingformanalyse (BSA) - OROS\",\"isPartOf\":{\"@id\":\"https:\\\/\\\/www.oros.com\\\/#website\"},\"primaryImageOfPage\":{\"@id\":\"https:\\\/\\\/www.oros.com\\\/de\\\/produkte\\\/strukturdynamik\\\/ods\\\/#primaryimage\"},\"image\":{\"@id\":\"https:\\\/\\\/www.oros.com\\\/de\\\/produkte\\\/strukturdynamik\\\/ods\\\/#primaryimage\"},\"thumbnailUrl\":\"https:\\\/\\\/www.oros.com\\\/wp-content\\\/uploads\\\/2019\\\/06\\\/modal_auto_web_paysage.jpg\",\"datePublished\":\"2020-12-21T14:31:57+00:00\",\"dateModified\":\"2023-05-17T12:21:21+00:00\",\"description\":\"Das Softwaremodul f\u00fcr modale Anwendungen erm\u00f6glicht die dynamische Visualisierung der durch Vibrationen erzeugten Schwingform im Betrieb.\",\"breadcrumb\":{\"@id\":\"https:\\\/\\\/www.oros.com\\\/de\\\/produkte\\\/strukturdynamik\\\/ods\\\/#breadcrumb\"},\"inLanguage\":\"de\",\"potentialAction\":[{\"@type\":\"ReadAction\",\"target\":[\"https:\\\/\\\/www.oros.com\\\/de\\\/produkte\\\/strukturdynamik\\\/ods\\\/\"]}]},{\"@type\":\"ImageObject\",\"inLanguage\":\"de\",\"@id\":\"https:\\\/\\\/www.oros.com\\\/de\\\/produkte\\\/strukturdynamik\\\/ods\\\/#primaryimage\",\"url\":\"https:\\\/\\\/www.oros.com\\\/wp-content\\\/uploads\\\/2019\\\/06\\\/modal_auto_web_paysage.jpg\",\"contentUrl\":\"https:\\\/\\\/www.oros.com\\\/wp-content\\\/uploads\\\/2019\\\/06\\\/modal_auto_web_paysage.jpg\",\"width\":1000,\"height\":429},{\"@type\":\"BreadcrumbList\",\"@id\":\"https:\\\/\\\/www.oros.com\\\/de\\\/produkte\\\/strukturdynamik\\\/ods\\\/#breadcrumb\",\"itemListElement\":[{\"@type\":\"ListItem\",\"position\":1,\"name\":\"Accueil\",\"item\":\"https:\\\/\\\/www.oros.com\\\/de\\\/\"},{\"@type\":\"ListItem\",\"position\":2,\"name\":\"Produkte\",\"item\":\"https:\\\/\\\/www.oros.com\\\/de\\\/produkte\\\/\"},{\"@type\":\"ListItem\",\"position\":3,\"name\":\"Strukturdynamik\",\"item\":\"https:\\\/\\\/www.oros.com\\\/de\\\/produkte\\\/strukturdynamik\\\/\"},{\"@type\":\"ListItem\",\"position\":4,\"name\":\"ODS\"}]},{\"@type\":\"WebSite\",\"@id\":\"https:\\\/\\\/www.oros.com\\\/#website\",\"url\":\"https:\\\/\\\/www.oros.com\\\/\",\"name\":\"OROS\",\"description\":\"Measuring noise &amp; vibration\",\"potentialAction\":[{\"@type\":\"SearchAction\",\"target\":{\"@type\":\"EntryPoint\",\"urlTemplate\":\"https:\\\/\\\/www.oros.com\\\/?s={search_term_string}\"},\"query-input\":{\"@type\":\"PropertyValueSpecification\",\"valueRequired\":true,\"valueName\":\"search_term_string\"}}],\"inLanguage\":\"de\"}]}<\/script>\n<!-- \/ Yoast SEO plugin. -->","yoast_head_json":{"title":"Betriebsschwingformanalyse (BSA) - OROS","description":"Das Softwaremodul f\u00fcr modale Anwendungen erm\u00f6glicht die dynamische Visualisierung der durch Vibrationen erzeugten Schwingform im Betrieb.","robots":{"index":"index","follow":"follow","max-snippet":"max-snippet:-1","max-image-preview":"max-image-preview:large","max-video-preview":"max-video-preview:-1"},"canonical":"https:\/\/www.oros.com\/de\/produkte\/strukturdynamik\/ods\/","og_locale":"de_DE","og_type":"article","og_title":"Betriebsschwingformanalyse (BSA) - OROS","og_description":"Das Softwaremodul f\u00fcr modale Anwendungen erm\u00f6glicht die dynamische Visualisierung der durch Vibrationen erzeugten Schwingform im Betrieb.","og_url":"https:\/\/www.oros.com\/de\/produkte\/strukturdynamik\/ods\/","og_site_name":"OROS","article_modified_time":"2023-05-17T12:21:21+00:00","og_image":[{"width":1000,"height":429,"url":"https:\/\/www.oros.com\/wp-content\/uploads\/2019\/06\/modal_auto_web_paysage.jpg","type":"image\/jpeg"}],"twitter_card":"summary_large_image","twitter_misc":{"Gesch\u00e4tzte Lesezeit":"1\u00a0Minute"},"schema":{"@context":"https:\/\/schema.org","@graph":[{"@type":"WebPage","@id":"https:\/\/www.oros.com\/de\/produkte\/strukturdynamik\/ods\/","url":"https:\/\/www.oros.com\/de\/produkte\/strukturdynamik\/ods\/","name":"Betriebsschwingformanalyse (BSA) - OROS","isPartOf":{"@id":"https:\/\/www.oros.com\/#website"},"primaryImageOfPage":{"@id":"https:\/\/www.oros.com\/de\/produkte\/strukturdynamik\/ods\/#primaryimage"},"image":{"@id":"https:\/\/www.oros.com\/de\/produkte\/strukturdynamik\/ods\/#primaryimage"},"thumbnailUrl":"https:\/\/www.oros.com\/wp-content\/uploads\/2019\/06\/modal_auto_web_paysage.jpg","datePublished":"2020-12-21T14:31:57+00:00","dateModified":"2023-05-17T12:21:21+00:00","description":"Das Softwaremodul f\u00fcr modale Anwendungen erm\u00f6glicht die dynamische Visualisierung der durch Vibrationen erzeugten Schwingform im Betrieb.","breadcrumb":{"@id":"https:\/\/www.oros.com\/de\/produkte\/strukturdynamik\/ods\/#breadcrumb"},"inLanguage":"de","potentialAction":[{"@type":"ReadAction","target":["https:\/\/www.oros.com\/de\/produkte\/strukturdynamik\/ods\/"]}]},{"@type":"ImageObject","inLanguage":"de","@id":"https:\/\/www.oros.com\/de\/produkte\/strukturdynamik\/ods\/#primaryimage","url":"https:\/\/www.oros.com\/wp-content\/uploads\/2019\/06\/modal_auto_web_paysage.jpg","contentUrl":"https:\/\/www.oros.com\/wp-content\/uploads\/2019\/06\/modal_auto_web_paysage.jpg","width":1000,"height":429},{"@type":"BreadcrumbList","@id":"https:\/\/www.oros.com\/de\/produkte\/strukturdynamik\/ods\/#breadcrumb","itemListElement":[{"@type":"ListItem","position":1,"name":"Accueil","item":"https:\/\/www.oros.com\/de\/"},{"@type":"ListItem","position":2,"name":"Produkte","item":"https:\/\/www.oros.com\/de\/produkte\/"},{"@type":"ListItem","position":3,"name":"Strukturdynamik","item":"https:\/\/www.oros.com\/de\/produkte\/strukturdynamik\/"},{"@type":"ListItem","position":4,"name":"ODS"}]},{"@type":"WebSite","@id":"https:\/\/www.oros.com\/#website","url":"https:\/\/www.oros.com\/","name":"OROS","description":"Measuring noise &amp; vibration","potentialAction":[{"@type":"SearchAction","target":{"@type":"EntryPoint","urlTemplate":"https:\/\/www.oros.com\/?s={search_term_string}"},"query-input":{"@type":"PropertyValueSpecification","valueRequired":true,"valueName":"search_term_string"}}],"inLanguage":"de"}]}},"_links":{"self":[{"href":"https:\/\/www.oros.com\/de\/wp-json\/wp\/v2\/pages\/10514","targetHints":{"allow":["GET"]}}],"collection":[{"href":"https:\/\/www.oros.com\/de\/wp-json\/wp\/v2\/pages"}],"about":[{"href":"https:\/\/www.oros.com\/de\/wp-json\/wp\/v2\/types\/page"}],"author":[{"embeddable":true,"href":"https:\/\/www.oros.com\/de\/wp-json\/wp\/v2\/users\/2"}],"replies":[{"embeddable":true,"href":"https:\/\/www.oros.com\/de\/wp-json\/wp\/v2\/comments?post=10514"}],"version-history":[{"count":6,"href":"https:\/\/www.oros.com\/de\/wp-json\/wp\/v2\/pages\/10514\/revisions"}],"predecessor-version":[{"id":130265,"href":"https:\/\/www.oros.com\/de\/wp-json\/wp\/v2\/pages\/10514\/revisions\/130265"}],"up":[{"embeddable":true,"href":"https:\/\/www.oros.com\/de\/wp-json\/wp\/v2\/pages\/10500"}],"wp:featuredmedia":[{"embeddable":true,"href":"https:\/\/www.oros.com\/de\/wp-json\/wp\/v2\/media\/4630"}],"wp:attachment":[{"href":"https:\/\/www.oros.com\/de\/wp-json\/wp\/v2\/media?parent=10514"}],"curies":[{"name":"wp","href":"https:\/\/api.w.org\/{rel}","templated":true}]}}