{"id":10515,"date":"2020-12-21T15:32:02","date_gmt":"2020-12-21T14:32:02","guid":{"rendered":"https:\/\/www.oros.com\/lsungen\/rotordynamische-analyse\/ordnungsanalyse\/"},"modified":"2023-05-17T14:13:44","modified_gmt":"2023-05-17T12:13:44","slug":"ordnungsanalyse","status":"publish","type":"page","link":"https:\/\/www.oros.com\/de\/produkte\/rotordynamische-analyse\/ordnungsanalyse\/","title":{"rendered":"Ordnungsanalyse"},"content":{"rendered":"","protected":false},"excerpt":{"rendered":"","protected":false},"author":2,"featured_media":5019,"parent":10501,"menu_order":1,"comment_status":"closed","ping_status":"closed","template":"views\/solutions.blade.php","meta":{"_acf_changed":false,"inline_featured_image":false,"footnotes":""},"class_list":["post-10515","page","type-page","status-publish","has-post-thumbnail","hentry"],"acf":[],"yoast_head":"<!-- This site is optimized with the Yoast SEO plugin v27.4 - https:\/\/yoast.com\/product\/yoast-seo-wordpress\/ -->\n<title>Ordnungsanalyse f\u00fcr die Rotordynamik<\/title>\n<meta name=\"description\" content=\"Schwingungsanalyse mittels Ordnungsanalyse f\u00fcr hochpr\u00e4zise Rotordynamik\/ Vibrationsmessung und Betriebsauswuchten.\" \/>\n<meta name=\"robots\" content=\"index, follow, max-snippet:-1, max-image-preview:large, max-video-preview:-1\" \/>\n<link rel=\"canonical\" href=\"https:\/\/www.oros.com\/de\/produkte\/rotordynamische-analyse\/ordnungsanalyse\/\" \/>\n<meta property=\"og:locale\" content=\"de_DE\" \/>\n<meta property=\"og:type\" content=\"article\" \/>\n<meta property=\"og:title\" content=\"Ordnungsanalyse f\u00fcr die Rotordynamik\" \/>\n<meta property=\"og:description\" content=\"Schwingungsanalyse mittels Ordnungsanalyse f\u00fcr hochpr\u00e4zise Rotordynamik\/ Vibrationsmessung und Betriebsauswuchten.\" \/>\n<meta property=\"og:url\" content=\"https:\/\/www.oros.com\/de\/produkte\/rotordynamische-analyse\/ordnungsanalyse\/\" \/>\n<meta property=\"og:site_name\" content=\"OROS\" \/>\n<meta property=\"article:modified_time\" content=\"2023-05-17T12:13:44+00:00\" \/>\n<meta property=\"og:image\" content=\"https:\/\/www.oros.com\/wp-content\/uploads\/2019\/06\/alternator_power_supply_web.jpg\" \/>\n\t<meta property=\"og:image:width\" content=\"1000\" \/>\n\t<meta property=\"og:image:height\" content=\"667\" \/>\n\t<meta property=\"og:image:type\" content=\"image\/jpeg\" \/>\n<meta name=\"twitter:card\" content=\"summary_large_image\" \/>\n<script type=\"application\/ld+json\" class=\"yoast-schema-graph\">{\"@context\":\"https:\\\/\\\/schema.org\",\"@graph\":[{\"@type\":\"WebPage\",\"@id\":\"https:\\\/\\\/www.oros.com\\\/de\\\/produkte\\\/rotordynamische-analyse\\\/ordnungsanalyse\\\/\",\"url\":\"https:\\\/\\\/www.oros.com\\\/de\\\/produkte\\\/rotordynamische-analyse\\\/ordnungsanalyse\\\/\",\"name\":\"Ordnungsanalyse f\u00fcr die Rotordynamik\",\"isPartOf\":{\"@id\":\"https:\\\/\\\/www.oros.com\\\/#website\"},\"primaryImageOfPage\":{\"@id\":\"https:\\\/\\\/www.oros.com\\\/de\\\/produkte\\\/rotordynamische-analyse\\\/ordnungsanalyse\\\/#primaryimage\"},\"image\":{\"@id\":\"https:\\\/\\\/www.oros.com\\\/de\\\/produkte\\\/rotordynamische-analyse\\\/ordnungsanalyse\\\/#primaryimage\"},\"thumbnailUrl\":\"https:\\\/\\\/www.oros.com\\\/wp-content\\\/uploads\\\/2019\\\/06\\\/alternator_power_supply_web.jpg\",\"datePublished\":\"2020-12-21T14:32:02+00:00\",\"dateModified\":\"2023-05-17T12:13:44+00:00\",\"description\":\"Schwingungsanalyse mittels Ordnungsanalyse f\u00fcr hochpr\u00e4zise Rotordynamik\\\/ Vibrationsmessung und Betriebsauswuchten.\",\"breadcrumb\":{\"@id\":\"https:\\\/\\\/www.oros.com\\\/de\\\/produkte\\\/rotordynamische-analyse\\\/ordnungsanalyse\\\/#breadcrumb\"},\"inLanguage\":\"de\",\"potentialAction\":[{\"@type\":\"ReadAction\",\"target\":[\"https:\\\/\\\/www.oros.com\\\/de\\\/produkte\\\/rotordynamische-analyse\\\/ordnungsanalyse\\\/\"]}]},{\"@type\":\"ImageObject\",\"inLanguage\":\"de\",\"@id\":\"https:\\\/\\\/www.oros.com\\\/de\\\/produkte\\\/rotordynamische-analyse\\\/ordnungsanalyse\\\/#primaryimage\",\"url\":\"https:\\\/\\\/www.oros.com\\\/wp-content\\\/uploads\\\/2019\\\/06\\\/alternator_power_supply_web.jpg\",\"contentUrl\":\"https:\\\/\\\/www.oros.com\\\/wp-content\\\/uploads\\\/2019\\\/06\\\/alternator_power_supply_web.jpg\",\"width\":1000,\"height\":667},{\"@type\":\"BreadcrumbList\",\"@id\":\"https:\\\/\\\/www.oros.com\\\/de\\\/produkte\\\/rotordynamische-analyse\\\/ordnungsanalyse\\\/#breadcrumb\",\"itemListElement\":[{\"@type\":\"ListItem\",\"position\":1,\"name\":\"Accueil\",\"item\":\"https:\\\/\\\/www.oros.com\\\/de\\\/\"},{\"@type\":\"ListItem\",\"position\":2,\"name\":\"Produkte\",\"item\":\"https:\\\/\\\/www.oros.com\\\/de\\\/produkte\\\/\"},{\"@type\":\"ListItem\",\"position\":3,\"name\":\"Rotordynamische Analyse\",\"item\":\"https:\\\/\\\/www.oros.com\\\/de\\\/produkte\\\/rotordynamische-analyse\\\/\"},{\"@type\":\"ListItem\",\"position\":4,\"name\":\"Ordnungsanalyse\"}]},{\"@type\":\"WebSite\",\"@id\":\"https:\\\/\\\/www.oros.com\\\/#website\",\"url\":\"https:\\\/\\\/www.oros.com\\\/\",\"name\":\"OROS\",\"description\":\"Measuring noise &amp; vibration\",\"potentialAction\":[{\"@type\":\"SearchAction\",\"target\":{\"@type\":\"EntryPoint\",\"urlTemplate\":\"https:\\\/\\\/www.oros.com\\\/?s={search_term_string}\"},\"query-input\":{\"@type\":\"PropertyValueSpecification\",\"valueRequired\":true,\"valueName\":\"search_term_string\"}}],\"inLanguage\":\"de\"}]}<\/script>\n<!-- \/ Yoast SEO plugin. -->","yoast_head_json":{"title":"Ordnungsanalyse f\u00fcr die Rotordynamik","description":"Schwingungsanalyse mittels Ordnungsanalyse f\u00fcr hochpr\u00e4zise Rotordynamik\/ Vibrationsmessung und Betriebsauswuchten.","robots":{"index":"index","follow":"follow","max-snippet":"max-snippet:-1","max-image-preview":"max-image-preview:large","max-video-preview":"max-video-preview:-1"},"canonical":"https:\/\/www.oros.com\/de\/produkte\/rotordynamische-analyse\/ordnungsanalyse\/","og_locale":"de_DE","og_type":"article","og_title":"Ordnungsanalyse f\u00fcr die Rotordynamik","og_description":"Schwingungsanalyse mittels Ordnungsanalyse f\u00fcr hochpr\u00e4zise Rotordynamik\/ Vibrationsmessung und Betriebsauswuchten.","og_url":"https:\/\/www.oros.com\/de\/produkte\/rotordynamische-analyse\/ordnungsanalyse\/","og_site_name":"OROS","article_modified_time":"2023-05-17T12:13:44+00:00","og_image":[{"width":1000,"height":667,"url":"https:\/\/www.oros.com\/wp-content\/uploads\/2019\/06\/alternator_power_supply_web.jpg","type":"image\/jpeg"}],"twitter_card":"summary_large_image","schema":{"@context":"https:\/\/schema.org","@graph":[{"@type":"WebPage","@id":"https:\/\/www.oros.com\/de\/produkte\/rotordynamische-analyse\/ordnungsanalyse\/","url":"https:\/\/www.oros.com\/de\/produkte\/rotordynamische-analyse\/ordnungsanalyse\/","name":"Ordnungsanalyse f\u00fcr die Rotordynamik","isPartOf":{"@id":"https:\/\/www.oros.com\/#website"},"primaryImageOfPage":{"@id":"https:\/\/www.oros.com\/de\/produkte\/rotordynamische-analyse\/ordnungsanalyse\/#primaryimage"},"image":{"@id":"https:\/\/www.oros.com\/de\/produkte\/rotordynamische-analyse\/ordnungsanalyse\/#primaryimage"},"thumbnailUrl":"https:\/\/www.oros.com\/wp-content\/uploads\/2019\/06\/alternator_power_supply_web.jpg","datePublished":"2020-12-21T14:32:02+00:00","dateModified":"2023-05-17T12:13:44+00:00","description":"Schwingungsanalyse mittels Ordnungsanalyse f\u00fcr hochpr\u00e4zise Rotordynamik\/ Vibrationsmessung und Betriebsauswuchten.","breadcrumb":{"@id":"https:\/\/www.oros.com\/de\/produkte\/rotordynamische-analyse\/ordnungsanalyse\/#breadcrumb"},"inLanguage":"de","potentialAction":[{"@type":"ReadAction","target":["https:\/\/www.oros.com\/de\/produkte\/rotordynamische-analyse\/ordnungsanalyse\/"]}]},{"@type":"ImageObject","inLanguage":"de","@id":"https:\/\/www.oros.com\/de\/produkte\/rotordynamische-analyse\/ordnungsanalyse\/#primaryimage","url":"https:\/\/www.oros.com\/wp-content\/uploads\/2019\/06\/alternator_power_supply_web.jpg","contentUrl":"https:\/\/www.oros.com\/wp-content\/uploads\/2019\/06\/alternator_power_supply_web.jpg","width":1000,"height":667},{"@type":"BreadcrumbList","@id":"https:\/\/www.oros.com\/de\/produkte\/rotordynamische-analyse\/ordnungsanalyse\/#breadcrumb","itemListElement":[{"@type":"ListItem","position":1,"name":"Accueil","item":"https:\/\/www.oros.com\/de\/"},{"@type":"ListItem","position":2,"name":"Produkte","item":"https:\/\/www.oros.com\/de\/produkte\/"},{"@type":"ListItem","position":3,"name":"Rotordynamische Analyse","item":"https:\/\/www.oros.com\/de\/produkte\/rotordynamische-analyse\/"},{"@type":"ListItem","position":4,"name":"Ordnungsanalyse"}]},{"@type":"WebSite","@id":"https:\/\/www.oros.com\/#website","url":"https:\/\/www.oros.com\/","name":"OROS","description":"Measuring noise &amp; vibration","potentialAction":[{"@type":"SearchAction","target":{"@type":"EntryPoint","urlTemplate":"https:\/\/www.oros.com\/?s={search_term_string}"},"query-input":{"@type":"PropertyValueSpecification","valueRequired":true,"valueName":"search_term_string"}}],"inLanguage":"de"}]}},"_links":{"self":[{"href":"https:\/\/www.oros.com\/de\/wp-json\/wp\/v2\/pages\/10515","targetHints":{"allow":["GET"]}}],"collection":[{"href":"https:\/\/www.oros.com\/de\/wp-json\/wp\/v2\/pages"}],"about":[{"href":"https:\/\/www.oros.com\/de\/wp-json\/wp\/v2\/types\/page"}],"author":[{"embeddable":true,"href":"https:\/\/www.oros.com\/de\/wp-json\/wp\/v2\/users\/2"}],"replies":[{"embeddable":true,"href":"https:\/\/www.oros.com\/de\/wp-json\/wp\/v2\/comments?post=10515"}],"version-history":[{"count":7,"href":"https:\/\/www.oros.com\/de\/wp-json\/wp\/v2\/pages\/10515\/revisions"}],"predecessor-version":[{"id":130258,"href":"https:\/\/www.oros.com\/de\/wp-json\/wp\/v2\/pages\/10515\/revisions\/130258"}],"up":[{"embeddable":true,"href":"https:\/\/www.oros.com\/de\/wp-json\/wp\/v2\/pages\/10501"}],"wp:featuredmedia":[{"embeddable":true,"href":"https:\/\/www.oros.com\/de\/wp-json\/wp\/v2\/media\/5019"}],"wp:attachment":[{"href":"https:\/\/www.oros.com\/de\/wp-json\/wp\/v2\/media?parent=10515"}],"curies":[{"name":"wp","href":"https:\/\/api.w.org\/{rel}","templated":true}]}}