{"id":10518,"date":"2020-12-21T15:32:23","date_gmt":"2020-12-21T14:32:23","guid":{"rendered":"https:\/\/www.oros.com\/lsungen\/rotordynamische-analyse\/torsion-drehung\/"},"modified":"2023-05-17T14:16:35","modified_gmt":"2023-05-17T12:16:35","slug":"torsion-drehung","status":"publish","type":"page","link":"https:\/\/www.oros.com\/de\/produkte\/rotordynamische-analyse\/torsion-drehung\/","title":{"rendered":"Torsion &amp; Drehung"},"content":{"rendered":"","protected":false},"excerpt":{"rendered":"","protected":false},"author":2,"featured_media":5037,"parent":10501,"menu_order":2,"comment_status":"closed","ping_status":"closed","template":"views\/solutions.blade.php","meta":{"_acf_changed":false,"inline_featured_image":false,"footnotes":""},"class_list":["post-10518","page","type-page","status-publish","has-post-thumbnail","hentry"],"acf":[],"yoast_head":"<!-- This site is optimized with the Yoast SEO plugin v27.5 - https:\/\/yoast.com\/product\/yoast-seo-wordpress\/ -->\n<title>Analyse von Torsionsschwingungen und Verdrehungen - OROS<\/title>\n<meta name=\"description\" content=\"Mit dem Modul f\u00fcr Torsion &amp; Drehung k\u00f6nnen Sie sowohl Signale f\u00fcr die momentane Winkelgeschwindigkeit wie auch Schwingungen und Resonanzen analysieren.\" \/>\n<meta name=\"robots\" content=\"index, follow, max-snippet:-1, max-image-preview:large, max-video-preview:-1\" \/>\n<link rel=\"canonical\" href=\"https:\/\/www.oros.com\/de\/produkte\/rotordynamische-analyse\/torsion-drehung\/\" \/>\n<meta property=\"og:locale\" content=\"de_DE\" \/>\n<meta property=\"og:type\" content=\"article\" \/>\n<meta property=\"og:title\" content=\"Analyse von Torsionsschwingungen und Verdrehungen - OROS\" \/>\n<meta property=\"og:description\" content=\"Mit dem Modul f\u00fcr Torsion &amp; Drehung k\u00f6nnen Sie sowohl Signale f\u00fcr die momentane Winkelgeschwindigkeit wie auch Schwingungen und Resonanzen analysieren.\" \/>\n<meta property=\"og:url\" content=\"https:\/\/www.oros.com\/de\/produkte\/rotordynamische-analyse\/torsion-drehung\/\" \/>\n<meta property=\"og:site_name\" content=\"OROS\" \/>\n<meta property=\"article:modified_time\" content=\"2023-05-17T12:16:35+00:00\" \/>\n<meta property=\"og:image\" content=\"https:\/\/www.oros.com\/wp-content\/uploads\/2019\/06\/danielson_torsional_camshaft_web.jpg\" \/>\n\t<meta property=\"og:image:width\" content=\"1000\" \/>\n\t<meta property=\"og:image:height\" content=\"750\" \/>\n\t<meta property=\"og:image:type\" content=\"image\/jpeg\" \/>\n<meta name=\"twitter:card\" content=\"summary_large_image\" \/>\n<script type=\"application\/ld+json\" class=\"yoast-schema-graph\">{\"@context\":\"https:\\\/\\\/schema.org\",\"@graph\":[{\"@type\":\"WebPage\",\"@id\":\"https:\\\/\\\/www.oros.com\\\/de\\\/produkte\\\/rotordynamische-analyse\\\/torsion-drehung\\\/\",\"url\":\"https:\\\/\\\/www.oros.com\\\/de\\\/produkte\\\/rotordynamische-analyse\\\/torsion-drehung\\\/\",\"name\":\"Analyse von Torsionsschwingungen und Verdrehungen - OROS\",\"isPartOf\":{\"@id\":\"https:\\\/\\\/www.oros.com\\\/#website\"},\"primaryImageOfPage\":{\"@id\":\"https:\\\/\\\/www.oros.com\\\/de\\\/produkte\\\/rotordynamische-analyse\\\/torsion-drehung\\\/#primaryimage\"},\"image\":{\"@id\":\"https:\\\/\\\/www.oros.com\\\/de\\\/produkte\\\/rotordynamische-analyse\\\/torsion-drehung\\\/#primaryimage\"},\"thumbnailUrl\":\"https:\\\/\\\/www.oros.com\\\/wp-content\\\/uploads\\\/2019\\\/06\\\/danielson_torsional_camshaft_web.jpg\",\"datePublished\":\"2020-12-21T14:32:23+00:00\",\"dateModified\":\"2023-05-17T12:16:35+00:00\",\"description\":\"Mit dem Modul f\u00fcr Torsion & Drehung k\u00f6nnen Sie sowohl Signale f\u00fcr die momentane Winkelgeschwindigkeit wie auch Schwingungen und Resonanzen analysieren.\",\"breadcrumb\":{\"@id\":\"https:\\\/\\\/www.oros.com\\\/de\\\/produkte\\\/rotordynamische-analyse\\\/torsion-drehung\\\/#breadcrumb\"},\"inLanguage\":\"de\",\"potentialAction\":[{\"@type\":\"ReadAction\",\"target\":[\"https:\\\/\\\/www.oros.com\\\/de\\\/produkte\\\/rotordynamische-analyse\\\/torsion-drehung\\\/\"]}]},{\"@type\":\"ImageObject\",\"inLanguage\":\"de\",\"@id\":\"https:\\\/\\\/www.oros.com\\\/de\\\/produkte\\\/rotordynamische-analyse\\\/torsion-drehung\\\/#primaryimage\",\"url\":\"https:\\\/\\\/www.oros.com\\\/wp-content\\\/uploads\\\/2019\\\/06\\\/danielson_torsional_camshaft_web.jpg\",\"contentUrl\":\"https:\\\/\\\/www.oros.com\\\/wp-content\\\/uploads\\\/2019\\\/06\\\/danielson_torsional_camshaft_web.jpg\",\"width\":1000,\"height\":750},{\"@type\":\"BreadcrumbList\",\"@id\":\"https:\\\/\\\/www.oros.com\\\/de\\\/produkte\\\/rotordynamische-analyse\\\/torsion-drehung\\\/#breadcrumb\",\"itemListElement\":[{\"@type\":\"ListItem\",\"position\":1,\"name\":\"Accueil\",\"item\":\"https:\\\/\\\/www.oros.com\\\/de\\\/\"},{\"@type\":\"ListItem\",\"position\":2,\"name\":\"Produkte\",\"item\":\"https:\\\/\\\/www.oros.com\\\/de\\\/produkte\\\/\"},{\"@type\":\"ListItem\",\"position\":3,\"name\":\"Rotordynamische Analyse\",\"item\":\"https:\\\/\\\/www.oros.com\\\/de\\\/produkte\\\/rotordynamische-analyse\\\/\"},{\"@type\":\"ListItem\",\"position\":4,\"name\":\"Torsion &amp; Drehung\"}]},{\"@type\":\"WebSite\",\"@id\":\"https:\\\/\\\/www.oros.com\\\/#website\",\"url\":\"https:\\\/\\\/www.oros.com\\\/\",\"name\":\"OROS\",\"description\":\"Measuring noise &amp; vibration\",\"potentialAction\":[{\"@type\":\"SearchAction\",\"target\":{\"@type\":\"EntryPoint\",\"urlTemplate\":\"https:\\\/\\\/www.oros.com\\\/?s={search_term_string}\"},\"query-input\":{\"@type\":\"PropertyValueSpecification\",\"valueRequired\":true,\"valueName\":\"search_term_string\"}}],\"inLanguage\":\"de\"}]}<\/script>\n<!-- \/ Yoast SEO plugin. -->","yoast_head_json":{"title":"Analyse von Torsionsschwingungen und Verdrehungen - OROS","description":"Mit dem Modul f\u00fcr Torsion & Drehung k\u00f6nnen Sie sowohl Signale f\u00fcr die momentane Winkelgeschwindigkeit wie auch Schwingungen und Resonanzen analysieren.","robots":{"index":"index","follow":"follow","max-snippet":"max-snippet:-1","max-image-preview":"max-image-preview:large","max-video-preview":"max-video-preview:-1"},"canonical":"https:\/\/www.oros.com\/de\/produkte\/rotordynamische-analyse\/torsion-drehung\/","og_locale":"de_DE","og_type":"article","og_title":"Analyse von Torsionsschwingungen und Verdrehungen - OROS","og_description":"Mit dem Modul f\u00fcr Torsion & Drehung k\u00f6nnen Sie sowohl Signale f\u00fcr die momentane Winkelgeschwindigkeit wie auch Schwingungen und Resonanzen analysieren.","og_url":"https:\/\/www.oros.com\/de\/produkte\/rotordynamische-analyse\/torsion-drehung\/","og_site_name":"OROS","article_modified_time":"2023-05-17T12:16:35+00:00","og_image":[{"width":1000,"height":750,"url":"https:\/\/www.oros.com\/wp-content\/uploads\/2019\/06\/danielson_torsional_camshaft_web.jpg","type":"image\/jpeg"}],"twitter_card":"summary_large_image","schema":{"@context":"https:\/\/schema.org","@graph":[{"@type":"WebPage","@id":"https:\/\/www.oros.com\/de\/produkte\/rotordynamische-analyse\/torsion-drehung\/","url":"https:\/\/www.oros.com\/de\/produkte\/rotordynamische-analyse\/torsion-drehung\/","name":"Analyse von Torsionsschwingungen und Verdrehungen - OROS","isPartOf":{"@id":"https:\/\/www.oros.com\/#website"},"primaryImageOfPage":{"@id":"https:\/\/www.oros.com\/de\/produkte\/rotordynamische-analyse\/torsion-drehung\/#primaryimage"},"image":{"@id":"https:\/\/www.oros.com\/de\/produkte\/rotordynamische-analyse\/torsion-drehung\/#primaryimage"},"thumbnailUrl":"https:\/\/www.oros.com\/wp-content\/uploads\/2019\/06\/danielson_torsional_camshaft_web.jpg","datePublished":"2020-12-21T14:32:23+00:00","dateModified":"2023-05-17T12:16:35+00:00","description":"Mit dem Modul f\u00fcr Torsion & Drehung k\u00f6nnen Sie sowohl Signale f\u00fcr die momentane Winkelgeschwindigkeit wie auch Schwingungen und Resonanzen analysieren.","breadcrumb":{"@id":"https:\/\/www.oros.com\/de\/produkte\/rotordynamische-analyse\/torsion-drehung\/#breadcrumb"},"inLanguage":"de","potentialAction":[{"@type":"ReadAction","target":["https:\/\/www.oros.com\/de\/produkte\/rotordynamische-analyse\/torsion-drehung\/"]}]},{"@type":"ImageObject","inLanguage":"de","@id":"https:\/\/www.oros.com\/de\/produkte\/rotordynamische-analyse\/torsion-drehung\/#primaryimage","url":"https:\/\/www.oros.com\/wp-content\/uploads\/2019\/06\/danielson_torsional_camshaft_web.jpg","contentUrl":"https:\/\/www.oros.com\/wp-content\/uploads\/2019\/06\/danielson_torsional_camshaft_web.jpg","width":1000,"height":750},{"@type":"BreadcrumbList","@id":"https:\/\/www.oros.com\/de\/produkte\/rotordynamische-analyse\/torsion-drehung\/#breadcrumb","itemListElement":[{"@type":"ListItem","position":1,"name":"Accueil","item":"https:\/\/www.oros.com\/de\/"},{"@type":"ListItem","position":2,"name":"Produkte","item":"https:\/\/www.oros.com\/de\/produkte\/"},{"@type":"ListItem","position":3,"name":"Rotordynamische Analyse","item":"https:\/\/www.oros.com\/de\/produkte\/rotordynamische-analyse\/"},{"@type":"ListItem","position":4,"name":"Torsion &amp; Drehung"}]},{"@type":"WebSite","@id":"https:\/\/www.oros.com\/#website","url":"https:\/\/www.oros.com\/","name":"OROS","description":"Measuring noise &amp; vibration","potentialAction":[{"@type":"SearchAction","target":{"@type":"EntryPoint","urlTemplate":"https:\/\/www.oros.com\/?s={search_term_string}"},"query-input":{"@type":"PropertyValueSpecification","valueRequired":true,"valueName":"search_term_string"}}],"inLanguage":"de"}]}},"_links":{"self":[{"href":"https:\/\/www.oros.com\/de\/wp-json\/wp\/v2\/pages\/10518","targetHints":{"allow":["GET"]}}],"collection":[{"href":"https:\/\/www.oros.com\/de\/wp-json\/wp\/v2\/pages"}],"about":[{"href":"https:\/\/www.oros.com\/de\/wp-json\/wp\/v2\/types\/page"}],"author":[{"embeddable":true,"href":"https:\/\/www.oros.com\/de\/wp-json\/wp\/v2\/users\/2"}],"replies":[{"embeddable":true,"href":"https:\/\/www.oros.com\/de\/wp-json\/wp\/v2\/comments?post=10518"}],"version-history":[{"count":6,"href":"https:\/\/www.oros.com\/de\/wp-json\/wp\/v2\/pages\/10518\/revisions"}],"predecessor-version":[{"id":130259,"href":"https:\/\/www.oros.com\/de\/wp-json\/wp\/v2\/pages\/10518\/revisions\/130259"}],"up":[{"embeddable":true,"href":"https:\/\/www.oros.com\/de\/wp-json\/wp\/v2\/pages\/10501"}],"wp:featuredmedia":[{"embeddable":true,"href":"https:\/\/www.oros.com\/de\/wp-json\/wp\/v2\/media\/5037"}],"wp:attachment":[{"href":"https:\/\/www.oros.com\/de\/wp-json\/wp\/v2\/media?parent=10518"}],"curies":[{"name":"wp","href":"https:\/\/api.w.org\/{rel}","templated":true}]}}