{"id":10521,"date":"2020-12-21T15:32:36","date_gmt":"2020-12-21T14:32:36","guid":{"rendered":"https:\/\/www.oros.com\/serviceleistungen\/schulungen\/"},"modified":"2023-05-22T14:26:24","modified_gmt":"2023-05-22T12:26:24","slug":"schulungen","status":"publish","type":"page","link":"https:\/\/www.oros.com\/de\/serviceleistungen\/schulungen\/","title":{"rendered":"Schulungen"},"content":{"rendered":"<p>Die Spezialisten von OROS bieten theoretische und angewandte Schulungseinheiten zum Thema Ger\u00e4usche und Schwingungen an. Unsere Schulungen werden gemeinsam mit Ihnen gestaltet und richten sich nach Ihren Bed\u00fcrfnissen. Wir m\u00f6chten Ihnen w\u00e4hrend der gesamten Nutzung Ihres Systems zur Seite stehen, damit Sie das Beste aus Ihrem System herausholen k\u00f6nnen.<\/p>\n","protected":false},"excerpt":{"rendered":"<p>Die Spezialisten von OROS bieten theoretische und angewandte Schulungseinheiten zum Thema Ger\u00e4usche und Schwingungen an. Unsere Schulungen werden gemeinsam mit&#8230; <span class=\"moretag btn btn--right btn--bold\">Weiterlesen<\/span><\/p>\n","protected":false},"author":2,"featured_media":2518,"parent":10494,"menu_order":3,"comment_status":"closed","ping_status":"closed","template":"views\/solutions.blade.php","meta":{"_acf_changed":false,"inline_featured_image":false,"footnotes":""},"class_list":["post-10521","page","type-page","status-publish","has-post-thumbnail","hentry"],"acf":[],"yoast_head":"<!-- This site is optimized with the Yoast SEO plugin v27.5 - https:\/\/yoast.com\/product\/yoast-seo-wordpress\/ -->\n<title>Schulung zum Thema Ger\u00e4usche und Schwingungen - OROS<\/title>\n<meta name=\"description\" content=\"Die L\u00e4rm- und Schwingungsexperten von OROS bieten Erst- und Fortgeschrittenenschulungen sowie Vor-Ort- oder Remote-Internet-Sessions an, damit die gr\u00f6\u00dftm\u00f6gliche Rentabilit\u00e4t und Effizienz sichergestellt werden kann.\" \/>\n<meta name=\"robots\" content=\"index, follow, max-snippet:-1, max-image-preview:large, max-video-preview:-1\" \/>\n<link rel=\"canonical\" href=\"https:\/\/www.oros.com\/de\/serviceleistungen\/schulungen\/\" \/>\n<meta property=\"og:locale\" content=\"de_DE\" \/>\n<meta property=\"og:type\" content=\"article\" \/>\n<meta property=\"og:title\" content=\"Schulung zum Thema Ger\u00e4usche und Schwingungen - OROS\" \/>\n<meta property=\"og:description\" content=\"Die L\u00e4rm- und Schwingungsexperten von OROS bieten Erst- und Fortgeschrittenenschulungen sowie Vor-Ort- oder Remote-Internet-Sessions an, damit die gr\u00f6\u00dftm\u00f6gliche Rentabilit\u00e4t und Effizienz sichergestellt werden kann.\" \/>\n<meta property=\"og:url\" content=\"https:\/\/www.oros.com\/de\/serviceleistungen\/schulungen\/\" \/>\n<meta property=\"og:site_name\" content=\"OROS\" \/>\n<meta property=\"article:modified_time\" content=\"2023-05-22T12:26:24+00:00\" \/>\n<meta property=\"og:image\" content=\"https:\/\/www.oros.com\/wp-content\/uploads\/2019\/02\/ju_lyon_2019_web.jpg\" \/>\n\t<meta property=\"og:image:width\" content=\"1296\" \/>\n\t<meta property=\"og:image:height\" content=\"751\" \/>\n\t<meta property=\"og:image:type\" content=\"image\/jpeg\" \/>\n<meta name=\"twitter:card\" content=\"summary_large_image\" \/>\n<meta name=\"twitter:label1\" content=\"Gesch\u00e4tzte Lesezeit\" \/>\n\t<meta name=\"twitter:data1\" content=\"1\u00a0Minute\" \/>\n<script type=\"application\/ld+json\" class=\"yoast-schema-graph\">{\"@context\":\"https:\\\/\\\/schema.org\",\"@graph\":[{\"@type\":\"WebPage\",\"@id\":\"https:\\\/\\\/www.oros.com\\\/de\\\/serviceleistungen\\\/schulungen\\\/\",\"url\":\"https:\\\/\\\/www.oros.com\\\/de\\\/serviceleistungen\\\/schulungen\\\/\",\"name\":\"Schulung zum Thema Ger\u00e4usche und Schwingungen - OROS\",\"isPartOf\":{\"@id\":\"https:\\\/\\\/www.oros.com\\\/#website\"},\"primaryImageOfPage\":{\"@id\":\"https:\\\/\\\/www.oros.com\\\/de\\\/serviceleistungen\\\/schulungen\\\/#primaryimage\"},\"image\":{\"@id\":\"https:\\\/\\\/www.oros.com\\\/de\\\/serviceleistungen\\\/schulungen\\\/#primaryimage\"},\"thumbnailUrl\":\"https:\\\/\\\/www.oros.com\\\/wp-content\\\/uploads\\\/2019\\\/02\\\/ju_lyon_2019_web.jpg\",\"datePublished\":\"2020-12-21T14:32:36+00:00\",\"dateModified\":\"2023-05-22T12:26:24+00:00\",\"description\":\"Die L\u00e4rm- und Schwingungsexperten von OROS bieten Erst- und Fortgeschrittenenschulungen sowie Vor-Ort- oder Remote-Internet-Sessions an, damit die gr\u00f6\u00dftm\u00f6gliche Rentabilit\u00e4t und Effizienz sichergestellt werden kann.\",\"breadcrumb\":{\"@id\":\"https:\\\/\\\/www.oros.com\\\/de\\\/serviceleistungen\\\/schulungen\\\/#breadcrumb\"},\"inLanguage\":\"de\",\"potentialAction\":[{\"@type\":\"ReadAction\",\"target\":[\"https:\\\/\\\/www.oros.com\\\/de\\\/serviceleistungen\\\/schulungen\\\/\"]}]},{\"@type\":\"ImageObject\",\"inLanguage\":\"de\",\"@id\":\"https:\\\/\\\/www.oros.com\\\/de\\\/serviceleistungen\\\/schulungen\\\/#primaryimage\",\"url\":\"https:\\\/\\\/www.oros.com\\\/wp-content\\\/uploads\\\/2019\\\/02\\\/ju_lyon_2019_web.jpg\",\"contentUrl\":\"https:\\\/\\\/www.oros.com\\\/wp-content\\\/uploads\\\/2019\\\/02\\\/ju_lyon_2019_web.jpg\",\"width\":1296,\"height\":751,\"caption\":\"French Users' Days\"},{\"@type\":\"BreadcrumbList\",\"@id\":\"https:\\\/\\\/www.oros.com\\\/de\\\/serviceleistungen\\\/schulungen\\\/#breadcrumb\",\"itemListElement\":[{\"@type\":\"ListItem\",\"position\":1,\"name\":\"Accueil\",\"item\":\"https:\\\/\\\/www.oros.com\\\/de\\\/\"},{\"@type\":\"ListItem\",\"position\":2,\"name\":\"Services\",\"item\":\"https:\\\/\\\/www.oros.com\\\/de\\\/serviceleistungen\\\/\"},{\"@type\":\"ListItem\",\"position\":3,\"name\":\"Schulungen\"}]},{\"@type\":\"WebSite\",\"@id\":\"https:\\\/\\\/www.oros.com\\\/#website\",\"url\":\"https:\\\/\\\/www.oros.com\\\/\",\"name\":\"OROS\",\"description\":\"Measuring noise &amp; vibration\",\"potentialAction\":[{\"@type\":\"SearchAction\",\"target\":{\"@type\":\"EntryPoint\",\"urlTemplate\":\"https:\\\/\\\/www.oros.com\\\/?s={search_term_string}\"},\"query-input\":{\"@type\":\"PropertyValueSpecification\",\"valueRequired\":true,\"valueName\":\"search_term_string\"}}],\"inLanguage\":\"de\"}]}<\/script>\n<!-- \/ Yoast SEO plugin. -->","yoast_head_json":{"title":"Schulung zum Thema Ger\u00e4usche und Schwingungen - OROS","description":"Die L\u00e4rm- und Schwingungsexperten von OROS bieten Erst- und Fortgeschrittenenschulungen sowie Vor-Ort- oder Remote-Internet-Sessions an, damit die gr\u00f6\u00dftm\u00f6gliche Rentabilit\u00e4t und Effizienz sichergestellt werden kann.","robots":{"index":"index","follow":"follow","max-snippet":"max-snippet:-1","max-image-preview":"max-image-preview:large","max-video-preview":"max-video-preview:-1"},"canonical":"https:\/\/www.oros.com\/de\/serviceleistungen\/schulungen\/","og_locale":"de_DE","og_type":"article","og_title":"Schulung zum Thema Ger\u00e4usche und Schwingungen - OROS","og_description":"Die L\u00e4rm- und Schwingungsexperten von OROS bieten Erst- und Fortgeschrittenenschulungen sowie Vor-Ort- oder Remote-Internet-Sessions an, damit die gr\u00f6\u00dftm\u00f6gliche Rentabilit\u00e4t und Effizienz sichergestellt werden kann.","og_url":"https:\/\/www.oros.com\/de\/serviceleistungen\/schulungen\/","og_site_name":"OROS","article_modified_time":"2023-05-22T12:26:24+00:00","og_image":[{"width":1296,"height":751,"url":"https:\/\/www.oros.com\/wp-content\/uploads\/2019\/02\/ju_lyon_2019_web.jpg","type":"image\/jpeg"}],"twitter_card":"summary_large_image","twitter_misc":{"Gesch\u00e4tzte Lesezeit":"1\u00a0Minute"},"schema":{"@context":"https:\/\/schema.org","@graph":[{"@type":"WebPage","@id":"https:\/\/www.oros.com\/de\/serviceleistungen\/schulungen\/","url":"https:\/\/www.oros.com\/de\/serviceleistungen\/schulungen\/","name":"Schulung zum Thema Ger\u00e4usche und Schwingungen - OROS","isPartOf":{"@id":"https:\/\/www.oros.com\/#website"},"primaryImageOfPage":{"@id":"https:\/\/www.oros.com\/de\/serviceleistungen\/schulungen\/#primaryimage"},"image":{"@id":"https:\/\/www.oros.com\/de\/serviceleistungen\/schulungen\/#primaryimage"},"thumbnailUrl":"https:\/\/www.oros.com\/wp-content\/uploads\/2019\/02\/ju_lyon_2019_web.jpg","datePublished":"2020-12-21T14:32:36+00:00","dateModified":"2023-05-22T12:26:24+00:00","description":"Die L\u00e4rm- und Schwingungsexperten von OROS bieten Erst- und Fortgeschrittenenschulungen sowie Vor-Ort- oder Remote-Internet-Sessions an, damit die gr\u00f6\u00dftm\u00f6gliche Rentabilit\u00e4t und Effizienz sichergestellt werden kann.","breadcrumb":{"@id":"https:\/\/www.oros.com\/de\/serviceleistungen\/schulungen\/#breadcrumb"},"inLanguage":"de","potentialAction":[{"@type":"ReadAction","target":["https:\/\/www.oros.com\/de\/serviceleistungen\/schulungen\/"]}]},{"@type":"ImageObject","inLanguage":"de","@id":"https:\/\/www.oros.com\/de\/serviceleistungen\/schulungen\/#primaryimage","url":"https:\/\/www.oros.com\/wp-content\/uploads\/2019\/02\/ju_lyon_2019_web.jpg","contentUrl":"https:\/\/www.oros.com\/wp-content\/uploads\/2019\/02\/ju_lyon_2019_web.jpg","width":1296,"height":751,"caption":"French Users' Days"},{"@type":"BreadcrumbList","@id":"https:\/\/www.oros.com\/de\/serviceleistungen\/schulungen\/#breadcrumb","itemListElement":[{"@type":"ListItem","position":1,"name":"Accueil","item":"https:\/\/www.oros.com\/de\/"},{"@type":"ListItem","position":2,"name":"Services","item":"https:\/\/www.oros.com\/de\/serviceleistungen\/"},{"@type":"ListItem","position":3,"name":"Schulungen"}]},{"@type":"WebSite","@id":"https:\/\/www.oros.com\/#website","url":"https:\/\/www.oros.com\/","name":"OROS","description":"Measuring noise &amp; vibration","potentialAction":[{"@type":"SearchAction","target":{"@type":"EntryPoint","urlTemplate":"https:\/\/www.oros.com\/?s={search_term_string}"},"query-input":{"@type":"PropertyValueSpecification","valueRequired":true,"valueName":"search_term_string"}}],"inLanguage":"de"}]}},"_links":{"self":[{"href":"https:\/\/www.oros.com\/de\/wp-json\/wp\/v2\/pages\/10521","targetHints":{"allow":["GET"]}}],"collection":[{"href":"https:\/\/www.oros.com\/de\/wp-json\/wp\/v2\/pages"}],"about":[{"href":"https:\/\/www.oros.com\/de\/wp-json\/wp\/v2\/types\/page"}],"author":[{"embeddable":true,"href":"https:\/\/www.oros.com\/de\/wp-json\/wp\/v2\/users\/2"}],"replies":[{"embeddable":true,"href":"https:\/\/www.oros.com\/de\/wp-json\/wp\/v2\/comments?post=10521"}],"version-history":[{"count":5,"href":"https:\/\/www.oros.com\/de\/wp-json\/wp\/v2\/pages\/10521\/revisions"}],"predecessor-version":[{"id":130320,"href":"https:\/\/www.oros.com\/de\/wp-json\/wp\/v2\/pages\/10521\/revisions\/130320"}],"up":[{"embeddable":true,"href":"https:\/\/www.oros.com\/de\/wp-json\/wp\/v2\/pages\/10494"}],"wp:featuredmedia":[{"embeddable":true,"href":"https:\/\/www.oros.com\/de\/wp-json\/wp\/v2\/media\/2518"}],"wp:attachment":[{"href":"https:\/\/www.oros.com\/de\/wp-json\/wp\/v2\/media?parent=10521"}],"curies":[{"name":"wp","href":"https:\/\/api.w.org\/{rel}","templated":true}]}}