{"id":10522,"date":"2020-12-21T15:32:39","date_gmt":"2020-12-21T14:32:39","guid":{"rendered":"https:\/\/www.oros.com\/serviceleistungen\/coaching-und-expertise\/"},"modified":"2023-05-22T14:25:09","modified_gmt":"2023-05-22T12:25:09","slug":"coaching-und-expertise","status":"publish","type":"page","link":"https:\/\/www.oros.com\/de\/serviceleistungen\/coaching-und-expertise\/","title":{"rendered":"Coaching und Expertise"},"content":{"rendered":"<p>Als n\u00e4chsten Schritt bieten wir Unterst\u00fctzung bei der Messung an. Wir unterst\u00fctzen Ihr Team vor Ort und binden Ihre Mitarbeiter vollst\u00e4ndig ein. Abh\u00e4ngig von Ihrer Anwendung und den Anforderungen Ihres Bereichs empfehlen wir gegebenenfalls eine Optimierung Ihres Messprozesses.<br \/>\nMessdienstleistung erbringen wir auf Anfrage ebenfalls: Diagnose vor Ort oder Charakterisierung des Prototyps.<\/p>\n","protected":false},"excerpt":{"rendered":"<p>Als n\u00e4chsten Schritt bieten wir Unterst\u00fctzung bei der Messung an. Wir unterst\u00fctzen Ihr Team vor Ort und binden Ihre Mitarbeiter&#8230; <span class=\"moretag btn btn--right btn--bold\">Weiterlesen<\/span><\/p>\n","protected":false},"author":2,"featured_media":1826,"parent":10494,"menu_order":0,"comment_status":"closed","ping_status":"closed","template":"views\/solutions.blade.php","meta":{"_acf_changed":false,"inline_featured_image":false,"footnotes":""},"class_list":["post-10522","page","type-page","status-publish","has-post-thumbnail","hentry"],"acf":[],"yoast_head":"<!-- This site is optimized with the Yoast SEO plugin v27.4 - https:\/\/yoast.com\/product\/yoast-seo-wordpress\/ -->\n<title>Coaching im Bereich Schall und Schwingungen - OROS<\/title>\n<meta name=\"description\" content=\"Unsere Experten bieten vor Ort Unterst\u00fctzung und Fachwissen im Bereich der Diagnose an, um Ihren Ger\u00e4usch- und Schwingungsmessprozess zu optimieren.\" \/>\n<meta name=\"robots\" content=\"index, follow, max-snippet:-1, max-image-preview:large, max-video-preview:-1\" \/>\n<link rel=\"canonical\" href=\"https:\/\/www.oros.com\/de\/serviceleistungen\/coaching-und-expertise\/\" \/>\n<meta property=\"og:locale\" content=\"de_DE\" \/>\n<meta property=\"og:type\" content=\"article\" \/>\n<meta property=\"og:title\" content=\"Coaching im Bereich Schall und Schwingungen - OROS\" \/>\n<meta property=\"og:description\" content=\"Unsere Experten bieten vor Ort Unterst\u00fctzung und Fachwissen im Bereich der Diagnose an, um Ihren Ger\u00e4usch- und Schwingungsmessprozess zu optimieren.\" \/>\n<meta property=\"og:url\" content=\"https:\/\/www.oros.com\/de\/serviceleistungen\/coaching-und-expertise\/\" \/>\n<meta property=\"og:site_name\" content=\"OROS\" \/>\n<meta property=\"article:modified_time\" content=\"2023-05-22T12:25:09+00:00\" \/>\n<meta property=\"og:image\" content=\"https:\/\/www.oros.com\/wp-content\/uploads\/2019\/02\/situation_ep_wind-mill-cabin1_web.jpg\" \/>\n\t<meta property=\"og:image:width\" content=\"747\" \/>\n\t<meta property=\"og:image:height\" content=\"1000\" \/>\n\t<meta property=\"og:image:type\" content=\"image\/jpeg\" \/>\n<meta name=\"twitter:card\" content=\"summary_large_image\" \/>\n<meta name=\"twitter:label1\" content=\"Gesch\u00e4tzte Lesezeit\" \/>\n\t<meta name=\"twitter:data1\" content=\"1\u00a0Minute\" \/>\n<script type=\"application\/ld+json\" class=\"yoast-schema-graph\">{\"@context\":\"https:\\\/\\\/schema.org\",\"@graph\":[{\"@type\":\"WebPage\",\"@id\":\"https:\\\/\\\/www.oros.com\\\/de\\\/serviceleistungen\\\/coaching-und-expertise\\\/\",\"url\":\"https:\\\/\\\/www.oros.com\\\/de\\\/serviceleistungen\\\/coaching-und-expertise\\\/\",\"name\":\"Coaching im Bereich Schall und Schwingungen - OROS\",\"isPartOf\":{\"@id\":\"https:\\\/\\\/www.oros.com\\\/#website\"},\"primaryImageOfPage\":{\"@id\":\"https:\\\/\\\/www.oros.com\\\/de\\\/serviceleistungen\\\/coaching-und-expertise\\\/#primaryimage\"},\"image\":{\"@id\":\"https:\\\/\\\/www.oros.com\\\/de\\\/serviceleistungen\\\/coaching-und-expertise\\\/#primaryimage\"},\"thumbnailUrl\":\"https:\\\/\\\/www.oros.com\\\/wp-content\\\/uploads\\\/2019\\\/02\\\/situation_ep_wind-mill-cabin1_web.jpg\",\"datePublished\":\"2020-12-21T14:32:39+00:00\",\"dateModified\":\"2023-05-22T12:25:09+00:00\",\"description\":\"Unsere Experten bieten vor Ort Unterst\u00fctzung und Fachwissen im Bereich der Diagnose an, um Ihren Ger\u00e4usch- und Schwingungsmessprozess zu optimieren.\",\"breadcrumb\":{\"@id\":\"https:\\\/\\\/www.oros.com\\\/de\\\/serviceleistungen\\\/coaching-und-expertise\\\/#breadcrumb\"},\"inLanguage\":\"de\",\"potentialAction\":[{\"@type\":\"ReadAction\",\"target\":[\"https:\\\/\\\/www.oros.com\\\/de\\\/serviceleistungen\\\/coaching-und-expertise\\\/\"]}]},{\"@type\":\"ImageObject\",\"inLanguage\":\"de\",\"@id\":\"https:\\\/\\\/www.oros.com\\\/de\\\/serviceleistungen\\\/coaching-und-expertise\\\/#primaryimage\",\"url\":\"https:\\\/\\\/www.oros.com\\\/wp-content\\\/uploads\\\/2019\\\/02\\\/situation_ep_wind-mill-cabin1_web.jpg\",\"contentUrl\":\"https:\\\/\\\/www.oros.com\\\/wp-content\\\/uploads\\\/2019\\\/02\\\/situation_ep_wind-mill-cabin1_web.jpg\",\"width\":747,\"height\":1000},{\"@type\":\"BreadcrumbList\",\"@id\":\"https:\\\/\\\/www.oros.com\\\/de\\\/serviceleistungen\\\/coaching-und-expertise\\\/#breadcrumb\",\"itemListElement\":[{\"@type\":\"ListItem\",\"position\":1,\"name\":\"Accueil\",\"item\":\"https:\\\/\\\/www.oros.com\\\/de\\\/\"},{\"@type\":\"ListItem\",\"position\":2,\"name\":\"Services\",\"item\":\"https:\\\/\\\/www.oros.com\\\/de\\\/serviceleistungen\\\/\"},{\"@type\":\"ListItem\",\"position\":3,\"name\":\"Coaching und Expertise\"}]},{\"@type\":\"WebSite\",\"@id\":\"https:\\\/\\\/www.oros.com\\\/#website\",\"url\":\"https:\\\/\\\/www.oros.com\\\/\",\"name\":\"OROS\",\"description\":\"Measuring noise &amp; vibration\",\"potentialAction\":[{\"@type\":\"SearchAction\",\"target\":{\"@type\":\"EntryPoint\",\"urlTemplate\":\"https:\\\/\\\/www.oros.com\\\/?s={search_term_string}\"},\"query-input\":{\"@type\":\"PropertyValueSpecification\",\"valueRequired\":true,\"valueName\":\"search_term_string\"}}],\"inLanguage\":\"de\"}]}<\/script>\n<!-- \/ Yoast SEO plugin. -->","yoast_head_json":{"title":"Coaching im Bereich Schall und Schwingungen - OROS","description":"Unsere Experten bieten vor Ort Unterst\u00fctzung und Fachwissen im Bereich der Diagnose an, um Ihren Ger\u00e4usch- und Schwingungsmessprozess zu optimieren.","robots":{"index":"index","follow":"follow","max-snippet":"max-snippet:-1","max-image-preview":"max-image-preview:large","max-video-preview":"max-video-preview:-1"},"canonical":"https:\/\/www.oros.com\/de\/serviceleistungen\/coaching-und-expertise\/","og_locale":"de_DE","og_type":"article","og_title":"Coaching im Bereich Schall und Schwingungen - OROS","og_description":"Unsere Experten bieten vor Ort Unterst\u00fctzung und Fachwissen im Bereich der Diagnose an, um Ihren Ger\u00e4usch- und Schwingungsmessprozess zu optimieren.","og_url":"https:\/\/www.oros.com\/de\/serviceleistungen\/coaching-und-expertise\/","og_site_name":"OROS","article_modified_time":"2023-05-22T12:25:09+00:00","og_image":[{"width":747,"height":1000,"url":"https:\/\/www.oros.com\/wp-content\/uploads\/2019\/02\/situation_ep_wind-mill-cabin1_web.jpg","type":"image\/jpeg"}],"twitter_card":"summary_large_image","twitter_misc":{"Gesch\u00e4tzte Lesezeit":"1\u00a0Minute"},"schema":{"@context":"https:\/\/schema.org","@graph":[{"@type":"WebPage","@id":"https:\/\/www.oros.com\/de\/serviceleistungen\/coaching-und-expertise\/","url":"https:\/\/www.oros.com\/de\/serviceleistungen\/coaching-und-expertise\/","name":"Coaching im Bereich Schall und Schwingungen - OROS","isPartOf":{"@id":"https:\/\/www.oros.com\/#website"},"primaryImageOfPage":{"@id":"https:\/\/www.oros.com\/de\/serviceleistungen\/coaching-und-expertise\/#primaryimage"},"image":{"@id":"https:\/\/www.oros.com\/de\/serviceleistungen\/coaching-und-expertise\/#primaryimage"},"thumbnailUrl":"https:\/\/www.oros.com\/wp-content\/uploads\/2019\/02\/situation_ep_wind-mill-cabin1_web.jpg","datePublished":"2020-12-21T14:32:39+00:00","dateModified":"2023-05-22T12:25:09+00:00","description":"Unsere Experten bieten vor Ort Unterst\u00fctzung und Fachwissen im Bereich der Diagnose an, um Ihren Ger\u00e4usch- und Schwingungsmessprozess zu optimieren.","breadcrumb":{"@id":"https:\/\/www.oros.com\/de\/serviceleistungen\/coaching-und-expertise\/#breadcrumb"},"inLanguage":"de","potentialAction":[{"@type":"ReadAction","target":["https:\/\/www.oros.com\/de\/serviceleistungen\/coaching-und-expertise\/"]}]},{"@type":"ImageObject","inLanguage":"de","@id":"https:\/\/www.oros.com\/de\/serviceleistungen\/coaching-und-expertise\/#primaryimage","url":"https:\/\/www.oros.com\/wp-content\/uploads\/2019\/02\/situation_ep_wind-mill-cabin1_web.jpg","contentUrl":"https:\/\/www.oros.com\/wp-content\/uploads\/2019\/02\/situation_ep_wind-mill-cabin1_web.jpg","width":747,"height":1000},{"@type":"BreadcrumbList","@id":"https:\/\/www.oros.com\/de\/serviceleistungen\/coaching-und-expertise\/#breadcrumb","itemListElement":[{"@type":"ListItem","position":1,"name":"Accueil","item":"https:\/\/www.oros.com\/de\/"},{"@type":"ListItem","position":2,"name":"Services","item":"https:\/\/www.oros.com\/de\/serviceleistungen\/"},{"@type":"ListItem","position":3,"name":"Coaching und Expertise"}]},{"@type":"WebSite","@id":"https:\/\/www.oros.com\/#website","url":"https:\/\/www.oros.com\/","name":"OROS","description":"Measuring noise &amp; vibration","potentialAction":[{"@type":"SearchAction","target":{"@type":"EntryPoint","urlTemplate":"https:\/\/www.oros.com\/?s={search_term_string}"},"query-input":{"@type":"PropertyValueSpecification","valueRequired":true,"valueName":"search_term_string"}}],"inLanguage":"de"}]}},"_links":{"self":[{"href":"https:\/\/www.oros.com\/de\/wp-json\/wp\/v2\/pages\/10522","targetHints":{"allow":["GET"]}}],"collection":[{"href":"https:\/\/www.oros.com\/de\/wp-json\/wp\/v2\/pages"}],"about":[{"href":"https:\/\/www.oros.com\/de\/wp-json\/wp\/v2\/types\/page"}],"author":[{"embeddable":true,"href":"https:\/\/www.oros.com\/de\/wp-json\/wp\/v2\/users\/2"}],"replies":[{"embeddable":true,"href":"https:\/\/www.oros.com\/de\/wp-json\/wp\/v2\/comments?post=10522"}],"version-history":[{"count":6,"href":"https:\/\/www.oros.com\/de\/wp-json\/wp\/v2\/pages\/10522\/revisions"}],"predecessor-version":[{"id":130319,"href":"https:\/\/www.oros.com\/de\/wp-json\/wp\/v2\/pages\/10522\/revisions\/130319"}],"up":[{"embeddable":true,"href":"https:\/\/www.oros.com\/de\/wp-json\/wp\/v2\/pages\/10494"}],"wp:featuredmedia":[{"embeddable":true,"href":"https:\/\/www.oros.com\/de\/wp-json\/wp\/v2\/media\/1826"}],"wp:attachment":[{"href":"https:\/\/www.oros.com\/de\/wp-json\/wp\/v2\/media?parent=10522"}],"curies":[{"name":"wp","href":"https:\/\/api.w.org\/{rel}","templated":true}]}}