{"id":10524,"date":"2020-12-21T15:32:46","date_gmt":"2020-12-21T14:32:46","guid":{"rendered":"https:\/\/www.oros.com\/serviceleistungen\/untersttzung\/"},"modified":"2023-05-17T14:30:01","modified_gmt":"2023-05-17T12:30:01","slug":"support","status":"publish","type":"page","link":"https:\/\/www.oros.com\/de\/serviceleistungen\/support\/","title":{"rendered":"Support"},"content":{"rendered":"<p><strong>Immer in Ihrer N\u00e4he<\/strong><\/p>\n<p>Schnelle Reaktionszeiten sind der Schl\u00fcssel, um den bestm\u00f6glichen Service zu gew\u00e4hrleisten. OROS kann auf ein leistungsf\u00e4higes Netzwerk von Niederlassungen, Gesch\u00e4ftsstellen, Fachh\u00e4ndlern, Wartungszentren und qualifizierten Partnern zur\u00fcckgreifen. Sie sind Voraussetzung f\u00fcr eine effiziente Abwicklung. <strong>Das Motto f\u00fcr unsere Serviceleistungen lautet: OROS-Kunden sollten niemals auf eine Antwort warten m\u00fcssen. Unser Expertenwissen steht Ihnen \u00fcberall und jederzeit zur Verf\u00fcgung.<\/strong><\/p>\n","protected":false},"excerpt":{"rendered":"<p>Immer in Ihrer N\u00e4he Schnelle Reaktionszeiten sind der Schl\u00fcssel, um den bestm\u00f6glichen Service zu gew\u00e4hrleisten. OROS kann auf ein leistungsf\u00e4higes&#8230; <span class=\"moretag btn btn--right btn--bold\">Weiterlesen<\/span><\/p>\n","protected":false},"author":2,"featured_media":11660,"parent":10494,"menu_order":4,"comment_status":"closed","ping_status":"closed","template":"","meta":{"_acf_changed":false,"inline_featured_image":false,"footnotes":""},"class_list":["post-10524","page","type-page","status-publish","has-post-thumbnail","hentry"],"acf":[],"yoast_head":"<!-- This site is optimized with the Yoast SEO plugin v27.5 - https:\/\/yoast.com\/product\/yoast-seo-wordpress\/ -->\n<title>Unterst\u00fctzung &amp; Hilfestellung - OROS<\/title>\n<meta name=\"description\" content=\"Unsere Experten bieten Unterst\u00fctzung und Hilfestellung f\u00fcr Ihre Anwendungen und Software an, um Ihren W\u00fcnschen voll und ganz gerecht zu werden.\" \/>\n<meta name=\"robots\" content=\"index, follow, max-snippet:-1, max-image-preview:large, max-video-preview:-1\" \/>\n<link rel=\"canonical\" href=\"https:\/\/www.oros.com\/de\/serviceleistungen\/support\/\" \/>\n<meta property=\"og:locale\" content=\"de_DE\" \/>\n<meta property=\"og:type\" content=\"article\" \/>\n<meta property=\"og:title\" content=\"Unterst\u00fctzung &amp; Hilfestellung - OROS\" \/>\n<meta property=\"og:description\" content=\"Unsere Experten bieten Unterst\u00fctzung und Hilfestellung f\u00fcr Ihre Anwendungen und Software an, um Ihren W\u00fcnschen voll und ganz gerecht zu werden.\" \/>\n<meta property=\"og:url\" content=\"https:\/\/www.oros.com\/de\/serviceleistungen\/support\/\" \/>\n<meta property=\"og:site_name\" content=\"OROS\" \/>\n<meta property=\"article:modified_time\" content=\"2023-05-17T12:30:01+00:00\" \/>\n<meta property=\"og:image\" content=\"https:\/\/www.oros.com\/wp-content\/uploads\/2021\/03\/support-maroc.jpg\" \/>\n\t<meta property=\"og:image:width\" content=\"1236\" \/>\n\t<meta property=\"og:image:height\" content=\"929\" \/>\n\t<meta property=\"og:image:type\" content=\"image\/jpeg\" \/>\n<meta name=\"twitter:card\" content=\"summary_large_image\" \/>\n<meta name=\"twitter:label1\" content=\"Gesch\u00e4tzte Lesezeit\" \/>\n\t<meta name=\"twitter:data1\" content=\"1\u00a0Minute\" \/>\n<script type=\"application\/ld+json\" class=\"yoast-schema-graph\">{\"@context\":\"https:\\\/\\\/schema.org\",\"@graph\":[{\"@type\":\"WebPage\",\"@id\":\"https:\\\/\\\/www.oros.com\\\/de\\\/serviceleistungen\\\/support\\\/\",\"url\":\"https:\\\/\\\/www.oros.com\\\/de\\\/serviceleistungen\\\/support\\\/\",\"name\":\"Unterst\u00fctzung & Hilfestellung - OROS\",\"isPartOf\":{\"@id\":\"https:\\\/\\\/www.oros.com\\\/#website\"},\"primaryImageOfPage\":{\"@id\":\"https:\\\/\\\/www.oros.com\\\/de\\\/serviceleistungen\\\/support\\\/#primaryimage\"},\"image\":{\"@id\":\"https:\\\/\\\/www.oros.com\\\/de\\\/serviceleistungen\\\/support\\\/#primaryimage\"},\"thumbnailUrl\":\"https:\\\/\\\/www.oros.com\\\/wp-content\\\/uploads\\\/2021\\\/03\\\/support-maroc.jpg\",\"datePublished\":\"2020-12-21T14:32:46+00:00\",\"dateModified\":\"2023-05-17T12:30:01+00:00\",\"description\":\"Unsere Experten bieten Unterst\u00fctzung und Hilfestellung f\u00fcr Ihre Anwendungen und Software an, um Ihren W\u00fcnschen voll und ganz gerecht zu werden.\",\"breadcrumb\":{\"@id\":\"https:\\\/\\\/www.oros.com\\\/de\\\/serviceleistungen\\\/support\\\/#breadcrumb\"},\"inLanguage\":\"de\",\"potentialAction\":[{\"@type\":\"ReadAction\",\"target\":[\"https:\\\/\\\/www.oros.com\\\/de\\\/serviceleistungen\\\/support\\\/\"]}]},{\"@type\":\"ImageObject\",\"inLanguage\":\"de\",\"@id\":\"https:\\\/\\\/www.oros.com\\\/de\\\/serviceleistungen\\\/support\\\/#primaryimage\",\"url\":\"https:\\\/\\\/www.oros.com\\\/wp-content\\\/uploads\\\/2021\\\/03\\\/support-maroc.jpg\",\"contentUrl\":\"https:\\\/\\\/www.oros.com\\\/wp-content\\\/uploads\\\/2021\\\/03\\\/support-maroc.jpg\",\"width\":1236,\"height\":929},{\"@type\":\"BreadcrumbList\",\"@id\":\"https:\\\/\\\/www.oros.com\\\/de\\\/serviceleistungen\\\/support\\\/#breadcrumb\",\"itemListElement\":[{\"@type\":\"ListItem\",\"position\":1,\"name\":\"Accueil\",\"item\":\"https:\\\/\\\/www.oros.com\\\/de\\\/\"},{\"@type\":\"ListItem\",\"position\":2,\"name\":\"Services\",\"item\":\"https:\\\/\\\/www.oros.com\\\/de\\\/serviceleistungen\\\/\"},{\"@type\":\"ListItem\",\"position\":3,\"name\":\"Support\"}]},{\"@type\":\"WebSite\",\"@id\":\"https:\\\/\\\/www.oros.com\\\/#website\",\"url\":\"https:\\\/\\\/www.oros.com\\\/\",\"name\":\"OROS\",\"description\":\"Measuring noise &amp; vibration\",\"potentialAction\":[{\"@type\":\"SearchAction\",\"target\":{\"@type\":\"EntryPoint\",\"urlTemplate\":\"https:\\\/\\\/www.oros.com\\\/?s={search_term_string}\"},\"query-input\":{\"@type\":\"PropertyValueSpecification\",\"valueRequired\":true,\"valueName\":\"search_term_string\"}}],\"inLanguage\":\"de\"}]}<\/script>\n<!-- \/ Yoast SEO plugin. -->","yoast_head_json":{"title":"Unterst\u00fctzung & Hilfestellung - OROS","description":"Unsere Experten bieten Unterst\u00fctzung und Hilfestellung f\u00fcr Ihre Anwendungen und Software an, um Ihren W\u00fcnschen voll und ganz gerecht zu werden.","robots":{"index":"index","follow":"follow","max-snippet":"max-snippet:-1","max-image-preview":"max-image-preview:large","max-video-preview":"max-video-preview:-1"},"canonical":"https:\/\/www.oros.com\/de\/serviceleistungen\/support\/","og_locale":"de_DE","og_type":"article","og_title":"Unterst\u00fctzung & Hilfestellung - OROS","og_description":"Unsere Experten bieten Unterst\u00fctzung und Hilfestellung f\u00fcr Ihre Anwendungen und Software an, um Ihren W\u00fcnschen voll und ganz gerecht zu werden.","og_url":"https:\/\/www.oros.com\/de\/serviceleistungen\/support\/","og_site_name":"OROS","article_modified_time":"2023-05-17T12:30:01+00:00","og_image":[{"width":1236,"height":929,"url":"https:\/\/www.oros.com\/wp-content\/uploads\/2021\/03\/support-maroc.jpg","type":"image\/jpeg"}],"twitter_card":"summary_large_image","twitter_misc":{"Gesch\u00e4tzte Lesezeit":"1\u00a0Minute"},"schema":{"@context":"https:\/\/schema.org","@graph":[{"@type":"WebPage","@id":"https:\/\/www.oros.com\/de\/serviceleistungen\/support\/","url":"https:\/\/www.oros.com\/de\/serviceleistungen\/support\/","name":"Unterst\u00fctzung & Hilfestellung - OROS","isPartOf":{"@id":"https:\/\/www.oros.com\/#website"},"primaryImageOfPage":{"@id":"https:\/\/www.oros.com\/de\/serviceleistungen\/support\/#primaryimage"},"image":{"@id":"https:\/\/www.oros.com\/de\/serviceleistungen\/support\/#primaryimage"},"thumbnailUrl":"https:\/\/www.oros.com\/wp-content\/uploads\/2021\/03\/support-maroc.jpg","datePublished":"2020-12-21T14:32:46+00:00","dateModified":"2023-05-17T12:30:01+00:00","description":"Unsere Experten bieten Unterst\u00fctzung und Hilfestellung f\u00fcr Ihre Anwendungen und Software an, um Ihren W\u00fcnschen voll und ganz gerecht zu werden.","breadcrumb":{"@id":"https:\/\/www.oros.com\/de\/serviceleistungen\/support\/#breadcrumb"},"inLanguage":"de","potentialAction":[{"@type":"ReadAction","target":["https:\/\/www.oros.com\/de\/serviceleistungen\/support\/"]}]},{"@type":"ImageObject","inLanguage":"de","@id":"https:\/\/www.oros.com\/de\/serviceleistungen\/support\/#primaryimage","url":"https:\/\/www.oros.com\/wp-content\/uploads\/2021\/03\/support-maroc.jpg","contentUrl":"https:\/\/www.oros.com\/wp-content\/uploads\/2021\/03\/support-maroc.jpg","width":1236,"height":929},{"@type":"BreadcrumbList","@id":"https:\/\/www.oros.com\/de\/serviceleistungen\/support\/#breadcrumb","itemListElement":[{"@type":"ListItem","position":1,"name":"Accueil","item":"https:\/\/www.oros.com\/de\/"},{"@type":"ListItem","position":2,"name":"Services","item":"https:\/\/www.oros.com\/de\/serviceleistungen\/"},{"@type":"ListItem","position":3,"name":"Support"}]},{"@type":"WebSite","@id":"https:\/\/www.oros.com\/#website","url":"https:\/\/www.oros.com\/","name":"OROS","description":"Measuring noise &amp; vibration","potentialAction":[{"@type":"SearchAction","target":{"@type":"EntryPoint","urlTemplate":"https:\/\/www.oros.com\/?s={search_term_string}"},"query-input":{"@type":"PropertyValueSpecification","valueRequired":true,"valueName":"search_term_string"}}],"inLanguage":"de"}]}},"_links":{"self":[{"href":"https:\/\/www.oros.com\/de\/wp-json\/wp\/v2\/pages\/10524","targetHints":{"allow":["GET"]}}],"collection":[{"href":"https:\/\/www.oros.com\/de\/wp-json\/wp\/v2\/pages"}],"about":[{"href":"https:\/\/www.oros.com\/de\/wp-json\/wp\/v2\/types\/page"}],"author":[{"embeddable":true,"href":"https:\/\/www.oros.com\/de\/wp-json\/wp\/v2\/users\/2"}],"replies":[{"embeddable":true,"href":"https:\/\/www.oros.com\/de\/wp-json\/wp\/v2\/comments?post=10524"}],"version-history":[{"count":6,"href":"https:\/\/www.oros.com\/de\/wp-json\/wp\/v2\/pages\/10524\/revisions"}],"predecessor-version":[{"id":130277,"href":"https:\/\/www.oros.com\/de\/wp-json\/wp\/v2\/pages\/10524\/revisions\/130277"}],"up":[{"embeddable":true,"href":"https:\/\/www.oros.com\/de\/wp-json\/wp\/v2\/pages\/10494"}],"wp:featuredmedia":[{"embeddable":true,"href":"https:\/\/www.oros.com\/de\/wp-json\/wp\/v2\/media\/11660"}],"wp:attachment":[{"href":"https:\/\/www.oros.com\/de\/wp-json\/wp\/v2\/media?parent=10524"}],"curies":[{"name":"wp","href":"https:\/\/api.w.org\/{rel}","templated":true}]}}