{"id":10525,"date":"2020-12-21T15:32:52","date_gmt":"2020-12-21T14:32:52","guid":{"rendered":"https:\/\/www.oros.com\/die-oros-gruppe\/"},"modified":"2024-10-28T17:51:19","modified_gmt":"2024-10-28T16:51:19","slug":"die-oros-gruppe","status":"publish","type":"page","link":"https:\/\/www.oros.com\/de\/die-oros-gruppe\/","title":{"rendered":"Die OROS Gruppe"},"content":{"rendered":"<p>Seit mehr als 35 Jahren entwickelt und produziert OROS Ger\u00e4usch- und Systeme zur Ger\u00e4usch- und Schwingungspr\u00fcfung und -analyse (Instrumente und Software) und erf\u00fcllt dabei die Anforderungen und Erwartungen der Automobilindustrie, der Luft- und Raumfahrt, der Schifffahrts- und Prozessenergie sowie der verarbeitenden Industrie und der Automatisierungstechnik.<\/p>\n<p>OROS bietet Datenerfassung, Strukturdynamik, Akustik und Anwendungen f\u00fcr rotierende Maschinen sowie eine Reihe damit verbundener Serviceleistungen an.<\/p>\n","protected":false},"excerpt":{"rendered":"<p>Seit mehr als 35 Jahren entwickelt und produziert OROS Ger\u00e4usch- und Systeme zur Ger\u00e4usch- und Schwingungspr\u00fcfung und -analyse (Instrumente und&#8230; <span class=\"moretag btn btn--right btn--bold\">Weiterlesen<\/span><\/p>\n","protected":false},"author":2,"featured_media":5015,"parent":0,"menu_order":21,"comment_status":"closed","ping_status":"closed","template":"views\/group.blade.php","meta":{"_acf_changed":false,"inline_featured_image":false,"footnotes":""},"class_list":["post-10525","page","type-page","status-publish","has-post-thumbnail","hentry"],"acf":[],"yoast_head":"<!-- This site is optimized with the Yoast SEO plugin v27.6 - https:\/\/yoast.com\/product\/yoast-seo-wordpress\/ -->\n<title>Die OROS Gruppe - Schall- und Schwingungsmessung und -analyse<\/title>\n<meta name=\"description\" content=\"OROS ist seit mehr als 35 Jahren erfolgreich in der Entwicklung und Herstellung von Schall- und Schwingungspr\u00fcf- und Analysesystemen (Ger\u00e4te und Software)\" \/>\n<meta name=\"robots\" content=\"index, follow, max-snippet:-1, max-image-preview:large, max-video-preview:-1\" \/>\n<link rel=\"canonical\" href=\"https:\/\/www.oros.com\/de\/die-oros-gruppe\/\" \/>\n<meta property=\"og:locale\" content=\"de_DE\" \/>\n<meta property=\"og:type\" content=\"article\" \/>\n<meta property=\"og:title\" content=\"Die OROS Gruppe - Schall- und Schwingungsmessung und -analyse\" \/>\n<meta property=\"og:description\" content=\"OROS ist seit mehr als 35 Jahren erfolgreich in der Entwicklung und Herstellung von Schall- und Schwingungspr\u00fcf- und Analysesystemen (Ger\u00e4te und Software)\" \/>\n<meta property=\"og:url\" content=\"https:\/\/www.oros.com\/de\/die-oros-gruppe\/\" \/>\n<meta property=\"og:site_name\" content=\"OROS\" \/>\n<meta property=\"article:modified_time\" content=\"2024-10-28T16:51:19+00:00\" \/>\n<meta property=\"og:image\" content=\"https:\/\/www.oros.com\/wp-content\/uploads\/2019\/06\/contact-us.png\" \/>\n\t<meta property=\"og:image:width\" content=\"765\" \/>\n\t<meta property=\"og:image:height\" content=\"229\" \/>\n\t<meta property=\"og:image:type\" content=\"image\/png\" \/>\n<meta name=\"twitter:card\" content=\"summary_large_image\" \/>\n<meta name=\"twitter:label1\" content=\"Gesch\u00e4tzte Lesezeit\" \/>\n\t<meta name=\"twitter:data1\" content=\"1\u00a0Minute\" \/>\n<script type=\"application\/ld+json\" class=\"yoast-schema-graph\">{\"@context\":\"https:\\\/\\\/schema.org\",\"@graph\":[{\"@type\":\"WebPage\",\"@id\":\"https:\\\/\\\/www.oros.com\\\/de\\\/die-oros-gruppe\\\/\",\"url\":\"https:\\\/\\\/www.oros.com\\\/de\\\/die-oros-gruppe\\\/\",\"name\":\"Die OROS Gruppe - Schall- und Schwingungsmessung und -analyse\",\"isPartOf\":{\"@id\":\"https:\\\/\\\/www.oros.com\\\/#website\"},\"primaryImageOfPage\":{\"@id\":\"https:\\\/\\\/www.oros.com\\\/de\\\/die-oros-gruppe\\\/#primaryimage\"},\"image\":{\"@id\":\"https:\\\/\\\/www.oros.com\\\/de\\\/die-oros-gruppe\\\/#primaryimage\"},\"thumbnailUrl\":\"https:\\\/\\\/www.oros.com\\\/wp-content\\\/uploads\\\/2019\\\/06\\\/contact-us.png\",\"datePublished\":\"2020-12-21T14:32:52+00:00\",\"dateModified\":\"2024-10-28T16:51:19+00:00\",\"description\":\"OROS ist seit mehr als 35 Jahren erfolgreich in der Entwicklung und Herstellung von Schall- und Schwingungspr\u00fcf- und Analysesystemen (Ger\u00e4te und Software)\",\"breadcrumb\":{\"@id\":\"https:\\\/\\\/www.oros.com\\\/de\\\/die-oros-gruppe\\\/#breadcrumb\"},\"inLanguage\":\"de\",\"potentialAction\":[{\"@type\":\"ReadAction\",\"target\":[\"https:\\\/\\\/www.oros.com\\\/de\\\/die-oros-gruppe\\\/\"]}]},{\"@type\":\"ImageObject\",\"inLanguage\":\"de\",\"@id\":\"https:\\\/\\\/www.oros.com\\\/de\\\/die-oros-gruppe\\\/#primaryimage\",\"url\":\"https:\\\/\\\/www.oros.com\\\/wp-content\\\/uploads\\\/2019\\\/06\\\/contact-us.png\",\"contentUrl\":\"https:\\\/\\\/www.oros.com\\\/wp-content\\\/uploads\\\/2019\\\/06\\\/contact-us.png\",\"width\":765,\"height\":229},{\"@type\":\"BreadcrumbList\",\"@id\":\"https:\\\/\\\/www.oros.com\\\/de\\\/die-oros-gruppe\\\/#breadcrumb\",\"itemListElement\":[{\"@type\":\"ListItem\",\"position\":1,\"name\":\"Accueil\",\"item\":\"https:\\\/\\\/www.oros.com\\\/de\\\/\"},{\"@type\":\"ListItem\",\"position\":2,\"name\":\"Die OROS Gruppe\"}]},{\"@type\":\"WebSite\",\"@id\":\"https:\\\/\\\/www.oros.com\\\/#website\",\"url\":\"https:\\\/\\\/www.oros.com\\\/\",\"name\":\"OROS\",\"description\":\"Measuring noise &amp; vibration\",\"potentialAction\":[{\"@type\":\"SearchAction\",\"target\":{\"@type\":\"EntryPoint\",\"urlTemplate\":\"https:\\\/\\\/www.oros.com\\\/?s={search_term_string}\"},\"query-input\":{\"@type\":\"PropertyValueSpecification\",\"valueRequired\":true,\"valueName\":\"search_term_string\"}}],\"inLanguage\":\"de\"}]}<\/script>\n<!-- \/ Yoast SEO plugin. -->","yoast_head_json":{"title":"Die OROS Gruppe - Schall- und Schwingungsmessung und -analyse","description":"OROS ist seit mehr als 35 Jahren erfolgreich in der Entwicklung und Herstellung von Schall- und Schwingungspr\u00fcf- und Analysesystemen (Ger\u00e4te und Software)","robots":{"index":"index","follow":"follow","max-snippet":"max-snippet:-1","max-image-preview":"max-image-preview:large","max-video-preview":"max-video-preview:-1"},"canonical":"https:\/\/www.oros.com\/de\/die-oros-gruppe\/","og_locale":"de_DE","og_type":"article","og_title":"Die OROS Gruppe - Schall- und Schwingungsmessung und -analyse","og_description":"OROS ist seit mehr als 35 Jahren erfolgreich in der Entwicklung und Herstellung von Schall- und Schwingungspr\u00fcf- und Analysesystemen (Ger\u00e4te und Software)","og_url":"https:\/\/www.oros.com\/de\/die-oros-gruppe\/","og_site_name":"OROS","article_modified_time":"2024-10-28T16:51:19+00:00","og_image":[{"width":765,"height":229,"url":"https:\/\/www.oros.com\/wp-content\/uploads\/2019\/06\/contact-us.png","type":"image\/png"}],"twitter_card":"summary_large_image","twitter_misc":{"Gesch\u00e4tzte Lesezeit":"1\u00a0Minute"},"schema":{"@context":"https:\/\/schema.org","@graph":[{"@type":"WebPage","@id":"https:\/\/www.oros.com\/de\/die-oros-gruppe\/","url":"https:\/\/www.oros.com\/de\/die-oros-gruppe\/","name":"Die OROS Gruppe - Schall- und Schwingungsmessung und -analyse","isPartOf":{"@id":"https:\/\/www.oros.com\/#website"},"primaryImageOfPage":{"@id":"https:\/\/www.oros.com\/de\/die-oros-gruppe\/#primaryimage"},"image":{"@id":"https:\/\/www.oros.com\/de\/die-oros-gruppe\/#primaryimage"},"thumbnailUrl":"https:\/\/www.oros.com\/wp-content\/uploads\/2019\/06\/contact-us.png","datePublished":"2020-12-21T14:32:52+00:00","dateModified":"2024-10-28T16:51:19+00:00","description":"OROS ist seit mehr als 35 Jahren erfolgreich in der Entwicklung und Herstellung von Schall- und Schwingungspr\u00fcf- und Analysesystemen (Ger\u00e4te und Software)","breadcrumb":{"@id":"https:\/\/www.oros.com\/de\/die-oros-gruppe\/#breadcrumb"},"inLanguage":"de","potentialAction":[{"@type":"ReadAction","target":["https:\/\/www.oros.com\/de\/die-oros-gruppe\/"]}]},{"@type":"ImageObject","inLanguage":"de","@id":"https:\/\/www.oros.com\/de\/die-oros-gruppe\/#primaryimage","url":"https:\/\/www.oros.com\/wp-content\/uploads\/2019\/06\/contact-us.png","contentUrl":"https:\/\/www.oros.com\/wp-content\/uploads\/2019\/06\/contact-us.png","width":765,"height":229},{"@type":"BreadcrumbList","@id":"https:\/\/www.oros.com\/de\/die-oros-gruppe\/#breadcrumb","itemListElement":[{"@type":"ListItem","position":1,"name":"Accueil","item":"https:\/\/www.oros.com\/de\/"},{"@type":"ListItem","position":2,"name":"Die OROS Gruppe"}]},{"@type":"WebSite","@id":"https:\/\/www.oros.com\/#website","url":"https:\/\/www.oros.com\/","name":"OROS","description":"Measuring noise &amp; vibration","potentialAction":[{"@type":"SearchAction","target":{"@type":"EntryPoint","urlTemplate":"https:\/\/www.oros.com\/?s={search_term_string}"},"query-input":{"@type":"PropertyValueSpecification","valueRequired":true,"valueName":"search_term_string"}}],"inLanguage":"de"}]}},"_links":{"self":[{"href":"https:\/\/www.oros.com\/de\/wp-json\/wp\/v2\/pages\/10525","targetHints":{"allow":["GET"]}}],"collection":[{"href":"https:\/\/www.oros.com\/de\/wp-json\/wp\/v2\/pages"}],"about":[{"href":"https:\/\/www.oros.com\/de\/wp-json\/wp\/v2\/types\/page"}],"author":[{"embeddable":true,"href":"https:\/\/www.oros.com\/de\/wp-json\/wp\/v2\/users\/2"}],"replies":[{"embeddable":true,"href":"https:\/\/www.oros.com\/de\/wp-json\/wp\/v2\/comments?post=10525"}],"version-history":[{"count":4,"href":"https:\/\/www.oros.com\/de\/wp-json\/wp\/v2\/pages\/10525\/revisions"}],"predecessor-version":[{"id":131759,"href":"https:\/\/www.oros.com\/de\/wp-json\/wp\/v2\/pages\/10525\/revisions\/131759"}],"wp:featuredmedia":[{"embeddable":true,"href":"https:\/\/www.oros.com\/de\/wp-json\/wp\/v2\/media\/5015"}],"wp:attachment":[{"href":"https:\/\/www.oros.com\/de\/wp-json\/wp\/v2\/media?parent=10525"}],"curies":[{"name":"wp","href":"https:\/\/api.w.org\/{rel}","templated":true}]}}