{"id":10535,"date":"2020-12-21T15:33:42","date_gmt":"2020-12-21T14:33:42","guid":{"rendered":"https:\/\/www.oros.com\/lsungen\/instrumente-zubehr\/teamwork-technologie\/"},"modified":"2023-05-17T14:08:01","modified_gmt":"2023-05-17T12:08:01","slug":"teamwork-technologie","status":"publish","type":"page","link":"https:\/\/www.oros.com\/de\/produkte\/instrumente-zubehr\/teamwork-technologie\/","title":{"rendered":"Teamwork-Technologie"},"content":{"rendered":"<h3 style=\"text-align: left;\"><strong>DataCare\u00ae<\/strong><\/h3>\n<p style=\"text-align: left;\">Eingebettete dedizierte Verarbeitung<br \/>\nHigh-End-Messtechnik<br \/>\nSSD-Wechsel-Festplatten<\/p>\n<p>&nbsp;<\/p>\n<h3 style=\"text-align: left;\"><strong>Flexibel<\/strong><\/h3>\n<p style=\"text-align: left;\">Umgang mit beliebigen Wandlern<br \/>\nDuales Lizenzsystem<br \/>\nsynchrone Multi-Tasks (live und post)<\/p>\n<p>&nbsp;<\/p>\n<h3 style=\"text-align: left;\"><strong>F\u00fcr jede Testumgebung geeignet<\/strong><\/h3>\n<p style=\"text-align: left;\">Robustes Design<br \/>\nModi f\u00fcr Standalone- &amp; Remote-\u00dcberwachung<br \/>\nEinfache Integration f\u00fcr Pr\u00fcfst\u00e4nde<\/p>\n","protected":false},"excerpt":{"rendered":"<p>DataCare\u00ae Eingebettete dedizierte Verarbeitung High-End-Messtechnik SSD-Wechsel-Festplatten &nbsp; Flexibel Umgang mit beliebigen Wandlern Duales Lizenzsystem synchrone Multi-Tasks (live und post) &nbsp;&#8230; <span class=\"moretag btn btn--right btn--bold\">Weiterlesen<\/span><\/p>\n","protected":false},"author":2,"featured_media":131435,"parent":10497,"menu_order":8,"comment_status":"closed","ping_status":"closed","template":"views\/solutions.blade.php","meta":{"_acf_changed":false,"inline_featured_image":false,"footnotes":""},"class_list":["post-10535","page","type-page","status-publish","has-post-thumbnail","hentry"],"acf":[],"yoast_head":"<!-- This site is optimized with the Yoast SEO plugin v27.4 - https:\/\/yoast.com\/product\/yoast-seo-wordpress\/ -->\n<title>Messtechnik f\u00fcr Ger\u00e4usch- und Schwingungen - OROS<\/title>\n<meta name=\"description\" content=\"Kaskadieren oder verteilen Sie die Analysatoren, um bis zu 1000 Kan\u00e4le f\u00fcr Ger\u00e4usch- und Schwingungspr\u00fcfungen und -analysen zu messen.\" \/>\n<meta name=\"robots\" content=\"index, follow, max-snippet:-1, max-image-preview:large, max-video-preview:-1\" \/>\n<link rel=\"canonical\" href=\"https:\/\/www.oros.com\/de\/produkte\/instrumente-zubehr\/teamwork-technologie\/\" \/>\n<meta property=\"og:locale\" content=\"de_DE\" \/>\n<meta property=\"og:type\" content=\"article\" \/>\n<meta property=\"og:title\" content=\"Messtechnik f\u00fcr Ger\u00e4usch- und Schwingungen - OROS\" \/>\n<meta property=\"og:description\" content=\"Kaskadieren oder verteilen Sie die Analysatoren, um bis zu 1000 Kan\u00e4le f\u00fcr Ger\u00e4usch- und Schwingungspr\u00fcfungen und -analysen zu messen.\" \/>\n<meta property=\"og:url\" content=\"https:\/\/www.oros.com\/de\/produkte\/instrumente-zubehr\/teamwork-technologie\/\" \/>\n<meta property=\"og:site_name\" content=\"OROS\" \/>\n<meta property=\"article:modified_time\" content=\"2023-05-17T12:08:01+00:00\" \/>\n<meta property=\"og:image\" content=\"https:\/\/www.oros.com\/wp-content\/uploads\/2019\/02\/full-range-nvgate_web.jpg\" \/>\n\t<meta property=\"og:image:width\" content=\"1000\" \/>\n\t<meta property=\"og:image:height\" content=\"712\" \/>\n\t<meta property=\"og:image:type\" content=\"image\/jpeg\" \/>\n<meta name=\"twitter:card\" content=\"summary_large_image\" \/>\n<meta name=\"twitter:label1\" content=\"Gesch\u00e4tzte Lesezeit\" \/>\n\t<meta name=\"twitter:data1\" content=\"1\u00a0Minute\" \/>\n<script type=\"application\/ld+json\" class=\"yoast-schema-graph\">{\"@context\":\"https:\\\/\\\/schema.org\",\"@graph\":[{\"@type\":\"WebPage\",\"@id\":\"https:\\\/\\\/www.oros.com\\\/de\\\/produkte\\\/instrumente-zubehr\\\/teamwork-technologie\\\/\",\"url\":\"https:\\\/\\\/www.oros.com\\\/de\\\/produkte\\\/instrumente-zubehr\\\/teamwork-technologie\\\/\",\"name\":\"Messtechnik f\u00fcr Ger\u00e4usch- und Schwingungen - OROS\",\"isPartOf\":{\"@id\":\"https:\\\/\\\/www.oros.com\\\/#website\"},\"primaryImageOfPage\":{\"@id\":\"https:\\\/\\\/www.oros.com\\\/de\\\/produkte\\\/instrumente-zubehr\\\/teamwork-technologie\\\/#primaryimage\"},\"image\":{\"@id\":\"https:\\\/\\\/www.oros.com\\\/de\\\/produkte\\\/instrumente-zubehr\\\/teamwork-technologie\\\/#primaryimage\"},\"thumbnailUrl\":\"https:\\\/\\\/www.oros.com\\\/wp-content\\\/uploads\\\/2024\\\/06\\\/gamme-o4-or35-or36-or38-pc-modifiee-lr-scaled.jpg\",\"datePublished\":\"2020-12-21T14:33:42+00:00\",\"dateModified\":\"2023-05-17T12:08:01+00:00\",\"description\":\"Kaskadieren oder verteilen Sie die Analysatoren, um bis zu 1000 Kan\u00e4le f\u00fcr Ger\u00e4usch- und Schwingungspr\u00fcfungen und -analysen zu messen.\",\"breadcrumb\":{\"@id\":\"https:\\\/\\\/www.oros.com\\\/de\\\/produkte\\\/instrumente-zubehr\\\/teamwork-technologie\\\/#breadcrumb\"},\"inLanguage\":\"de\",\"potentialAction\":[{\"@type\":\"ReadAction\",\"target\":[\"https:\\\/\\\/www.oros.com\\\/de\\\/produkte\\\/instrumente-zubehr\\\/teamwork-technologie\\\/\"]}]},{\"@type\":\"ImageObject\",\"inLanguage\":\"de\",\"@id\":\"https:\\\/\\\/www.oros.com\\\/de\\\/produkte\\\/instrumente-zubehr\\\/teamwork-technologie\\\/#primaryimage\",\"url\":\"https:\\\/\\\/www.oros.com\\\/wp-content\\\/uploads\\\/2024\\\/06\\\/gamme-o4-or35-or36-or38-pc-modifiee-lr-scaled.jpg\",\"contentUrl\":\"https:\\\/\\\/www.oros.com\\\/wp-content\\\/uploads\\\/2024\\\/06\\\/gamme-o4-or35-or36-or38-pc-modifiee-lr-scaled.jpg\",\"width\":3000,\"height\":1836,\"caption\":\"OROS noise and vibration analyzers' range\"},{\"@type\":\"BreadcrumbList\",\"@id\":\"https:\\\/\\\/www.oros.com\\\/de\\\/produkte\\\/instrumente-zubehr\\\/teamwork-technologie\\\/#breadcrumb\",\"itemListElement\":[{\"@type\":\"ListItem\",\"position\":1,\"name\":\"Accueil\",\"item\":\"https:\\\/\\\/www.oros.com\\\/de\\\/\"},{\"@type\":\"ListItem\",\"position\":2,\"name\":\"Produkte\",\"item\":\"https:\\\/\\\/www.oros.com\\\/de\\\/produkte\\\/\"},{\"@type\":\"ListItem\",\"position\":3,\"name\":\"Schwingungsmessger\u00e4te\",\"item\":\"https:\\\/\\\/www.oros.com\\\/de\\\/produkte\\\/instrumente-zubehr\\\/\"},{\"@type\":\"ListItem\",\"position\":4,\"name\":\"Teamwork-Technologie\"}]},{\"@type\":\"WebSite\",\"@id\":\"https:\\\/\\\/www.oros.com\\\/#website\",\"url\":\"https:\\\/\\\/www.oros.com\\\/\",\"name\":\"OROS\",\"description\":\"Measuring noise &amp; vibration\",\"potentialAction\":[{\"@type\":\"SearchAction\",\"target\":{\"@type\":\"EntryPoint\",\"urlTemplate\":\"https:\\\/\\\/www.oros.com\\\/?s={search_term_string}\"},\"query-input\":{\"@type\":\"PropertyValueSpecification\",\"valueRequired\":true,\"valueName\":\"search_term_string\"}}],\"inLanguage\":\"de\"}]}<\/script>\n<!-- \/ Yoast SEO plugin. -->","yoast_head_json":{"title":"Messtechnik f\u00fcr Ger\u00e4usch- und Schwingungen - OROS","description":"Kaskadieren oder verteilen Sie die Analysatoren, um bis zu 1000 Kan\u00e4le f\u00fcr Ger\u00e4usch- und Schwingungspr\u00fcfungen und -analysen zu messen.","robots":{"index":"index","follow":"follow","max-snippet":"max-snippet:-1","max-image-preview":"max-image-preview:large","max-video-preview":"max-video-preview:-1"},"canonical":"https:\/\/www.oros.com\/de\/produkte\/instrumente-zubehr\/teamwork-technologie\/","og_locale":"de_DE","og_type":"article","og_title":"Messtechnik f\u00fcr Ger\u00e4usch- und Schwingungen - OROS","og_description":"Kaskadieren oder verteilen Sie die Analysatoren, um bis zu 1000 Kan\u00e4le f\u00fcr Ger\u00e4usch- und Schwingungspr\u00fcfungen und -analysen zu messen.","og_url":"https:\/\/www.oros.com\/de\/produkte\/instrumente-zubehr\/teamwork-technologie\/","og_site_name":"OROS","article_modified_time":"2023-05-17T12:08:01+00:00","og_image":[{"width":1000,"height":712,"url":"https:\/\/www.oros.com\/wp-content\/uploads\/2019\/02\/full-range-nvgate_web.jpg","type":"image\/jpeg"}],"twitter_card":"summary_large_image","twitter_misc":{"Gesch\u00e4tzte Lesezeit":"1\u00a0Minute"},"schema":{"@context":"https:\/\/schema.org","@graph":[{"@type":"WebPage","@id":"https:\/\/www.oros.com\/de\/produkte\/instrumente-zubehr\/teamwork-technologie\/","url":"https:\/\/www.oros.com\/de\/produkte\/instrumente-zubehr\/teamwork-technologie\/","name":"Messtechnik f\u00fcr Ger\u00e4usch- und Schwingungen - OROS","isPartOf":{"@id":"https:\/\/www.oros.com\/#website"},"primaryImageOfPage":{"@id":"https:\/\/www.oros.com\/de\/produkte\/instrumente-zubehr\/teamwork-technologie\/#primaryimage"},"image":{"@id":"https:\/\/www.oros.com\/de\/produkte\/instrumente-zubehr\/teamwork-technologie\/#primaryimage"},"thumbnailUrl":"https:\/\/www.oros.com\/wp-content\/uploads\/2024\/06\/gamme-o4-or35-or36-or38-pc-modifiee-lr-scaled.jpg","datePublished":"2020-12-21T14:33:42+00:00","dateModified":"2023-05-17T12:08:01+00:00","description":"Kaskadieren oder verteilen Sie die Analysatoren, um bis zu 1000 Kan\u00e4le f\u00fcr Ger\u00e4usch- und Schwingungspr\u00fcfungen und -analysen zu messen.","breadcrumb":{"@id":"https:\/\/www.oros.com\/de\/produkte\/instrumente-zubehr\/teamwork-technologie\/#breadcrumb"},"inLanguage":"de","potentialAction":[{"@type":"ReadAction","target":["https:\/\/www.oros.com\/de\/produkte\/instrumente-zubehr\/teamwork-technologie\/"]}]},{"@type":"ImageObject","inLanguage":"de","@id":"https:\/\/www.oros.com\/de\/produkte\/instrumente-zubehr\/teamwork-technologie\/#primaryimage","url":"https:\/\/www.oros.com\/wp-content\/uploads\/2024\/06\/gamme-o4-or35-or36-or38-pc-modifiee-lr-scaled.jpg","contentUrl":"https:\/\/www.oros.com\/wp-content\/uploads\/2024\/06\/gamme-o4-or35-or36-or38-pc-modifiee-lr-scaled.jpg","width":3000,"height":1836,"caption":"OROS noise and vibration analyzers' range"},{"@type":"BreadcrumbList","@id":"https:\/\/www.oros.com\/de\/produkte\/instrumente-zubehr\/teamwork-technologie\/#breadcrumb","itemListElement":[{"@type":"ListItem","position":1,"name":"Accueil","item":"https:\/\/www.oros.com\/de\/"},{"@type":"ListItem","position":2,"name":"Produkte","item":"https:\/\/www.oros.com\/de\/produkte\/"},{"@type":"ListItem","position":3,"name":"Schwingungsmessger\u00e4te","item":"https:\/\/www.oros.com\/de\/produkte\/instrumente-zubehr\/"},{"@type":"ListItem","position":4,"name":"Teamwork-Technologie"}]},{"@type":"WebSite","@id":"https:\/\/www.oros.com\/#website","url":"https:\/\/www.oros.com\/","name":"OROS","description":"Measuring noise &amp; vibration","potentialAction":[{"@type":"SearchAction","target":{"@type":"EntryPoint","urlTemplate":"https:\/\/www.oros.com\/?s={search_term_string}"},"query-input":{"@type":"PropertyValueSpecification","valueRequired":true,"valueName":"search_term_string"}}],"inLanguage":"de"}]}},"_links":{"self":[{"href":"https:\/\/www.oros.com\/de\/wp-json\/wp\/v2\/pages\/10535","targetHints":{"allow":["GET"]}}],"collection":[{"href":"https:\/\/www.oros.com\/de\/wp-json\/wp\/v2\/pages"}],"about":[{"href":"https:\/\/www.oros.com\/de\/wp-json\/wp\/v2\/types\/page"}],"author":[{"embeddable":true,"href":"https:\/\/www.oros.com\/de\/wp-json\/wp\/v2\/users\/2"}],"replies":[{"embeddable":true,"href":"https:\/\/www.oros.com\/de\/wp-json\/wp\/v2\/comments?post=10535"}],"version-history":[{"count":6,"href":"https:\/\/www.oros.com\/de\/wp-json\/wp\/v2\/pages\/10535\/revisions"}],"predecessor-version":[{"id":130249,"href":"https:\/\/www.oros.com\/de\/wp-json\/wp\/v2\/pages\/10535\/revisions\/130249"}],"up":[{"embeddable":true,"href":"https:\/\/www.oros.com\/de\/wp-json\/wp\/v2\/pages\/10497"}],"wp:featuredmedia":[{"embeddable":true,"href":"https:\/\/www.oros.com\/de\/wp-json\/wp\/v2\/media\/131435"}],"wp:attachment":[{"href":"https:\/\/www.oros.com\/de\/wp-json\/wp\/v2\/media?parent=10535"}],"curies":[{"name":"wp","href":"https:\/\/api.w.org\/{rel}","templated":true}]}}