{"id":10565,"date":"2020-12-21T15:34:55","date_gmt":"2020-12-21T14:34:55","guid":{"rendered":"https:\/\/www.oros.com\/lsungen\/instrumente-zubehr\/kann-jeden-beliebigen-wandler-verarbeiten\/"},"modified":"2023-05-17T14:06:42","modified_gmt":"2023-05-17T12:06:42","slug":"kann-jeden-beliebigen-wandler-verarbeiten","status":"publish","type":"page","link":"https:\/\/www.oros.com\/de\/produkte\/instrumente-zubehr\/kann-jeden-beliebigen-wandler-verarbeiten\/","title":{"rendered":"F\u00fcr eine Vielzahl von Sensoren"},"content":{"rendered":"","protected":false},"excerpt":{"rendered":"","protected":false},"author":5,"featured_media":5612,"parent":10497,"menu_order":6,"comment_status":"closed","ping_status":"closed","template":"views\/solutions.blade.php","meta":{"_acf_changed":false,"inline_featured_image":false,"footnotes":""},"class_list":["post-10565","page","type-page","status-publish","has-post-thumbnail","hentry"],"acf":[],"yoast_head":"<!-- This site is optimized with the Yoast SEO plugin v27.5 - https:\/\/yoast.com\/product\/yoast-seo-wordpress\/ -->\n<title>Instrumente f\u00fcr die Ger\u00e4usch- und Schwingungsmessung - OROS<\/title>\n<meta name=\"description\" content=\"Bew\u00e4ltigen Sie eine Vielzahl von Sensoren: Beschleunigungs- und Geschwindigkeits-, Impulsh\u00e4mmer &amp; Kraftsensoren, Mikrofone, Schallintensit\u00e4tssonden...\" \/>\n<meta name=\"robots\" content=\"index, follow, max-snippet:-1, max-image-preview:large, max-video-preview:-1\" \/>\n<link rel=\"canonical\" href=\"https:\/\/www.oros.com\/de\/produkte\/instrumente-zubehr\/kann-jeden-beliebigen-wandler-verarbeiten\/\" \/>\n<meta property=\"og:locale\" content=\"de_DE\" \/>\n<meta property=\"og:type\" content=\"article\" \/>\n<meta property=\"og:title\" content=\"Instrumente f\u00fcr die Ger\u00e4usch- und Schwingungsmessung - OROS\" \/>\n<meta property=\"og:description\" content=\"Bew\u00e4ltigen Sie eine Vielzahl von Sensoren: Beschleunigungs- und Geschwindigkeits-, Impulsh\u00e4mmer &amp; Kraftsensoren, Mikrofone, Schallintensit\u00e4tssonden...\" \/>\n<meta property=\"og:url\" content=\"https:\/\/www.oros.com\/de\/produkte\/instrumente-zubehr\/kann-jeden-beliebigen-wandler-verarbeiten\/\" \/>\n<meta property=\"og:site_name\" content=\"OROS\" \/>\n<meta property=\"article:modified_time\" content=\"2023-05-17T12:06:42+00:00\" \/>\n<meta property=\"og:image\" content=\"https:\/\/www.oros.com\/wp-content\/uploads\/2019\/06\/hammer_bandeau-1.jpg\" \/>\n\t<meta property=\"og:image:width\" content=\"709\" \/>\n\t<meta property=\"og:image:height\" content=\"283\" \/>\n\t<meta property=\"og:image:type\" content=\"image\/jpeg\" \/>\n<meta name=\"twitter:card\" content=\"summary_large_image\" \/>\n<script type=\"application\/ld+json\" class=\"yoast-schema-graph\">{\"@context\":\"https:\\\/\\\/schema.org\",\"@graph\":[{\"@type\":\"WebPage\",\"@id\":\"https:\\\/\\\/www.oros.com\\\/de\\\/produkte\\\/instrumente-zubehr\\\/kann-jeden-beliebigen-wandler-verarbeiten\\\/\",\"url\":\"https:\\\/\\\/www.oros.com\\\/de\\\/produkte\\\/instrumente-zubehr\\\/kann-jeden-beliebigen-wandler-verarbeiten\\\/\",\"name\":\"Instrumente f\u00fcr die Ger\u00e4usch- und Schwingungsmessung - OROS\",\"isPartOf\":{\"@id\":\"https:\\\/\\\/www.oros.com\\\/#website\"},\"primaryImageOfPage\":{\"@id\":\"https:\\\/\\\/www.oros.com\\\/de\\\/produkte\\\/instrumente-zubehr\\\/kann-jeden-beliebigen-wandler-verarbeiten\\\/#primaryimage\"},\"image\":{\"@id\":\"https:\\\/\\\/www.oros.com\\\/de\\\/produkte\\\/instrumente-zubehr\\\/kann-jeden-beliebigen-wandler-verarbeiten\\\/#primaryimage\"},\"thumbnailUrl\":\"https:\\\/\\\/www.oros.com\\\/wp-content\\\/uploads\\\/2019\\\/06\\\/hammer_bandeau-1.jpg\",\"datePublished\":\"2020-12-21T14:34:55+00:00\",\"dateModified\":\"2023-05-17T12:06:42+00:00\",\"description\":\"Bew\u00e4ltigen Sie eine Vielzahl von Sensoren: Beschleunigungs- und Geschwindigkeits-, Impulsh\u00e4mmer & Kraftsensoren, Mikrofone, Schallintensit\u00e4tssonden...\",\"breadcrumb\":{\"@id\":\"https:\\\/\\\/www.oros.com\\\/de\\\/produkte\\\/instrumente-zubehr\\\/kann-jeden-beliebigen-wandler-verarbeiten\\\/#breadcrumb\"},\"inLanguage\":\"de\",\"potentialAction\":[{\"@type\":\"ReadAction\",\"target\":[\"https:\\\/\\\/www.oros.com\\\/de\\\/produkte\\\/instrumente-zubehr\\\/kann-jeden-beliebigen-wandler-verarbeiten\\\/\"]}]},{\"@type\":\"ImageObject\",\"inLanguage\":\"de\",\"@id\":\"https:\\\/\\\/www.oros.com\\\/de\\\/produkte\\\/instrumente-zubehr\\\/kann-jeden-beliebigen-wandler-verarbeiten\\\/#primaryimage\",\"url\":\"https:\\\/\\\/www.oros.com\\\/wp-content\\\/uploads\\\/2019\\\/06\\\/hammer_bandeau-1.jpg\",\"contentUrl\":\"https:\\\/\\\/www.oros.com\\\/wp-content\\\/uploads\\\/2019\\\/06\\\/hammer_bandeau-1.jpg\",\"width\":709,\"height\":283},{\"@type\":\"BreadcrumbList\",\"@id\":\"https:\\\/\\\/www.oros.com\\\/de\\\/produkte\\\/instrumente-zubehr\\\/kann-jeden-beliebigen-wandler-verarbeiten\\\/#breadcrumb\",\"itemListElement\":[{\"@type\":\"ListItem\",\"position\":1,\"name\":\"Accueil\",\"item\":\"https:\\\/\\\/www.oros.com\\\/de\\\/\"},{\"@type\":\"ListItem\",\"position\":2,\"name\":\"Produkte\",\"item\":\"https:\\\/\\\/www.oros.com\\\/de\\\/produkte\\\/\"},{\"@type\":\"ListItem\",\"position\":3,\"name\":\"Schwingungsmessger\u00e4te\",\"item\":\"https:\\\/\\\/www.oros.com\\\/de\\\/produkte\\\/instrumente-zubehr\\\/\"},{\"@type\":\"ListItem\",\"position\":4,\"name\":\"F\u00fcr eine Vielzahl von Sensoren\"}]},{\"@type\":\"WebSite\",\"@id\":\"https:\\\/\\\/www.oros.com\\\/#website\",\"url\":\"https:\\\/\\\/www.oros.com\\\/\",\"name\":\"OROS\",\"description\":\"Measuring noise &amp; vibration\",\"potentialAction\":[{\"@type\":\"SearchAction\",\"target\":{\"@type\":\"EntryPoint\",\"urlTemplate\":\"https:\\\/\\\/www.oros.com\\\/?s={search_term_string}\"},\"query-input\":{\"@type\":\"PropertyValueSpecification\",\"valueRequired\":true,\"valueName\":\"search_term_string\"}}],\"inLanguage\":\"de\"}]}<\/script>\n<!-- \/ Yoast SEO plugin. -->","yoast_head_json":{"title":"Instrumente f\u00fcr die Ger\u00e4usch- und Schwingungsmessung - OROS","description":"Bew\u00e4ltigen Sie eine Vielzahl von Sensoren: Beschleunigungs- und Geschwindigkeits-, Impulsh\u00e4mmer & Kraftsensoren, Mikrofone, Schallintensit\u00e4tssonden...","robots":{"index":"index","follow":"follow","max-snippet":"max-snippet:-1","max-image-preview":"max-image-preview:large","max-video-preview":"max-video-preview:-1"},"canonical":"https:\/\/www.oros.com\/de\/produkte\/instrumente-zubehr\/kann-jeden-beliebigen-wandler-verarbeiten\/","og_locale":"de_DE","og_type":"article","og_title":"Instrumente f\u00fcr die Ger\u00e4usch- und Schwingungsmessung - OROS","og_description":"Bew\u00e4ltigen Sie eine Vielzahl von Sensoren: Beschleunigungs- und Geschwindigkeits-, Impulsh\u00e4mmer & Kraftsensoren, Mikrofone, Schallintensit\u00e4tssonden...","og_url":"https:\/\/www.oros.com\/de\/produkte\/instrumente-zubehr\/kann-jeden-beliebigen-wandler-verarbeiten\/","og_site_name":"OROS","article_modified_time":"2023-05-17T12:06:42+00:00","og_image":[{"width":709,"height":283,"url":"https:\/\/www.oros.com\/wp-content\/uploads\/2019\/06\/hammer_bandeau-1.jpg","type":"image\/jpeg"}],"twitter_card":"summary_large_image","schema":{"@context":"https:\/\/schema.org","@graph":[{"@type":"WebPage","@id":"https:\/\/www.oros.com\/de\/produkte\/instrumente-zubehr\/kann-jeden-beliebigen-wandler-verarbeiten\/","url":"https:\/\/www.oros.com\/de\/produkte\/instrumente-zubehr\/kann-jeden-beliebigen-wandler-verarbeiten\/","name":"Instrumente f\u00fcr die Ger\u00e4usch- und Schwingungsmessung - OROS","isPartOf":{"@id":"https:\/\/www.oros.com\/#website"},"primaryImageOfPage":{"@id":"https:\/\/www.oros.com\/de\/produkte\/instrumente-zubehr\/kann-jeden-beliebigen-wandler-verarbeiten\/#primaryimage"},"image":{"@id":"https:\/\/www.oros.com\/de\/produkte\/instrumente-zubehr\/kann-jeden-beliebigen-wandler-verarbeiten\/#primaryimage"},"thumbnailUrl":"https:\/\/www.oros.com\/wp-content\/uploads\/2019\/06\/hammer_bandeau-1.jpg","datePublished":"2020-12-21T14:34:55+00:00","dateModified":"2023-05-17T12:06:42+00:00","description":"Bew\u00e4ltigen Sie eine Vielzahl von Sensoren: Beschleunigungs- und Geschwindigkeits-, Impulsh\u00e4mmer & Kraftsensoren, Mikrofone, Schallintensit\u00e4tssonden...","breadcrumb":{"@id":"https:\/\/www.oros.com\/de\/produkte\/instrumente-zubehr\/kann-jeden-beliebigen-wandler-verarbeiten\/#breadcrumb"},"inLanguage":"de","potentialAction":[{"@type":"ReadAction","target":["https:\/\/www.oros.com\/de\/produkte\/instrumente-zubehr\/kann-jeden-beliebigen-wandler-verarbeiten\/"]}]},{"@type":"ImageObject","inLanguage":"de","@id":"https:\/\/www.oros.com\/de\/produkte\/instrumente-zubehr\/kann-jeden-beliebigen-wandler-verarbeiten\/#primaryimage","url":"https:\/\/www.oros.com\/wp-content\/uploads\/2019\/06\/hammer_bandeau-1.jpg","contentUrl":"https:\/\/www.oros.com\/wp-content\/uploads\/2019\/06\/hammer_bandeau-1.jpg","width":709,"height":283},{"@type":"BreadcrumbList","@id":"https:\/\/www.oros.com\/de\/produkte\/instrumente-zubehr\/kann-jeden-beliebigen-wandler-verarbeiten\/#breadcrumb","itemListElement":[{"@type":"ListItem","position":1,"name":"Accueil","item":"https:\/\/www.oros.com\/de\/"},{"@type":"ListItem","position":2,"name":"Produkte","item":"https:\/\/www.oros.com\/de\/produkte\/"},{"@type":"ListItem","position":3,"name":"Schwingungsmessger\u00e4te","item":"https:\/\/www.oros.com\/de\/produkte\/instrumente-zubehr\/"},{"@type":"ListItem","position":4,"name":"F\u00fcr eine Vielzahl von Sensoren"}]},{"@type":"WebSite","@id":"https:\/\/www.oros.com\/#website","url":"https:\/\/www.oros.com\/","name":"OROS","description":"Measuring noise &amp; vibration","potentialAction":[{"@type":"SearchAction","target":{"@type":"EntryPoint","urlTemplate":"https:\/\/www.oros.com\/?s={search_term_string}"},"query-input":{"@type":"PropertyValueSpecification","valueRequired":true,"valueName":"search_term_string"}}],"inLanguage":"de"}]}},"_links":{"self":[{"href":"https:\/\/www.oros.com\/de\/wp-json\/wp\/v2\/pages\/10565","targetHints":{"allow":["GET"]}}],"collection":[{"href":"https:\/\/www.oros.com\/de\/wp-json\/wp\/v2\/pages"}],"about":[{"href":"https:\/\/www.oros.com\/de\/wp-json\/wp\/v2\/types\/page"}],"author":[{"embeddable":true,"href":"https:\/\/www.oros.com\/de\/wp-json\/wp\/v2\/users\/5"}],"replies":[{"embeddable":true,"href":"https:\/\/www.oros.com\/de\/wp-json\/wp\/v2\/comments?post=10565"}],"version-history":[{"count":7,"href":"https:\/\/www.oros.com\/de\/wp-json\/wp\/v2\/pages\/10565\/revisions"}],"predecessor-version":[{"id":130247,"href":"https:\/\/www.oros.com\/de\/wp-json\/wp\/v2\/pages\/10565\/revisions\/130247"}],"up":[{"embeddable":true,"href":"https:\/\/www.oros.com\/de\/wp-json\/wp\/v2\/pages\/10497"}],"wp:featuredmedia":[{"embeddable":true,"href":"https:\/\/www.oros.com\/de\/wp-json\/wp\/v2\/media\/5612"}],"wp:attachment":[{"href":"https:\/\/www.oros.com\/de\/wp-json\/wp\/v2\/media?parent=10565"}],"curies":[{"name":"wp","href":"https:\/\/api.w.org\/{rel}","templated":true}]}}