{"id":10570,"date":"2020-12-21T15:35:37","date_gmt":"2020-12-21T14:35:18","guid":{"rendered":"https:\/\/www.oros.com\/lsungen\/instrumente-zubehr\/or38-rekorder-fr-den-teamwork-analysator-mit-32-kanlen\/"},"modified":"2023-05-22T14:19:35","modified_gmt":"2023-05-22T12:19:35","slug":"or38-teamwork-analysator-mit-32-kanlen","status":"publish","type":"page","link":"https:\/\/www.oros.com\/de\/produkte\/instrumente-zubehr\/or38-teamwork-analysator-mit-32-kanlen\/","title":{"rendered":"OR38 &#8211; Teamwork-Analysator mit 32 Kan\u00e4len"},"content":{"rendered":"<p>Mit bis zu 32 Kan\u00e4len ist der OR38 eine Synthese von Komponenten, die in der Regel separat f\u00fcr Messungen verwendet werden: Analysator, Datenrekorder, Signalkonditionierer in einem einzigen tragbaren Ger\u00e4t, basierend auf der <a href=\"https:\/\/www.oros.com\/de\/produkte\/instrumente-zubehr\/teamwork-technologie\/\">Teamwork-Technologie<\/a>. Er bietet <strong>die Leistungsf\u00e4higkeit eines fortschrittlichen Laborinstruments in einem modularen und zugleich robusten Design. Der OR38 sorgt f\u00fcr eine schnellere und zuverl\u00e4ssigere Durchf\u00fchrung Ihrer t\u00e4glichen Ger\u00e4usch- und Schwingungsmessungen an Industriemaschinen.<\/strong><\/p>\n","protected":false},"excerpt":{"rendered":"<p>Mit bis zu 32 Kan\u00e4len ist der OR38 eine Synthese von Komponenten, die in der Regel separat f\u00fcr Messungen verwendet&#8230; <span class=\"moretag btn btn--right btn--bold\">Weiterlesen<\/span><\/p>\n","protected":false},"author":5,"featured_media":3662,"parent":10497,"menu_order":5,"comment_status":"closed","ping_status":"closed","template":"views\/solutions.blade.php","meta":{"_acf_changed":false,"inline_featured_image":false,"footnotes":""},"class_list":["post-10570","page","type-page","status-publish","has-post-thumbnail","hentry"],"acf":[],"yoast_head":"<!-- This site is optimized with the Yoast SEO plugin v27.5 - https:\/\/yoast.com\/product\/yoast-seo-wordpress\/ -->\n<title>OR38 \u2013 Schall- und Schwingungsanalyse mit 32 Kan\u00e4len - OROS<\/title>\n<meta name=\"description\" content=\"Mit unserem portablen L\u00e4rm- und Schwingungsanalysator k\u00f6nnen Sie jede Schwingungsmessung oder Diagnose und Fehlersuche vor Ort durchf\u00fchren.\" \/>\n<meta name=\"robots\" content=\"index, follow, max-snippet:-1, max-image-preview:large, max-video-preview:-1\" \/>\n<link rel=\"canonical\" href=\"https:\/\/www.oros.com\/de\/produkte\/instrumente-zubehr\/or38-teamwork-analysator-mit-32-kanlen\/\" \/>\n<meta property=\"og:locale\" content=\"de_DE\" \/>\n<meta property=\"og:type\" content=\"article\" \/>\n<meta property=\"og:title\" content=\"OR38 \u2013 Schall- und Schwingungsanalyse mit 32 Kan\u00e4len - OROS\" \/>\n<meta property=\"og:description\" content=\"Mit unserem portablen L\u00e4rm- und Schwingungsanalysator k\u00f6nnen Sie jede Schwingungsmessung oder Diagnose und Fehlersuche vor Ort durchf\u00fchren.\" \/>\n<meta property=\"og:url\" content=\"https:\/\/www.oros.com\/de\/produkte\/instrumente-zubehr\/or38-teamwork-analysator-mit-32-kanlen\/\" \/>\n<meta property=\"og:site_name\" content=\"OROS\" \/>\n<meta property=\"article:modified_time\" content=\"2023-05-22T12:19:35+00:00\" \/>\n<meta property=\"og:image\" content=\"https:\/\/www.oros.com\/wp-content\/uploads\/2019\/03\/drec_droit_web500.jpg\" \/>\n\t<meta property=\"og:image:width\" content=\"500\" \/>\n\t<meta property=\"og:image:height\" content=\"333\" \/>\n\t<meta property=\"og:image:type\" content=\"image\/jpeg\" \/>\n<meta name=\"twitter:card\" content=\"summary_large_image\" \/>\n<meta name=\"twitter:label1\" content=\"Gesch\u00e4tzte Lesezeit\" \/>\n\t<meta name=\"twitter:data1\" content=\"1\u00a0Minute\" \/>\n<script type=\"application\/ld+json\" class=\"yoast-schema-graph\">{\"@context\":\"https:\\\/\\\/schema.org\",\"@graph\":[{\"@type\":\"WebPage\",\"@id\":\"https:\\\/\\\/www.oros.com\\\/de\\\/produkte\\\/instrumente-zubehr\\\/or38-teamwork-analysator-mit-32-kanlen\\\/\",\"url\":\"https:\\\/\\\/www.oros.com\\\/de\\\/produkte\\\/instrumente-zubehr\\\/or38-teamwork-analysator-mit-32-kanlen\\\/\",\"name\":\"OR38 \u2013 Schall- und Schwingungsanalyse mit 32 Kan\u00e4len - OROS\",\"isPartOf\":{\"@id\":\"https:\\\/\\\/www.oros.com\\\/#website\"},\"primaryImageOfPage\":{\"@id\":\"https:\\\/\\\/www.oros.com\\\/de\\\/produkte\\\/instrumente-zubehr\\\/or38-teamwork-analysator-mit-32-kanlen\\\/#primaryimage\"},\"image\":{\"@id\":\"https:\\\/\\\/www.oros.com\\\/de\\\/produkte\\\/instrumente-zubehr\\\/or38-teamwork-analysator-mit-32-kanlen\\\/#primaryimage\"},\"thumbnailUrl\":\"https:\\\/\\\/www.oros.com\\\/wp-content\\\/uploads\\\/2019\\\/03\\\/drec_droit_web500.jpg\",\"datePublished\":\"2020-12-21T14:35:18+00:00\",\"dateModified\":\"2023-05-22T12:19:35+00:00\",\"description\":\"Mit unserem portablen L\u00e4rm- und Schwingungsanalysator k\u00f6nnen Sie jede Schwingungsmessung oder Diagnose und Fehlersuche vor Ort durchf\u00fchren.\",\"breadcrumb\":{\"@id\":\"https:\\\/\\\/www.oros.com\\\/de\\\/produkte\\\/instrumente-zubehr\\\/or38-teamwork-analysator-mit-32-kanlen\\\/#breadcrumb\"},\"inLanguage\":\"de\",\"potentialAction\":[{\"@type\":\"ReadAction\",\"target\":[\"https:\\\/\\\/www.oros.com\\\/de\\\/produkte\\\/instrumente-zubehr\\\/or38-teamwork-analysator-mit-32-kanlen\\\/\"]}]},{\"@type\":\"ImageObject\",\"inLanguage\":\"de\",\"@id\":\"https:\\\/\\\/www.oros.com\\\/de\\\/produkte\\\/instrumente-zubehr\\\/or38-teamwork-analysator-mit-32-kanlen\\\/#primaryimage\",\"url\":\"https:\\\/\\\/www.oros.com\\\/wp-content\\\/uploads\\\/2019\\\/03\\\/drec_droit_web500.jpg\",\"contentUrl\":\"https:\\\/\\\/www.oros.com\\\/wp-content\\\/uploads\\\/2019\\\/03\\\/drec_droit_web500.jpg\",\"width\":500,\"height\":333},{\"@type\":\"BreadcrumbList\",\"@id\":\"https:\\\/\\\/www.oros.com\\\/de\\\/produkte\\\/instrumente-zubehr\\\/or38-teamwork-analysator-mit-32-kanlen\\\/#breadcrumb\",\"itemListElement\":[{\"@type\":\"ListItem\",\"position\":1,\"name\":\"Accueil\",\"item\":\"https:\\\/\\\/www.oros.com\\\/de\\\/\"},{\"@type\":\"ListItem\",\"position\":2,\"name\":\"Produkte\",\"item\":\"https:\\\/\\\/www.oros.com\\\/de\\\/produkte\\\/\"},{\"@type\":\"ListItem\",\"position\":3,\"name\":\"Schwingungsmessger\u00e4te\",\"item\":\"https:\\\/\\\/www.oros.com\\\/de\\\/produkte\\\/instrumente-zubehr\\\/\"},{\"@type\":\"ListItem\",\"position\":4,\"name\":\"OR38 &#8211; Teamwork-Analysator mit 32 Kan\u00e4len\"}]},{\"@type\":\"WebSite\",\"@id\":\"https:\\\/\\\/www.oros.com\\\/#website\",\"url\":\"https:\\\/\\\/www.oros.com\\\/\",\"name\":\"OROS\",\"description\":\"Measuring noise &amp; vibration\",\"potentialAction\":[{\"@type\":\"SearchAction\",\"target\":{\"@type\":\"EntryPoint\",\"urlTemplate\":\"https:\\\/\\\/www.oros.com\\\/?s={search_term_string}\"},\"query-input\":{\"@type\":\"PropertyValueSpecification\",\"valueRequired\":true,\"valueName\":\"search_term_string\"}}],\"inLanguage\":\"de\"}]}<\/script>\n<!-- \/ Yoast SEO plugin. -->","yoast_head_json":{"title":"OR38 \u2013 Schall- und Schwingungsanalyse mit 32 Kan\u00e4len - OROS","description":"Mit unserem portablen L\u00e4rm- und Schwingungsanalysator k\u00f6nnen Sie jede Schwingungsmessung oder Diagnose und Fehlersuche vor Ort durchf\u00fchren.","robots":{"index":"index","follow":"follow","max-snippet":"max-snippet:-1","max-image-preview":"max-image-preview:large","max-video-preview":"max-video-preview:-1"},"canonical":"https:\/\/www.oros.com\/de\/produkte\/instrumente-zubehr\/or38-teamwork-analysator-mit-32-kanlen\/","og_locale":"de_DE","og_type":"article","og_title":"OR38 \u2013 Schall- und Schwingungsanalyse mit 32 Kan\u00e4len - OROS","og_description":"Mit unserem portablen L\u00e4rm- und Schwingungsanalysator k\u00f6nnen Sie jede Schwingungsmessung oder Diagnose und Fehlersuche vor Ort durchf\u00fchren.","og_url":"https:\/\/www.oros.com\/de\/produkte\/instrumente-zubehr\/or38-teamwork-analysator-mit-32-kanlen\/","og_site_name":"OROS","article_modified_time":"2023-05-22T12:19:35+00:00","og_image":[{"width":500,"height":333,"url":"https:\/\/www.oros.com\/wp-content\/uploads\/2019\/03\/drec_droit_web500.jpg","type":"image\/jpeg"}],"twitter_card":"summary_large_image","twitter_misc":{"Gesch\u00e4tzte Lesezeit":"1\u00a0Minute"},"schema":{"@context":"https:\/\/schema.org","@graph":[{"@type":"WebPage","@id":"https:\/\/www.oros.com\/de\/produkte\/instrumente-zubehr\/or38-teamwork-analysator-mit-32-kanlen\/","url":"https:\/\/www.oros.com\/de\/produkte\/instrumente-zubehr\/or38-teamwork-analysator-mit-32-kanlen\/","name":"OR38 \u2013 Schall- und Schwingungsanalyse mit 32 Kan\u00e4len - OROS","isPartOf":{"@id":"https:\/\/www.oros.com\/#website"},"primaryImageOfPage":{"@id":"https:\/\/www.oros.com\/de\/produkte\/instrumente-zubehr\/or38-teamwork-analysator-mit-32-kanlen\/#primaryimage"},"image":{"@id":"https:\/\/www.oros.com\/de\/produkte\/instrumente-zubehr\/or38-teamwork-analysator-mit-32-kanlen\/#primaryimage"},"thumbnailUrl":"https:\/\/www.oros.com\/wp-content\/uploads\/2019\/03\/drec_droit_web500.jpg","datePublished":"2020-12-21T14:35:18+00:00","dateModified":"2023-05-22T12:19:35+00:00","description":"Mit unserem portablen L\u00e4rm- und Schwingungsanalysator k\u00f6nnen Sie jede Schwingungsmessung oder Diagnose und Fehlersuche vor Ort durchf\u00fchren.","breadcrumb":{"@id":"https:\/\/www.oros.com\/de\/produkte\/instrumente-zubehr\/or38-teamwork-analysator-mit-32-kanlen\/#breadcrumb"},"inLanguage":"de","potentialAction":[{"@type":"ReadAction","target":["https:\/\/www.oros.com\/de\/produkte\/instrumente-zubehr\/or38-teamwork-analysator-mit-32-kanlen\/"]}]},{"@type":"ImageObject","inLanguage":"de","@id":"https:\/\/www.oros.com\/de\/produkte\/instrumente-zubehr\/or38-teamwork-analysator-mit-32-kanlen\/#primaryimage","url":"https:\/\/www.oros.com\/wp-content\/uploads\/2019\/03\/drec_droit_web500.jpg","contentUrl":"https:\/\/www.oros.com\/wp-content\/uploads\/2019\/03\/drec_droit_web500.jpg","width":500,"height":333},{"@type":"BreadcrumbList","@id":"https:\/\/www.oros.com\/de\/produkte\/instrumente-zubehr\/or38-teamwork-analysator-mit-32-kanlen\/#breadcrumb","itemListElement":[{"@type":"ListItem","position":1,"name":"Accueil","item":"https:\/\/www.oros.com\/de\/"},{"@type":"ListItem","position":2,"name":"Produkte","item":"https:\/\/www.oros.com\/de\/produkte\/"},{"@type":"ListItem","position":3,"name":"Schwingungsmessger\u00e4te","item":"https:\/\/www.oros.com\/de\/produkte\/instrumente-zubehr\/"},{"@type":"ListItem","position":4,"name":"OR38 &#8211; Teamwork-Analysator mit 32 Kan\u00e4len"}]},{"@type":"WebSite","@id":"https:\/\/www.oros.com\/#website","url":"https:\/\/www.oros.com\/","name":"OROS","description":"Measuring noise &amp; vibration","potentialAction":[{"@type":"SearchAction","target":{"@type":"EntryPoint","urlTemplate":"https:\/\/www.oros.com\/?s={search_term_string}"},"query-input":{"@type":"PropertyValueSpecification","valueRequired":true,"valueName":"search_term_string"}}],"inLanguage":"de"}]}},"_links":{"self":[{"href":"https:\/\/www.oros.com\/de\/wp-json\/wp\/v2\/pages\/10570","targetHints":{"allow":["GET"]}}],"collection":[{"href":"https:\/\/www.oros.com\/de\/wp-json\/wp\/v2\/pages"}],"about":[{"href":"https:\/\/www.oros.com\/de\/wp-json\/wp\/v2\/types\/page"}],"author":[{"embeddable":true,"href":"https:\/\/www.oros.com\/de\/wp-json\/wp\/v2\/users\/5"}],"replies":[{"embeddable":true,"href":"https:\/\/www.oros.com\/de\/wp-json\/wp\/v2\/comments?post=10570"}],"version-history":[{"count":10,"href":"https:\/\/www.oros.com\/de\/wp-json\/wp\/v2\/pages\/10570\/revisions"}],"predecessor-version":[{"id":130315,"href":"https:\/\/www.oros.com\/de\/wp-json\/wp\/v2\/pages\/10570\/revisions\/130315"}],"up":[{"embeddable":true,"href":"https:\/\/www.oros.com\/de\/wp-json\/wp\/v2\/pages\/10497"}],"wp:featuredmedia":[{"embeddable":true,"href":"https:\/\/www.oros.com\/de\/wp-json\/wp\/v2\/media\/3662"}],"wp:attachment":[{"href":"https:\/\/www.oros.com\/de\/wp-json\/wp\/v2\/media?parent=10570"}],"curies":[{"name":"wp","href":"https:\/\/api.w.org\/{rel}","templated":true}]}}