{"id":10571,"date":"2020-12-21T15:35:25","date_gmt":"2020-12-21T14:35:25","guid":{"rendered":"https:\/\/www.oros.com\/anwendungen\/gerusche\/gebudeakustik\/"},"modified":"2022-08-22T10:23:45","modified_gmt":"2022-08-22T08:23:45","slug":"gebudeakustik","status":"publish","type":"page","link":"https:\/\/www.oros.com\/de\/anwendungen\/akustik\/gebudeakustik\/","title":{"rendered":"Geb\u00e4udeakustik"},"content":{"rendered":"","protected":false},"excerpt":{"rendered":"","protected":false},"author":5,"featured_media":5191,"parent":10468,"menu_order":3,"comment_status":"closed","ping_status":"closed","template":"views\/applications.blade.php","meta":{"_acf_changed":false,"inline_featured_image":false,"footnotes":""},"class_list":["post-10571","page","type-page","status-publish","has-post-thumbnail","hentry"],"acf":[],"yoast_head":"<!-- This site is optimized with the Yoast SEO plugin v27.5 - https:\/\/yoast.com\/product\/yoast-seo-wordpress\/ -->\n<title>Messger\u00e4te f\u00fcr Strukturschwingungen und L\u00e4rm - OROS<\/title>\n<meta name=\"description\" content=\"Durchf\u00fchrung von Schall- und Schwingungsmessungen f\u00fcr Geb\u00e4udeschwingungen: Strukturdynamik, Standschwingungen, bautechnische \u00dcberwachung.\" \/>\n<meta name=\"robots\" content=\"index, follow, max-snippet:-1, max-image-preview:large, max-video-preview:-1\" \/>\n<link rel=\"canonical\" href=\"https:\/\/www.oros.com\/de\/anwendungen\/akustik\/gebudeakustik\/\" \/>\n<meta property=\"og:locale\" content=\"de_DE\" \/>\n<meta property=\"og:type\" content=\"article\" \/>\n<meta property=\"og:title\" content=\"Messger\u00e4te f\u00fcr Strukturschwingungen und L\u00e4rm - OROS\" \/>\n<meta property=\"og:description\" content=\"Durchf\u00fchrung von Schall- und Schwingungsmessungen f\u00fcr Geb\u00e4udeschwingungen: Strukturdynamik, Standschwingungen, bautechnische \u00dcberwachung.\" \/>\n<meta property=\"og:url\" content=\"https:\/\/www.oros.com\/de\/anwendungen\/akustik\/gebudeakustik\/\" \/>\n<meta property=\"og:site_name\" content=\"OROS\" \/>\n<meta property=\"article:modified_time\" content=\"2022-08-22T08:23:45+00:00\" \/>\n<meta property=\"og:image\" content=\"https:\/\/www.oros.com\/wp-content\/uploads\/2019\/06\/structure.jpg\" \/>\n\t<meta property=\"og:image:width\" content=\"1000\" \/>\n\t<meta property=\"og:image:height\" content=\"667\" \/>\n\t<meta property=\"og:image:type\" content=\"image\/jpeg\" \/>\n<meta name=\"twitter:card\" content=\"summary_large_image\" \/>\n<script type=\"application\/ld+json\" class=\"yoast-schema-graph\">{\"@context\":\"https:\\\/\\\/schema.org\",\"@graph\":[{\"@type\":\"WebPage\",\"@id\":\"https:\\\/\\\/www.oros.com\\\/de\\\/anwendungen\\\/akustik\\\/gebudeakustik\\\/\",\"url\":\"https:\\\/\\\/www.oros.com\\\/de\\\/anwendungen\\\/akustik\\\/gebudeakustik\\\/\",\"name\":\"Messger\u00e4te f\u00fcr Strukturschwingungen und L\u00e4rm - OROS\",\"isPartOf\":{\"@id\":\"https:\\\/\\\/www.oros.com\\\/#website\"},\"primaryImageOfPage\":{\"@id\":\"https:\\\/\\\/www.oros.com\\\/de\\\/anwendungen\\\/akustik\\\/gebudeakustik\\\/#primaryimage\"},\"image\":{\"@id\":\"https:\\\/\\\/www.oros.com\\\/de\\\/anwendungen\\\/akustik\\\/gebudeakustik\\\/#primaryimage\"},\"thumbnailUrl\":\"https:\\\/\\\/www.oros.com\\\/wp-content\\\/uploads\\\/2019\\\/06\\\/structure.jpg\",\"datePublished\":\"2020-12-21T14:35:25+00:00\",\"dateModified\":\"2022-08-22T08:23:45+00:00\",\"description\":\"Durchf\u00fchrung von Schall- und Schwingungsmessungen f\u00fcr Geb\u00e4udeschwingungen: Strukturdynamik, Standschwingungen, bautechnische \u00dcberwachung.\",\"breadcrumb\":{\"@id\":\"https:\\\/\\\/www.oros.com\\\/de\\\/anwendungen\\\/akustik\\\/gebudeakustik\\\/#breadcrumb\"},\"inLanguage\":\"de\",\"potentialAction\":[{\"@type\":\"ReadAction\",\"target\":[\"https:\\\/\\\/www.oros.com\\\/de\\\/anwendungen\\\/akustik\\\/gebudeakustik\\\/\"]}]},{\"@type\":\"ImageObject\",\"inLanguage\":\"de\",\"@id\":\"https:\\\/\\\/www.oros.com\\\/de\\\/anwendungen\\\/akustik\\\/gebudeakustik\\\/#primaryimage\",\"url\":\"https:\\\/\\\/www.oros.com\\\/wp-content\\\/uploads\\\/2019\\\/06\\\/structure.jpg\",\"contentUrl\":\"https:\\\/\\\/www.oros.com\\\/wp-content\\\/uploads\\\/2019\\\/06\\\/structure.jpg\",\"width\":1000,\"height\":667},{\"@type\":\"BreadcrumbList\",\"@id\":\"https:\\\/\\\/www.oros.com\\\/de\\\/anwendungen\\\/akustik\\\/gebudeakustik\\\/#breadcrumb\",\"itemListElement\":[{\"@type\":\"ListItem\",\"position\":1,\"name\":\"Accueil\",\"item\":\"https:\\\/\\\/www.oros.com\\\/de\\\/\"},{\"@type\":\"ListItem\",\"position\":2,\"name\":\"Anwendungen\",\"item\":\"https:\\\/\\\/www.oros.com\\\/de\\\/anwendungen\\\/\"},{\"@type\":\"ListItem\",\"position\":3,\"name\":\"Akustik\",\"item\":\"https:\\\/\\\/www.oros.com\\\/de\\\/anwendungen\\\/akustik\\\/\"},{\"@type\":\"ListItem\",\"position\":4,\"name\":\"Geb\u00e4udeakustik\"}]},{\"@type\":\"WebSite\",\"@id\":\"https:\\\/\\\/www.oros.com\\\/#website\",\"url\":\"https:\\\/\\\/www.oros.com\\\/\",\"name\":\"OROS\",\"description\":\"Measuring noise &amp; vibration\",\"potentialAction\":[{\"@type\":\"SearchAction\",\"target\":{\"@type\":\"EntryPoint\",\"urlTemplate\":\"https:\\\/\\\/www.oros.com\\\/?s={search_term_string}\"},\"query-input\":{\"@type\":\"PropertyValueSpecification\",\"valueRequired\":true,\"valueName\":\"search_term_string\"}}],\"inLanguage\":\"de\"}]}<\/script>\n<!-- \/ Yoast SEO plugin. -->","yoast_head_json":{"title":"Messger\u00e4te f\u00fcr Strukturschwingungen und L\u00e4rm - OROS","description":"Durchf\u00fchrung von Schall- und Schwingungsmessungen f\u00fcr Geb\u00e4udeschwingungen: Strukturdynamik, Standschwingungen, bautechnische \u00dcberwachung.","robots":{"index":"index","follow":"follow","max-snippet":"max-snippet:-1","max-image-preview":"max-image-preview:large","max-video-preview":"max-video-preview:-1"},"canonical":"https:\/\/www.oros.com\/de\/anwendungen\/akustik\/gebudeakustik\/","og_locale":"de_DE","og_type":"article","og_title":"Messger\u00e4te f\u00fcr Strukturschwingungen und L\u00e4rm - OROS","og_description":"Durchf\u00fchrung von Schall- und Schwingungsmessungen f\u00fcr Geb\u00e4udeschwingungen: Strukturdynamik, Standschwingungen, bautechnische \u00dcberwachung.","og_url":"https:\/\/www.oros.com\/de\/anwendungen\/akustik\/gebudeakustik\/","og_site_name":"OROS","article_modified_time":"2022-08-22T08:23:45+00:00","og_image":[{"width":1000,"height":667,"url":"https:\/\/www.oros.com\/wp-content\/uploads\/2019\/06\/structure.jpg","type":"image\/jpeg"}],"twitter_card":"summary_large_image","schema":{"@context":"https:\/\/schema.org","@graph":[{"@type":"WebPage","@id":"https:\/\/www.oros.com\/de\/anwendungen\/akustik\/gebudeakustik\/","url":"https:\/\/www.oros.com\/de\/anwendungen\/akustik\/gebudeakustik\/","name":"Messger\u00e4te f\u00fcr Strukturschwingungen und L\u00e4rm - OROS","isPartOf":{"@id":"https:\/\/www.oros.com\/#website"},"primaryImageOfPage":{"@id":"https:\/\/www.oros.com\/de\/anwendungen\/akustik\/gebudeakustik\/#primaryimage"},"image":{"@id":"https:\/\/www.oros.com\/de\/anwendungen\/akustik\/gebudeakustik\/#primaryimage"},"thumbnailUrl":"https:\/\/www.oros.com\/wp-content\/uploads\/2019\/06\/structure.jpg","datePublished":"2020-12-21T14:35:25+00:00","dateModified":"2022-08-22T08:23:45+00:00","description":"Durchf\u00fchrung von Schall- und Schwingungsmessungen f\u00fcr Geb\u00e4udeschwingungen: Strukturdynamik, Standschwingungen, bautechnische \u00dcberwachung.","breadcrumb":{"@id":"https:\/\/www.oros.com\/de\/anwendungen\/akustik\/gebudeakustik\/#breadcrumb"},"inLanguage":"de","potentialAction":[{"@type":"ReadAction","target":["https:\/\/www.oros.com\/de\/anwendungen\/akustik\/gebudeakustik\/"]}]},{"@type":"ImageObject","inLanguage":"de","@id":"https:\/\/www.oros.com\/de\/anwendungen\/akustik\/gebudeakustik\/#primaryimage","url":"https:\/\/www.oros.com\/wp-content\/uploads\/2019\/06\/structure.jpg","contentUrl":"https:\/\/www.oros.com\/wp-content\/uploads\/2019\/06\/structure.jpg","width":1000,"height":667},{"@type":"BreadcrumbList","@id":"https:\/\/www.oros.com\/de\/anwendungen\/akustik\/gebudeakustik\/#breadcrumb","itemListElement":[{"@type":"ListItem","position":1,"name":"Accueil","item":"https:\/\/www.oros.com\/de\/"},{"@type":"ListItem","position":2,"name":"Anwendungen","item":"https:\/\/www.oros.com\/de\/anwendungen\/"},{"@type":"ListItem","position":3,"name":"Akustik","item":"https:\/\/www.oros.com\/de\/anwendungen\/akustik\/"},{"@type":"ListItem","position":4,"name":"Geb\u00e4udeakustik"}]},{"@type":"WebSite","@id":"https:\/\/www.oros.com\/#website","url":"https:\/\/www.oros.com\/","name":"OROS","description":"Measuring noise &amp; vibration","potentialAction":[{"@type":"SearchAction","target":{"@type":"EntryPoint","urlTemplate":"https:\/\/www.oros.com\/?s={search_term_string}"},"query-input":{"@type":"PropertyValueSpecification","valueRequired":true,"valueName":"search_term_string"}}],"inLanguage":"de"}]}},"_links":{"self":[{"href":"https:\/\/www.oros.com\/de\/wp-json\/wp\/v2\/pages\/10571","targetHints":{"allow":["GET"]}}],"collection":[{"href":"https:\/\/www.oros.com\/de\/wp-json\/wp\/v2\/pages"}],"about":[{"href":"https:\/\/www.oros.com\/de\/wp-json\/wp\/v2\/types\/page"}],"author":[{"embeddable":true,"href":"https:\/\/www.oros.com\/de\/wp-json\/wp\/v2\/users\/5"}],"replies":[{"embeddable":true,"href":"https:\/\/www.oros.com\/de\/wp-json\/wp\/v2\/comments?post=10571"}],"version-history":[{"count":5,"href":"https:\/\/www.oros.com\/de\/wp-json\/wp\/v2\/pages\/10571\/revisions"}],"predecessor-version":[{"id":117720,"href":"https:\/\/www.oros.com\/de\/wp-json\/wp\/v2\/pages\/10571\/revisions\/117720"}],"up":[{"embeddable":true,"href":"https:\/\/www.oros.com\/de\/wp-json\/wp\/v2\/pages\/10468"}],"wp:featuredmedia":[{"embeddable":true,"href":"https:\/\/www.oros.com\/de\/wp-json\/wp\/v2\/media\/5191"}],"wp:attachment":[{"href":"https:\/\/www.oros.com\/de\/wp-json\/wp\/v2\/media?parent=10571"}],"curies":[{"name":"wp","href":"https:\/\/api.w.org\/{rel}","templated":true}]}}