{"id":10574,"date":"2020-12-21T15:35:34","date_gmt":"2020-12-21T14:35:34","guid":{"rendered":"https:\/\/www.oros.com\/lsungen\/datenerfassung-und-signalverarbeitung\/teamwork-technologie-software\/"},"modified":"2023-05-17T14:11:21","modified_gmt":"2023-05-17T12:11:21","slug":"teamwork-technologie-software","status":"publish","type":"page","link":"https:\/\/www.oros.com\/de\/produkte\/geraeusche-und-schwingungen\/teamwork-technologie-software\/","title":{"rendered":"Teamwork-Technologie-Software"},"content":{"rendered":"<p>Die OROS-Software bietet native Technologie, die die Effizienz, Sicherheit und Qualit\u00e4t Ihrer Messungen erh\u00f6ht. Die Teamwork-Technologie ist nativ in jede kritische Softwarestelle eingebettet und bietet eine komplette Umgebung f\u00fcr hocheffiziente Analysen.<\/p>\n","protected":false},"excerpt":{"rendered":"<p>Die OROS-Software bietet native Technologie, die die Effizienz, Sicherheit und Qualit\u00e4t Ihrer Messungen erh\u00f6ht. Die Teamwork-Technologie ist nativ in jede&#8230; <span class=\"moretag btn btn--right btn--bold\">Weiterlesen<\/span><\/p>\n","protected":false},"author":5,"featured_media":6323,"parent":10498,"menu_order":3,"comment_status":"closed","ping_status":"closed","template":"views\/solutions.blade.php","meta":{"_acf_changed":false,"inline_featured_image":false,"footnotes":""},"class_list":["post-10574","page","type-page","status-publish","has-post-thumbnail","hentry"],"acf":[],"yoast_head":"<!-- This site is optimized with the Yoast SEO plugin v27.4 - https:\/\/yoast.com\/product\/yoast-seo-wordpress\/ -->\n<title>Teamwork-Technologie-Software - OROS Schall &amp; Schwingungen<\/title>\n<meta name=\"description\" content=\"Nutzen Sie die fortschrittliche Technologie der Teamwork-Software von OROS, um die Effizienz, Sicherheit und Qualit\u00e4t Ihrer Schall- und Schwingungsmessungen zu steigern.\" \/>\n<meta name=\"robots\" content=\"index, follow, max-snippet:-1, max-image-preview:large, max-video-preview:-1\" \/>\n<link rel=\"canonical\" href=\"https:\/\/www.oros.com\/de\/produkte\/geraeusche-und-schwingungen\/teamwork-technologie-software\/\" \/>\n<meta property=\"og:locale\" content=\"de_DE\" \/>\n<meta property=\"og:type\" content=\"article\" \/>\n<meta property=\"og:title\" content=\"Teamwork-Technologie-Software - OROS Schall &amp; Schwingungen\" \/>\n<meta property=\"og:description\" content=\"Nutzen Sie die fortschrittliche Technologie der Teamwork-Software von OROS, um die Effizienz, Sicherheit und Qualit\u00e4t Ihrer Schall- und Schwingungsmessungen zu steigern.\" \/>\n<meta property=\"og:url\" content=\"https:\/\/www.oros.com\/de\/produkte\/geraeusche-und-schwingungen\/teamwork-technologie-software\/\" \/>\n<meta property=\"og:site_name\" content=\"OROS\" \/>\n<meta property=\"article:modified_time\" content=\"2023-05-17T12:11:21+00:00\" \/>\n<meta property=\"og:image\" content=\"https:\/\/www.oros.com\/wp-content\/uploads\/2019\/06\/teamwork_nvgate_mockup_web-1.jpg\" \/>\n\t<meta property=\"og:image:width\" content=\"1000\" \/>\n\t<meta property=\"og:image:height\" content=\"666\" \/>\n\t<meta property=\"og:image:type\" content=\"image\/jpeg\" \/>\n<meta name=\"twitter:card\" content=\"summary_large_image\" \/>\n<meta name=\"twitter:label1\" content=\"Gesch\u00e4tzte Lesezeit\" \/>\n\t<meta name=\"twitter:data1\" content=\"1\u00a0Minute\" \/>\n<script type=\"application\/ld+json\" class=\"yoast-schema-graph\">{\"@context\":\"https:\\\/\\\/schema.org\",\"@graph\":[{\"@type\":\"WebPage\",\"@id\":\"https:\\\/\\\/www.oros.com\\\/de\\\/produkte\\\/geraeusche-und-schwingungen\\\/teamwork-technologie-software\\\/\",\"url\":\"https:\\\/\\\/www.oros.com\\\/de\\\/produkte\\\/geraeusche-und-schwingungen\\\/teamwork-technologie-software\\\/\",\"name\":\"Teamwork-Technologie-Software - OROS Schall & Schwingungen\",\"isPartOf\":{\"@id\":\"https:\\\/\\\/www.oros.com\\\/#website\"},\"primaryImageOfPage\":{\"@id\":\"https:\\\/\\\/www.oros.com\\\/de\\\/produkte\\\/geraeusche-und-schwingungen\\\/teamwork-technologie-software\\\/#primaryimage\"},\"image\":{\"@id\":\"https:\\\/\\\/www.oros.com\\\/de\\\/produkte\\\/geraeusche-und-schwingungen\\\/teamwork-technologie-software\\\/#primaryimage\"},\"thumbnailUrl\":\"https:\\\/\\\/www.oros.com\\\/wp-content\\\/uploads\\\/2019\\\/06\\\/teamwork_nvgate_mockup_web-1.jpg\",\"datePublished\":\"2020-12-21T14:35:34+00:00\",\"dateModified\":\"2023-05-17T12:11:21+00:00\",\"description\":\"Nutzen Sie die fortschrittliche Technologie der Teamwork-Software von OROS, um die Effizienz, Sicherheit und Qualit\u00e4t Ihrer Schall- und Schwingungsmessungen zu steigern.\",\"breadcrumb\":{\"@id\":\"https:\\\/\\\/www.oros.com\\\/de\\\/produkte\\\/geraeusche-und-schwingungen\\\/teamwork-technologie-software\\\/#breadcrumb\"},\"inLanguage\":\"de\",\"potentialAction\":[{\"@type\":\"ReadAction\",\"target\":[\"https:\\\/\\\/www.oros.com\\\/de\\\/produkte\\\/geraeusche-und-schwingungen\\\/teamwork-technologie-software\\\/\"]}]},{\"@type\":\"ImageObject\",\"inLanguage\":\"de\",\"@id\":\"https:\\\/\\\/www.oros.com\\\/de\\\/produkte\\\/geraeusche-und-schwingungen\\\/teamwork-technologie-software\\\/#primaryimage\",\"url\":\"https:\\\/\\\/www.oros.com\\\/wp-content\\\/uploads\\\/2019\\\/06\\\/teamwork_nvgate_mockup_web-1.jpg\",\"contentUrl\":\"https:\\\/\\\/www.oros.com\\\/wp-content\\\/uploads\\\/2019\\\/06\\\/teamwork_nvgate_mockup_web-1.jpg\",\"width\":1000,\"height\":666,\"caption\":\"NVGate noise and vibration software platform\"},{\"@type\":\"BreadcrumbList\",\"@id\":\"https:\\\/\\\/www.oros.com\\\/de\\\/produkte\\\/geraeusche-und-schwingungen\\\/teamwork-technologie-software\\\/#breadcrumb\",\"itemListElement\":[{\"@type\":\"ListItem\",\"position\":1,\"name\":\"Accueil\",\"item\":\"https:\\\/\\\/www.oros.com\\\/de\\\/\"},{\"@type\":\"ListItem\",\"position\":2,\"name\":\"Produkte\",\"item\":\"https:\\\/\\\/www.oros.com\\\/de\\\/produkte\\\/\"},{\"@type\":\"ListItem\",\"position\":3,\"name\":\"Ger\u00e4usche und Schwingungen\",\"item\":\"https:\\\/\\\/www.oros.com\\\/de\\\/produkte\\\/geraeusche-und-schwingungen\\\/\"},{\"@type\":\"ListItem\",\"position\":4,\"name\":\"Teamwork-Technologie-Software\"}]},{\"@type\":\"WebSite\",\"@id\":\"https:\\\/\\\/www.oros.com\\\/#website\",\"url\":\"https:\\\/\\\/www.oros.com\\\/\",\"name\":\"OROS\",\"description\":\"Measuring noise &amp; vibration\",\"potentialAction\":[{\"@type\":\"SearchAction\",\"target\":{\"@type\":\"EntryPoint\",\"urlTemplate\":\"https:\\\/\\\/www.oros.com\\\/?s={search_term_string}\"},\"query-input\":{\"@type\":\"PropertyValueSpecification\",\"valueRequired\":true,\"valueName\":\"search_term_string\"}}],\"inLanguage\":\"de\"}]}<\/script>\n<!-- \/ Yoast SEO plugin. -->","yoast_head_json":{"title":"Teamwork-Technologie-Software - OROS Schall & Schwingungen","description":"Nutzen Sie die fortschrittliche Technologie der Teamwork-Software von OROS, um die Effizienz, Sicherheit und Qualit\u00e4t Ihrer Schall- und Schwingungsmessungen zu steigern.","robots":{"index":"index","follow":"follow","max-snippet":"max-snippet:-1","max-image-preview":"max-image-preview:large","max-video-preview":"max-video-preview:-1"},"canonical":"https:\/\/www.oros.com\/de\/produkte\/geraeusche-und-schwingungen\/teamwork-technologie-software\/","og_locale":"de_DE","og_type":"article","og_title":"Teamwork-Technologie-Software - OROS Schall & Schwingungen","og_description":"Nutzen Sie die fortschrittliche Technologie der Teamwork-Software von OROS, um die Effizienz, Sicherheit und Qualit\u00e4t Ihrer Schall- und Schwingungsmessungen zu steigern.","og_url":"https:\/\/www.oros.com\/de\/produkte\/geraeusche-und-schwingungen\/teamwork-technologie-software\/","og_site_name":"OROS","article_modified_time":"2023-05-17T12:11:21+00:00","og_image":[{"width":1000,"height":666,"url":"https:\/\/www.oros.com\/wp-content\/uploads\/2019\/06\/teamwork_nvgate_mockup_web-1.jpg","type":"image\/jpeg"}],"twitter_card":"summary_large_image","twitter_misc":{"Gesch\u00e4tzte Lesezeit":"1\u00a0Minute"},"schema":{"@context":"https:\/\/schema.org","@graph":[{"@type":"WebPage","@id":"https:\/\/www.oros.com\/de\/produkte\/geraeusche-und-schwingungen\/teamwork-technologie-software\/","url":"https:\/\/www.oros.com\/de\/produkte\/geraeusche-und-schwingungen\/teamwork-technologie-software\/","name":"Teamwork-Technologie-Software - OROS Schall & Schwingungen","isPartOf":{"@id":"https:\/\/www.oros.com\/#website"},"primaryImageOfPage":{"@id":"https:\/\/www.oros.com\/de\/produkte\/geraeusche-und-schwingungen\/teamwork-technologie-software\/#primaryimage"},"image":{"@id":"https:\/\/www.oros.com\/de\/produkte\/geraeusche-und-schwingungen\/teamwork-technologie-software\/#primaryimage"},"thumbnailUrl":"https:\/\/www.oros.com\/wp-content\/uploads\/2019\/06\/teamwork_nvgate_mockup_web-1.jpg","datePublished":"2020-12-21T14:35:34+00:00","dateModified":"2023-05-17T12:11:21+00:00","description":"Nutzen Sie die fortschrittliche Technologie der Teamwork-Software von OROS, um die Effizienz, Sicherheit und Qualit\u00e4t Ihrer Schall- und Schwingungsmessungen zu steigern.","breadcrumb":{"@id":"https:\/\/www.oros.com\/de\/produkte\/geraeusche-und-schwingungen\/teamwork-technologie-software\/#breadcrumb"},"inLanguage":"de","potentialAction":[{"@type":"ReadAction","target":["https:\/\/www.oros.com\/de\/produkte\/geraeusche-und-schwingungen\/teamwork-technologie-software\/"]}]},{"@type":"ImageObject","inLanguage":"de","@id":"https:\/\/www.oros.com\/de\/produkte\/geraeusche-und-schwingungen\/teamwork-technologie-software\/#primaryimage","url":"https:\/\/www.oros.com\/wp-content\/uploads\/2019\/06\/teamwork_nvgate_mockup_web-1.jpg","contentUrl":"https:\/\/www.oros.com\/wp-content\/uploads\/2019\/06\/teamwork_nvgate_mockup_web-1.jpg","width":1000,"height":666,"caption":"NVGate noise and vibration software platform"},{"@type":"BreadcrumbList","@id":"https:\/\/www.oros.com\/de\/produkte\/geraeusche-und-schwingungen\/teamwork-technologie-software\/#breadcrumb","itemListElement":[{"@type":"ListItem","position":1,"name":"Accueil","item":"https:\/\/www.oros.com\/de\/"},{"@type":"ListItem","position":2,"name":"Produkte","item":"https:\/\/www.oros.com\/de\/produkte\/"},{"@type":"ListItem","position":3,"name":"Ger\u00e4usche und Schwingungen","item":"https:\/\/www.oros.com\/de\/produkte\/geraeusche-und-schwingungen\/"},{"@type":"ListItem","position":4,"name":"Teamwork-Technologie-Software"}]},{"@type":"WebSite","@id":"https:\/\/www.oros.com\/#website","url":"https:\/\/www.oros.com\/","name":"OROS","description":"Measuring noise &amp; vibration","potentialAction":[{"@type":"SearchAction","target":{"@type":"EntryPoint","urlTemplate":"https:\/\/www.oros.com\/?s={search_term_string}"},"query-input":{"@type":"PropertyValueSpecification","valueRequired":true,"valueName":"search_term_string"}}],"inLanguage":"de"}]}},"_links":{"self":[{"href":"https:\/\/www.oros.com\/de\/wp-json\/wp\/v2\/pages\/10574","targetHints":{"allow":["GET"]}}],"collection":[{"href":"https:\/\/www.oros.com\/de\/wp-json\/wp\/v2\/pages"}],"about":[{"href":"https:\/\/www.oros.com\/de\/wp-json\/wp\/v2\/types\/page"}],"author":[{"embeddable":true,"href":"https:\/\/www.oros.com\/de\/wp-json\/wp\/v2\/users\/5"}],"replies":[{"embeddable":true,"href":"https:\/\/www.oros.com\/de\/wp-json\/wp\/v2\/comments?post=10574"}],"version-history":[{"count":6,"href":"https:\/\/www.oros.com\/de\/wp-json\/wp\/v2\/pages\/10574\/revisions"}],"predecessor-version":[{"id":130254,"href":"https:\/\/www.oros.com\/de\/wp-json\/wp\/v2\/pages\/10574\/revisions\/130254"}],"up":[{"embeddable":true,"href":"https:\/\/www.oros.com\/de\/wp-json\/wp\/v2\/pages\/10498"}],"wp:featuredmedia":[{"embeddable":true,"href":"https:\/\/www.oros.com\/de\/wp-json\/wp\/v2\/media\/6323"}],"wp:attachment":[{"href":"https:\/\/www.oros.com\/de\/wp-json\/wp\/v2\/media?parent=10574"}],"curies":[{"name":"wp","href":"https:\/\/api.w.org\/{rel}","templated":true}]}}