{"id":109292,"date":"2022-06-28T17:25:14","date_gmt":"2022-06-28T15:25:14","guid":{"rendered":"https:\/\/www.oros.com\/produkte\/datenerfassung-und-signalverarbeitung\/nvgate-reader\/"},"modified":"2023-05-17T14:11:57","modified_gmt":"2023-05-17T12:11:57","slug":"nvgate-reader","status":"publish","type":"page","link":"https:\/\/www.oros.com\/de\/produkte\/geraeusche-und-schwingungen\/nvgate-reader\/","title":{"rendered":"Schall &#038; Schwingungsdaten sondieren &#8211; FREE !\u200b"},"content":{"rendered":"<p>Entdecken Sie den neuen NVGate Reader Modus: eine neue Funktion zur Ansicht Ihrer Schall- &amp; Schwingungsmessdaten ohne Software Lizenz.<\/p>\n<p>&nbsp;<\/p>\n<p><span class=\"TextRun BCX9 SCXP266511514\" lang=\"FR-FR\" xml:lang=\"FR-FR\" data-scheme-color=\"@00223F,,\" data-usefontface=\"false\" data-contrast=\"none\"><span class=\"SpellingError BCX9 SCXP266511514\">NVGate<\/span><\/span><span class=\"TextRun BCX9 SCXP266511514\" lang=\"FR-FR\" xml:lang=\"FR-FR\" data-scheme-color=\"@00223F,,\" data-usefontface=\"false\" data-contrast=\"none\"><span class=\"NormalTextRun BCX9 SCXP266511514\">, die OROS Software Plattform f\u00fcr Ger\u00e4usche und Schwingungen ist kostenfrei zu \u00f6ffnen:<\/span><\/span><span class=\"TextRun BCX9 SCXP266511514\" lang=\"FR-FR\" xml:lang=\"FR-FR\" data-scheme-color=\"@00223F,,\" data-usefontface=\"false\" data-contrast=\"none\"><span class=\"NormalTextRun BCX9 SCXP266511514\"> Download, Installation und Start ohne Lizenz<\/span><\/span><span class=\"TextRun BCX9 SCXP266511514\" lang=\"FR-FR\" xml:lang=\"FR-FR\" data-scheme-color=\"@00223F,,\" data-usefontface=\"false\" data-contrast=\"none\"><span class=\"NormalTextRun BCX9 SCXP266511514\">! <\/span><\/span><\/p>\n<p><span class=\"TextRun BCX9 SCXP266511514\" lang=\"FR-FR\" xml:lang=\"FR-FR\" data-scheme-color=\"@00223F,,\" data-usefontface=\"false\" data-contrast=\"none\"><span class=\"NormalTextRun BCX9 SCXP266511514\">Es wird umgehend im neuen <\/span><\/span><span class=\"TextRun BCX9 SCXP266511514\" lang=\"FR-FR\" xml:lang=\"FR-FR\" data-scheme-color=\"@00223F,,\" data-usefontface=\"false\" data-contrast=\"none\"><span class=\"NormalTextRun BCX9 SCXP266511514\">READER Modus gestartet und Messdaten k\u00f6nnen sofort sondiert werden :<\/span><\/span><span class=\"TextRun BCX9 SCXP266511514\" lang=\"FR-FR\" xml:lang=\"FR-FR\" data-scheme-color=\"@00223F,,\" data-usefontface=\"false\" data-contrast=\"none\"><span class=\"NormalTextRun BCX9 SCXP266511514\">\u00a0<\/span><\/span><span class=\"TextRun BCX9 SCXP266511514\" lang=\"FR-FR\" xml:lang=\"FR-FR\" data-scheme-color=\"@00223F,,\" data-usefontface=\"false\" data-contrast=\"none\"><span class=\"SpellingError BCX9 SCXP266511514\">try<\/span><\/span><span class=\"TextRun BCX9 SCXP266511514\" lang=\"FR-FR\" xml:lang=\"FR-FR\" data-scheme-color=\"@00223F,,\" data-usefontface=\"false\" data-contrast=\"none\"><span class=\"NormalTextRun BCX9 SCXP266511514\">\u00a0<\/span><\/span><span class=\"TextRun BCX9 SCXP266511514\" lang=\"FR-FR\" xml:lang=\"FR-FR\" data-scheme-color=\"@00223F,,\" data-usefontface=\"false\" data-contrast=\"none\"><span class=\"SpellingError BCX9 SCXP266511514\">it<\/span><\/span><span class=\"TextRun BCX9 SCXP266511514\" lang=\"FR-FR\" xml:lang=\"FR-FR\" data-scheme-color=\"@00223F,,\" data-usefontface=\"false\" data-contrast=\"none\"><span class=\"NormalTextRun BCX9 SCXP266511514\">\u00a0<\/span><\/span><span class=\"TextRun BCX9 SCXP266511514\" lang=\"FR-FR\" xml:lang=\"FR-FR\" data-scheme-color=\"@00223F,,\" data-usefontface=\"false\" data-contrast=\"none\"><span class=\"NormalTextRun BCX9 SCXP266511514\">TODAY!<\/span><\/span><span class=\"EOP BCX9 SCXP266511514\">\u200b<\/span><\/p>\n","protected":false},"excerpt":{"rendered":"<p>Entdecken Sie den neuen NVGate Reader Modus: eine neue Funktion zur Ansicht Ihrer Schall- &amp; Schwingungsmessdaten ohne Software Lizenz. &nbsp;&#8230; <span class=\"moretag btn btn--right btn--bold\">Weiterlesen<\/span><\/p>\n","protected":false},"author":2,"featured_media":78076,"parent":10498,"menu_order":5,"comment_status":"closed","ping_status":"closed","template":"views\/solutions.blade.php","meta":{"_acf_changed":false,"inline_featured_image":false,"footnotes":""},"class_list":["post-109292","page","type-page","status-publish","has-post-thumbnail","hentry"],"acf":[],"yoast_head":"<!-- This site is optimized with the Yoast SEO plugin v27.6 - https:\/\/yoast.com\/product\/yoast-seo-wordpress\/ -->\n<title>NVGate Reader: Software f\u00fcr Schall und Schwingungen - OROS<\/title>\n<meta name=\"description\" content=\"NVGate 2022 bringt signifikante Verbesserungen in der Ergonomie sowie weitere Features f\u00fcr die Schwingungsanalyse rotierender Maschinen.\" \/>\n<meta name=\"robots\" content=\"index, follow, max-snippet:-1, max-image-preview:large, max-video-preview:-1\" \/>\n<link rel=\"canonical\" href=\"https:\/\/www.oros.com\/de\/produkte\/geraeusche-und-schwingungen\/nvgate-reader\/\" \/>\n<meta property=\"og:locale\" content=\"de_DE\" \/>\n<meta property=\"og:type\" content=\"article\" \/>\n<meta property=\"og:title\" content=\"NVGate Reader: Software f\u00fcr Schall und Schwingungen - OROS\" \/>\n<meta property=\"og:description\" content=\"NVGate 2022 bringt signifikante Verbesserungen in der Ergonomie sowie weitere Features f\u00fcr die Schwingungsanalyse rotierender Maschinen.\" \/>\n<meta property=\"og:url\" content=\"https:\/\/www.oros.com\/de\/produkte\/geraeusche-und-schwingungen\/nvgate-reader\/\" \/>\n<meta property=\"og:site_name\" content=\"OROS\" \/>\n<meta property=\"article:modified_time\" content=\"2023-05-17T12:11:57+00:00\" \/>\n<meta property=\"og:image\" content=\"https:\/\/www.oros.com\/wp-content\/uploads\/2022\/06\/bandeau-page2.jpg\" \/>\n\t<meta property=\"og:image:width\" content=\"1920\" \/>\n\t<meta property=\"og:image:height\" content=\"429\" \/>\n\t<meta property=\"og:image:type\" content=\"image\/jpeg\" \/>\n<meta name=\"twitter:card\" content=\"summary_large_image\" \/>\n<meta name=\"twitter:label1\" content=\"Gesch\u00e4tzte Lesezeit\" \/>\n\t<meta name=\"twitter:data1\" content=\"1\u00a0Minute\" \/>\n<script type=\"application\/ld+json\" class=\"yoast-schema-graph\">{\"@context\":\"https:\\\/\\\/schema.org\",\"@graph\":[{\"@type\":\"WebPage\",\"@id\":\"https:\\\/\\\/www.oros.com\\\/de\\\/produkte\\\/geraeusche-und-schwingungen\\\/nvgate-reader\\\/\",\"url\":\"https:\\\/\\\/www.oros.com\\\/de\\\/produkte\\\/geraeusche-und-schwingungen\\\/nvgate-reader\\\/\",\"name\":\"NVGate Reader: Software f\u00fcr Schall und Schwingungen - OROS\",\"isPartOf\":{\"@id\":\"https:\\\/\\\/www.oros.com\\\/#website\"},\"primaryImageOfPage\":{\"@id\":\"https:\\\/\\\/www.oros.com\\\/de\\\/produkte\\\/geraeusche-und-schwingungen\\\/nvgate-reader\\\/#primaryimage\"},\"image\":{\"@id\":\"https:\\\/\\\/www.oros.com\\\/de\\\/produkte\\\/geraeusche-und-schwingungen\\\/nvgate-reader\\\/#primaryimage\"},\"thumbnailUrl\":\"https:\\\/\\\/www.oros.com\\\/wp-content\\\/uploads\\\/2022\\\/06\\\/bandeau-page2.jpg\",\"datePublished\":\"2022-06-28T15:25:14+00:00\",\"dateModified\":\"2023-05-17T12:11:57+00:00\",\"description\":\"NVGate 2022 bringt signifikante Verbesserungen in der Ergonomie sowie weitere Features f\u00fcr die Schwingungsanalyse rotierender Maschinen.\",\"breadcrumb\":{\"@id\":\"https:\\\/\\\/www.oros.com\\\/de\\\/produkte\\\/geraeusche-und-schwingungen\\\/nvgate-reader\\\/#breadcrumb\"},\"inLanguage\":\"de\",\"potentialAction\":[{\"@type\":\"ReadAction\",\"target\":[\"https:\\\/\\\/www.oros.com\\\/de\\\/produkte\\\/geraeusche-und-schwingungen\\\/nvgate-reader\\\/\"]}]},{\"@type\":\"ImageObject\",\"inLanguage\":\"de\",\"@id\":\"https:\\\/\\\/www.oros.com\\\/de\\\/produkte\\\/geraeusche-und-schwingungen\\\/nvgate-reader\\\/#primaryimage\",\"url\":\"https:\\\/\\\/www.oros.com\\\/wp-content\\\/uploads\\\/2022\\\/06\\\/bandeau-page2.jpg\",\"contentUrl\":\"https:\\\/\\\/www.oros.com\\\/wp-content\\\/uploads\\\/2022\\\/06\\\/bandeau-page2.jpg\",\"width\":1920,\"height\":429},{\"@type\":\"BreadcrumbList\",\"@id\":\"https:\\\/\\\/www.oros.com\\\/de\\\/produkte\\\/geraeusche-und-schwingungen\\\/nvgate-reader\\\/#breadcrumb\",\"itemListElement\":[{\"@type\":\"ListItem\",\"position\":1,\"name\":\"Accueil\",\"item\":\"https:\\\/\\\/www.oros.com\\\/de\\\/\"},{\"@type\":\"ListItem\",\"position\":2,\"name\":\"Produkte\",\"item\":\"https:\\\/\\\/www.oros.com\\\/de\\\/produkte\\\/\"},{\"@type\":\"ListItem\",\"position\":3,\"name\":\"Ger\u00e4usche und Schwingungen\",\"item\":\"https:\\\/\\\/www.oros.com\\\/de\\\/produkte\\\/geraeusche-und-schwingungen\\\/\"},{\"@type\":\"ListItem\",\"position\":4,\"name\":\"Schall &#038; Schwingungsdaten sondieren &#8211; FREE !\u200b\"}]},{\"@type\":\"WebSite\",\"@id\":\"https:\\\/\\\/www.oros.com\\\/#website\",\"url\":\"https:\\\/\\\/www.oros.com\\\/\",\"name\":\"OROS\",\"description\":\"Measuring noise &amp; vibration\",\"potentialAction\":[{\"@type\":\"SearchAction\",\"target\":{\"@type\":\"EntryPoint\",\"urlTemplate\":\"https:\\\/\\\/www.oros.com\\\/?s={search_term_string}\"},\"query-input\":{\"@type\":\"PropertyValueSpecification\",\"valueRequired\":true,\"valueName\":\"search_term_string\"}}],\"inLanguage\":\"de\"}]}<\/script>\n<!-- \/ Yoast SEO plugin. -->","yoast_head_json":{"title":"NVGate Reader: Software f\u00fcr Schall und Schwingungen - OROS","description":"NVGate 2022 bringt signifikante Verbesserungen in der Ergonomie sowie weitere Features f\u00fcr die Schwingungsanalyse rotierender Maschinen.","robots":{"index":"index","follow":"follow","max-snippet":"max-snippet:-1","max-image-preview":"max-image-preview:large","max-video-preview":"max-video-preview:-1"},"canonical":"https:\/\/www.oros.com\/de\/produkte\/geraeusche-und-schwingungen\/nvgate-reader\/","og_locale":"de_DE","og_type":"article","og_title":"NVGate Reader: Software f\u00fcr Schall und Schwingungen - OROS","og_description":"NVGate 2022 bringt signifikante Verbesserungen in der Ergonomie sowie weitere Features f\u00fcr die Schwingungsanalyse rotierender Maschinen.","og_url":"https:\/\/www.oros.com\/de\/produkte\/geraeusche-und-schwingungen\/nvgate-reader\/","og_site_name":"OROS","article_modified_time":"2023-05-17T12:11:57+00:00","og_image":[{"width":1920,"height":429,"url":"https:\/\/www.oros.com\/wp-content\/uploads\/2022\/06\/bandeau-page2.jpg","type":"image\/jpeg"}],"twitter_card":"summary_large_image","twitter_misc":{"Gesch\u00e4tzte Lesezeit":"1\u00a0Minute"},"schema":{"@context":"https:\/\/schema.org","@graph":[{"@type":"WebPage","@id":"https:\/\/www.oros.com\/de\/produkte\/geraeusche-und-schwingungen\/nvgate-reader\/","url":"https:\/\/www.oros.com\/de\/produkte\/geraeusche-und-schwingungen\/nvgate-reader\/","name":"NVGate Reader: Software f\u00fcr Schall und Schwingungen - OROS","isPartOf":{"@id":"https:\/\/www.oros.com\/#website"},"primaryImageOfPage":{"@id":"https:\/\/www.oros.com\/de\/produkte\/geraeusche-und-schwingungen\/nvgate-reader\/#primaryimage"},"image":{"@id":"https:\/\/www.oros.com\/de\/produkte\/geraeusche-und-schwingungen\/nvgate-reader\/#primaryimage"},"thumbnailUrl":"https:\/\/www.oros.com\/wp-content\/uploads\/2022\/06\/bandeau-page2.jpg","datePublished":"2022-06-28T15:25:14+00:00","dateModified":"2023-05-17T12:11:57+00:00","description":"NVGate 2022 bringt signifikante Verbesserungen in der Ergonomie sowie weitere Features f\u00fcr die Schwingungsanalyse rotierender Maschinen.","breadcrumb":{"@id":"https:\/\/www.oros.com\/de\/produkte\/geraeusche-und-schwingungen\/nvgate-reader\/#breadcrumb"},"inLanguage":"de","potentialAction":[{"@type":"ReadAction","target":["https:\/\/www.oros.com\/de\/produkte\/geraeusche-und-schwingungen\/nvgate-reader\/"]}]},{"@type":"ImageObject","inLanguage":"de","@id":"https:\/\/www.oros.com\/de\/produkte\/geraeusche-und-schwingungen\/nvgate-reader\/#primaryimage","url":"https:\/\/www.oros.com\/wp-content\/uploads\/2022\/06\/bandeau-page2.jpg","contentUrl":"https:\/\/www.oros.com\/wp-content\/uploads\/2022\/06\/bandeau-page2.jpg","width":1920,"height":429},{"@type":"BreadcrumbList","@id":"https:\/\/www.oros.com\/de\/produkte\/geraeusche-und-schwingungen\/nvgate-reader\/#breadcrumb","itemListElement":[{"@type":"ListItem","position":1,"name":"Accueil","item":"https:\/\/www.oros.com\/de\/"},{"@type":"ListItem","position":2,"name":"Produkte","item":"https:\/\/www.oros.com\/de\/produkte\/"},{"@type":"ListItem","position":3,"name":"Ger\u00e4usche und Schwingungen","item":"https:\/\/www.oros.com\/de\/produkte\/geraeusche-und-schwingungen\/"},{"@type":"ListItem","position":4,"name":"Schall &#038; Schwingungsdaten sondieren &#8211; FREE !\u200b"}]},{"@type":"WebSite","@id":"https:\/\/www.oros.com\/#website","url":"https:\/\/www.oros.com\/","name":"OROS","description":"Measuring noise &amp; vibration","potentialAction":[{"@type":"SearchAction","target":{"@type":"EntryPoint","urlTemplate":"https:\/\/www.oros.com\/?s={search_term_string}"},"query-input":{"@type":"PropertyValueSpecification","valueRequired":true,"valueName":"search_term_string"}}],"inLanguage":"de"}]}},"_links":{"self":[{"href":"https:\/\/www.oros.com\/de\/wp-json\/wp\/v2\/pages\/109292","targetHints":{"allow":["GET"]}}],"collection":[{"href":"https:\/\/www.oros.com\/de\/wp-json\/wp\/v2\/pages"}],"about":[{"href":"https:\/\/www.oros.com\/de\/wp-json\/wp\/v2\/types\/page"}],"author":[{"embeddable":true,"href":"https:\/\/www.oros.com\/de\/wp-json\/wp\/v2\/users\/2"}],"replies":[{"embeddable":true,"href":"https:\/\/www.oros.com\/de\/wp-json\/wp\/v2\/comments?post=109292"}],"version-history":[{"count":4,"href":"https:\/\/www.oros.com\/de\/wp-json\/wp\/v2\/pages\/109292\/revisions"}],"predecessor-version":[{"id":130255,"href":"https:\/\/www.oros.com\/de\/wp-json\/wp\/v2\/pages\/109292\/revisions\/130255"}],"up":[{"embeddable":true,"href":"https:\/\/www.oros.com\/de\/wp-json\/wp\/v2\/pages\/10498"}],"wp:featuredmedia":[{"embeddable":true,"href":"https:\/\/www.oros.com\/de\/wp-json\/wp\/v2\/media\/78076"}],"wp:attachment":[{"href":"https:\/\/www.oros.com\/de\/wp-json\/wp\/v2\/media?parent=109292"}],"curies":[{"name":"wp","href":"https:\/\/api.w.org\/{rel}","templated":true}]}}