{"id":13077,"date":"2021-04-15T14:53:04","date_gmt":"2021-04-15T12:53:04","guid":{"rendered":"https:\/\/www.oros.com\/demo-request\/"},"modified":"2023-08-16T09:59:34","modified_gmt":"2023-08-16T07:59:34","slug":"demo","status":"publish","type":"page","link":"https:\/\/www.oros.com\/de\/demo\/","title":{"rendered":"Demo Anfrage"},"content":{"rendered":"","protected":false},"excerpt":{"rendered":"","protected":false},"author":2,"featured_media":0,"parent":0,"menu_order":13,"comment_status":"closed","ping_status":"closed","template":"","meta":{"_acf_changed":false,"inline_featured_image":false,"footnotes":""},"class_list":["post-13077","page","type-page","status-publish","hentry"],"acf":[],"yoast_head":"<!-- This site is optimized with the Yoast SEO plugin v27.4 - https:\/\/yoast.com\/product\/yoast-seo-wordpress\/ -->\n<title>Anfrage zu einer unverbindlichen Demo von OROS Messtechnik<\/title>\n<meta name=\"description\" content=\"Sie haben Interesse an OROS L\u00f6sungen f\u00fcr Schall &amp; Schwingungen und w\u00fcnschen eine Demo zu den M\u00f6glichkeiten ?\" \/>\n<meta name=\"robots\" content=\"index, follow, max-snippet:-1, max-image-preview:large, max-video-preview:-1\" \/>\n<link rel=\"canonical\" href=\"https:\/\/www.oros.com\/de\/demo\/\" \/>\n<meta property=\"og:locale\" content=\"de_DE\" \/>\n<meta property=\"og:type\" content=\"article\" \/>\n<meta property=\"og:title\" content=\"Anfrage zu einer unverbindlichen Demo von OROS Messtechnik\" \/>\n<meta property=\"og:description\" content=\"Sie haben Interesse an OROS L\u00f6sungen f\u00fcr Schall &amp; Schwingungen und w\u00fcnschen eine Demo zu den M\u00f6glichkeiten ?\" \/>\n<meta property=\"og:url\" content=\"https:\/\/www.oros.com\/de\/demo\/\" \/>\n<meta property=\"og:site_name\" content=\"OROS\" \/>\n<meta property=\"article:modified_time\" content=\"2023-08-16T07:59:34+00:00\" \/>\n<meta name=\"twitter:card\" content=\"summary_large_image\" \/>\n<script type=\"application\/ld+json\" class=\"yoast-schema-graph\">{\"@context\":\"https:\\\/\\\/schema.org\",\"@graph\":[{\"@type\":\"WebPage\",\"@id\":\"https:\\\/\\\/www.oros.com\\\/de\\\/demo\\\/\",\"url\":\"https:\\\/\\\/www.oros.com\\\/de\\\/demo\\\/\",\"name\":\"Anfrage zu einer unverbindlichen Demo von OROS Messtechnik\",\"isPartOf\":{\"@id\":\"https:\\\/\\\/www.oros.com\\\/#website\"},\"datePublished\":\"2021-04-15T12:53:04+00:00\",\"dateModified\":\"2023-08-16T07:59:34+00:00\",\"description\":\"Sie haben Interesse an OROS L\u00f6sungen f\u00fcr Schall & Schwingungen und w\u00fcnschen eine Demo zu den M\u00f6glichkeiten ?\",\"breadcrumb\":{\"@id\":\"https:\\\/\\\/www.oros.com\\\/de\\\/demo\\\/#breadcrumb\"},\"inLanguage\":\"de\",\"potentialAction\":[{\"@type\":\"ReadAction\",\"target\":[\"https:\\\/\\\/www.oros.com\\\/de\\\/demo\\\/\"]}]},{\"@type\":\"BreadcrumbList\",\"@id\":\"https:\\\/\\\/www.oros.com\\\/de\\\/demo\\\/#breadcrumb\",\"itemListElement\":[{\"@type\":\"ListItem\",\"position\":1,\"name\":\"Accueil\",\"item\":\"https:\\\/\\\/www.oros.com\\\/de\\\/\"},{\"@type\":\"ListItem\",\"position\":2,\"name\":\"Demo Anfrage\"}]},{\"@type\":\"WebSite\",\"@id\":\"https:\\\/\\\/www.oros.com\\\/#website\",\"url\":\"https:\\\/\\\/www.oros.com\\\/\",\"name\":\"OROS\",\"description\":\"Measuring noise &amp; vibration\",\"potentialAction\":[{\"@type\":\"SearchAction\",\"target\":{\"@type\":\"EntryPoint\",\"urlTemplate\":\"https:\\\/\\\/www.oros.com\\\/?s={search_term_string}\"},\"query-input\":{\"@type\":\"PropertyValueSpecification\",\"valueRequired\":true,\"valueName\":\"search_term_string\"}}],\"inLanguage\":\"de\"}]}<\/script>\n<!-- \/ Yoast SEO plugin. -->","yoast_head_json":{"title":"Anfrage zu einer unverbindlichen Demo von OROS Messtechnik","description":"Sie haben Interesse an OROS L\u00f6sungen f\u00fcr Schall & Schwingungen und w\u00fcnschen eine Demo zu den M\u00f6glichkeiten ?","robots":{"index":"index","follow":"follow","max-snippet":"max-snippet:-1","max-image-preview":"max-image-preview:large","max-video-preview":"max-video-preview:-1"},"canonical":"https:\/\/www.oros.com\/de\/demo\/","og_locale":"de_DE","og_type":"article","og_title":"Anfrage zu einer unverbindlichen Demo von OROS Messtechnik","og_description":"Sie haben Interesse an OROS L\u00f6sungen f\u00fcr Schall & Schwingungen und w\u00fcnschen eine Demo zu den M\u00f6glichkeiten ?","og_url":"https:\/\/www.oros.com\/de\/demo\/","og_site_name":"OROS","article_modified_time":"2023-08-16T07:59:34+00:00","twitter_card":"summary_large_image","schema":{"@context":"https:\/\/schema.org","@graph":[{"@type":"WebPage","@id":"https:\/\/www.oros.com\/de\/demo\/","url":"https:\/\/www.oros.com\/de\/demo\/","name":"Anfrage zu einer unverbindlichen Demo von OROS Messtechnik","isPartOf":{"@id":"https:\/\/www.oros.com\/#website"},"datePublished":"2021-04-15T12:53:04+00:00","dateModified":"2023-08-16T07:59:34+00:00","description":"Sie haben Interesse an OROS L\u00f6sungen f\u00fcr Schall & Schwingungen und w\u00fcnschen eine Demo zu den M\u00f6glichkeiten ?","breadcrumb":{"@id":"https:\/\/www.oros.com\/de\/demo\/#breadcrumb"},"inLanguage":"de","potentialAction":[{"@type":"ReadAction","target":["https:\/\/www.oros.com\/de\/demo\/"]}]},{"@type":"BreadcrumbList","@id":"https:\/\/www.oros.com\/de\/demo\/#breadcrumb","itemListElement":[{"@type":"ListItem","position":1,"name":"Accueil","item":"https:\/\/www.oros.com\/de\/"},{"@type":"ListItem","position":2,"name":"Demo Anfrage"}]},{"@type":"WebSite","@id":"https:\/\/www.oros.com\/#website","url":"https:\/\/www.oros.com\/","name":"OROS","description":"Measuring noise &amp; vibration","potentialAction":[{"@type":"SearchAction","target":{"@type":"EntryPoint","urlTemplate":"https:\/\/www.oros.com\/?s={search_term_string}"},"query-input":{"@type":"PropertyValueSpecification","valueRequired":true,"valueName":"search_term_string"}}],"inLanguage":"de"}]}},"_links":{"self":[{"href":"https:\/\/www.oros.com\/de\/wp-json\/wp\/v2\/pages\/13077","targetHints":{"allow":["GET"]}}],"collection":[{"href":"https:\/\/www.oros.com\/de\/wp-json\/wp\/v2\/pages"}],"about":[{"href":"https:\/\/www.oros.com\/de\/wp-json\/wp\/v2\/types\/page"}],"author":[{"embeddable":true,"href":"https:\/\/www.oros.com\/de\/wp-json\/wp\/v2\/users\/2"}],"replies":[{"embeddable":true,"href":"https:\/\/www.oros.com\/de\/wp-json\/wp\/v2\/comments?post=13077"}],"version-history":[{"count":2,"href":"https:\/\/www.oros.com\/de\/wp-json\/wp\/v2\/pages\/13077\/revisions"}],"predecessor-version":[{"id":13079,"href":"https:\/\/www.oros.com\/de\/wp-json\/wp\/v2\/pages\/13077\/revisions\/13079"}],"wp:attachment":[{"href":"https:\/\/www.oros.com\/de\/wp-json\/wp\/v2\/media?parent=13077"}],"curies":[{"name":"wp","href":"https:\/\/api.w.org\/{rel}","templated":true}]}}