{"id":128808,"date":"2022-06-28T17:25:14","date_gmt":"2022-06-28T15:25:14","guid":{"rendered":"https:\/\/www.oros.com\/produits\/bruit-vibration-general\/nvgate-reader\/"},"modified":"2022-11-10T16:31:01","modified_gmt":"2022-11-10T15:31:01","slug":"nvgate-reader","status":"publish","type":"page","link":"https:\/\/www.oros.com\/fr\/produits\/bruit-vibration-general\/nvgate-reader\/","title":{"rendered":"Explorez vos donn\u00e9es de BRUIT et VIBRATION &#8211; d\u00e8s maintenant et GRATUITEMENT !"},"content":{"rendered":"<p>Fort de son exp\u00e9rience dans les tests de bruit et de vibrations, OROS a d\u00e9velopp\u00e9 une fonction sp\u00e9cialement d\u00e9di\u00e9e \u00e0 l&rsquo;exploitation et la mise en forme de vos donn\u00e9es de bruit et de vibrations ; fonction disponible sans licence : <strong>NVGate Reader<\/strong>.<\/p>\n<p>&nbsp;<\/p>\n<p><a href=\"https:\/\/www.oros.com\/fr\/produits\/bruit-vibration-general\/platforme-logicielle-nvgate\/\">NVGate<\/a>, la plateforme logicielle de mesure du bruit et des vibrations d&rsquo;OROS, peut \u00eatre install\u00e9e et d\u00e9marr\u00e9e gratuitement : t\u00e9l\u00e9chargez, installez et d\u00e9marrez le logiciel sans aucune licence !<\/p>\n<p>Il d\u00e9marrera automatiquement en mode LECTEUR et vous permettra d&rsquo;explorer vos donn\u00e9es de bruit et de vibrations : n&rsquo;attendez plus et essayez-le d\u00e8s aujourd&rsquo;hui !<\/p>\n","protected":false},"excerpt":{"rendered":"<p>Fort de son exp\u00e9rience dans les tests de bruit et de vibrations, OROS a d\u00e9velopp\u00e9 une fonction sp\u00e9cialement d\u00e9di\u00e9e \u00e0&#8230; <span class=\"moretag btn btn--right btn--bold\">Lire la suite<\/span><\/p>\n","protected":false},"author":2,"featured_media":78075,"parent":16147,"menu_order":4,"comment_status":"closed","ping_status":"closed","template":"views\/solutions.blade.php","meta":{"_acf_changed":false,"inline_featured_image":false,"footnotes":""},"class_list":["post-128808","page","type-page","status-publish","has-post-thumbnail","hentry"],"acf":[],"yoast_head":"<!-- This site is optimized with the Yoast SEO plugin v27.4 - https:\/\/yoast.com\/product\/yoast-seo-wordpress\/ -->\n<title>NVGate Reader logiciel de bruit et vibrations - OROS<\/title>\n<meta name=\"description\" content=\"NVGate Reader permet l&#039;affichage et le traitement des donn\u00e9es de bruit et vibration sans payer une licence. C&#039;est gratuit !\" \/>\n<meta name=\"robots\" content=\"index, follow, max-snippet:-1, max-image-preview:large, max-video-preview:-1\" \/>\n<link rel=\"canonical\" href=\"https:\/\/www.oros.com\/fr\/produits\/bruit-vibration-general\/nvgate-reader\/\" \/>\n<meta property=\"og:locale\" content=\"fr_FR\" \/>\n<meta property=\"og:type\" content=\"article\" \/>\n<meta property=\"og:title\" content=\"NVGate Reader logiciel de bruit et vibrations - OROS\" \/>\n<meta property=\"og:description\" content=\"NVGate Reader permet l&#039;affichage et le traitement des donn\u00e9es de bruit et vibration sans payer une licence. C&#039;est gratuit !\" \/>\n<meta property=\"og:url\" content=\"https:\/\/www.oros.com\/fr\/produits\/bruit-vibration-general\/nvgate-reader\/\" \/>\n<meta property=\"og:site_name\" content=\"OROS\" \/>\n<meta property=\"article:modified_time\" content=\"2022-11-10T15:31:01+00:00\" \/>\n<meta property=\"og:image\" content=\"https:\/\/www.oros.com\/wp-content\/uploads\/2022\/06\/bandeau-page2.jpg\" \/>\n\t<meta property=\"og:image:width\" content=\"1920\" \/>\n\t<meta property=\"og:image:height\" content=\"429\" \/>\n\t<meta property=\"og:image:type\" content=\"image\/jpeg\" \/>\n<meta name=\"twitter:card\" content=\"summary_large_image\" \/>\n<meta name=\"twitter:label1\" content=\"Dur\u00e9e de lecture estim\u00e9e\" \/>\n\t<meta name=\"twitter:data1\" content=\"1 minute\" \/>\n<script type=\"application\/ld+json\" class=\"yoast-schema-graph\">{\"@context\":\"https:\\\/\\\/schema.org\",\"@graph\":[{\"@type\":\"WebPage\",\"@id\":\"https:\\\/\\\/www.oros.com\\\/fr\\\/produits\\\/bruit-vibration-general\\\/nvgate-reader\\\/\",\"url\":\"https:\\\/\\\/www.oros.com\\\/fr\\\/produits\\\/bruit-vibration-general\\\/nvgate-reader\\\/\",\"name\":\"NVGate Reader logiciel de bruit et vibrations - OROS\",\"isPartOf\":{\"@id\":\"https:\\\/\\\/www.oros.com\\\/#website\"},\"primaryImageOfPage\":{\"@id\":\"https:\\\/\\\/www.oros.com\\\/fr\\\/produits\\\/bruit-vibration-general\\\/nvgate-reader\\\/#primaryimage\"},\"image\":{\"@id\":\"https:\\\/\\\/www.oros.com\\\/fr\\\/produits\\\/bruit-vibration-general\\\/nvgate-reader\\\/#primaryimage\"},\"thumbnailUrl\":\"https:\\\/\\\/www.oros.com\\\/wp-content\\\/uploads\\\/2022\\\/06\\\/bandeau-page2.jpg\",\"datePublished\":\"2022-06-28T15:25:14+00:00\",\"dateModified\":\"2022-11-10T15:31:01+00:00\",\"description\":\"NVGate Reader permet l'affichage et le traitement des donn\u00e9es de bruit et vibration sans payer une licence. C'est gratuit !\",\"breadcrumb\":{\"@id\":\"https:\\\/\\\/www.oros.com\\\/fr\\\/produits\\\/bruit-vibration-general\\\/nvgate-reader\\\/#breadcrumb\"},\"inLanguage\":\"fr-FR\",\"potentialAction\":[{\"@type\":\"ReadAction\",\"target\":[\"https:\\\/\\\/www.oros.com\\\/fr\\\/produits\\\/bruit-vibration-general\\\/nvgate-reader\\\/\"]}]},{\"@type\":\"ImageObject\",\"inLanguage\":\"fr-FR\",\"@id\":\"https:\\\/\\\/www.oros.com\\\/fr\\\/produits\\\/bruit-vibration-general\\\/nvgate-reader\\\/#primaryimage\",\"url\":\"https:\\\/\\\/www.oros.com\\\/wp-content\\\/uploads\\\/2022\\\/06\\\/bandeau-page2.jpg\",\"contentUrl\":\"https:\\\/\\\/www.oros.com\\\/wp-content\\\/uploads\\\/2022\\\/06\\\/bandeau-page2.jpg\",\"width\":1920,\"height\":429},{\"@type\":\"BreadcrumbList\",\"@id\":\"https:\\\/\\\/www.oros.com\\\/fr\\\/produits\\\/bruit-vibration-general\\\/nvgate-reader\\\/#breadcrumb\",\"itemListElement\":[{\"@type\":\"ListItem\",\"position\":1,\"name\":\"Accueil\",\"item\":\"https:\\\/\\\/www.oros.com\\\/fr\\\/\"},{\"@type\":\"ListItem\",\"position\":2,\"name\":\"Produits\",\"item\":\"https:\\\/\\\/www.oros.com\\\/fr\\\/produits\\\/\"},{\"@type\":\"ListItem\",\"position\":3,\"name\":\"Bruit et vibration &#8211; G\u00e9n\u00e9ral\",\"item\":\"https:\\\/\\\/www.oros.com\\\/fr\\\/produits\\\/bruit-vibration-general\\\/\"},{\"@type\":\"ListItem\",\"position\":4,\"name\":\"Explorez vos donn\u00e9es de BRUIT et VIBRATION &#8211; d\u00e8s maintenant et GRATUITEMENT !\"}]},{\"@type\":\"WebSite\",\"@id\":\"https:\\\/\\\/www.oros.com\\\/#website\",\"url\":\"https:\\\/\\\/www.oros.com\\\/\",\"name\":\"OROS\",\"description\":\"Measuring noise &amp; vibration\",\"potentialAction\":[{\"@type\":\"SearchAction\",\"target\":{\"@type\":\"EntryPoint\",\"urlTemplate\":\"https:\\\/\\\/www.oros.com\\\/?s={search_term_string}\"},\"query-input\":{\"@type\":\"PropertyValueSpecification\",\"valueRequired\":true,\"valueName\":\"search_term_string\"}}],\"inLanguage\":\"fr-FR\"}]}<\/script>\n<!-- \/ Yoast SEO plugin. -->","yoast_head_json":{"title":"NVGate Reader logiciel de bruit et vibrations - OROS","description":"NVGate Reader permet l'affichage et le traitement des donn\u00e9es de bruit et vibration sans payer une licence. C'est gratuit !","robots":{"index":"index","follow":"follow","max-snippet":"max-snippet:-1","max-image-preview":"max-image-preview:large","max-video-preview":"max-video-preview:-1"},"canonical":"https:\/\/www.oros.com\/fr\/produits\/bruit-vibration-general\/nvgate-reader\/","og_locale":"fr_FR","og_type":"article","og_title":"NVGate Reader logiciel de bruit et vibrations - OROS","og_description":"NVGate Reader permet l'affichage et le traitement des donn\u00e9es de bruit et vibration sans payer une licence. C'est gratuit !","og_url":"https:\/\/www.oros.com\/fr\/produits\/bruit-vibration-general\/nvgate-reader\/","og_site_name":"OROS","article_modified_time":"2022-11-10T15:31:01+00:00","og_image":[{"width":1920,"height":429,"url":"https:\/\/www.oros.com\/wp-content\/uploads\/2022\/06\/bandeau-page2.jpg","type":"image\/jpeg"}],"twitter_card":"summary_large_image","twitter_misc":{"Dur\u00e9e de lecture estim\u00e9e":"1 minute"},"schema":{"@context":"https:\/\/schema.org","@graph":[{"@type":"WebPage","@id":"https:\/\/www.oros.com\/fr\/produits\/bruit-vibration-general\/nvgate-reader\/","url":"https:\/\/www.oros.com\/fr\/produits\/bruit-vibration-general\/nvgate-reader\/","name":"NVGate Reader logiciel de bruit et vibrations - OROS","isPartOf":{"@id":"https:\/\/www.oros.com\/#website"},"primaryImageOfPage":{"@id":"https:\/\/www.oros.com\/fr\/produits\/bruit-vibration-general\/nvgate-reader\/#primaryimage"},"image":{"@id":"https:\/\/www.oros.com\/fr\/produits\/bruit-vibration-general\/nvgate-reader\/#primaryimage"},"thumbnailUrl":"https:\/\/www.oros.com\/wp-content\/uploads\/2022\/06\/bandeau-page2.jpg","datePublished":"2022-06-28T15:25:14+00:00","dateModified":"2022-11-10T15:31:01+00:00","description":"NVGate Reader permet l'affichage et le traitement des donn\u00e9es de bruit et vibration sans payer une licence. C'est gratuit !","breadcrumb":{"@id":"https:\/\/www.oros.com\/fr\/produits\/bruit-vibration-general\/nvgate-reader\/#breadcrumb"},"inLanguage":"fr-FR","potentialAction":[{"@type":"ReadAction","target":["https:\/\/www.oros.com\/fr\/produits\/bruit-vibration-general\/nvgate-reader\/"]}]},{"@type":"ImageObject","inLanguage":"fr-FR","@id":"https:\/\/www.oros.com\/fr\/produits\/bruit-vibration-general\/nvgate-reader\/#primaryimage","url":"https:\/\/www.oros.com\/wp-content\/uploads\/2022\/06\/bandeau-page2.jpg","contentUrl":"https:\/\/www.oros.com\/wp-content\/uploads\/2022\/06\/bandeau-page2.jpg","width":1920,"height":429},{"@type":"BreadcrumbList","@id":"https:\/\/www.oros.com\/fr\/produits\/bruit-vibration-general\/nvgate-reader\/#breadcrumb","itemListElement":[{"@type":"ListItem","position":1,"name":"Accueil","item":"https:\/\/www.oros.com\/fr\/"},{"@type":"ListItem","position":2,"name":"Produits","item":"https:\/\/www.oros.com\/fr\/produits\/"},{"@type":"ListItem","position":3,"name":"Bruit et vibration &#8211; G\u00e9n\u00e9ral","item":"https:\/\/www.oros.com\/fr\/produits\/bruit-vibration-general\/"},{"@type":"ListItem","position":4,"name":"Explorez vos donn\u00e9es de BRUIT et VIBRATION &#8211; d\u00e8s maintenant et GRATUITEMENT !"}]},{"@type":"WebSite","@id":"https:\/\/www.oros.com\/#website","url":"https:\/\/www.oros.com\/","name":"OROS","description":"Measuring noise &amp; vibration","potentialAction":[{"@type":"SearchAction","target":{"@type":"EntryPoint","urlTemplate":"https:\/\/www.oros.com\/?s={search_term_string}"},"query-input":{"@type":"PropertyValueSpecification","valueRequired":true,"valueName":"search_term_string"}}],"inLanguage":"fr-FR"}]}},"_links":{"self":[{"href":"https:\/\/www.oros.com\/fr\/wp-json\/wp\/v2\/pages\/128808","targetHints":{"allow":["GET"]}}],"collection":[{"href":"https:\/\/www.oros.com\/fr\/wp-json\/wp\/v2\/pages"}],"about":[{"href":"https:\/\/www.oros.com\/fr\/wp-json\/wp\/v2\/types\/page"}],"author":[{"embeddable":true,"href":"https:\/\/www.oros.com\/fr\/wp-json\/wp\/v2\/users\/2"}],"replies":[{"embeddable":true,"href":"https:\/\/www.oros.com\/fr\/wp-json\/wp\/v2\/comments?post=128808"}],"version-history":[{"count":11,"href":"https:\/\/www.oros.com\/fr\/wp-json\/wp\/v2\/pages\/128808\/revisions"}],"predecessor-version":[{"id":129038,"href":"https:\/\/www.oros.com\/fr\/wp-json\/wp\/v2\/pages\/128808\/revisions\/129038"}],"up":[{"embeddable":true,"href":"https:\/\/www.oros.com\/fr\/wp-json\/wp\/v2\/pages\/16147"}],"wp:featuredmedia":[{"embeddable":true,"href":"https:\/\/www.oros.com\/fr\/wp-json\/wp\/v2\/media\/78075"}],"wp:attachment":[{"href":"https:\/\/www.oros.com\/fr\/wp-json\/wp\/v2\/media?parent=128808"}],"curies":[{"name":"wp","href":"https:\/\/api.w.org\/{rel}","templated":true}]}}