{"id":128819,"date":"2022-07-05T16:29:12","date_gmt":"2022-07-05T14:29:12","guid":{"rendered":"https:\/\/www.oros.com\/get-nvgate-reader\/"},"modified":"2022-09-29T16:17:29","modified_gmt":"2022-09-29T14:17:29","slug":"telechargez-nvgate-reader","status":"publish","type":"page","link":"https:\/\/www.oros.com\/fr\/telechargez-nvgate-reader\/","title":{"rendered":"T\u00e9l\u00e9chargez gratuitement NVGate Reader"},"content":{"rendered":"<p>Merci de remplir ce formulaire avec une <strong>adresse email exacte<\/strong>.<\/p>\n<p>Vous recevrez automatiquement un mail avec un lien de t\u00e9l\u00e9chargement gratuit du logiciel NVGate Reader.<\/p>\n","protected":false},"excerpt":{"rendered":"<p>Merci de remplir ce formulaire avec une adresse email exacte. Vous recevrez automatiquement un mail avec un lien de t\u00e9l\u00e9chargement&#8230; <span class=\"moretag btn btn--right btn--bold\">Lire la suite<\/span><\/p>\n","protected":false},"author":2,"featured_media":78080,"parent":0,"menu_order":18,"comment_status":"closed","ping_status":"closed","template":"","meta":{"_acf_changed":false,"inline_featured_image":false,"footnotes":""},"class_list":["post-128819","page","type-page","status-publish","has-post-thumbnail","hentry"],"acf":[],"yoast_head":"<!-- This site is optimized with the Yoast SEO plugin v27.4 - https:\/\/yoast.com\/product\/yoast-seo-wordpress\/ -->\n<title>Affichage et traitement des signaux de bruit et vibrations - OROS<\/title>\n<meta name=\"description\" content=\"NVGate, la plateforme logicielle d&#039;OROS de bruit et vibrations, peut \u00eatre install\u00e9e et d\u00e9marr\u00e9e gratuitement !\" \/>\n<meta name=\"robots\" content=\"index, follow, max-snippet:-1, max-image-preview:large, max-video-preview:-1\" \/>\n<link rel=\"canonical\" href=\"https:\/\/www.oros.com\/fr\/telechargez-nvgate-reader\/\" \/>\n<meta property=\"og:locale\" content=\"fr_FR\" \/>\n<meta property=\"og:type\" content=\"article\" \/>\n<meta property=\"og:title\" content=\"Affichage et traitement des signaux de bruit et vibrations - OROS\" \/>\n<meta property=\"og:description\" content=\"NVGate, la plateforme logicielle d&#039;OROS de bruit et vibrations, peut \u00eatre install\u00e9e et d\u00e9marr\u00e9e gratuitement !\" \/>\n<meta property=\"og:url\" content=\"https:\/\/www.oros.com\/fr\/telechargez-nvgate-reader\/\" \/>\n<meta property=\"og:site_name\" content=\"OROS\" \/>\n<meta property=\"article:modified_time\" content=\"2022-09-29T14:17:29+00:00\" \/>\n<meta property=\"og:image\" content=\"https:\/\/www.oros.com\/wp-content\/uploads\/2022\/06\/envd-vignette-menu.jpg\" \/>\n\t<meta property=\"og:image:width\" content=\"1920\" \/>\n\t<meta property=\"og:image:height\" content=\"429\" \/>\n\t<meta property=\"og:image:type\" content=\"image\/jpeg\" \/>\n<meta name=\"twitter:card\" content=\"summary_large_image\" \/>\n<meta name=\"twitter:label1\" content=\"Dur\u00e9e de lecture estim\u00e9e\" \/>\n\t<meta name=\"twitter:data1\" content=\"1 minute\" \/>\n<script type=\"application\/ld+json\" class=\"yoast-schema-graph\">{\"@context\":\"https:\\\/\\\/schema.org\",\"@graph\":[{\"@type\":\"WebPage\",\"@id\":\"https:\\\/\\\/www.oros.com\\\/fr\\\/telechargez-nvgate-reader\\\/\",\"url\":\"https:\\\/\\\/www.oros.com\\\/fr\\\/telechargez-nvgate-reader\\\/\",\"name\":\"Affichage et traitement des signaux de bruit et vibrations - OROS\",\"isPartOf\":{\"@id\":\"https:\\\/\\\/www.oros.com\\\/#website\"},\"primaryImageOfPage\":{\"@id\":\"https:\\\/\\\/www.oros.com\\\/fr\\\/telechargez-nvgate-reader\\\/#primaryimage\"},\"image\":{\"@id\":\"https:\\\/\\\/www.oros.com\\\/fr\\\/telechargez-nvgate-reader\\\/#primaryimage\"},\"thumbnailUrl\":\"https:\\\/\\\/www.oros.com\\\/wp-content\\\/uploads\\\/2022\\\/06\\\/envd-vignette-menu.jpg\",\"datePublished\":\"2022-07-05T14:29:12+00:00\",\"dateModified\":\"2022-09-29T14:17:29+00:00\",\"description\":\"NVGate, la plateforme logicielle d'OROS de bruit et vibrations, peut \u00eatre install\u00e9e et d\u00e9marr\u00e9e gratuitement !\",\"breadcrumb\":{\"@id\":\"https:\\\/\\\/www.oros.com\\\/fr\\\/telechargez-nvgate-reader\\\/#breadcrumb\"},\"inLanguage\":\"fr-FR\",\"potentialAction\":[{\"@type\":\"ReadAction\",\"target\":[\"https:\\\/\\\/www.oros.com\\\/fr\\\/telechargez-nvgate-reader\\\/\"]}]},{\"@type\":\"ImageObject\",\"inLanguage\":\"fr-FR\",\"@id\":\"https:\\\/\\\/www.oros.com\\\/fr\\\/telechargez-nvgate-reader\\\/#primaryimage\",\"url\":\"https:\\\/\\\/www.oros.com\\\/wp-content\\\/uploads\\\/2022\\\/06\\\/envd-vignette-menu.jpg\",\"contentUrl\":\"https:\\\/\\\/www.oros.com\\\/wp-content\\\/uploads\\\/2022\\\/06\\\/envd-vignette-menu.jpg\",\"width\":1920,\"height\":429},{\"@type\":\"BreadcrumbList\",\"@id\":\"https:\\\/\\\/www.oros.com\\\/fr\\\/telechargez-nvgate-reader\\\/#breadcrumb\",\"itemListElement\":[{\"@type\":\"ListItem\",\"position\":1,\"name\":\"Accueil\",\"item\":\"https:\\\/\\\/www.oros.com\\\/fr\\\/\"},{\"@type\":\"ListItem\",\"position\":2,\"name\":\"T\u00e9l\u00e9chargez gratuitement NVGate Reader\"}]},{\"@type\":\"WebSite\",\"@id\":\"https:\\\/\\\/www.oros.com\\\/#website\",\"url\":\"https:\\\/\\\/www.oros.com\\\/\",\"name\":\"OROS\",\"description\":\"Measuring noise &amp; vibration\",\"potentialAction\":[{\"@type\":\"SearchAction\",\"target\":{\"@type\":\"EntryPoint\",\"urlTemplate\":\"https:\\\/\\\/www.oros.com\\\/?s={search_term_string}\"},\"query-input\":{\"@type\":\"PropertyValueSpecification\",\"valueRequired\":true,\"valueName\":\"search_term_string\"}}],\"inLanguage\":\"fr-FR\"}]}<\/script>\n<!-- \/ Yoast SEO plugin. -->","yoast_head_json":{"title":"Affichage et traitement des signaux de bruit et vibrations - OROS","description":"NVGate, la plateforme logicielle d'OROS de bruit et vibrations, peut \u00eatre install\u00e9e et d\u00e9marr\u00e9e gratuitement !","robots":{"index":"index","follow":"follow","max-snippet":"max-snippet:-1","max-image-preview":"max-image-preview:large","max-video-preview":"max-video-preview:-1"},"canonical":"https:\/\/www.oros.com\/fr\/telechargez-nvgate-reader\/","og_locale":"fr_FR","og_type":"article","og_title":"Affichage et traitement des signaux de bruit et vibrations - OROS","og_description":"NVGate, la plateforme logicielle d'OROS de bruit et vibrations, peut \u00eatre install\u00e9e et d\u00e9marr\u00e9e gratuitement !","og_url":"https:\/\/www.oros.com\/fr\/telechargez-nvgate-reader\/","og_site_name":"OROS","article_modified_time":"2022-09-29T14:17:29+00:00","og_image":[{"width":1920,"height":429,"url":"https:\/\/www.oros.com\/wp-content\/uploads\/2022\/06\/envd-vignette-menu.jpg","type":"image\/jpeg"}],"twitter_card":"summary_large_image","twitter_misc":{"Dur\u00e9e de lecture estim\u00e9e":"1 minute"},"schema":{"@context":"https:\/\/schema.org","@graph":[{"@type":"WebPage","@id":"https:\/\/www.oros.com\/fr\/telechargez-nvgate-reader\/","url":"https:\/\/www.oros.com\/fr\/telechargez-nvgate-reader\/","name":"Affichage et traitement des signaux de bruit et vibrations - OROS","isPartOf":{"@id":"https:\/\/www.oros.com\/#website"},"primaryImageOfPage":{"@id":"https:\/\/www.oros.com\/fr\/telechargez-nvgate-reader\/#primaryimage"},"image":{"@id":"https:\/\/www.oros.com\/fr\/telechargez-nvgate-reader\/#primaryimage"},"thumbnailUrl":"https:\/\/www.oros.com\/wp-content\/uploads\/2022\/06\/envd-vignette-menu.jpg","datePublished":"2022-07-05T14:29:12+00:00","dateModified":"2022-09-29T14:17:29+00:00","description":"NVGate, la plateforme logicielle d'OROS de bruit et vibrations, peut \u00eatre install\u00e9e et d\u00e9marr\u00e9e gratuitement !","breadcrumb":{"@id":"https:\/\/www.oros.com\/fr\/telechargez-nvgate-reader\/#breadcrumb"},"inLanguage":"fr-FR","potentialAction":[{"@type":"ReadAction","target":["https:\/\/www.oros.com\/fr\/telechargez-nvgate-reader\/"]}]},{"@type":"ImageObject","inLanguage":"fr-FR","@id":"https:\/\/www.oros.com\/fr\/telechargez-nvgate-reader\/#primaryimage","url":"https:\/\/www.oros.com\/wp-content\/uploads\/2022\/06\/envd-vignette-menu.jpg","contentUrl":"https:\/\/www.oros.com\/wp-content\/uploads\/2022\/06\/envd-vignette-menu.jpg","width":1920,"height":429},{"@type":"BreadcrumbList","@id":"https:\/\/www.oros.com\/fr\/telechargez-nvgate-reader\/#breadcrumb","itemListElement":[{"@type":"ListItem","position":1,"name":"Accueil","item":"https:\/\/www.oros.com\/fr\/"},{"@type":"ListItem","position":2,"name":"T\u00e9l\u00e9chargez gratuitement NVGate Reader"}]},{"@type":"WebSite","@id":"https:\/\/www.oros.com\/#website","url":"https:\/\/www.oros.com\/","name":"OROS","description":"Measuring noise &amp; vibration","potentialAction":[{"@type":"SearchAction","target":{"@type":"EntryPoint","urlTemplate":"https:\/\/www.oros.com\/?s={search_term_string}"},"query-input":{"@type":"PropertyValueSpecification","valueRequired":true,"valueName":"search_term_string"}}],"inLanguage":"fr-FR"}]}},"_links":{"self":[{"href":"https:\/\/www.oros.com\/fr\/wp-json\/wp\/v2\/pages\/128819","targetHints":{"allow":["GET"]}}],"collection":[{"href":"https:\/\/www.oros.com\/fr\/wp-json\/wp\/v2\/pages"}],"about":[{"href":"https:\/\/www.oros.com\/fr\/wp-json\/wp\/v2\/types\/page"}],"author":[{"embeddable":true,"href":"https:\/\/www.oros.com\/fr\/wp-json\/wp\/v2\/users\/2"}],"replies":[{"embeddable":true,"href":"https:\/\/www.oros.com\/fr\/wp-json\/wp\/v2\/comments?post=128819"}],"version-history":[{"count":3,"href":"https:\/\/www.oros.com\/fr\/wp-json\/wp\/v2\/pages\/128819\/revisions"}],"predecessor-version":[{"id":128822,"href":"https:\/\/www.oros.com\/fr\/wp-json\/wp\/v2\/pages\/128819\/revisions\/128822"}],"wp:featuredmedia":[{"embeddable":true,"href":"https:\/\/www.oros.com\/fr\/wp-json\/wp\/v2\/media\/78080"}],"wp:attachment":[{"href":"https:\/\/www.oros.com\/fr\/wp-json\/wp\/v2\/media?parent=128819"}],"curies":[{"name":"wp","href":"https:\/\/api.w.org\/{rel}","templated":true}]}}