{"id":131505,"date":"2024-07-03T12:15:35","date_gmt":"2024-07-03T10:15:35","guid":{"rendered":"https:\/\/www.oros.com\/applications\/dynamique-des-structures\/end-winding-tests\/"},"modified":"2024-07-16T14:44:58","modified_gmt":"2024-07-16T12:44:58","slug":"tests-sur-tetes-d-enroulement","status":"publish","type":"page","link":"https:\/\/www.oros.com\/fr\/applications\/dynamique-des-structures\/tests-sur-tetes-d-enroulement\/","title":{"rendered":"Tests sur t\u00eates d&rsquo;enroulement"},"content":{"rendered":"<p>Les tests de bobinages de stator sont essentiels pour \u00e9valuer l&rsquo;int\u00e9grit\u00e9 structurelle et les performances des t\u00eates d\u2019enroulement des grosses machines \u00e9lectriques. Ce sont des outils incontournables en fabrication ou en maintenance.<\/p>\n<p>&nbsp;<\/p>\n","protected":false},"excerpt":{"rendered":"<p>Les tests de bobinages de stator sont essentiels pour \u00e9valuer l&rsquo;int\u00e9grit\u00e9 structurelle et les performances des t\u00eates d\u2019enroulement des grosses&#8230; <span class=\"moretag btn btn--right btn--bold\">Lire la suite<\/span><\/p>\n","protected":false},"author":2,"featured_media":131348,"parent":13264,"menu_order":1,"comment_status":"closed","ping_status":"closed","template":"views\/solutions.blade.php","meta":{"_acf_changed":false,"inline_featured_image":false,"footnotes":""},"class_list":["post-131505","page","type-page","status-publish","has-post-thumbnail","hentry"],"acf":[],"yoast_head":"<!-- This site is optimized with the Yoast SEO plugin v27.4 - https:\/\/yoast.com\/product\/yoast-seo-wordpress\/ -->\n<title>Modal testing for stator end-winding - OROS<\/title>\n<meta name=\"description\" content=\"End-winding tests are essential to evaluate the structural integrity and performance of stator windings in large electrical machines.\" \/>\n<meta name=\"robots\" content=\"index, follow, max-snippet:-1, max-image-preview:large, max-video-preview:-1\" \/>\n<link rel=\"canonical\" href=\"https:\/\/www.oros.com\/fr\/applications\/dynamique-des-structures\/tests-sur-tetes-d-enroulement\/\" \/>\n<meta property=\"og:locale\" content=\"fr_FR\" \/>\n<meta property=\"og:type\" content=\"article\" \/>\n<meta property=\"og:title\" content=\"Modal testing for stator end-winding - OROS\" \/>\n<meta property=\"og:description\" content=\"End-winding tests are essential to evaluate the structural integrity and performance of stator windings in large electrical machines.\" \/>\n<meta property=\"og:url\" content=\"https:\/\/www.oros.com\/fr\/applications\/dynamique-des-structures\/tests-sur-tetes-d-enroulement\/\" \/>\n<meta property=\"og:site_name\" content=\"OROS\" \/>\n<meta property=\"article:modified_time\" content=\"2024-07-16T12:44:58+00:00\" \/>\n<meta property=\"og:image\" content=\"https:\/\/www.oros.com\/wp-content\/uploads\/2024\/06\/20210209-075221.jpg\" \/>\n\t<meta property=\"og:image:width\" content=\"807\" \/>\n\t<meta property=\"og:image:height\" content=\"454\" \/>\n\t<meta property=\"og:image:type\" content=\"image\/jpeg\" \/>\n<meta name=\"twitter:card\" content=\"summary_large_image\" \/>\n<meta name=\"twitter:label1\" content=\"Dur\u00e9e de lecture estim\u00e9e\" \/>\n\t<meta name=\"twitter:data1\" content=\"1 minute\" \/>\n<script type=\"application\/ld+json\" class=\"yoast-schema-graph\">{\"@context\":\"https:\\\/\\\/schema.org\",\"@graph\":[{\"@type\":\"WebPage\",\"@id\":\"https:\\\/\\\/www.oros.com\\\/fr\\\/applications\\\/dynamique-des-structures\\\/tests-sur-tetes-d-enroulement\\\/\",\"url\":\"https:\\\/\\\/www.oros.com\\\/fr\\\/applications\\\/dynamique-des-structures\\\/tests-sur-tetes-d-enroulement\\\/\",\"name\":\"Modal testing for stator end-winding - OROS\",\"isPartOf\":{\"@id\":\"https:\\\/\\\/www.oros.com\\\/#website\"},\"primaryImageOfPage\":{\"@id\":\"https:\\\/\\\/www.oros.com\\\/fr\\\/applications\\\/dynamique-des-structures\\\/tests-sur-tetes-d-enroulement\\\/#primaryimage\"},\"image\":{\"@id\":\"https:\\\/\\\/www.oros.com\\\/fr\\\/applications\\\/dynamique-des-structures\\\/tests-sur-tetes-d-enroulement\\\/#primaryimage\"},\"thumbnailUrl\":\"https:\\\/\\\/www.oros.com\\\/wp-content\\\/uploads\\\/2024\\\/06\\\/20210209-075221.jpg\",\"datePublished\":\"2024-07-03T10:15:35+00:00\",\"dateModified\":\"2024-07-16T12:44:58+00:00\",\"description\":\"End-winding tests are essential to evaluate the structural integrity and performance of stator windings in large electrical machines.\",\"breadcrumb\":{\"@id\":\"https:\\\/\\\/www.oros.com\\\/fr\\\/applications\\\/dynamique-des-structures\\\/tests-sur-tetes-d-enroulement\\\/#breadcrumb\"},\"inLanguage\":\"fr-FR\",\"potentialAction\":[{\"@type\":\"ReadAction\",\"target\":[\"https:\\\/\\\/www.oros.com\\\/fr\\\/applications\\\/dynamique-des-structures\\\/tests-sur-tetes-d-enroulement\\\/\"]}]},{\"@type\":\"ImageObject\",\"inLanguage\":\"fr-FR\",\"@id\":\"https:\\\/\\\/www.oros.com\\\/fr\\\/applications\\\/dynamique-des-structures\\\/tests-sur-tetes-d-enroulement\\\/#primaryimage\",\"url\":\"https:\\\/\\\/www.oros.com\\\/wp-content\\\/uploads\\\/2024\\\/06\\\/20210209-075221.jpg\",\"contentUrl\":\"https:\\\/\\\/www.oros.com\\\/wp-content\\\/uploads\\\/2024\\\/06\\\/20210209-075221.jpg\",\"width\":807,\"height\":454},{\"@type\":\"BreadcrumbList\",\"@id\":\"https:\\\/\\\/www.oros.com\\\/fr\\\/applications\\\/dynamique-des-structures\\\/tests-sur-tetes-d-enroulement\\\/#breadcrumb\",\"itemListElement\":[{\"@type\":\"ListItem\",\"position\":1,\"name\":\"Accueil\",\"item\":\"https:\\\/\\\/www.oros.com\\\/fr\\\/\"},{\"@type\":\"ListItem\",\"position\":2,\"name\":\"Applications\",\"item\":\"https:\\\/\\\/www.oros.com\\\/fr\\\/applications\\\/\"},{\"@type\":\"ListItem\",\"position\":3,\"name\":\"Dynamique des structures\",\"item\":\"https:\\\/\\\/www.oros.com\\\/fr\\\/applications\\\/dynamique-des-structures\\\/\"},{\"@type\":\"ListItem\",\"position\":4,\"name\":\"Tests sur t\u00eates d&rsquo;enroulement\"}]},{\"@type\":\"WebSite\",\"@id\":\"https:\\\/\\\/www.oros.com\\\/#website\",\"url\":\"https:\\\/\\\/www.oros.com\\\/\",\"name\":\"OROS\",\"description\":\"Measuring noise &amp; vibration\",\"potentialAction\":[{\"@type\":\"SearchAction\",\"target\":{\"@type\":\"EntryPoint\",\"urlTemplate\":\"https:\\\/\\\/www.oros.com\\\/?s={search_term_string}\"},\"query-input\":{\"@type\":\"PropertyValueSpecification\",\"valueRequired\":true,\"valueName\":\"search_term_string\"}}],\"inLanguage\":\"fr-FR\"}]}<\/script>\n<!-- \/ Yoast SEO plugin. -->","yoast_head_json":{"title":"Modal testing for stator end-winding - OROS","description":"End-winding tests are essential to evaluate the structural integrity and performance of stator windings in large electrical machines.","robots":{"index":"index","follow":"follow","max-snippet":"max-snippet:-1","max-image-preview":"max-image-preview:large","max-video-preview":"max-video-preview:-1"},"canonical":"https:\/\/www.oros.com\/fr\/applications\/dynamique-des-structures\/tests-sur-tetes-d-enroulement\/","og_locale":"fr_FR","og_type":"article","og_title":"Modal testing for stator end-winding - OROS","og_description":"End-winding tests are essential to evaluate the structural integrity and performance of stator windings in large electrical machines.","og_url":"https:\/\/www.oros.com\/fr\/applications\/dynamique-des-structures\/tests-sur-tetes-d-enroulement\/","og_site_name":"OROS","article_modified_time":"2024-07-16T12:44:58+00:00","og_image":[{"width":807,"height":454,"url":"https:\/\/www.oros.com\/wp-content\/uploads\/2024\/06\/20210209-075221.jpg","type":"image\/jpeg"}],"twitter_card":"summary_large_image","twitter_misc":{"Dur\u00e9e de lecture estim\u00e9e":"1 minute"},"schema":{"@context":"https:\/\/schema.org","@graph":[{"@type":"WebPage","@id":"https:\/\/www.oros.com\/fr\/applications\/dynamique-des-structures\/tests-sur-tetes-d-enroulement\/","url":"https:\/\/www.oros.com\/fr\/applications\/dynamique-des-structures\/tests-sur-tetes-d-enroulement\/","name":"Modal testing for stator end-winding - OROS","isPartOf":{"@id":"https:\/\/www.oros.com\/#website"},"primaryImageOfPage":{"@id":"https:\/\/www.oros.com\/fr\/applications\/dynamique-des-structures\/tests-sur-tetes-d-enroulement\/#primaryimage"},"image":{"@id":"https:\/\/www.oros.com\/fr\/applications\/dynamique-des-structures\/tests-sur-tetes-d-enroulement\/#primaryimage"},"thumbnailUrl":"https:\/\/www.oros.com\/wp-content\/uploads\/2024\/06\/20210209-075221.jpg","datePublished":"2024-07-03T10:15:35+00:00","dateModified":"2024-07-16T12:44:58+00:00","description":"End-winding tests are essential to evaluate the structural integrity and performance of stator windings in large electrical machines.","breadcrumb":{"@id":"https:\/\/www.oros.com\/fr\/applications\/dynamique-des-structures\/tests-sur-tetes-d-enroulement\/#breadcrumb"},"inLanguage":"fr-FR","potentialAction":[{"@type":"ReadAction","target":["https:\/\/www.oros.com\/fr\/applications\/dynamique-des-structures\/tests-sur-tetes-d-enroulement\/"]}]},{"@type":"ImageObject","inLanguage":"fr-FR","@id":"https:\/\/www.oros.com\/fr\/applications\/dynamique-des-structures\/tests-sur-tetes-d-enroulement\/#primaryimage","url":"https:\/\/www.oros.com\/wp-content\/uploads\/2024\/06\/20210209-075221.jpg","contentUrl":"https:\/\/www.oros.com\/wp-content\/uploads\/2024\/06\/20210209-075221.jpg","width":807,"height":454},{"@type":"BreadcrumbList","@id":"https:\/\/www.oros.com\/fr\/applications\/dynamique-des-structures\/tests-sur-tetes-d-enroulement\/#breadcrumb","itemListElement":[{"@type":"ListItem","position":1,"name":"Accueil","item":"https:\/\/www.oros.com\/fr\/"},{"@type":"ListItem","position":2,"name":"Applications","item":"https:\/\/www.oros.com\/fr\/applications\/"},{"@type":"ListItem","position":3,"name":"Dynamique des structures","item":"https:\/\/www.oros.com\/fr\/applications\/dynamique-des-structures\/"},{"@type":"ListItem","position":4,"name":"Tests sur t\u00eates d&rsquo;enroulement"}]},{"@type":"WebSite","@id":"https:\/\/www.oros.com\/#website","url":"https:\/\/www.oros.com\/","name":"OROS","description":"Measuring noise &amp; vibration","potentialAction":[{"@type":"SearchAction","target":{"@type":"EntryPoint","urlTemplate":"https:\/\/www.oros.com\/?s={search_term_string}"},"query-input":{"@type":"PropertyValueSpecification","valueRequired":true,"valueName":"search_term_string"}}],"inLanguage":"fr-FR"}]}},"_links":{"self":[{"href":"https:\/\/www.oros.com\/fr\/wp-json\/wp\/v2\/pages\/131505","targetHints":{"allow":["GET"]}}],"collection":[{"href":"https:\/\/www.oros.com\/fr\/wp-json\/wp\/v2\/pages"}],"about":[{"href":"https:\/\/www.oros.com\/fr\/wp-json\/wp\/v2\/types\/page"}],"author":[{"embeddable":true,"href":"https:\/\/www.oros.com\/fr\/wp-json\/wp\/v2\/users\/2"}],"replies":[{"embeddable":true,"href":"https:\/\/www.oros.com\/fr\/wp-json\/wp\/v2\/comments?post=131505"}],"version-history":[{"count":4,"href":"https:\/\/www.oros.com\/fr\/wp-json\/wp\/v2\/pages\/131505\/revisions"}],"predecessor-version":[{"id":131507,"href":"https:\/\/www.oros.com\/fr\/wp-json\/wp\/v2\/pages\/131505\/revisions\/131507"}],"up":[{"embeddable":true,"href":"https:\/\/www.oros.com\/fr\/wp-json\/wp\/v2\/pages\/13264"}],"wp:featuredmedia":[{"embeddable":true,"href":"https:\/\/www.oros.com\/fr\/wp-json\/wp\/v2\/media\/131348"}],"wp:attachment":[{"href":"https:\/\/www.oros.com\/fr\/wp-json\/wp\/v2\/media?parent=131505"}],"curies":[{"name":"wp","href":"https:\/\/api.w.org\/{rel}","templated":true}]}}