{"id":13157,"date":"2018-12-13T16:47:51","date_gmt":"2018-12-13T15:47:16","guid":{"rendered":"https:\/\/www.oros.com\/aerospace\/"},"modified":"2022-08-05T12:25:55","modified_gmt":"2022-08-05T10:25:55","slug":"aeronautique-et-spatial","status":"publish","type":"page","link":"https:\/\/www.oros.com\/fr\/industries\/aeronautique-et-spatial\/","title":{"rendered":"Solutions de tests en bruit et vibration pour l&rsquo;industrie a\u00e9ronautique et spatial"},"content":{"rendered":"<p>Toute mesure mettant en \u0153uvre un avion, un h\u00e9licopt\u00e8re ou tout autre v\u00e9hicule militaire est toujours <strong>tr\u00e8s co\u00fbteuse et doit \u00eatre r\u00e9alis\u00e9e dans un laps de temps tr\u00e8s court<\/strong>. Au stade du d\u00e9veloppement d\u2019un avion ou d\u2019un satellite, les mesures, telles que l\u2019analyse modale souvent bas\u00e9es sur des mesures de pot vibrant, doivent \u00eatre r\u00e9ussies d\u00e8s la premi\u00e8re \u00e9tape. Les donn\u00e9es doivent \u00eatre stock\u00e9es de fa\u00e7on s\u00e9curis\u00e9e.<\/p>\n","protected":false},"excerpt":{"rendered":"<p>Toute mesure mettant en \u0153uvre un avion, un h\u00e9licopt\u00e8re ou tout autre v\u00e9hicule militaire est toujours tr\u00e8s co\u00fbteuse et doit&#8230; <span class=\"moretag btn btn--right btn--bold\">Lire la suite<\/span><\/p>\n","protected":false},"author":2,"featured_media":5134,"parent":13205,"menu_order":0,"comment_status":"closed","ping_status":"closed","template":"views\/industries.blade.php","meta":{"_acf_changed":false,"inline_featured_image":false,"footnotes":""},"class_list":["post-13157","page","type-page","status-publish","has-post-thumbnail","hentry"],"acf":[],"yoast_head":"<!-- This site is optimized with the Yoast SEO plugin v27.5 - https:\/\/yoast.com\/product\/yoast-seo-wordpress\/ -->\n<title>Tests en bruit et vibration pour l&#039;a\u00e9ronautique et spatial - OROS<\/title>\n<meta name=\"description\" content=\"Solutions pour couvrir vos essais de bruit et de vibrations en laboratoire, en vol, en centres d&#039;essais, essais de moteurs \u00e0 r\u00e9action.\" \/>\n<meta name=\"robots\" content=\"index, follow, max-snippet:-1, max-image-preview:large, max-video-preview:-1\" \/>\n<link rel=\"canonical\" href=\"https:\/\/www.oros.com\/fr\/industries\/aeronautique-et-spatial\/\" \/>\n<meta property=\"og:locale\" content=\"fr_FR\" \/>\n<meta property=\"og:type\" content=\"article\" \/>\n<meta property=\"og:title\" content=\"Tests en bruit et vibration pour l&#039;a\u00e9ronautique et spatial - OROS\" \/>\n<meta property=\"og:description\" content=\"Solutions pour couvrir vos essais de bruit et de vibrations en laboratoire, en vol, en centres d&#039;essais, essais de moteurs \u00e0 r\u00e9action.\" \/>\n<meta property=\"og:url\" content=\"https:\/\/www.oros.com\/fr\/industries\/aeronautique-et-spatial\/\" \/>\n<meta property=\"og:site_name\" content=\"OROS\" \/>\n<meta property=\"article:modified_time\" content=\"2022-08-05T10:25:55+00:00\" \/>\n<meta property=\"og:image\" content=\"https:\/\/www.oros.com\/wp-content\/uploads\/2019\/06\/aircraft_flight_wing_2-1.jpg\" \/>\n\t<meta property=\"og:image:width\" content=\"1687\" \/>\n\t<meta property=\"og:image:height\" content=\"1000\" \/>\n\t<meta property=\"og:image:type\" content=\"image\/jpeg\" \/>\n<meta name=\"twitter:card\" content=\"summary_large_image\" \/>\n<meta name=\"twitter:label1\" content=\"Dur\u00e9e de lecture estim\u00e9e\" \/>\n\t<meta name=\"twitter:data1\" content=\"1 minute\" \/>\n<script type=\"application\/ld+json\" class=\"yoast-schema-graph\">{\"@context\":\"https:\\\/\\\/schema.org\",\"@graph\":[{\"@type\":\"WebPage\",\"@id\":\"https:\\\/\\\/www.oros.com\\\/fr\\\/industries\\\/aeronautique-et-spatial\\\/\",\"url\":\"https:\\\/\\\/www.oros.com\\\/fr\\\/industries\\\/aeronautique-et-spatial\\\/\",\"name\":\"Tests en bruit et vibration pour l'a\u00e9ronautique et spatial - OROS\",\"isPartOf\":{\"@id\":\"https:\\\/\\\/www.oros.com\\\/#website\"},\"primaryImageOfPage\":{\"@id\":\"https:\\\/\\\/www.oros.com\\\/fr\\\/industries\\\/aeronautique-et-spatial\\\/#primaryimage\"},\"image\":{\"@id\":\"https:\\\/\\\/www.oros.com\\\/fr\\\/industries\\\/aeronautique-et-spatial\\\/#primaryimage\"},\"thumbnailUrl\":\"https:\\\/\\\/www.oros.com\\\/wp-content\\\/uploads\\\/2019\\\/06\\\/aircraft_flight_wing_2-1.jpg\",\"datePublished\":\"2018-12-13T15:47:16+00:00\",\"dateModified\":\"2022-08-05T10:25:55+00:00\",\"description\":\"Solutions pour couvrir vos essais de bruit et de vibrations en laboratoire, en vol, en centres d'essais, essais de moteurs \u00e0 r\u00e9action.\",\"breadcrumb\":{\"@id\":\"https:\\\/\\\/www.oros.com\\\/fr\\\/industries\\\/aeronautique-et-spatial\\\/#breadcrumb\"},\"inLanguage\":\"fr-FR\",\"potentialAction\":[{\"@type\":\"ReadAction\",\"target\":[\"https:\\\/\\\/www.oros.com\\\/fr\\\/industries\\\/aeronautique-et-spatial\\\/\"]}]},{\"@type\":\"ImageObject\",\"inLanguage\":\"fr-FR\",\"@id\":\"https:\\\/\\\/www.oros.com\\\/fr\\\/industries\\\/aeronautique-et-spatial\\\/#primaryimage\",\"url\":\"https:\\\/\\\/www.oros.com\\\/wp-content\\\/uploads\\\/2019\\\/06\\\/aircraft_flight_wing_2-1.jpg\",\"contentUrl\":\"https:\\\/\\\/www.oros.com\\\/wp-content\\\/uploads\\\/2019\\\/06\\\/aircraft_flight_wing_2-1.jpg\",\"width\":1687,\"height\":1000},{\"@type\":\"BreadcrumbList\",\"@id\":\"https:\\\/\\\/www.oros.com\\\/fr\\\/industries\\\/aeronautique-et-spatial\\\/#breadcrumb\",\"itemListElement\":[{\"@type\":\"ListItem\",\"position\":1,\"name\":\"Accueil\",\"item\":\"https:\\\/\\\/www.oros.com\\\/fr\\\/\"},{\"@type\":\"ListItem\",\"position\":2,\"name\":\"Syst\u00e8mes de mesure du bruit et des vibrations pour les besoins des industries\",\"item\":\"https:\\\/\\\/www.oros.com\\\/fr\\\/industries\\\/\"},{\"@type\":\"ListItem\",\"position\":3,\"name\":\"Solutions de tests en bruit et vibration pour l&#8217;industrie a\u00e9ronautique et spatial\"}]},{\"@type\":\"WebSite\",\"@id\":\"https:\\\/\\\/www.oros.com\\\/#website\",\"url\":\"https:\\\/\\\/www.oros.com\\\/\",\"name\":\"OROS\",\"description\":\"Measuring noise &amp; vibration\",\"potentialAction\":[{\"@type\":\"SearchAction\",\"target\":{\"@type\":\"EntryPoint\",\"urlTemplate\":\"https:\\\/\\\/www.oros.com\\\/?s={search_term_string}\"},\"query-input\":{\"@type\":\"PropertyValueSpecification\",\"valueRequired\":true,\"valueName\":\"search_term_string\"}}],\"inLanguage\":\"fr-FR\"}]}<\/script>\n<!-- \/ Yoast SEO plugin. -->","yoast_head_json":{"title":"Tests en bruit et vibration pour l'a\u00e9ronautique et spatial - OROS","description":"Solutions pour couvrir vos essais de bruit et de vibrations en laboratoire, en vol, en centres d'essais, essais de moteurs \u00e0 r\u00e9action.","robots":{"index":"index","follow":"follow","max-snippet":"max-snippet:-1","max-image-preview":"max-image-preview:large","max-video-preview":"max-video-preview:-1"},"canonical":"https:\/\/www.oros.com\/fr\/industries\/aeronautique-et-spatial\/","og_locale":"fr_FR","og_type":"article","og_title":"Tests en bruit et vibration pour l'a\u00e9ronautique et spatial - OROS","og_description":"Solutions pour couvrir vos essais de bruit et de vibrations en laboratoire, en vol, en centres d'essais, essais de moteurs \u00e0 r\u00e9action.","og_url":"https:\/\/www.oros.com\/fr\/industries\/aeronautique-et-spatial\/","og_site_name":"OROS","article_modified_time":"2022-08-05T10:25:55+00:00","og_image":[{"width":1687,"height":1000,"url":"https:\/\/www.oros.com\/wp-content\/uploads\/2019\/06\/aircraft_flight_wing_2-1.jpg","type":"image\/jpeg"}],"twitter_card":"summary_large_image","twitter_misc":{"Dur\u00e9e de lecture estim\u00e9e":"1 minute"},"schema":{"@context":"https:\/\/schema.org","@graph":[{"@type":"WebPage","@id":"https:\/\/www.oros.com\/fr\/industries\/aeronautique-et-spatial\/","url":"https:\/\/www.oros.com\/fr\/industries\/aeronautique-et-spatial\/","name":"Tests en bruit et vibration pour l'a\u00e9ronautique et spatial - OROS","isPartOf":{"@id":"https:\/\/www.oros.com\/#website"},"primaryImageOfPage":{"@id":"https:\/\/www.oros.com\/fr\/industries\/aeronautique-et-spatial\/#primaryimage"},"image":{"@id":"https:\/\/www.oros.com\/fr\/industries\/aeronautique-et-spatial\/#primaryimage"},"thumbnailUrl":"https:\/\/www.oros.com\/wp-content\/uploads\/2019\/06\/aircraft_flight_wing_2-1.jpg","datePublished":"2018-12-13T15:47:16+00:00","dateModified":"2022-08-05T10:25:55+00:00","description":"Solutions pour couvrir vos essais de bruit et de vibrations en laboratoire, en vol, en centres d'essais, essais de moteurs \u00e0 r\u00e9action.","breadcrumb":{"@id":"https:\/\/www.oros.com\/fr\/industries\/aeronautique-et-spatial\/#breadcrumb"},"inLanguage":"fr-FR","potentialAction":[{"@type":"ReadAction","target":["https:\/\/www.oros.com\/fr\/industries\/aeronautique-et-spatial\/"]}]},{"@type":"ImageObject","inLanguage":"fr-FR","@id":"https:\/\/www.oros.com\/fr\/industries\/aeronautique-et-spatial\/#primaryimage","url":"https:\/\/www.oros.com\/wp-content\/uploads\/2019\/06\/aircraft_flight_wing_2-1.jpg","contentUrl":"https:\/\/www.oros.com\/wp-content\/uploads\/2019\/06\/aircraft_flight_wing_2-1.jpg","width":1687,"height":1000},{"@type":"BreadcrumbList","@id":"https:\/\/www.oros.com\/fr\/industries\/aeronautique-et-spatial\/#breadcrumb","itemListElement":[{"@type":"ListItem","position":1,"name":"Accueil","item":"https:\/\/www.oros.com\/fr\/"},{"@type":"ListItem","position":2,"name":"Syst\u00e8mes de mesure du bruit et des vibrations pour les besoins des industries","item":"https:\/\/www.oros.com\/fr\/industries\/"},{"@type":"ListItem","position":3,"name":"Solutions de tests en bruit et vibration pour l&#8217;industrie a\u00e9ronautique et spatial"}]},{"@type":"WebSite","@id":"https:\/\/www.oros.com\/#website","url":"https:\/\/www.oros.com\/","name":"OROS","description":"Measuring noise &amp; vibration","potentialAction":[{"@type":"SearchAction","target":{"@type":"EntryPoint","urlTemplate":"https:\/\/www.oros.com\/?s={search_term_string}"},"query-input":{"@type":"PropertyValueSpecification","valueRequired":true,"valueName":"search_term_string"}}],"inLanguage":"fr-FR"}]}},"_links":{"self":[{"href":"https:\/\/www.oros.com\/fr\/wp-json\/wp\/v2\/pages\/13157","targetHints":{"allow":["GET"]}}],"collection":[{"href":"https:\/\/www.oros.com\/fr\/wp-json\/wp\/v2\/pages"}],"about":[{"href":"https:\/\/www.oros.com\/fr\/wp-json\/wp\/v2\/types\/page"}],"author":[{"embeddable":true,"href":"https:\/\/www.oros.com\/fr\/wp-json\/wp\/v2\/users\/2"}],"replies":[{"embeddable":true,"href":"https:\/\/www.oros.com\/fr\/wp-json\/wp\/v2\/comments?post=13157"}],"version-history":[{"count":23,"href":"https:\/\/www.oros.com\/fr\/wp-json\/wp\/v2\/pages\/13157\/revisions"}],"predecessor-version":[{"id":106399,"href":"https:\/\/www.oros.com\/fr\/wp-json\/wp\/v2\/pages\/13157\/revisions\/106399"}],"up":[{"embeddable":true,"href":"https:\/\/www.oros.com\/fr\/wp-json\/wp\/v2\/pages\/13205"}],"wp:featuredmedia":[{"embeddable":true,"href":"https:\/\/www.oros.com\/fr\/wp-json\/wp\/v2\/media\/5134"}],"wp:attachment":[{"href":"https:\/\/www.oros.com\/fr\/wp-json\/wp\/v2\/media?parent=13157"}],"curies":[{"name":"wp","href":"https:\/\/api.w.org\/{rel}","templated":true}]}}