{"id":13195,"date":"2018-12-13T16:55:51","date_gmt":"2018-12-13T15:55:00","guid":{"rendered":"https:\/\/www.oros.com\/energy-and-process\/"},"modified":"2022-08-05T12:31:35","modified_gmt":"2022-08-05T10:31:35","slug":"energie-et-process","status":"publish","type":"page","link":"https:\/\/www.oros.com\/fr\/industries\/energie-et-process\/","title":{"rendered":"Solutions de diagnostic de bruit et vibration pour l&rsquo;industrie  \u00e9nergie et process"},"content":{"rendered":"<div class=\"paragraphe\"><strong>Les solutions OROS d&rsquo;acoustique et de vibrations vous aident \u00e0 optimiser vos mesures appliqu\u00e9es au march\u00e9 de l\u2019Energie (g\u00e9n\u00e9ration de puissance, p\u00e9trole &amp; gaz, chimie, p\u00e9trochimie)<br \/>\n<\/strong><\/div>\n<div><\/div>\n<div id=\"par63944\" class=\"paragraphe PRS_SEPARATION\">\n<div class=\"inner\">\n<p>Que la source d\u2019\u00e9nergie soit l\u2019eau, le charbon, le gaz ou le vent, <strong>mesurer les vibrations efficacement et pr\u00e9cis\u00e9ment est cl\u00e9 sur les turbines: <\/strong>que ce soit chez les op\u00e9rateurs, chez les fabricants, ou par des soci\u00e9t\u00e9s de services tiers.<br \/>\nLes tests de recettes doivent \u00eatre men\u00e9s avec la meilleure efficacit\u00e9 possible. Dans ces cas, les tests couvrent des mont\u00e9es en r\u00e9gime, des arr\u00eats machines ou des mesures en charge et les donn\u00e9es dynamiques autant que statiques sont calcul\u00e9es et collect\u00e9es<\/p>\n<\/div>\n<\/div>\n","protected":false},"excerpt":{"rendered":"<p>Les solutions OROS d&rsquo;acoustique et de vibrations vous aident \u00e0 optimiser vos mesures appliqu\u00e9es au march\u00e9 de l\u2019Energie (g\u00e9n\u00e9ration de&#8230; <span class=\"moretag btn btn--right btn--bold\">Lire la suite<\/span><\/p>\n","protected":false},"author":2,"featured_media":776,"parent":13205,"menu_order":2,"comment_status":"closed","ping_status":"closed","template":"views\/industries.blade.php","meta":{"_acf_changed":false,"inline_featured_image":false,"footnotes":""},"class_list":["post-13195","page","type-page","status-publish","has-post-thumbnail","hentry"],"acf":[],"yoast_head":"<!-- This site is optimized with the Yoast SEO plugin v27.5 - https:\/\/yoast.com\/product\/yoast-seo-wordpress\/ -->\n<title>Diagnostic vibratoire pour l&#039;industrie \u00e9nergie et process - OROS<\/title>\n<meta name=\"description\" content=\"Vibrations diagnostic, recherche pannes, surveillance de l&#039;\u00e9tat des turbines, compresseurs, machines \u00e0 mouvement alternatif et \u00e9lectriques.\" \/>\n<meta name=\"robots\" content=\"index, follow, max-snippet:-1, max-image-preview:large, max-video-preview:-1\" \/>\n<link rel=\"canonical\" href=\"https:\/\/www.oros.com\/fr\/industries\/energie-et-process\/\" \/>\n<meta property=\"og:locale\" content=\"fr_FR\" \/>\n<meta property=\"og:type\" content=\"article\" \/>\n<meta property=\"og:title\" content=\"Diagnostic vibratoire pour l&#039;industrie \u00e9nergie et process - OROS\" \/>\n<meta property=\"og:description\" content=\"Vibrations diagnostic, recherche pannes, surveillance de l&#039;\u00e9tat des turbines, compresseurs, machines \u00e0 mouvement alternatif et \u00e9lectriques.\" \/>\n<meta property=\"og:url\" content=\"https:\/\/www.oros.com\/fr\/industries\/energie-et-process\/\" \/>\n<meta property=\"og:site_name\" content=\"OROS\" \/>\n<meta property=\"article:modified_time\" content=\"2022-08-05T10:31:35+00:00\" \/>\n<meta property=\"og:image\" content=\"https:\/\/www.oros.com\/wp-content\/uploads\/2019\/01\/energy-and-process.jpg\" \/>\n\t<meta property=\"og:image:width\" content=\"1366\" \/>\n\t<meta property=\"og:image:height\" content=\"848\" \/>\n\t<meta property=\"og:image:type\" content=\"image\/jpeg\" \/>\n<meta name=\"twitter:card\" content=\"summary_large_image\" \/>\n<meta name=\"twitter:label1\" content=\"Dur\u00e9e de lecture estim\u00e9e\" \/>\n\t<meta name=\"twitter:data1\" content=\"1 minute\" \/>\n<script type=\"application\/ld+json\" class=\"yoast-schema-graph\">{\"@context\":\"https:\\\/\\\/schema.org\",\"@graph\":[{\"@type\":\"WebPage\",\"@id\":\"https:\\\/\\\/www.oros.com\\\/fr\\\/industries\\\/energie-et-process\\\/\",\"url\":\"https:\\\/\\\/www.oros.com\\\/fr\\\/industries\\\/energie-et-process\\\/\",\"name\":\"Diagnostic vibratoire pour l'industrie \u00e9nergie et process - OROS\",\"isPartOf\":{\"@id\":\"https:\\\/\\\/www.oros.com\\\/#website\"},\"primaryImageOfPage\":{\"@id\":\"https:\\\/\\\/www.oros.com\\\/fr\\\/industries\\\/energie-et-process\\\/#primaryimage\"},\"image\":{\"@id\":\"https:\\\/\\\/www.oros.com\\\/fr\\\/industries\\\/energie-et-process\\\/#primaryimage\"},\"thumbnailUrl\":\"https:\\\/\\\/www.oros.com\\\/wp-content\\\/uploads\\\/2019\\\/01\\\/energy-and-process.jpg\",\"datePublished\":\"2018-12-13T15:55:00+00:00\",\"dateModified\":\"2022-08-05T10:31:35+00:00\",\"description\":\"Vibrations diagnostic, recherche pannes, surveillance de l'\u00e9tat des turbines, compresseurs, machines \u00e0 mouvement alternatif et \u00e9lectriques.\",\"breadcrumb\":{\"@id\":\"https:\\\/\\\/www.oros.com\\\/fr\\\/industries\\\/energie-et-process\\\/#breadcrumb\"},\"inLanguage\":\"fr-FR\",\"potentialAction\":[{\"@type\":\"ReadAction\",\"target\":[\"https:\\\/\\\/www.oros.com\\\/fr\\\/industries\\\/energie-et-process\\\/\"]}]},{\"@type\":\"ImageObject\",\"inLanguage\":\"fr-FR\",\"@id\":\"https:\\\/\\\/www.oros.com\\\/fr\\\/industries\\\/energie-et-process\\\/#primaryimage\",\"url\":\"https:\\\/\\\/www.oros.com\\\/wp-content\\\/uploads\\\/2019\\\/01\\\/energy-and-process.jpg\",\"contentUrl\":\"https:\\\/\\\/www.oros.com\\\/wp-content\\\/uploads\\\/2019\\\/01\\\/energy-and-process.jpg\",\"width\":1366,\"height\":848,\"caption\":\"energy-and-process\"},{\"@type\":\"BreadcrumbList\",\"@id\":\"https:\\\/\\\/www.oros.com\\\/fr\\\/industries\\\/energie-et-process\\\/#breadcrumb\",\"itemListElement\":[{\"@type\":\"ListItem\",\"position\":1,\"name\":\"Accueil\",\"item\":\"https:\\\/\\\/www.oros.com\\\/fr\\\/\"},{\"@type\":\"ListItem\",\"position\":2,\"name\":\"Syst\u00e8mes de mesure du bruit et des vibrations pour les besoins des industries\",\"item\":\"https:\\\/\\\/www.oros.com\\\/fr\\\/industries\\\/\"},{\"@type\":\"ListItem\",\"position\":3,\"name\":\"Solutions de diagnostic de bruit et vibration pour l&#8217;industrie \u00e9nergie et process\"}]},{\"@type\":\"WebSite\",\"@id\":\"https:\\\/\\\/www.oros.com\\\/#website\",\"url\":\"https:\\\/\\\/www.oros.com\\\/\",\"name\":\"OROS\",\"description\":\"Measuring noise &amp; vibration\",\"potentialAction\":[{\"@type\":\"SearchAction\",\"target\":{\"@type\":\"EntryPoint\",\"urlTemplate\":\"https:\\\/\\\/www.oros.com\\\/?s={search_term_string}\"},\"query-input\":{\"@type\":\"PropertyValueSpecification\",\"valueRequired\":true,\"valueName\":\"search_term_string\"}}],\"inLanguage\":\"fr-FR\"}]}<\/script>\n<!-- \/ Yoast SEO plugin. -->","yoast_head_json":{"title":"Diagnostic vibratoire pour l'industrie \u00e9nergie et process - OROS","description":"Vibrations diagnostic, recherche pannes, surveillance de l'\u00e9tat des turbines, compresseurs, machines \u00e0 mouvement alternatif et \u00e9lectriques.","robots":{"index":"index","follow":"follow","max-snippet":"max-snippet:-1","max-image-preview":"max-image-preview:large","max-video-preview":"max-video-preview:-1"},"canonical":"https:\/\/www.oros.com\/fr\/industries\/energie-et-process\/","og_locale":"fr_FR","og_type":"article","og_title":"Diagnostic vibratoire pour l'industrie \u00e9nergie et process - OROS","og_description":"Vibrations diagnostic, recherche pannes, surveillance de l'\u00e9tat des turbines, compresseurs, machines \u00e0 mouvement alternatif et \u00e9lectriques.","og_url":"https:\/\/www.oros.com\/fr\/industries\/energie-et-process\/","og_site_name":"OROS","article_modified_time":"2022-08-05T10:31:35+00:00","og_image":[{"width":1366,"height":848,"url":"https:\/\/www.oros.com\/wp-content\/uploads\/2019\/01\/energy-and-process.jpg","type":"image\/jpeg"}],"twitter_card":"summary_large_image","twitter_misc":{"Dur\u00e9e de lecture estim\u00e9e":"1 minute"},"schema":{"@context":"https:\/\/schema.org","@graph":[{"@type":"WebPage","@id":"https:\/\/www.oros.com\/fr\/industries\/energie-et-process\/","url":"https:\/\/www.oros.com\/fr\/industries\/energie-et-process\/","name":"Diagnostic vibratoire pour l'industrie \u00e9nergie et process - OROS","isPartOf":{"@id":"https:\/\/www.oros.com\/#website"},"primaryImageOfPage":{"@id":"https:\/\/www.oros.com\/fr\/industries\/energie-et-process\/#primaryimage"},"image":{"@id":"https:\/\/www.oros.com\/fr\/industries\/energie-et-process\/#primaryimage"},"thumbnailUrl":"https:\/\/www.oros.com\/wp-content\/uploads\/2019\/01\/energy-and-process.jpg","datePublished":"2018-12-13T15:55:00+00:00","dateModified":"2022-08-05T10:31:35+00:00","description":"Vibrations diagnostic, recherche pannes, surveillance de l'\u00e9tat des turbines, compresseurs, machines \u00e0 mouvement alternatif et \u00e9lectriques.","breadcrumb":{"@id":"https:\/\/www.oros.com\/fr\/industries\/energie-et-process\/#breadcrumb"},"inLanguage":"fr-FR","potentialAction":[{"@type":"ReadAction","target":["https:\/\/www.oros.com\/fr\/industries\/energie-et-process\/"]}]},{"@type":"ImageObject","inLanguage":"fr-FR","@id":"https:\/\/www.oros.com\/fr\/industries\/energie-et-process\/#primaryimage","url":"https:\/\/www.oros.com\/wp-content\/uploads\/2019\/01\/energy-and-process.jpg","contentUrl":"https:\/\/www.oros.com\/wp-content\/uploads\/2019\/01\/energy-and-process.jpg","width":1366,"height":848,"caption":"energy-and-process"},{"@type":"BreadcrumbList","@id":"https:\/\/www.oros.com\/fr\/industries\/energie-et-process\/#breadcrumb","itemListElement":[{"@type":"ListItem","position":1,"name":"Accueil","item":"https:\/\/www.oros.com\/fr\/"},{"@type":"ListItem","position":2,"name":"Syst\u00e8mes de mesure du bruit et des vibrations pour les besoins des industries","item":"https:\/\/www.oros.com\/fr\/industries\/"},{"@type":"ListItem","position":3,"name":"Solutions de diagnostic de bruit et vibration pour l&#8217;industrie \u00e9nergie et process"}]},{"@type":"WebSite","@id":"https:\/\/www.oros.com\/#website","url":"https:\/\/www.oros.com\/","name":"OROS","description":"Measuring noise &amp; vibration","potentialAction":[{"@type":"SearchAction","target":{"@type":"EntryPoint","urlTemplate":"https:\/\/www.oros.com\/?s={search_term_string}"},"query-input":{"@type":"PropertyValueSpecification","valueRequired":true,"valueName":"search_term_string"}}],"inLanguage":"fr-FR"}]}},"_links":{"self":[{"href":"https:\/\/www.oros.com\/fr\/wp-json\/wp\/v2\/pages\/13195","targetHints":{"allow":["GET"]}}],"collection":[{"href":"https:\/\/www.oros.com\/fr\/wp-json\/wp\/v2\/pages"}],"about":[{"href":"https:\/\/www.oros.com\/fr\/wp-json\/wp\/v2\/types\/page"}],"author":[{"embeddable":true,"href":"https:\/\/www.oros.com\/fr\/wp-json\/wp\/v2\/users\/2"}],"replies":[{"embeddable":true,"href":"https:\/\/www.oros.com\/fr\/wp-json\/wp\/v2\/comments?post=13195"}],"version-history":[{"count":12,"href":"https:\/\/www.oros.com\/fr\/wp-json\/wp\/v2\/pages\/13195\/revisions"}],"predecessor-version":[{"id":106407,"href":"https:\/\/www.oros.com\/fr\/wp-json\/wp\/v2\/pages\/13195\/revisions\/106407"}],"up":[{"embeddable":true,"href":"https:\/\/www.oros.com\/fr\/wp-json\/wp\/v2\/pages\/13205"}],"wp:featuredmedia":[{"embeddable":true,"href":"https:\/\/www.oros.com\/fr\/wp-json\/wp\/v2\/media\/776"}],"wp:attachment":[{"href":"https:\/\/www.oros.com\/fr\/wp-json\/wp\/v2\/media?parent=13195"}],"curies":[{"name":"wp","href":"https:\/\/api.w.org\/{rel}","templated":true}]}}