{"id":13200,"date":"2018-12-13T16:55:51","date_gmt":"2018-12-13T15:55:00","guid":{"rendered":"https:\/\/www.oros.com\/marine\/"},"modified":"2022-08-05T12:34:37","modified_gmt":"2022-08-05T10:34:37","slug":"marine","status":"publish","type":"page","link":"https:\/\/www.oros.com\/fr\/industries\/marine\/","title":{"rendered":"Solutions de tests en bruit et vibration pour l&rsquo;industrie de la marine"},"content":{"rendered":"<div id=\"par56214\" class=\"paragraphe\">\n<div class=\"inner\">En r\u00e9ponse \u00e0 l\u2019\u00e9conomie globale, le transport de marchandise par voie maritime est en permanente augmentation. En parall\u00e8le, le besoin pour des b\u00e2timents militaire puissants et silencieux existe \u00e9galement. Ainsi l\u2019industrie navale est en demande permanente pour des navires plus gros et plus rapides.<\/div>\n<div><\/div>\n<div class=\"inner\">Les techniques de propulsion les plus modernes (moteurs \u00e9lectriques, turbines) ainsi que les technologies li\u00e9es \u00e0 la structure ont<strong> besoin de nombreuses mesures de vibrations pour \u00eatre qualifi\u00e9 et valid\u00e9<\/strong>. Les enregistreurs classiques ou les analyseurs basiques ne suffisent pas \u00e0 r\u00e9pondre \u00e0 ce niveau d\u2019exigence en termes d\u2019acquisition, de traitement temps r\u00e9el et d\u2019outil logiciels d\u2019exploitation. OROS est l\u00e0 pour vous permettre d\u2019atteindre ces objectifs.<\/div>\n<\/div>\n","protected":false},"excerpt":{"rendered":"<p>En r\u00e9ponse \u00e0 l\u2019\u00e9conomie globale, le transport de marchandise par voie maritime est en permanente augmentation. En parall\u00e8le, le besoin&#8230; <span class=\"moretag btn btn--right btn--bold\">Lire la suite<\/span><\/p>\n","protected":false},"author":2,"featured_media":6211,"parent":13205,"menu_order":4,"comment_status":"closed","ping_status":"closed","template":"views\/industries.blade.php","meta":{"_acf_changed":false,"inline_featured_image":false,"footnotes":""},"class_list":["post-13200","page","type-page","status-publish","has-post-thumbnail","hentry"],"acf":[],"yoast_head":"<!-- This site is optimized with the Yoast SEO plugin v27.4 - https:\/\/yoast.com\/product\/yoast-seo-wordpress\/ -->\n<title>Solutions de tests en bruit et vibration pour l&#039;industrie - OROS<\/title>\n<meta name=\"description\" content=\"Solutions de tests de bruit et de vibrations pour la construction navale et la propulsion pour la d\u00e9fense et les industries de la marine.\" \/>\n<meta name=\"robots\" content=\"index, follow, max-snippet:-1, max-image-preview:large, max-video-preview:-1\" \/>\n<link rel=\"canonical\" href=\"https:\/\/www.oros.com\/fr\/industries\/marine\/\" \/>\n<meta property=\"og:locale\" content=\"fr_FR\" \/>\n<meta property=\"og:type\" content=\"article\" \/>\n<meta property=\"og:title\" content=\"Solutions de tests en bruit et vibration pour l&#039;industrie - OROS\" \/>\n<meta property=\"og:description\" content=\"Solutions de tests de bruit et de vibrations pour la construction navale et la propulsion pour la d\u00e9fense et les industries de la marine.\" \/>\n<meta property=\"og:url\" content=\"https:\/\/www.oros.com\/fr\/industries\/marine\/\" \/>\n<meta property=\"og:site_name\" content=\"OROS\" \/>\n<meta property=\"article:modified_time\" content=\"2022-08-05T10:34:37+00:00\" \/>\n<meta property=\"og:image\" content=\"https:\/\/www.oros.com\/wp-content\/uploads\/2019\/06\/marine_bunkering_tanker_web.gif\" \/>\n\t<meta property=\"og:image:width\" content=\"1000\" \/>\n\t<meta property=\"og:image:height\" content=\"660\" \/>\n\t<meta property=\"og:image:type\" content=\"image\/gif\" \/>\n<meta name=\"twitter:card\" content=\"summary_large_image\" \/>\n<meta name=\"twitter:label1\" content=\"Dur\u00e9e de lecture estim\u00e9e\" \/>\n\t<meta name=\"twitter:data1\" content=\"1 minute\" \/>\n<script type=\"application\/ld+json\" class=\"yoast-schema-graph\">{\"@context\":\"https:\\\/\\\/schema.org\",\"@graph\":[{\"@type\":\"WebPage\",\"@id\":\"https:\\\/\\\/www.oros.com\\\/fr\\\/industries\\\/marine\\\/\",\"url\":\"https:\\\/\\\/www.oros.com\\\/fr\\\/industries\\\/marine\\\/\",\"name\":\"Solutions de tests en bruit et vibration pour l'industrie - OROS\",\"isPartOf\":{\"@id\":\"https:\\\/\\\/www.oros.com\\\/#website\"},\"primaryImageOfPage\":{\"@id\":\"https:\\\/\\\/www.oros.com\\\/fr\\\/industries\\\/marine\\\/#primaryimage\"},\"image\":{\"@id\":\"https:\\\/\\\/www.oros.com\\\/fr\\\/industries\\\/marine\\\/#primaryimage\"},\"thumbnailUrl\":\"https:\\\/\\\/www.oros.com\\\/wp-content\\\/uploads\\\/2019\\\/06\\\/marine_bunkering_tanker_web.gif\",\"datePublished\":\"2018-12-13T15:55:00+00:00\",\"dateModified\":\"2022-08-05T10:34:37+00:00\",\"description\":\"Solutions de tests de bruit et de vibrations pour la construction navale et la propulsion pour la d\u00e9fense et les industries de la marine.\",\"breadcrumb\":{\"@id\":\"https:\\\/\\\/www.oros.com\\\/fr\\\/industries\\\/marine\\\/#breadcrumb\"},\"inLanguage\":\"fr-FR\",\"potentialAction\":[{\"@type\":\"ReadAction\",\"target\":[\"https:\\\/\\\/www.oros.com\\\/fr\\\/industries\\\/marine\\\/\"]}]},{\"@type\":\"ImageObject\",\"inLanguage\":\"fr-FR\",\"@id\":\"https:\\\/\\\/www.oros.com\\\/fr\\\/industries\\\/marine\\\/#primaryimage\",\"url\":\"https:\\\/\\\/www.oros.com\\\/wp-content\\\/uploads\\\/2019\\\/06\\\/marine_bunkering_tanker_web.gif\",\"contentUrl\":\"https:\\\/\\\/www.oros.com\\\/wp-content\\\/uploads\\\/2019\\\/06\\\/marine_bunkering_tanker_web.gif\",\"width\":1000,\"height\":660},{\"@type\":\"BreadcrumbList\",\"@id\":\"https:\\\/\\\/www.oros.com\\\/fr\\\/industries\\\/marine\\\/#breadcrumb\",\"itemListElement\":[{\"@type\":\"ListItem\",\"position\":1,\"name\":\"Accueil\",\"item\":\"https:\\\/\\\/www.oros.com\\\/fr\\\/\"},{\"@type\":\"ListItem\",\"position\":2,\"name\":\"Syst\u00e8mes de mesure du bruit et des vibrations pour les besoins des industries\",\"item\":\"https:\\\/\\\/www.oros.com\\\/fr\\\/industries\\\/\"},{\"@type\":\"ListItem\",\"position\":3,\"name\":\"Solutions de tests en bruit et vibration pour l&#8217;industrie de la marine\"}]},{\"@type\":\"WebSite\",\"@id\":\"https:\\\/\\\/www.oros.com\\\/#website\",\"url\":\"https:\\\/\\\/www.oros.com\\\/\",\"name\":\"OROS\",\"description\":\"Measuring noise &amp; vibration\",\"potentialAction\":[{\"@type\":\"SearchAction\",\"target\":{\"@type\":\"EntryPoint\",\"urlTemplate\":\"https:\\\/\\\/www.oros.com\\\/?s={search_term_string}\"},\"query-input\":{\"@type\":\"PropertyValueSpecification\",\"valueRequired\":true,\"valueName\":\"search_term_string\"}}],\"inLanguage\":\"fr-FR\"}]}<\/script>\n<!-- \/ Yoast SEO plugin. -->","yoast_head_json":{"title":"Solutions de tests en bruit et vibration pour l'industrie - OROS","description":"Solutions de tests de bruit et de vibrations pour la construction navale et la propulsion pour la d\u00e9fense et les industries de la marine.","robots":{"index":"index","follow":"follow","max-snippet":"max-snippet:-1","max-image-preview":"max-image-preview:large","max-video-preview":"max-video-preview:-1"},"canonical":"https:\/\/www.oros.com\/fr\/industries\/marine\/","og_locale":"fr_FR","og_type":"article","og_title":"Solutions de tests en bruit et vibration pour l'industrie - OROS","og_description":"Solutions de tests de bruit et de vibrations pour la construction navale et la propulsion pour la d\u00e9fense et les industries de la marine.","og_url":"https:\/\/www.oros.com\/fr\/industries\/marine\/","og_site_name":"OROS","article_modified_time":"2022-08-05T10:34:37+00:00","og_image":[{"width":1000,"height":660,"url":"https:\/\/www.oros.com\/wp-content\/uploads\/2019\/06\/marine_bunkering_tanker_web.gif","type":"image\/gif"}],"twitter_card":"summary_large_image","twitter_misc":{"Dur\u00e9e de lecture estim\u00e9e":"1 minute"},"schema":{"@context":"https:\/\/schema.org","@graph":[{"@type":"WebPage","@id":"https:\/\/www.oros.com\/fr\/industries\/marine\/","url":"https:\/\/www.oros.com\/fr\/industries\/marine\/","name":"Solutions de tests en bruit et vibration pour l'industrie - OROS","isPartOf":{"@id":"https:\/\/www.oros.com\/#website"},"primaryImageOfPage":{"@id":"https:\/\/www.oros.com\/fr\/industries\/marine\/#primaryimage"},"image":{"@id":"https:\/\/www.oros.com\/fr\/industries\/marine\/#primaryimage"},"thumbnailUrl":"https:\/\/www.oros.com\/wp-content\/uploads\/2019\/06\/marine_bunkering_tanker_web.gif","datePublished":"2018-12-13T15:55:00+00:00","dateModified":"2022-08-05T10:34:37+00:00","description":"Solutions de tests de bruit et de vibrations pour la construction navale et la propulsion pour la d\u00e9fense et les industries de la marine.","breadcrumb":{"@id":"https:\/\/www.oros.com\/fr\/industries\/marine\/#breadcrumb"},"inLanguage":"fr-FR","potentialAction":[{"@type":"ReadAction","target":["https:\/\/www.oros.com\/fr\/industries\/marine\/"]}]},{"@type":"ImageObject","inLanguage":"fr-FR","@id":"https:\/\/www.oros.com\/fr\/industries\/marine\/#primaryimage","url":"https:\/\/www.oros.com\/wp-content\/uploads\/2019\/06\/marine_bunkering_tanker_web.gif","contentUrl":"https:\/\/www.oros.com\/wp-content\/uploads\/2019\/06\/marine_bunkering_tanker_web.gif","width":1000,"height":660},{"@type":"BreadcrumbList","@id":"https:\/\/www.oros.com\/fr\/industries\/marine\/#breadcrumb","itemListElement":[{"@type":"ListItem","position":1,"name":"Accueil","item":"https:\/\/www.oros.com\/fr\/"},{"@type":"ListItem","position":2,"name":"Syst\u00e8mes de mesure du bruit et des vibrations pour les besoins des industries","item":"https:\/\/www.oros.com\/fr\/industries\/"},{"@type":"ListItem","position":3,"name":"Solutions de tests en bruit et vibration pour l&#8217;industrie de la marine"}]},{"@type":"WebSite","@id":"https:\/\/www.oros.com\/#website","url":"https:\/\/www.oros.com\/","name":"OROS","description":"Measuring noise &amp; vibration","potentialAction":[{"@type":"SearchAction","target":{"@type":"EntryPoint","urlTemplate":"https:\/\/www.oros.com\/?s={search_term_string}"},"query-input":{"@type":"PropertyValueSpecification","valueRequired":true,"valueName":"search_term_string"}}],"inLanguage":"fr-FR"}]}},"_links":{"self":[{"href":"https:\/\/www.oros.com\/fr\/wp-json\/wp\/v2\/pages\/13200","targetHints":{"allow":["GET"]}}],"collection":[{"href":"https:\/\/www.oros.com\/fr\/wp-json\/wp\/v2\/pages"}],"about":[{"href":"https:\/\/www.oros.com\/fr\/wp-json\/wp\/v2\/types\/page"}],"author":[{"embeddable":true,"href":"https:\/\/www.oros.com\/fr\/wp-json\/wp\/v2\/users\/2"}],"replies":[{"embeddable":true,"href":"https:\/\/www.oros.com\/fr\/wp-json\/wp\/v2\/comments?post=13200"}],"version-history":[{"count":9,"href":"https:\/\/www.oros.com\/fr\/wp-json\/wp\/v2\/pages\/13200\/revisions"}],"predecessor-version":[{"id":106418,"href":"https:\/\/www.oros.com\/fr\/wp-json\/wp\/v2\/pages\/13200\/revisions\/106418"}],"up":[{"embeddable":true,"href":"https:\/\/www.oros.com\/fr\/wp-json\/wp\/v2\/pages\/13205"}],"wp:featuredmedia":[{"embeddable":true,"href":"https:\/\/www.oros.com\/fr\/wp-json\/wp\/v2\/media\/6211"}],"wp:attachment":[{"href":"https:\/\/www.oros.com\/fr\/wp-json\/wp\/v2\/media?parent=13200"}],"curies":[{"name":"wp","href":"https:\/\/api.w.org\/{rel}","templated":true}]}}