{"id":13205,"date":"2018-12-13T16:45:51","date_gmt":"2018-12-13T15:45:33","guid":{"rendered":"https:\/\/www.oros.com\/industries\/"},"modified":"2022-08-05T12:36:36","modified_gmt":"2022-08-05T10:36:36","slug":"industries","status":"publish","type":"page","link":"https:\/\/www.oros.com\/fr\/industries\/","title":{"rendered":"Syst\u00e8mes de mesure du bruit et des vibrations pour les besoins des industries"},"content":{"rendered":"<p>La fiabilit\u00e9 et l&rsquo;efficacit\u00e9 sont votre ambition au quotidien. Nous savons que vous exigez la m\u00eame chose pour vos syst\u00e8mes de mesure du bruit et des vibrations : des solutions compl\u00e8tes offrant performance et assurance, con\u00e7ues pour r\u00e9pondre aux d\u00e9fis de votre monde exigeant.<\/p>\n","protected":false},"excerpt":{"rendered":"<p>La fiabilit\u00e9 et l&rsquo;efficacit\u00e9 sont votre ambition au quotidien. Nous savons que vous exigez la m\u00eame chose pour vos syst\u00e8mes&#8230; <span class=\"moretag btn btn--right btn--bold\">Lire la suite<\/span><\/p>\n","protected":false},"author":2,"featured_media":213,"parent":0,"menu_order":7,"comment_status":"closed","ping_status":"closed","template":"views\/main-page.blade.php","meta":{"_acf_changed":false,"inline_featured_image":false,"footnotes":""},"class_list":["post-13205","page","type-page","status-publish","has-post-thumbnail","hentry"],"acf":[],"yoast_head":"<!-- This site is optimized with the Yoast SEO plugin v27.5 - https:\/\/yoast.com\/product\/yoast-seo-wordpress\/ -->\n<title>Mesures du bruit et des vibrations pour les industries - OROS<\/title>\n<meta name=\"description\" content=\"Syst\u00e8mes de tests de bruit et de vibrations r\u00e9pondant aux exigences de l&#039;automobile, de l&#039;a\u00e9rospatiale, de la marine, de l&#039;\u00e9nergie.\" \/>\n<meta name=\"robots\" content=\"index, follow, max-snippet:-1, max-image-preview:large, max-video-preview:-1\" \/>\n<link rel=\"canonical\" href=\"https:\/\/www.oros.com\/fr\/industries\/\" \/>\n<meta property=\"og:locale\" content=\"fr_FR\" \/>\n<meta property=\"og:type\" content=\"article\" \/>\n<meta property=\"og:title\" content=\"Mesures du bruit et des vibrations pour les industries - OROS\" \/>\n<meta property=\"og:description\" content=\"Syst\u00e8mes de tests de bruit et de vibrations r\u00e9pondant aux exigences de l&#039;automobile, de l&#039;a\u00e9rospatiale, de la marine, de l&#039;\u00e9nergie.\" \/>\n<meta property=\"og:url\" content=\"https:\/\/www.oros.com\/fr\/industries\/\" \/>\n<meta property=\"og:site_name\" content=\"OROS\" \/>\n<meta property=\"article:modified_time\" content=\"2022-08-05T10:36:36+00:00\" \/>\n<meta property=\"og:image\" content=\"https:\/\/www.oros.com\/wp-content\/uploads\/2018\/12\/analysis.jpg\" \/>\n\t<meta property=\"og:image:width\" content=\"1650\" \/>\n\t<meta property=\"og:image:height\" content=\"1096\" \/>\n\t<meta property=\"og:image:type\" content=\"image\/jpeg\" \/>\n<meta name=\"twitter:card\" content=\"summary_large_image\" \/>\n<meta name=\"twitter:label1\" content=\"Dur\u00e9e de lecture estim\u00e9e\" \/>\n\t<meta name=\"twitter:data1\" content=\"1 minute\" \/>\n<script type=\"application\/ld+json\" class=\"yoast-schema-graph\">{\"@context\":\"https:\\\/\\\/schema.org\",\"@graph\":[{\"@type\":\"WebPage\",\"@id\":\"https:\\\/\\\/www.oros.com\\\/fr\\\/industries\\\/\",\"url\":\"https:\\\/\\\/www.oros.com\\\/fr\\\/industries\\\/\",\"name\":\"Mesures du bruit et des vibrations pour les industries - OROS\",\"isPartOf\":{\"@id\":\"https:\\\/\\\/www.oros.com\\\/#website\"},\"primaryImageOfPage\":{\"@id\":\"https:\\\/\\\/www.oros.com\\\/fr\\\/industries\\\/#primaryimage\"},\"image\":{\"@id\":\"https:\\\/\\\/www.oros.com\\\/fr\\\/industries\\\/#primaryimage\"},\"thumbnailUrl\":\"https:\\\/\\\/www.oros.com\\\/wp-content\\\/uploads\\\/2018\\\/12\\\/analysis.jpg\",\"datePublished\":\"2018-12-13T15:45:33+00:00\",\"dateModified\":\"2022-08-05T10:36:36+00:00\",\"description\":\"Syst\u00e8mes de tests de bruit et de vibrations r\u00e9pondant aux exigences de l'automobile, de l'a\u00e9rospatiale, de la marine, de l'\u00e9nergie.\",\"breadcrumb\":{\"@id\":\"https:\\\/\\\/www.oros.com\\\/fr\\\/industries\\\/#breadcrumb\"},\"inLanguage\":\"fr-FR\",\"potentialAction\":[{\"@type\":\"ReadAction\",\"target\":[\"https:\\\/\\\/www.oros.com\\\/fr\\\/industries\\\/\"]}]},{\"@type\":\"ImageObject\",\"inLanguage\":\"fr-FR\",\"@id\":\"https:\\\/\\\/www.oros.com\\\/fr\\\/industries\\\/#primaryimage\",\"url\":\"https:\\\/\\\/www.oros.com\\\/wp-content\\\/uploads\\\/2018\\\/12\\\/analysis.jpg\",\"contentUrl\":\"https:\\\/\\\/www.oros.com\\\/wp-content\\\/uploads\\\/2018\\\/12\\\/analysis.jpg\",\"width\":1650,\"height\":1096},{\"@type\":\"BreadcrumbList\",\"@id\":\"https:\\\/\\\/www.oros.com\\\/fr\\\/industries\\\/#breadcrumb\",\"itemListElement\":[{\"@type\":\"ListItem\",\"position\":1,\"name\":\"Accueil\",\"item\":\"https:\\\/\\\/www.oros.com\\\/fr\\\/\"},{\"@type\":\"ListItem\",\"position\":2,\"name\":\"Syst\u00e8mes de mesure du bruit et des vibrations pour les besoins des industries\"}]},{\"@type\":\"WebSite\",\"@id\":\"https:\\\/\\\/www.oros.com\\\/#website\",\"url\":\"https:\\\/\\\/www.oros.com\\\/\",\"name\":\"OROS\",\"description\":\"Measuring noise &amp; vibration\",\"potentialAction\":[{\"@type\":\"SearchAction\",\"target\":{\"@type\":\"EntryPoint\",\"urlTemplate\":\"https:\\\/\\\/www.oros.com\\\/?s={search_term_string}\"},\"query-input\":{\"@type\":\"PropertyValueSpecification\",\"valueRequired\":true,\"valueName\":\"search_term_string\"}}],\"inLanguage\":\"fr-FR\"}]}<\/script>\n<!-- \/ Yoast SEO plugin. -->","yoast_head_json":{"title":"Mesures du bruit et des vibrations pour les industries - OROS","description":"Syst\u00e8mes de tests de bruit et de vibrations r\u00e9pondant aux exigences de l'automobile, de l'a\u00e9rospatiale, de la marine, de l'\u00e9nergie.","robots":{"index":"index","follow":"follow","max-snippet":"max-snippet:-1","max-image-preview":"max-image-preview:large","max-video-preview":"max-video-preview:-1"},"canonical":"https:\/\/www.oros.com\/fr\/industries\/","og_locale":"fr_FR","og_type":"article","og_title":"Mesures du bruit et des vibrations pour les industries - OROS","og_description":"Syst\u00e8mes de tests de bruit et de vibrations r\u00e9pondant aux exigences de l'automobile, de l'a\u00e9rospatiale, de la marine, de l'\u00e9nergie.","og_url":"https:\/\/www.oros.com\/fr\/industries\/","og_site_name":"OROS","article_modified_time":"2022-08-05T10:36:36+00:00","og_image":[{"width":1650,"height":1096,"url":"https:\/\/www.oros.com\/wp-content\/uploads\/2018\/12\/analysis.jpg","type":"image\/jpeg"}],"twitter_card":"summary_large_image","twitter_misc":{"Dur\u00e9e de lecture estim\u00e9e":"1 minute"},"schema":{"@context":"https:\/\/schema.org","@graph":[{"@type":"WebPage","@id":"https:\/\/www.oros.com\/fr\/industries\/","url":"https:\/\/www.oros.com\/fr\/industries\/","name":"Mesures du bruit et des vibrations pour les industries - OROS","isPartOf":{"@id":"https:\/\/www.oros.com\/#website"},"primaryImageOfPage":{"@id":"https:\/\/www.oros.com\/fr\/industries\/#primaryimage"},"image":{"@id":"https:\/\/www.oros.com\/fr\/industries\/#primaryimage"},"thumbnailUrl":"https:\/\/www.oros.com\/wp-content\/uploads\/2018\/12\/analysis.jpg","datePublished":"2018-12-13T15:45:33+00:00","dateModified":"2022-08-05T10:36:36+00:00","description":"Syst\u00e8mes de tests de bruit et de vibrations r\u00e9pondant aux exigences de l'automobile, de l'a\u00e9rospatiale, de la marine, de l'\u00e9nergie.","breadcrumb":{"@id":"https:\/\/www.oros.com\/fr\/industries\/#breadcrumb"},"inLanguage":"fr-FR","potentialAction":[{"@type":"ReadAction","target":["https:\/\/www.oros.com\/fr\/industries\/"]}]},{"@type":"ImageObject","inLanguage":"fr-FR","@id":"https:\/\/www.oros.com\/fr\/industries\/#primaryimage","url":"https:\/\/www.oros.com\/wp-content\/uploads\/2018\/12\/analysis.jpg","contentUrl":"https:\/\/www.oros.com\/wp-content\/uploads\/2018\/12\/analysis.jpg","width":1650,"height":1096},{"@type":"BreadcrumbList","@id":"https:\/\/www.oros.com\/fr\/industries\/#breadcrumb","itemListElement":[{"@type":"ListItem","position":1,"name":"Accueil","item":"https:\/\/www.oros.com\/fr\/"},{"@type":"ListItem","position":2,"name":"Syst\u00e8mes de mesure du bruit et des vibrations pour les besoins des industries"}]},{"@type":"WebSite","@id":"https:\/\/www.oros.com\/#website","url":"https:\/\/www.oros.com\/","name":"OROS","description":"Measuring noise &amp; vibration","potentialAction":[{"@type":"SearchAction","target":{"@type":"EntryPoint","urlTemplate":"https:\/\/www.oros.com\/?s={search_term_string}"},"query-input":{"@type":"PropertyValueSpecification","valueRequired":true,"valueName":"search_term_string"}}],"inLanguage":"fr-FR"}]}},"_links":{"self":[{"href":"https:\/\/www.oros.com\/fr\/wp-json\/wp\/v2\/pages\/13205","targetHints":{"allow":["GET"]}}],"collection":[{"href":"https:\/\/www.oros.com\/fr\/wp-json\/wp\/v2\/pages"}],"about":[{"href":"https:\/\/www.oros.com\/fr\/wp-json\/wp\/v2\/types\/page"}],"author":[{"embeddable":true,"href":"https:\/\/www.oros.com\/fr\/wp-json\/wp\/v2\/users\/2"}],"replies":[{"embeddable":true,"href":"https:\/\/www.oros.com\/fr\/wp-json\/wp\/v2\/comments?post=13205"}],"version-history":[{"count":8,"href":"https:\/\/www.oros.com\/fr\/wp-json\/wp\/v2\/pages\/13205\/revisions"}],"predecessor-version":[{"id":106421,"href":"https:\/\/www.oros.com\/fr\/wp-json\/wp\/v2\/pages\/13205\/revisions\/106421"}],"wp:featuredmedia":[{"embeddable":true,"href":"https:\/\/www.oros.com\/fr\/wp-json\/wp\/v2\/media\/213"}],"wp:attachment":[{"href":"https:\/\/www.oros.com\/fr\/wp-json\/wp\/v2\/media?parent=13205"}],"curies":[{"name":"wp","href":"https:\/\/api.w.org\/{rel}","templated":true}]}}