{"id":13210,"date":"2018-12-14T09:30:51","date_gmt":"2018-12-14T08:30:54","guid":{"rendered":"https:\/\/www.oros.com\/solutions\/"},"modified":"2024-08-02T10:45:45","modified_gmt":"2024-08-02T08:45:45","slug":"produits","status":"publish","type":"page","link":"https:\/\/www.oros.com\/fr\/produits\/","title":{"rendered":"Produits"},"content":{"rendered":"<p>Les syst\u00e8mes de tests, mesures et analyses de bruit et de vibrations sont bas\u00e9s sur une suite logicielle compl\u00e8te et des instruments multivoies. Du bo\u00eetier d&rsquo;acquisition, disponible de 2 \u00e0 plusieurs centaines de voies cha\u00een\u00e9es, aux diff\u00e9rents logiciels, toutes nos solutions sont con\u00e7ues pour votre application industrielle.<\/p>\n","protected":false},"excerpt":{"rendered":"<p>Les syst\u00e8mes de tests, mesures et analyses de bruit et de vibrations sont bas\u00e9s sur une suite logicielle compl\u00e8te et&#8230; <span class=\"moretag btn btn--right btn--bold\">Lire la suite<\/span><\/p>\n","protected":false},"author":2,"featured_media":213,"parent":0,"menu_order":2,"comment_status":"closed","ping_status":"closed","template":"views\/main-page.blade.php","meta":{"_acf_changed":false,"inline_featured_image":false,"footnotes":""},"class_list":["post-13210","page","type-page","status-publish","has-post-thumbnail","hentry"],"acf":[],"yoast_head":"<!-- This site is optimized with the Yoast SEO plugin v27.4 - https:\/\/yoast.com\/product\/yoast-seo-wordpress\/ -->\n<title>Solutions de test, mesure et analyse de bruit et vibration - OROS<\/title>\n<meta name=\"description\" content=\"Un bo\u00eetier d&#039;acquisition associ\u00e9 \u00e0 une suite logicielle compl\u00e8te pour toutes les applications vibro-acoustiques, syst\u00e8mes multivoies.\" \/>\n<meta name=\"robots\" content=\"index, follow, max-snippet:-1, max-image-preview:large, max-video-preview:-1\" \/>\n<link rel=\"canonical\" href=\"https:\/\/www.oros.com\/fr\/produits\/\" \/>\n<meta property=\"og:locale\" content=\"fr_FR\" \/>\n<meta property=\"og:type\" content=\"article\" \/>\n<meta property=\"og:title\" content=\"Solutions de test, mesure et analyse de bruit et vibration - OROS\" \/>\n<meta property=\"og:description\" content=\"Un bo\u00eetier d&#039;acquisition associ\u00e9 \u00e0 une suite logicielle compl\u00e8te pour toutes les applications vibro-acoustiques, syst\u00e8mes multivoies.\" \/>\n<meta property=\"og:url\" content=\"https:\/\/www.oros.com\/fr\/produits\/\" \/>\n<meta property=\"og:site_name\" content=\"OROS\" \/>\n<meta property=\"article:modified_time\" content=\"2024-08-02T08:45:45+00:00\" \/>\n<meta property=\"og:image\" content=\"https:\/\/www.oros.com\/wp-content\/uploads\/2018\/12\/analysis.jpg\" \/>\n\t<meta property=\"og:image:width\" content=\"1650\" \/>\n\t<meta property=\"og:image:height\" content=\"1096\" \/>\n\t<meta property=\"og:image:type\" content=\"image\/jpeg\" \/>\n<meta name=\"twitter:card\" content=\"summary_large_image\" \/>\n<meta name=\"twitter:label1\" content=\"Dur\u00e9e de lecture estim\u00e9e\" \/>\n\t<meta name=\"twitter:data1\" content=\"1 minute\" \/>\n<script type=\"application\/ld+json\" class=\"yoast-schema-graph\">{\"@context\":\"https:\\\/\\\/schema.org\",\"@graph\":[{\"@type\":\"WebPage\",\"@id\":\"https:\\\/\\\/www.oros.com\\\/fr\\\/produits\\\/\",\"url\":\"https:\\\/\\\/www.oros.com\\\/fr\\\/produits\\\/\",\"name\":\"Solutions de test, mesure et analyse de bruit et vibration - OROS\",\"isPartOf\":{\"@id\":\"https:\\\/\\\/www.oros.com\\\/#website\"},\"primaryImageOfPage\":{\"@id\":\"https:\\\/\\\/www.oros.com\\\/fr\\\/produits\\\/#primaryimage\"},\"image\":{\"@id\":\"https:\\\/\\\/www.oros.com\\\/fr\\\/produits\\\/#primaryimage\"},\"thumbnailUrl\":\"https:\\\/\\\/www.oros.com\\\/wp-content\\\/uploads\\\/2018\\\/12\\\/analysis.jpg\",\"datePublished\":\"2018-12-14T08:30:54+00:00\",\"dateModified\":\"2024-08-02T08:45:45+00:00\",\"description\":\"Un bo\u00eetier d'acquisition associ\u00e9 \u00e0 une suite logicielle compl\u00e8te pour toutes les applications vibro-acoustiques, syst\u00e8mes multivoies.\",\"breadcrumb\":{\"@id\":\"https:\\\/\\\/www.oros.com\\\/fr\\\/produits\\\/#breadcrumb\"},\"inLanguage\":\"fr-FR\",\"potentialAction\":[{\"@type\":\"ReadAction\",\"target\":[\"https:\\\/\\\/www.oros.com\\\/fr\\\/produits\\\/\"]}]},{\"@type\":\"ImageObject\",\"inLanguage\":\"fr-FR\",\"@id\":\"https:\\\/\\\/www.oros.com\\\/fr\\\/produits\\\/#primaryimage\",\"url\":\"https:\\\/\\\/www.oros.com\\\/wp-content\\\/uploads\\\/2018\\\/12\\\/analysis.jpg\",\"contentUrl\":\"https:\\\/\\\/www.oros.com\\\/wp-content\\\/uploads\\\/2018\\\/12\\\/analysis.jpg\",\"width\":1650,\"height\":1096},{\"@type\":\"BreadcrumbList\",\"@id\":\"https:\\\/\\\/www.oros.com\\\/fr\\\/produits\\\/#breadcrumb\",\"itemListElement\":[{\"@type\":\"ListItem\",\"position\":1,\"name\":\"Accueil\",\"item\":\"https:\\\/\\\/www.oros.com\\\/fr\\\/\"},{\"@type\":\"ListItem\",\"position\":2,\"name\":\"Produits\"}]},{\"@type\":\"WebSite\",\"@id\":\"https:\\\/\\\/www.oros.com\\\/#website\",\"url\":\"https:\\\/\\\/www.oros.com\\\/\",\"name\":\"OROS\",\"description\":\"Measuring noise &amp; vibration\",\"potentialAction\":[{\"@type\":\"SearchAction\",\"target\":{\"@type\":\"EntryPoint\",\"urlTemplate\":\"https:\\\/\\\/www.oros.com\\\/?s={search_term_string}\"},\"query-input\":{\"@type\":\"PropertyValueSpecification\",\"valueRequired\":true,\"valueName\":\"search_term_string\"}}],\"inLanguage\":\"fr-FR\"}]}<\/script>\n<!-- \/ Yoast SEO plugin. -->","yoast_head_json":{"title":"Solutions de test, mesure et analyse de bruit et vibration - OROS","description":"Un bo\u00eetier d'acquisition associ\u00e9 \u00e0 une suite logicielle compl\u00e8te pour toutes les applications vibro-acoustiques, syst\u00e8mes multivoies.","robots":{"index":"index","follow":"follow","max-snippet":"max-snippet:-1","max-image-preview":"max-image-preview:large","max-video-preview":"max-video-preview:-1"},"canonical":"https:\/\/www.oros.com\/fr\/produits\/","og_locale":"fr_FR","og_type":"article","og_title":"Solutions de test, mesure et analyse de bruit et vibration - OROS","og_description":"Un bo\u00eetier d'acquisition associ\u00e9 \u00e0 une suite logicielle compl\u00e8te pour toutes les applications vibro-acoustiques, syst\u00e8mes multivoies.","og_url":"https:\/\/www.oros.com\/fr\/produits\/","og_site_name":"OROS","article_modified_time":"2024-08-02T08:45:45+00:00","og_image":[{"width":1650,"height":1096,"url":"https:\/\/www.oros.com\/wp-content\/uploads\/2018\/12\/analysis.jpg","type":"image\/jpeg"}],"twitter_card":"summary_large_image","twitter_misc":{"Dur\u00e9e de lecture estim\u00e9e":"1 minute"},"schema":{"@context":"https:\/\/schema.org","@graph":[{"@type":"WebPage","@id":"https:\/\/www.oros.com\/fr\/produits\/","url":"https:\/\/www.oros.com\/fr\/produits\/","name":"Solutions de test, mesure et analyse de bruit et vibration - OROS","isPartOf":{"@id":"https:\/\/www.oros.com\/#website"},"primaryImageOfPage":{"@id":"https:\/\/www.oros.com\/fr\/produits\/#primaryimage"},"image":{"@id":"https:\/\/www.oros.com\/fr\/produits\/#primaryimage"},"thumbnailUrl":"https:\/\/www.oros.com\/wp-content\/uploads\/2018\/12\/analysis.jpg","datePublished":"2018-12-14T08:30:54+00:00","dateModified":"2024-08-02T08:45:45+00:00","description":"Un bo\u00eetier d'acquisition associ\u00e9 \u00e0 une suite logicielle compl\u00e8te pour toutes les applications vibro-acoustiques, syst\u00e8mes multivoies.","breadcrumb":{"@id":"https:\/\/www.oros.com\/fr\/produits\/#breadcrumb"},"inLanguage":"fr-FR","potentialAction":[{"@type":"ReadAction","target":["https:\/\/www.oros.com\/fr\/produits\/"]}]},{"@type":"ImageObject","inLanguage":"fr-FR","@id":"https:\/\/www.oros.com\/fr\/produits\/#primaryimage","url":"https:\/\/www.oros.com\/wp-content\/uploads\/2018\/12\/analysis.jpg","contentUrl":"https:\/\/www.oros.com\/wp-content\/uploads\/2018\/12\/analysis.jpg","width":1650,"height":1096},{"@type":"BreadcrumbList","@id":"https:\/\/www.oros.com\/fr\/produits\/#breadcrumb","itemListElement":[{"@type":"ListItem","position":1,"name":"Accueil","item":"https:\/\/www.oros.com\/fr\/"},{"@type":"ListItem","position":2,"name":"Produits"}]},{"@type":"WebSite","@id":"https:\/\/www.oros.com\/#website","url":"https:\/\/www.oros.com\/","name":"OROS","description":"Measuring noise &amp; vibration","potentialAction":[{"@type":"SearchAction","target":{"@type":"EntryPoint","urlTemplate":"https:\/\/www.oros.com\/?s={search_term_string}"},"query-input":{"@type":"PropertyValueSpecification","valueRequired":true,"valueName":"search_term_string"}}],"inLanguage":"fr-FR"}]}},"_links":{"self":[{"href":"https:\/\/www.oros.com\/fr\/wp-json\/wp\/v2\/pages\/13210","targetHints":{"allow":["GET"]}}],"collection":[{"href":"https:\/\/www.oros.com\/fr\/wp-json\/wp\/v2\/pages"}],"about":[{"href":"https:\/\/www.oros.com\/fr\/wp-json\/wp\/v2\/types\/page"}],"author":[{"embeddable":true,"href":"https:\/\/www.oros.com\/fr\/wp-json\/wp\/v2\/users\/2"}],"replies":[{"embeddable":true,"href":"https:\/\/www.oros.com\/fr\/wp-json\/wp\/v2\/comments?post=13210"}],"version-history":[{"count":10,"href":"https:\/\/www.oros.com\/fr\/wp-json\/wp\/v2\/pages\/13210\/revisions"}],"predecessor-version":[{"id":131523,"href":"https:\/\/www.oros.com\/fr\/wp-json\/wp\/v2\/pages\/13210\/revisions\/131523"}],"wp:featuredmedia":[{"embeddable":true,"href":"https:\/\/www.oros.com\/fr\/wp-json\/wp\/v2\/media\/213"}],"wp:attachment":[{"href":"https:\/\/www.oros.com\/fr\/wp-json\/wp\/v2\/media?parent=13210"}],"curies":[{"name":"wp","href":"https:\/\/api.w.org\/{rel}","templated":true}]}}