{"id":13228,"date":"2019-03-06T13:39:14","date_gmt":"2019-03-06T12:39:14","guid":{"rendered":"https:\/\/www.oros.com\/solutions\/instruments-et6accessoires\/or35-10-channels-teamwork-analyzer-recorder\/"},"modified":"2022-11-16T11:32:03","modified_gmt":"2022-11-16T10:32:03","slug":"or35-10-channels-teamwork-analyzer-recorder","status":"publish","type":"page","link":"https:\/\/www.oros.com\/fr\/produits\/instruments-et-accessoires\/or35-10-channels-teamwork-analyzer-recorder\/","title":{"rendered":"OR35 &#8211; l&rsquo;analyseur 10 voies"},"content":{"rendered":"<p>Con\u00e7u pour maximiser votre efficacit\u00e9, l\u2019OR35 Teamwork concentre le meilleur de la technologie OROS Teamwork. L\u2019OR35 Teamwork b\u00e9n\u00e9ficie de toute l\u2019exp\u00e9rience en bruit et vibration d\u2019OROS au service de tous les <strong>d\u00e9partements mesure, les centres de tests ou les \u00e9quipes de service<\/strong>.<\/p>\n","protected":false},"excerpt":{"rendered":"<p>Con\u00e7u pour maximiser votre efficacit\u00e9, l\u2019OR35 Teamwork concentre le meilleur de la technologie OROS Teamwork. L\u2019OR35 Teamwork b\u00e9n\u00e9ficie de toute&#8230; <span class=\"moretag btn btn--right btn--bold\">Lire la suite<\/span><\/p>\n","protected":false},"author":5,"featured_media":3510,"parent":13213,"menu_order":3,"comment_status":"closed","ping_status":"closed","template":"views\/solutions.blade.php","meta":{"_acf_changed":false,"inline_featured_image":false,"footnotes":""},"class_list":["post-13228","page","type-page","status-publish","has-post-thumbnail","hentry"],"acf":[],"yoast_head":"<!-- This site is optimized with the Yoast SEO plugin v27.5 - https:\/\/yoast.com\/product\/yoast-seo-wordpress\/ -->\n<title>OR35, l&#039;analyseur de bruit et vibration modulaire 10 voies - OROS<\/title>\n<meta name=\"description\" content=\"De 6 \u00e0 10 voies, l&#039;OR35 int\u00e8gre le meilleur des outils d&#039;analyse de bruit et vibrations dans un instrument v\u00e9ritablement mobile.\" \/>\n<meta name=\"robots\" content=\"index, follow, max-snippet:-1, max-image-preview:large, max-video-preview:-1\" \/>\n<link rel=\"canonical\" href=\"https:\/\/www.oros.com\/fr\/produits\/instruments-et-accessoires\/or35-10-channels-teamwork-analyzer-recorder\/\" \/>\n<meta property=\"og:locale\" content=\"fr_FR\" \/>\n<meta property=\"og:type\" content=\"article\" \/>\n<meta property=\"og:title\" content=\"OR35, l&#039;analyseur de bruit et vibration modulaire 10 voies - OROS\" \/>\n<meta property=\"og:description\" content=\"De 6 \u00e0 10 voies, l&#039;OR35 int\u00e8gre le meilleur des outils d&#039;analyse de bruit et vibrations dans un instrument v\u00e9ritablement mobile.\" \/>\n<meta property=\"og:url\" content=\"https:\/\/www.oros.com\/fr\/produits\/instruments-et-accessoires\/or35-10-channels-teamwork-analyzer-recorder\/\" \/>\n<meta property=\"og:site_name\" content=\"OROS\" \/>\n<meta property=\"article:modified_time\" content=\"2022-11-16T10:32:03+00:00\" \/>\n<meta property=\"og:image\" content=\"https:\/\/www.oros.com\/wp-content\/uploads\/2019\/03\/situation_univ_leeds_01-1.jpg\" \/>\n\t<meta property=\"og:image:width\" content=\"2448\" \/>\n\t<meta property=\"og:image:height\" content=\"3264\" \/>\n\t<meta property=\"og:image:type\" content=\"image\/jpeg\" \/>\n<meta name=\"twitter:card\" content=\"summary_large_image\" \/>\n<meta name=\"twitter:label1\" content=\"Dur\u00e9e de lecture estim\u00e9e\" \/>\n\t<meta name=\"twitter:data1\" content=\"1 minute\" \/>\n<script type=\"application\/ld+json\" class=\"yoast-schema-graph\">{\"@context\":\"https:\\\/\\\/schema.org\",\"@graph\":[{\"@type\":\"WebPage\",\"@id\":\"https:\\\/\\\/www.oros.com\\\/fr\\\/produits\\\/instruments-et-accessoires\\\/or35-10-channels-teamwork-analyzer-recorder\\\/\",\"url\":\"https:\\\/\\\/www.oros.com\\\/fr\\\/produits\\\/instruments-et-accessoires\\\/or35-10-channels-teamwork-analyzer-recorder\\\/\",\"name\":\"OR35, l'analyseur de bruit et vibration modulaire 10 voies - OROS\",\"isPartOf\":{\"@id\":\"https:\\\/\\\/www.oros.com\\\/#website\"},\"primaryImageOfPage\":{\"@id\":\"https:\\\/\\\/www.oros.com\\\/fr\\\/produits\\\/instruments-et-accessoires\\\/or35-10-channels-teamwork-analyzer-recorder\\\/#primaryimage\"},\"image\":{\"@id\":\"https:\\\/\\\/www.oros.com\\\/fr\\\/produits\\\/instruments-et-accessoires\\\/or35-10-channels-teamwork-analyzer-recorder\\\/#primaryimage\"},\"thumbnailUrl\":\"https:\\\/\\\/www.oros.com\\\/wp-content\\\/uploads\\\/2019\\\/03\\\/situation_univ_leeds_01-1.jpg\",\"datePublished\":\"2019-03-06T12:39:14+00:00\",\"dateModified\":\"2022-11-16T10:32:03+00:00\",\"description\":\"De 6 \u00e0 10 voies, l'OR35 int\u00e8gre le meilleur des outils d'analyse de bruit et vibrations dans un instrument v\u00e9ritablement mobile.\",\"breadcrumb\":{\"@id\":\"https:\\\/\\\/www.oros.com\\\/fr\\\/produits\\\/instruments-et-accessoires\\\/or35-10-channels-teamwork-analyzer-recorder\\\/#breadcrumb\"},\"inLanguage\":\"fr-FR\",\"potentialAction\":[{\"@type\":\"ReadAction\",\"target\":[\"https:\\\/\\\/www.oros.com\\\/fr\\\/produits\\\/instruments-et-accessoires\\\/or35-10-channels-teamwork-analyzer-recorder\\\/\"]}]},{\"@type\":\"ImageObject\",\"inLanguage\":\"fr-FR\",\"@id\":\"https:\\\/\\\/www.oros.com\\\/fr\\\/produits\\\/instruments-et-accessoires\\\/or35-10-channels-teamwork-analyzer-recorder\\\/#primaryimage\",\"url\":\"https:\\\/\\\/www.oros.com\\\/wp-content\\\/uploads\\\/2019\\\/03\\\/situation_univ_leeds_01-1.jpg\",\"contentUrl\":\"https:\\\/\\\/www.oros.com\\\/wp-content\\\/uploads\\\/2019\\\/03\\\/situation_univ_leeds_01-1.jpg\",\"width\":2448,\"height\":3264},{\"@type\":\"BreadcrumbList\",\"@id\":\"https:\\\/\\\/www.oros.com\\\/fr\\\/produits\\\/instruments-et-accessoires\\\/or35-10-channels-teamwork-analyzer-recorder\\\/#breadcrumb\",\"itemListElement\":[{\"@type\":\"ListItem\",\"position\":1,\"name\":\"Accueil\",\"item\":\"https:\\\/\\\/www.oros.com\\\/fr\\\/\"},{\"@type\":\"ListItem\",\"position\":2,\"name\":\"Produits\",\"item\":\"https:\\\/\\\/www.oros.com\\\/fr\\\/produits\\\/\"},{\"@type\":\"ListItem\",\"position\":3,\"name\":\"Instruments et accessoires\",\"item\":\"https:\\\/\\\/www.oros.com\\\/fr\\\/produits\\\/instruments-et-accessoires\\\/\"},{\"@type\":\"ListItem\",\"position\":4,\"name\":\"OR35 &#8211; l&rsquo;analyseur 10 voies\"}]},{\"@type\":\"WebSite\",\"@id\":\"https:\\\/\\\/www.oros.com\\\/#website\",\"url\":\"https:\\\/\\\/www.oros.com\\\/\",\"name\":\"OROS\",\"description\":\"Measuring noise &amp; vibration\",\"potentialAction\":[{\"@type\":\"SearchAction\",\"target\":{\"@type\":\"EntryPoint\",\"urlTemplate\":\"https:\\\/\\\/www.oros.com\\\/?s={search_term_string}\"},\"query-input\":{\"@type\":\"PropertyValueSpecification\",\"valueRequired\":true,\"valueName\":\"search_term_string\"}}],\"inLanguage\":\"fr-FR\"}]}<\/script>\n<!-- \/ Yoast SEO plugin. -->","yoast_head_json":{"title":"OR35, l'analyseur de bruit et vibration modulaire 10 voies - OROS","description":"De 6 \u00e0 10 voies, l'OR35 int\u00e8gre le meilleur des outils d'analyse de bruit et vibrations dans un instrument v\u00e9ritablement mobile.","robots":{"index":"index","follow":"follow","max-snippet":"max-snippet:-1","max-image-preview":"max-image-preview:large","max-video-preview":"max-video-preview:-1"},"canonical":"https:\/\/www.oros.com\/fr\/produits\/instruments-et-accessoires\/or35-10-channels-teamwork-analyzer-recorder\/","og_locale":"fr_FR","og_type":"article","og_title":"OR35, l'analyseur de bruit et vibration modulaire 10 voies - OROS","og_description":"De 6 \u00e0 10 voies, l'OR35 int\u00e8gre le meilleur des outils d'analyse de bruit et vibrations dans un instrument v\u00e9ritablement mobile.","og_url":"https:\/\/www.oros.com\/fr\/produits\/instruments-et-accessoires\/or35-10-channels-teamwork-analyzer-recorder\/","og_site_name":"OROS","article_modified_time":"2022-11-16T10:32:03+00:00","og_image":[{"width":2448,"height":3264,"url":"https:\/\/www.oros.com\/wp-content\/uploads\/2019\/03\/situation_univ_leeds_01-1.jpg","type":"image\/jpeg"}],"twitter_card":"summary_large_image","twitter_misc":{"Dur\u00e9e de lecture estim\u00e9e":"1 minute"},"schema":{"@context":"https:\/\/schema.org","@graph":[{"@type":"WebPage","@id":"https:\/\/www.oros.com\/fr\/produits\/instruments-et-accessoires\/or35-10-channels-teamwork-analyzer-recorder\/","url":"https:\/\/www.oros.com\/fr\/produits\/instruments-et-accessoires\/or35-10-channels-teamwork-analyzer-recorder\/","name":"OR35, l'analyseur de bruit et vibration modulaire 10 voies - OROS","isPartOf":{"@id":"https:\/\/www.oros.com\/#website"},"primaryImageOfPage":{"@id":"https:\/\/www.oros.com\/fr\/produits\/instruments-et-accessoires\/or35-10-channels-teamwork-analyzer-recorder\/#primaryimage"},"image":{"@id":"https:\/\/www.oros.com\/fr\/produits\/instruments-et-accessoires\/or35-10-channels-teamwork-analyzer-recorder\/#primaryimage"},"thumbnailUrl":"https:\/\/www.oros.com\/wp-content\/uploads\/2019\/03\/situation_univ_leeds_01-1.jpg","datePublished":"2019-03-06T12:39:14+00:00","dateModified":"2022-11-16T10:32:03+00:00","description":"De 6 \u00e0 10 voies, l'OR35 int\u00e8gre le meilleur des outils d'analyse de bruit et vibrations dans un instrument v\u00e9ritablement mobile.","breadcrumb":{"@id":"https:\/\/www.oros.com\/fr\/produits\/instruments-et-accessoires\/or35-10-channels-teamwork-analyzer-recorder\/#breadcrumb"},"inLanguage":"fr-FR","potentialAction":[{"@type":"ReadAction","target":["https:\/\/www.oros.com\/fr\/produits\/instruments-et-accessoires\/or35-10-channels-teamwork-analyzer-recorder\/"]}]},{"@type":"ImageObject","inLanguage":"fr-FR","@id":"https:\/\/www.oros.com\/fr\/produits\/instruments-et-accessoires\/or35-10-channels-teamwork-analyzer-recorder\/#primaryimage","url":"https:\/\/www.oros.com\/wp-content\/uploads\/2019\/03\/situation_univ_leeds_01-1.jpg","contentUrl":"https:\/\/www.oros.com\/wp-content\/uploads\/2019\/03\/situation_univ_leeds_01-1.jpg","width":2448,"height":3264},{"@type":"BreadcrumbList","@id":"https:\/\/www.oros.com\/fr\/produits\/instruments-et-accessoires\/or35-10-channels-teamwork-analyzer-recorder\/#breadcrumb","itemListElement":[{"@type":"ListItem","position":1,"name":"Accueil","item":"https:\/\/www.oros.com\/fr\/"},{"@type":"ListItem","position":2,"name":"Produits","item":"https:\/\/www.oros.com\/fr\/produits\/"},{"@type":"ListItem","position":3,"name":"Instruments et accessoires","item":"https:\/\/www.oros.com\/fr\/produits\/instruments-et-accessoires\/"},{"@type":"ListItem","position":4,"name":"OR35 &#8211; l&rsquo;analyseur 10 voies"}]},{"@type":"WebSite","@id":"https:\/\/www.oros.com\/#website","url":"https:\/\/www.oros.com\/","name":"OROS","description":"Measuring noise &amp; vibration","potentialAction":[{"@type":"SearchAction","target":{"@type":"EntryPoint","urlTemplate":"https:\/\/www.oros.com\/?s={search_term_string}"},"query-input":{"@type":"PropertyValueSpecification","valueRequired":true,"valueName":"search_term_string"}}],"inLanguage":"fr-FR"}]}},"_links":{"self":[{"href":"https:\/\/www.oros.com\/fr\/wp-json\/wp\/v2\/pages\/13228","targetHints":{"allow":["GET"]}}],"collection":[{"href":"https:\/\/www.oros.com\/fr\/wp-json\/wp\/v2\/pages"}],"about":[{"href":"https:\/\/www.oros.com\/fr\/wp-json\/wp\/v2\/types\/page"}],"author":[{"embeddable":true,"href":"https:\/\/www.oros.com\/fr\/wp-json\/wp\/v2\/users\/5"}],"replies":[{"embeddable":true,"href":"https:\/\/www.oros.com\/fr\/wp-json\/wp\/v2\/comments?post=13228"}],"version-history":[{"count":9,"href":"https:\/\/www.oros.com\/fr\/wp-json\/wp\/v2\/pages\/13228\/revisions"}],"predecessor-version":[{"id":13229,"href":"https:\/\/www.oros.com\/fr\/wp-json\/wp\/v2\/pages\/13228\/revisions\/13229"}],"up":[{"embeddable":true,"href":"https:\/\/www.oros.com\/fr\/wp-json\/wp\/v2\/pages\/13213"}],"wp:featuredmedia":[{"embeddable":true,"href":"https:\/\/www.oros.com\/fr\/wp-json\/wp\/v2\/media\/3510"}],"wp:attachment":[{"href":"https:\/\/www.oros.com\/fr\/wp-json\/wp\/v2\/media?parent=13228"}],"curies":[{"name":"wp","href":"https:\/\/api.w.org\/{rel}","templated":true}]}}