{"id":13238,"date":"2019-03-06T13:55:06","date_gmt":"2019-03-06T12:55:06","guid":{"rendered":"https:\/\/www.oros.com\/solutions\/instruments-et6accessoires\/or38-16-channels-teamwork-analyzer-recorder\/"},"modified":"2023-06-28T11:43:46","modified_gmt":"2023-06-28T09:43:46","slug":"or38-16-channels-teamwork-analyzer-recorder","status":"publish","type":"page","link":"https:\/\/www.oros.com\/fr\/produits\/instruments-et-accessoires\/or38-16-channels-teamwork-analyzer-recorder\/","title":{"rendered":"OR38 &#8211; le multi-analyseur enregistreur 32 voies"},"content":{"rendered":"<p>Jusqu&rsquo;\u00e0 32 voies, l&rsquo;OR38 est une synth\u00e8se de composants habituellement utilis\u00e9s s\u00e9par\u00e9ment pour les mesures : analyseur, enregistreur, conditionneurs en un seul instrument portable, bas\u00e9 sur la technologie Teamwork. Il offre les capacit\u00e9s d&rsquo;un instrument de laboratoire avanc\u00e9 dans un ensemble modulaire et robuste. L&rsquo;OR38 acc\u00e9l\u00e8re et garantit vos mesures quotidiennes de bruit et de vibrations sur les machines industrielles.<\/p>\n","protected":false},"excerpt":{"rendered":"<p>Jusqu&rsquo;\u00e0 32 voies, l&rsquo;OR38 est une synth\u00e8se de composants habituellement utilis\u00e9s s\u00e9par\u00e9ment pour les mesures : analyseur, enregistreur, conditionneurs en&#8230; <span class=\"moretag btn btn--right btn--bold\">Lire la suite<\/span><\/p>\n","protected":false},"author":5,"featured_media":3661,"parent":13213,"menu_order":5,"comment_status":"closed","ping_status":"closed","template":"views\/solutions.blade.php","meta":{"_acf_changed":false,"inline_featured_image":false,"footnotes":""},"class_list":["post-13238","page","type-page","status-publish","has-post-thumbnail","hentry"],"acf":[],"yoast_head":"<!-- This site is optimized with the Yoast SEO plugin v27.5 - https:\/\/yoast.com\/product\/yoast-seo-wordpress\/ -->\n<title>OR38 \u2013 Analyseur enregistreur 32 voies - OROS<\/title>\n<meta name=\"description\" content=\"Analyseur, enregistreur, conditionneurs en un seul instrument portable pour les mesures et tests de bruit et vibration\" \/>\n<meta name=\"robots\" content=\"index, follow, max-snippet:-1, max-image-preview:large, max-video-preview:-1\" \/>\n<link rel=\"canonical\" href=\"https:\/\/www.oros.com\/fr\/produits\/instruments-et-accessoires\/or38-16-channels-teamwork-analyzer-recorder\/\" \/>\n<meta property=\"og:locale\" content=\"fr_FR\" \/>\n<meta property=\"og:type\" content=\"article\" \/>\n<meta property=\"og:title\" content=\"OR38 \u2013 Analyseur enregistreur 32 voies - OROS\" \/>\n<meta property=\"og:description\" content=\"Analyseur, enregistreur, conditionneurs en un seul instrument portable pour les mesures et tests de bruit et vibration\" \/>\n<meta property=\"og:url\" content=\"https:\/\/www.oros.com\/fr\/produits\/instruments-et-accessoires\/or38-16-channels-teamwork-analyzer-recorder\/\" \/>\n<meta property=\"og:site_name\" content=\"OROS\" \/>\n<meta property=\"article:modified_time\" content=\"2023-06-28T09:43:46+00:00\" \/>\n<meta property=\"og:image\" content=\"https:\/\/www.oros.com\/wp-content\/uploads\/2019\/03\/drec_droit_web500.jpg\" \/>\n\t<meta property=\"og:image:width\" content=\"500\" \/>\n\t<meta property=\"og:image:height\" content=\"333\" \/>\n\t<meta property=\"og:image:type\" content=\"image\/jpeg\" \/>\n<meta name=\"twitter:card\" content=\"summary_large_image\" \/>\n<meta name=\"twitter:label1\" content=\"Dur\u00e9e de lecture estim\u00e9e\" \/>\n\t<meta name=\"twitter:data1\" content=\"1 minute\" \/>\n<script type=\"application\/ld+json\" class=\"yoast-schema-graph\">{\"@context\":\"https:\\\/\\\/schema.org\",\"@graph\":[{\"@type\":\"WebPage\",\"@id\":\"https:\\\/\\\/www.oros.com\\\/fr\\\/produits\\\/instruments-et-accessoires\\\/or38-16-channels-teamwork-analyzer-recorder\\\/\",\"url\":\"https:\\\/\\\/www.oros.com\\\/fr\\\/produits\\\/instruments-et-accessoires\\\/or38-16-channels-teamwork-analyzer-recorder\\\/\",\"name\":\"OR38 \u2013 Analyseur enregistreur 32 voies - OROS\",\"isPartOf\":{\"@id\":\"https:\\\/\\\/www.oros.com\\\/#website\"},\"primaryImageOfPage\":{\"@id\":\"https:\\\/\\\/www.oros.com\\\/fr\\\/produits\\\/instruments-et-accessoires\\\/or38-16-channels-teamwork-analyzer-recorder\\\/#primaryimage\"},\"image\":{\"@id\":\"https:\\\/\\\/www.oros.com\\\/fr\\\/produits\\\/instruments-et-accessoires\\\/or38-16-channels-teamwork-analyzer-recorder\\\/#primaryimage\"},\"thumbnailUrl\":\"https:\\\/\\\/www.oros.com\\\/wp-content\\\/uploads\\\/2019\\\/03\\\/drec_droit_web500.jpg\",\"datePublished\":\"2019-03-06T12:55:06+00:00\",\"dateModified\":\"2023-06-28T09:43:46+00:00\",\"description\":\"Analyseur, enregistreur, conditionneurs en un seul instrument portable pour les mesures et tests de bruit et vibration\",\"breadcrumb\":{\"@id\":\"https:\\\/\\\/www.oros.com\\\/fr\\\/produits\\\/instruments-et-accessoires\\\/or38-16-channels-teamwork-analyzer-recorder\\\/#breadcrumb\"},\"inLanguage\":\"fr-FR\",\"potentialAction\":[{\"@type\":\"ReadAction\",\"target\":[\"https:\\\/\\\/www.oros.com\\\/fr\\\/produits\\\/instruments-et-accessoires\\\/or38-16-channels-teamwork-analyzer-recorder\\\/\"]}]},{\"@type\":\"ImageObject\",\"inLanguage\":\"fr-FR\",\"@id\":\"https:\\\/\\\/www.oros.com\\\/fr\\\/produits\\\/instruments-et-accessoires\\\/or38-16-channels-teamwork-analyzer-recorder\\\/#primaryimage\",\"url\":\"https:\\\/\\\/www.oros.com\\\/wp-content\\\/uploads\\\/2019\\\/03\\\/drec_droit_web500.jpg\",\"contentUrl\":\"https:\\\/\\\/www.oros.com\\\/wp-content\\\/uploads\\\/2019\\\/03\\\/drec_droit_web500.jpg\",\"width\":500,\"height\":333},{\"@type\":\"BreadcrumbList\",\"@id\":\"https:\\\/\\\/www.oros.com\\\/fr\\\/produits\\\/instruments-et-accessoires\\\/or38-16-channels-teamwork-analyzer-recorder\\\/#breadcrumb\",\"itemListElement\":[{\"@type\":\"ListItem\",\"position\":1,\"name\":\"Accueil\",\"item\":\"https:\\\/\\\/www.oros.com\\\/fr\\\/\"},{\"@type\":\"ListItem\",\"position\":2,\"name\":\"Produits\",\"item\":\"https:\\\/\\\/www.oros.com\\\/fr\\\/produits\\\/\"},{\"@type\":\"ListItem\",\"position\":3,\"name\":\"Instruments et accessoires\",\"item\":\"https:\\\/\\\/www.oros.com\\\/fr\\\/produits\\\/instruments-et-accessoires\\\/\"},{\"@type\":\"ListItem\",\"position\":4,\"name\":\"OR38 &#8211; le multi-analyseur enregistreur 32 voies\"}]},{\"@type\":\"WebSite\",\"@id\":\"https:\\\/\\\/www.oros.com\\\/#website\",\"url\":\"https:\\\/\\\/www.oros.com\\\/\",\"name\":\"OROS\",\"description\":\"Measuring noise &amp; vibration\",\"potentialAction\":[{\"@type\":\"SearchAction\",\"target\":{\"@type\":\"EntryPoint\",\"urlTemplate\":\"https:\\\/\\\/www.oros.com\\\/?s={search_term_string}\"},\"query-input\":{\"@type\":\"PropertyValueSpecification\",\"valueRequired\":true,\"valueName\":\"search_term_string\"}}],\"inLanguage\":\"fr-FR\"}]}<\/script>\n<!-- \/ Yoast SEO plugin. -->","yoast_head_json":{"title":"OR38 \u2013 Analyseur enregistreur 32 voies - OROS","description":"Analyseur, enregistreur, conditionneurs en un seul instrument portable pour les mesures et tests de bruit et vibration","robots":{"index":"index","follow":"follow","max-snippet":"max-snippet:-1","max-image-preview":"max-image-preview:large","max-video-preview":"max-video-preview:-1"},"canonical":"https:\/\/www.oros.com\/fr\/produits\/instruments-et-accessoires\/or38-16-channels-teamwork-analyzer-recorder\/","og_locale":"fr_FR","og_type":"article","og_title":"OR38 \u2013 Analyseur enregistreur 32 voies - OROS","og_description":"Analyseur, enregistreur, conditionneurs en un seul instrument portable pour les mesures et tests de bruit et vibration","og_url":"https:\/\/www.oros.com\/fr\/produits\/instruments-et-accessoires\/or38-16-channels-teamwork-analyzer-recorder\/","og_site_name":"OROS","article_modified_time":"2023-06-28T09:43:46+00:00","og_image":[{"width":500,"height":333,"url":"https:\/\/www.oros.com\/wp-content\/uploads\/2019\/03\/drec_droit_web500.jpg","type":"image\/jpeg"}],"twitter_card":"summary_large_image","twitter_misc":{"Dur\u00e9e de lecture estim\u00e9e":"1 minute"},"schema":{"@context":"https:\/\/schema.org","@graph":[{"@type":"WebPage","@id":"https:\/\/www.oros.com\/fr\/produits\/instruments-et-accessoires\/or38-16-channels-teamwork-analyzer-recorder\/","url":"https:\/\/www.oros.com\/fr\/produits\/instruments-et-accessoires\/or38-16-channels-teamwork-analyzer-recorder\/","name":"OR38 \u2013 Analyseur enregistreur 32 voies - OROS","isPartOf":{"@id":"https:\/\/www.oros.com\/#website"},"primaryImageOfPage":{"@id":"https:\/\/www.oros.com\/fr\/produits\/instruments-et-accessoires\/or38-16-channels-teamwork-analyzer-recorder\/#primaryimage"},"image":{"@id":"https:\/\/www.oros.com\/fr\/produits\/instruments-et-accessoires\/or38-16-channels-teamwork-analyzer-recorder\/#primaryimage"},"thumbnailUrl":"https:\/\/www.oros.com\/wp-content\/uploads\/2019\/03\/drec_droit_web500.jpg","datePublished":"2019-03-06T12:55:06+00:00","dateModified":"2023-06-28T09:43:46+00:00","description":"Analyseur, enregistreur, conditionneurs en un seul instrument portable pour les mesures et tests de bruit et vibration","breadcrumb":{"@id":"https:\/\/www.oros.com\/fr\/produits\/instruments-et-accessoires\/or38-16-channels-teamwork-analyzer-recorder\/#breadcrumb"},"inLanguage":"fr-FR","potentialAction":[{"@type":"ReadAction","target":["https:\/\/www.oros.com\/fr\/produits\/instruments-et-accessoires\/or38-16-channels-teamwork-analyzer-recorder\/"]}]},{"@type":"ImageObject","inLanguage":"fr-FR","@id":"https:\/\/www.oros.com\/fr\/produits\/instruments-et-accessoires\/or38-16-channels-teamwork-analyzer-recorder\/#primaryimage","url":"https:\/\/www.oros.com\/wp-content\/uploads\/2019\/03\/drec_droit_web500.jpg","contentUrl":"https:\/\/www.oros.com\/wp-content\/uploads\/2019\/03\/drec_droit_web500.jpg","width":500,"height":333},{"@type":"BreadcrumbList","@id":"https:\/\/www.oros.com\/fr\/produits\/instruments-et-accessoires\/or38-16-channels-teamwork-analyzer-recorder\/#breadcrumb","itemListElement":[{"@type":"ListItem","position":1,"name":"Accueil","item":"https:\/\/www.oros.com\/fr\/"},{"@type":"ListItem","position":2,"name":"Produits","item":"https:\/\/www.oros.com\/fr\/produits\/"},{"@type":"ListItem","position":3,"name":"Instruments et accessoires","item":"https:\/\/www.oros.com\/fr\/produits\/instruments-et-accessoires\/"},{"@type":"ListItem","position":4,"name":"OR38 &#8211; le multi-analyseur enregistreur 32 voies"}]},{"@type":"WebSite","@id":"https:\/\/www.oros.com\/#website","url":"https:\/\/www.oros.com\/","name":"OROS","description":"Measuring noise &amp; vibration","potentialAction":[{"@type":"SearchAction","target":{"@type":"EntryPoint","urlTemplate":"https:\/\/www.oros.com\/?s={search_term_string}"},"query-input":{"@type":"PropertyValueSpecification","valueRequired":true,"valueName":"search_term_string"}}],"inLanguage":"fr-FR"}]}},"_links":{"self":[{"href":"https:\/\/www.oros.com\/fr\/wp-json\/wp\/v2\/pages\/13238","targetHints":{"allow":["GET"]}}],"collection":[{"href":"https:\/\/www.oros.com\/fr\/wp-json\/wp\/v2\/pages"}],"about":[{"href":"https:\/\/www.oros.com\/fr\/wp-json\/wp\/v2\/types\/page"}],"author":[{"embeddable":true,"href":"https:\/\/www.oros.com\/fr\/wp-json\/wp\/v2\/users\/5"}],"replies":[{"embeddable":true,"href":"https:\/\/www.oros.com\/fr\/wp-json\/wp\/v2\/comments?post=13238"}],"version-history":[{"count":11,"href":"https:\/\/www.oros.com\/fr\/wp-json\/wp\/v2\/pages\/13238\/revisions"}],"predecessor-version":[{"id":130505,"href":"https:\/\/www.oros.com\/fr\/wp-json\/wp\/v2\/pages\/13238\/revisions\/130505"}],"up":[{"embeddable":true,"href":"https:\/\/www.oros.com\/fr\/wp-json\/wp\/v2\/pages\/13213"}],"wp:featuredmedia":[{"embeddable":true,"href":"https:\/\/www.oros.com\/fr\/wp-json\/wp\/v2\/media\/3661"}],"wp:attachment":[{"href":"https:\/\/www.oros.com\/fr\/wp-json\/wp\/v2\/media?parent=13238"}],"curies":[{"name":"wp","href":"https:\/\/api.w.org\/{rel}","templated":true}]}}