{"id":13267,"date":"2018-12-14T09:22:51","date_gmt":"2018-12-14T08:22:46","guid":{"rendered":"https:\/\/www.oros.com\/applications\/dynamique-des-structures\/bump-test\/"},"modified":"2021-10-18T15:46:26","modified_gmt":"2021-10-18T13:46:26","slug":"test-impact","status":"publish","type":"page","link":"https:\/\/www.oros.com\/fr\/applications\/dynamique-des-structures\/test-impact\/","title":{"rendered":"Test d&rsquo;impact"},"content":{"rendered":"<p>Caract\u00e9risation de la r\u00e9sonance de pi\u00e8ces de g\u00e9n\u00e9rateurs, de turbines, de moteurs \u00e0 r\u00e9action et de pi\u00e8ces automobiles. Tri des r\u00e9sonances, spectres de fond et analyse modale exp\u00e9rimentale.<\/p>\n","protected":false},"excerpt":{"rendered":"<p>Caract\u00e9risation de la r\u00e9sonance de pi\u00e8ces de g\u00e9n\u00e9rateurs, de turbines, de moteurs \u00e0 r\u00e9action et de pi\u00e8ces automobiles. Tri des&#8230; <span class=\"moretag btn btn--right btn--bold\">Lire la suite<\/span><\/p>\n","protected":false},"author":2,"featured_media":1797,"parent":13264,"menu_order":0,"comment_status":"closed","ping_status":"closed","template":"views\/applications.blade.php","meta":{"_acf_changed":false,"inline_featured_image":false,"footnotes":""},"class_list":["post-13267","page","type-page","status-publish","has-post-thumbnail","hentry"],"acf":[],"yoast_head":"<!-- This site is optimized with the Yoast SEO plugin v27.5 - https:\/\/yoast.com\/product\/yoast-seo-wordpress\/ -->\n<title>Bump test structural dynamics excitation - OROS<\/title>\n<meta name=\"description\" content=\"Perform bump testing on generator, turbine, jet engine and automotive parts using FFT analyzers, modal analysis and structural dynamics, FRFs, resonance characterization.\" \/>\n<meta name=\"robots\" content=\"index, follow, max-snippet:-1, max-image-preview:large, max-video-preview:-1\" \/>\n<link rel=\"canonical\" href=\"https:\/\/www.oros.com\/fr\/applications\/dynamique-des-structures\/test-impact\/\" \/>\n<meta property=\"og:locale\" content=\"fr_FR\" \/>\n<meta property=\"og:type\" content=\"article\" \/>\n<meta property=\"og:title\" content=\"Bump test structural dynamics excitation - OROS\" \/>\n<meta property=\"og:description\" content=\"Perform bump testing on generator, turbine, jet engine and automotive parts using FFT analyzers, modal analysis and structural dynamics, FRFs, resonance characterization.\" \/>\n<meta property=\"og:url\" content=\"https:\/\/www.oros.com\/fr\/applications\/dynamique-des-structures\/test-impact\/\" \/>\n<meta property=\"og:site_name\" content=\"OROS\" \/>\n<meta property=\"article:modified_time\" content=\"2021-10-18T13:46:26+00:00\" \/>\n<meta property=\"og:image\" content=\"https:\/\/www.oros.com\/wp-content\/uploads\/2019\/02\/situation_auto_hammer_pc_web.jpg\" \/>\n\t<meta property=\"og:image:width\" content=\"1000\" \/>\n\t<meta property=\"og:image:height\" content=\"667\" \/>\n\t<meta property=\"og:image:type\" content=\"image\/jpeg\" \/>\n<meta name=\"twitter:card\" content=\"summary_large_image\" \/>\n<script type=\"application\/ld+json\" class=\"yoast-schema-graph\">{\"@context\":\"https:\\\/\\\/schema.org\",\"@graph\":[{\"@type\":\"WebPage\",\"@id\":\"https:\\\/\\\/www.oros.com\\\/fr\\\/applications\\\/dynamique-des-structures\\\/test-impact\\\/\",\"url\":\"https:\\\/\\\/www.oros.com\\\/fr\\\/applications\\\/dynamique-des-structures\\\/test-impact\\\/\",\"name\":\"Bump test structural dynamics excitation - OROS\",\"isPartOf\":{\"@id\":\"https:\\\/\\\/www.oros.com\\\/#website\"},\"primaryImageOfPage\":{\"@id\":\"https:\\\/\\\/www.oros.com\\\/fr\\\/applications\\\/dynamique-des-structures\\\/test-impact\\\/#primaryimage\"},\"image\":{\"@id\":\"https:\\\/\\\/www.oros.com\\\/fr\\\/applications\\\/dynamique-des-structures\\\/test-impact\\\/#primaryimage\"},\"thumbnailUrl\":\"https:\\\/\\\/www.oros.com\\\/wp-content\\\/uploads\\\/2019\\\/02\\\/situation_auto_hammer_pc_web.jpg\",\"datePublished\":\"2018-12-14T08:22:46+00:00\",\"dateModified\":\"2021-10-18T13:46:26+00:00\",\"description\":\"Perform bump testing on generator, turbine, jet engine and automotive parts using FFT analyzers, modal analysis and structural dynamics, FRFs, resonance characterization.\",\"breadcrumb\":{\"@id\":\"https:\\\/\\\/www.oros.com\\\/fr\\\/applications\\\/dynamique-des-structures\\\/test-impact\\\/#breadcrumb\"},\"inLanguage\":\"fr-FR\",\"potentialAction\":[{\"@type\":\"ReadAction\",\"target\":[\"https:\\\/\\\/www.oros.com\\\/fr\\\/applications\\\/dynamique-des-structures\\\/test-impact\\\/\"]}]},{\"@type\":\"ImageObject\",\"inLanguage\":\"fr-FR\",\"@id\":\"https:\\\/\\\/www.oros.com\\\/fr\\\/applications\\\/dynamique-des-structures\\\/test-impact\\\/#primaryimage\",\"url\":\"https:\\\/\\\/www.oros.com\\\/wp-content\\\/uploads\\\/2019\\\/02\\\/situation_auto_hammer_pc_web.jpg\",\"contentUrl\":\"https:\\\/\\\/www.oros.com\\\/wp-content\\\/uploads\\\/2019\\\/02\\\/situation_auto_hammer_pc_web.jpg\",\"width\":1000,\"height\":667},{\"@type\":\"BreadcrumbList\",\"@id\":\"https:\\\/\\\/www.oros.com\\\/fr\\\/applications\\\/dynamique-des-structures\\\/test-impact\\\/#breadcrumb\",\"itemListElement\":[{\"@type\":\"ListItem\",\"position\":1,\"name\":\"Accueil\",\"item\":\"https:\\\/\\\/www.oros.com\\\/fr\\\/\"},{\"@type\":\"ListItem\",\"position\":2,\"name\":\"Applications\",\"item\":\"https:\\\/\\\/www.oros.com\\\/fr\\\/applications\\\/\"},{\"@type\":\"ListItem\",\"position\":3,\"name\":\"Dynamique des structures\",\"item\":\"https:\\\/\\\/www.oros.com\\\/fr\\\/applications\\\/dynamique-des-structures\\\/\"},{\"@type\":\"ListItem\",\"position\":4,\"name\":\"Test d&#8217;impact\"}]},{\"@type\":\"WebSite\",\"@id\":\"https:\\\/\\\/www.oros.com\\\/#website\",\"url\":\"https:\\\/\\\/www.oros.com\\\/\",\"name\":\"OROS\",\"description\":\"Measuring noise &amp; vibration\",\"potentialAction\":[{\"@type\":\"SearchAction\",\"target\":{\"@type\":\"EntryPoint\",\"urlTemplate\":\"https:\\\/\\\/www.oros.com\\\/?s={search_term_string}\"},\"query-input\":{\"@type\":\"PropertyValueSpecification\",\"valueRequired\":true,\"valueName\":\"search_term_string\"}}],\"inLanguage\":\"fr-FR\"}]}<\/script>\n<!-- \/ Yoast SEO plugin. -->","yoast_head_json":{"title":"Bump test structural dynamics excitation - OROS","description":"Perform bump testing on generator, turbine, jet engine and automotive parts using FFT analyzers, modal analysis and structural dynamics, FRFs, resonance characterization.","robots":{"index":"index","follow":"follow","max-snippet":"max-snippet:-1","max-image-preview":"max-image-preview:large","max-video-preview":"max-video-preview:-1"},"canonical":"https:\/\/www.oros.com\/fr\/applications\/dynamique-des-structures\/test-impact\/","og_locale":"fr_FR","og_type":"article","og_title":"Bump test structural dynamics excitation - OROS","og_description":"Perform bump testing on generator, turbine, jet engine and automotive parts using FFT analyzers, modal analysis and structural dynamics, FRFs, resonance characterization.","og_url":"https:\/\/www.oros.com\/fr\/applications\/dynamique-des-structures\/test-impact\/","og_site_name":"OROS","article_modified_time":"2021-10-18T13:46:26+00:00","og_image":[{"width":1000,"height":667,"url":"https:\/\/www.oros.com\/wp-content\/uploads\/2019\/02\/situation_auto_hammer_pc_web.jpg","type":"image\/jpeg"}],"twitter_card":"summary_large_image","schema":{"@context":"https:\/\/schema.org","@graph":[{"@type":"WebPage","@id":"https:\/\/www.oros.com\/fr\/applications\/dynamique-des-structures\/test-impact\/","url":"https:\/\/www.oros.com\/fr\/applications\/dynamique-des-structures\/test-impact\/","name":"Bump test structural dynamics excitation - OROS","isPartOf":{"@id":"https:\/\/www.oros.com\/#website"},"primaryImageOfPage":{"@id":"https:\/\/www.oros.com\/fr\/applications\/dynamique-des-structures\/test-impact\/#primaryimage"},"image":{"@id":"https:\/\/www.oros.com\/fr\/applications\/dynamique-des-structures\/test-impact\/#primaryimage"},"thumbnailUrl":"https:\/\/www.oros.com\/wp-content\/uploads\/2019\/02\/situation_auto_hammer_pc_web.jpg","datePublished":"2018-12-14T08:22:46+00:00","dateModified":"2021-10-18T13:46:26+00:00","description":"Perform bump testing on generator, turbine, jet engine and automotive parts using FFT analyzers, modal analysis and structural dynamics, FRFs, resonance characterization.","breadcrumb":{"@id":"https:\/\/www.oros.com\/fr\/applications\/dynamique-des-structures\/test-impact\/#breadcrumb"},"inLanguage":"fr-FR","potentialAction":[{"@type":"ReadAction","target":["https:\/\/www.oros.com\/fr\/applications\/dynamique-des-structures\/test-impact\/"]}]},{"@type":"ImageObject","inLanguage":"fr-FR","@id":"https:\/\/www.oros.com\/fr\/applications\/dynamique-des-structures\/test-impact\/#primaryimage","url":"https:\/\/www.oros.com\/wp-content\/uploads\/2019\/02\/situation_auto_hammer_pc_web.jpg","contentUrl":"https:\/\/www.oros.com\/wp-content\/uploads\/2019\/02\/situation_auto_hammer_pc_web.jpg","width":1000,"height":667},{"@type":"BreadcrumbList","@id":"https:\/\/www.oros.com\/fr\/applications\/dynamique-des-structures\/test-impact\/#breadcrumb","itemListElement":[{"@type":"ListItem","position":1,"name":"Accueil","item":"https:\/\/www.oros.com\/fr\/"},{"@type":"ListItem","position":2,"name":"Applications","item":"https:\/\/www.oros.com\/fr\/applications\/"},{"@type":"ListItem","position":3,"name":"Dynamique des structures","item":"https:\/\/www.oros.com\/fr\/applications\/dynamique-des-structures\/"},{"@type":"ListItem","position":4,"name":"Test d&#8217;impact"}]},{"@type":"WebSite","@id":"https:\/\/www.oros.com\/#website","url":"https:\/\/www.oros.com\/","name":"OROS","description":"Measuring noise &amp; vibration","potentialAction":[{"@type":"SearchAction","target":{"@type":"EntryPoint","urlTemplate":"https:\/\/www.oros.com\/?s={search_term_string}"},"query-input":{"@type":"PropertyValueSpecification","valueRequired":true,"valueName":"search_term_string"}}],"inLanguage":"fr-FR"}]}},"_links":{"self":[{"href":"https:\/\/www.oros.com\/fr\/wp-json\/wp\/v2\/pages\/13267","targetHints":{"allow":["GET"]}}],"collection":[{"href":"https:\/\/www.oros.com\/fr\/wp-json\/wp\/v2\/pages"}],"about":[{"href":"https:\/\/www.oros.com\/fr\/wp-json\/wp\/v2\/types\/page"}],"author":[{"embeddable":true,"href":"https:\/\/www.oros.com\/fr\/wp-json\/wp\/v2\/users\/2"}],"replies":[{"embeddable":true,"href":"https:\/\/www.oros.com\/fr\/wp-json\/wp\/v2\/comments?post=13267"}],"version-history":[{"count":7,"href":"https:\/\/www.oros.com\/fr\/wp-json\/wp\/v2\/pages\/13267\/revisions"}],"predecessor-version":[{"id":13268,"href":"https:\/\/www.oros.com\/fr\/wp-json\/wp\/v2\/pages\/13267\/revisions\/13268"}],"up":[{"embeddable":true,"href":"https:\/\/www.oros.com\/fr\/wp-json\/wp\/v2\/pages\/13264"}],"wp:featuredmedia":[{"embeddable":true,"href":"https:\/\/www.oros.com\/fr\/wp-json\/wp\/v2\/media\/1797"}],"wp:attachment":[{"href":"https:\/\/www.oros.com\/fr\/wp-json\/wp\/v2\/media?parent=13267"}],"curies":[{"name":"wp","href":"https:\/\/api.w.org\/{rel}","templated":true}]}}