{"id":15824,"date":"2021-07-09T14:24:21","date_gmt":"2021-07-09T12:24:42","guid":{"rendered":"https:\/\/www.oros.com\/industries\/production-et-automatismes-2\/"},"modified":"2022-08-05T12:33:11","modified_gmt":"2022-08-05T10:33:11","slug":"production-et-automatismes","status":"publish","type":"page","link":"https:\/\/www.oros.com\/fr\/industries\/production-et-automatismes\/","title":{"rendered":"Solutions de tests en bruit et vibration pour l&rsquo;industrie production et automatismes"},"content":{"rendered":"<div id=\"par56220\" class=\"paragraphe\">\n<div class=\"inner\">\n<p>La production, et plus particuli\u00e8rement l\u2019<strong>usinage et les automatismes<\/strong>, g\u00e9n\u00e8rent des bruits et vibrations ind\u00e9sirables. Ces ph\u00e9nom\u00e8nes ne sont pas uniquement des parasites ; ils peuvent alt\u00e9rer la qualit\u00e9 des biens produits.<\/p>\n<p>Les bruits et vibrations ont de multiples sources dans une machine. Ils peuvent provenir des<strong> r\u00e9sonances structurelles ou torsionelles des transmissions<\/strong> ou encore de <strong>vitesses ou forces inadapt\u00e9es.<\/strong> OROS propose une ligne compl\u00e8te de solutions permettant d\u2019identifier, de comprendre et de <strong>rejeter ces interf\u00e9rences<\/strong> contre-productives. Grace aux capacit\u00e9s d\u2019<strong>analyses simultan\u00e9es<\/strong>, les sources de ces probl\u00e8mes sont facilement et clairement contr\u00f4l\u00e9es.<\/p>\n<\/div>\n<\/div>\n","protected":false},"excerpt":{"rendered":"<p>La production, et plus particuli\u00e8rement l\u2019usinage et les automatismes, g\u00e9n\u00e8rent des bruits et vibrations ind\u00e9sirables. Ces ph\u00e9nom\u00e8nes ne sont pas&#8230; <span class=\"moretag btn btn--right btn--bold\">Lire la suite<\/span><\/p>\n","protected":false},"author":2,"featured_media":4518,"parent":13205,"menu_order":3,"comment_status":"closed","ping_status":"closed","template":"views\/industries.blade.php","meta":{"_acf_changed":false,"inline_featured_image":false,"footnotes":""},"class_list":["post-15824","page","type-page","status-publish","has-post-thumbnail","hentry"],"acf":[],"yoast_head":"<!-- This site is optimized with the Yoast SEO plugin v27.5 - https:\/\/yoast.com\/product\/yoast-seo-wordpress\/ -->\n<title>Tests en bruit et vibration production et automatismes - OROS<\/title>\n<meta name=\"description\" content=\"Optimisation des machines-outils, de la qualit\u00e9 des processus et des \u00e9quipements de micro\u00e9lectronique gr\u00e2ce \u00e0 l&#039;analyse bruit et vibrations\" \/>\n<meta name=\"robots\" content=\"index, follow, max-snippet:-1, max-image-preview:large, max-video-preview:-1\" \/>\n<link rel=\"canonical\" href=\"https:\/\/www.oros.com\/fr\/industries\/production-et-automatismes\/\" \/>\n<meta property=\"og:locale\" content=\"fr_FR\" \/>\n<meta property=\"og:type\" content=\"article\" \/>\n<meta property=\"og:title\" content=\"Tests en bruit et vibration production et automatismes - OROS\" \/>\n<meta property=\"og:description\" content=\"Optimisation des machines-outils, de la qualit\u00e9 des processus et des \u00e9quipements de micro\u00e9lectronique gr\u00e2ce \u00e0 l&#039;analyse bruit et vibrations\" \/>\n<meta property=\"og:url\" content=\"https:\/\/www.oros.com\/fr\/industries\/production-et-automatismes\/\" \/>\n<meta property=\"og:site_name\" content=\"OROS\" \/>\n<meta property=\"article:modified_time\" content=\"2022-08-05T10:33:11+00:00\" \/>\n<meta property=\"og:image\" content=\"https:\/\/www.oros.com\/wp-content\/uploads\/2019\/06\/chips_collection_on_wafer_web.jpg\" \/>\n\t<meta property=\"og:image:width\" content=\"1000\" \/>\n\t<meta property=\"og:image:height\" content=\"667\" \/>\n\t<meta property=\"og:image:type\" content=\"image\/jpeg\" \/>\n<meta name=\"twitter:card\" content=\"summary_large_image\" \/>\n<meta name=\"twitter:label1\" content=\"Dur\u00e9e de lecture estim\u00e9e\" \/>\n\t<meta name=\"twitter:data1\" content=\"1 minute\" \/>\n<script type=\"application\/ld+json\" class=\"yoast-schema-graph\">{\"@context\":\"https:\\\/\\\/schema.org\",\"@graph\":[{\"@type\":\"WebPage\",\"@id\":\"https:\\\/\\\/www.oros.com\\\/fr\\\/industries\\\/production-et-automatismes\\\/\",\"url\":\"https:\\\/\\\/www.oros.com\\\/fr\\\/industries\\\/production-et-automatismes\\\/\",\"name\":\"Tests en bruit et vibration production et automatismes - OROS\",\"isPartOf\":{\"@id\":\"https:\\\/\\\/www.oros.com\\\/#website\"},\"primaryImageOfPage\":{\"@id\":\"https:\\\/\\\/www.oros.com\\\/fr\\\/industries\\\/production-et-automatismes\\\/#primaryimage\"},\"image\":{\"@id\":\"https:\\\/\\\/www.oros.com\\\/fr\\\/industries\\\/production-et-automatismes\\\/#primaryimage\"},\"thumbnailUrl\":\"https:\\\/\\\/www.oros.com\\\/wp-content\\\/uploads\\\/2019\\\/06\\\/chips_collection_on_wafer_web.jpg\",\"datePublished\":\"2021-07-09T12:24:42+00:00\",\"dateModified\":\"2022-08-05T10:33:11+00:00\",\"description\":\"Optimisation des machines-outils, de la qualit\u00e9 des processus et des \u00e9quipements de micro\u00e9lectronique gr\u00e2ce \u00e0 l'analyse bruit et vibrations\",\"breadcrumb\":{\"@id\":\"https:\\\/\\\/www.oros.com\\\/fr\\\/industries\\\/production-et-automatismes\\\/#breadcrumb\"},\"inLanguage\":\"fr-FR\",\"potentialAction\":[{\"@type\":\"ReadAction\",\"target\":[\"https:\\\/\\\/www.oros.com\\\/fr\\\/industries\\\/production-et-automatismes\\\/\"]}]},{\"@type\":\"ImageObject\",\"inLanguage\":\"fr-FR\",\"@id\":\"https:\\\/\\\/www.oros.com\\\/fr\\\/industries\\\/production-et-automatismes\\\/#primaryimage\",\"url\":\"https:\\\/\\\/www.oros.com\\\/wp-content\\\/uploads\\\/2019\\\/06\\\/chips_collection_on_wafer_web.jpg\",\"contentUrl\":\"https:\\\/\\\/www.oros.com\\\/wp-content\\\/uploads\\\/2019\\\/06\\\/chips_collection_on_wafer_web.jpg\",\"width\":1000,\"height\":667},{\"@type\":\"BreadcrumbList\",\"@id\":\"https:\\\/\\\/www.oros.com\\\/fr\\\/industries\\\/production-et-automatismes\\\/#breadcrumb\",\"itemListElement\":[{\"@type\":\"ListItem\",\"position\":1,\"name\":\"Accueil\",\"item\":\"https:\\\/\\\/www.oros.com\\\/fr\\\/\"},{\"@type\":\"ListItem\",\"position\":2,\"name\":\"Syst\u00e8mes de mesure du bruit et des vibrations pour les besoins des industries\",\"item\":\"https:\\\/\\\/www.oros.com\\\/fr\\\/industries\\\/\"},{\"@type\":\"ListItem\",\"position\":3,\"name\":\"Solutions de tests en bruit et vibration pour l&#8217;industrie production et automatismes\"}]},{\"@type\":\"WebSite\",\"@id\":\"https:\\\/\\\/www.oros.com\\\/#website\",\"url\":\"https:\\\/\\\/www.oros.com\\\/\",\"name\":\"OROS\",\"description\":\"Measuring noise &amp; vibration\",\"potentialAction\":[{\"@type\":\"SearchAction\",\"target\":{\"@type\":\"EntryPoint\",\"urlTemplate\":\"https:\\\/\\\/www.oros.com\\\/?s={search_term_string}\"},\"query-input\":{\"@type\":\"PropertyValueSpecification\",\"valueRequired\":true,\"valueName\":\"search_term_string\"}}],\"inLanguage\":\"fr-FR\"}]}<\/script>\n<!-- \/ Yoast SEO plugin. -->","yoast_head_json":{"title":"Tests en bruit et vibration production et automatismes - OROS","description":"Optimisation des machines-outils, de la qualit\u00e9 des processus et des \u00e9quipements de micro\u00e9lectronique gr\u00e2ce \u00e0 l'analyse bruit et vibrations","robots":{"index":"index","follow":"follow","max-snippet":"max-snippet:-1","max-image-preview":"max-image-preview:large","max-video-preview":"max-video-preview:-1"},"canonical":"https:\/\/www.oros.com\/fr\/industries\/production-et-automatismes\/","og_locale":"fr_FR","og_type":"article","og_title":"Tests en bruit et vibration production et automatismes - OROS","og_description":"Optimisation des machines-outils, de la qualit\u00e9 des processus et des \u00e9quipements de micro\u00e9lectronique gr\u00e2ce \u00e0 l'analyse bruit et vibrations","og_url":"https:\/\/www.oros.com\/fr\/industries\/production-et-automatismes\/","og_site_name":"OROS","article_modified_time":"2022-08-05T10:33:11+00:00","og_image":[{"width":1000,"height":667,"url":"https:\/\/www.oros.com\/wp-content\/uploads\/2019\/06\/chips_collection_on_wafer_web.jpg","type":"image\/jpeg"}],"twitter_card":"summary_large_image","twitter_misc":{"Dur\u00e9e de lecture estim\u00e9e":"1 minute"},"schema":{"@context":"https:\/\/schema.org","@graph":[{"@type":"WebPage","@id":"https:\/\/www.oros.com\/fr\/industries\/production-et-automatismes\/","url":"https:\/\/www.oros.com\/fr\/industries\/production-et-automatismes\/","name":"Tests en bruit et vibration production et automatismes - OROS","isPartOf":{"@id":"https:\/\/www.oros.com\/#website"},"primaryImageOfPage":{"@id":"https:\/\/www.oros.com\/fr\/industries\/production-et-automatismes\/#primaryimage"},"image":{"@id":"https:\/\/www.oros.com\/fr\/industries\/production-et-automatismes\/#primaryimage"},"thumbnailUrl":"https:\/\/www.oros.com\/wp-content\/uploads\/2019\/06\/chips_collection_on_wafer_web.jpg","datePublished":"2021-07-09T12:24:42+00:00","dateModified":"2022-08-05T10:33:11+00:00","description":"Optimisation des machines-outils, de la qualit\u00e9 des processus et des \u00e9quipements de micro\u00e9lectronique gr\u00e2ce \u00e0 l'analyse bruit et vibrations","breadcrumb":{"@id":"https:\/\/www.oros.com\/fr\/industries\/production-et-automatismes\/#breadcrumb"},"inLanguage":"fr-FR","potentialAction":[{"@type":"ReadAction","target":["https:\/\/www.oros.com\/fr\/industries\/production-et-automatismes\/"]}]},{"@type":"ImageObject","inLanguage":"fr-FR","@id":"https:\/\/www.oros.com\/fr\/industries\/production-et-automatismes\/#primaryimage","url":"https:\/\/www.oros.com\/wp-content\/uploads\/2019\/06\/chips_collection_on_wafer_web.jpg","contentUrl":"https:\/\/www.oros.com\/wp-content\/uploads\/2019\/06\/chips_collection_on_wafer_web.jpg","width":1000,"height":667},{"@type":"BreadcrumbList","@id":"https:\/\/www.oros.com\/fr\/industries\/production-et-automatismes\/#breadcrumb","itemListElement":[{"@type":"ListItem","position":1,"name":"Accueil","item":"https:\/\/www.oros.com\/fr\/"},{"@type":"ListItem","position":2,"name":"Syst\u00e8mes de mesure du bruit et des vibrations pour les besoins des industries","item":"https:\/\/www.oros.com\/fr\/industries\/"},{"@type":"ListItem","position":3,"name":"Solutions de tests en bruit et vibration pour l&#8217;industrie production et automatismes"}]},{"@type":"WebSite","@id":"https:\/\/www.oros.com\/#website","url":"https:\/\/www.oros.com\/","name":"OROS","description":"Measuring noise &amp; vibration","potentialAction":[{"@type":"SearchAction","target":{"@type":"EntryPoint","urlTemplate":"https:\/\/www.oros.com\/?s={search_term_string}"},"query-input":{"@type":"PropertyValueSpecification","valueRequired":true,"valueName":"search_term_string"}}],"inLanguage":"fr-FR"}]}},"_links":{"self":[{"href":"https:\/\/www.oros.com\/fr\/wp-json\/wp\/v2\/pages\/15824","targetHints":{"allow":["GET"]}}],"collection":[{"href":"https:\/\/www.oros.com\/fr\/wp-json\/wp\/v2\/pages"}],"about":[{"href":"https:\/\/www.oros.com\/fr\/wp-json\/wp\/v2\/types\/page"}],"author":[{"embeddable":true,"href":"https:\/\/www.oros.com\/fr\/wp-json\/wp\/v2\/users\/2"}],"replies":[{"embeddable":true,"href":"https:\/\/www.oros.com\/fr\/wp-json\/wp\/v2\/comments?post=15824"}],"version-history":[{"count":11,"href":"https:\/\/www.oros.com\/fr\/wp-json\/wp\/v2\/pages\/15824\/revisions"}],"predecessor-version":[{"id":106417,"href":"https:\/\/www.oros.com\/fr\/wp-json\/wp\/v2\/pages\/15824\/revisions\/106417"}],"up":[{"embeddable":true,"href":"https:\/\/www.oros.com\/fr\/wp-json\/wp\/v2\/pages\/13205"}],"wp:featuredmedia":[{"embeddable":true,"href":"https:\/\/www.oros.com\/fr\/wp-json\/wp\/v2\/media\/4518"}],"wp:attachment":[{"href":"https:\/\/www.oros.com\/fr\/wp-json\/wp\/v2\/media?parent=15824"}],"curies":[{"name":"wp","href":"https:\/\/api.w.org\/{rel}","templated":true}]}}