{"id":15958,"date":"2018-12-13T16:55:51","date_gmt":"2018-12-13T15:55:00","guid":{"rendered":"https:\/\/www.oros.com\/industries\/education-universities\/"},"modified":"2022-10-07T17:41:53","modified_gmt":"2022-10-07T15:41:53","slug":"enseignement-universites","status":"publish","type":"page","link":"https:\/\/www.oros.com\/fr\/industries\/enseignement-universites\/","title":{"rendered":"Solutions de mesure en bruit et vibration pour l&rsquo;enseignement &#038; universit\u00e9s"},"content":{"rendered":"<p>Les connaissances en mati\u00e8re de son et de vibration sont en progr\u00e8s constant. Ceci gr\u00e2ce \u00e0 l&rsquo;implication des universit\u00e9s qui fournissent des travaux de recherche, et des ing\u00e9nieurs comp\u00e9tents pr\u00eats \u00e0 relever les d\u00e9fis de l&rsquo;industrie. Parce que c&rsquo;est l\u00e0 que tout commence, OROS a toujours apport\u00e9 un grand soin \u00e0 fournir des instruments con\u00e7us pour les applications universitaires. La flexibilit\u00e9, l&rsquo;ouverture, l&rsquo;acc\u00e8s direct aux r\u00e9sultats et, bien s\u00fbr, la qualit\u00e9 et la pr\u00e9cision sont des points cl\u00e9s pour permettre aux professionnels de l&rsquo;\u00e9ducation et de la recherche d&rsquo;accomplir leur mission avec le meilleur niveau de performance.<\/p>\n","protected":false},"excerpt":{"rendered":"<p>Les connaissances en mati\u00e8re de son et de vibration sont en progr\u00e8s constant. Ceci gr\u00e2ce \u00e0 l&rsquo;implication des universit\u00e9s qui&#8230; <span class=\"moretag btn btn--right btn--bold\">Lire la suite<\/span><\/p>\n","protected":false},"author":2,"featured_media":1376,"parent":13205,"menu_order":5,"comment_status":"closed","ping_status":"closed","template":"views\/industries.blade.php","meta":{"_acf_changed":false,"inline_featured_image":false,"footnotes":""},"class_list":["post-15958","page","type-page","status-publish","has-post-thumbnail","hentry"],"acf":[],"yoast_head":"<!-- This site is optimized with the Yoast SEO plugin v27.5 - https:\/\/yoast.com\/product\/yoast-seo-wordpress\/ -->\n<title>Mesure en bruit et vibration enseignement et universit\u00e9s - OROS<\/title>\n<meta name=\"description\" content=\"OROS soutient les universit\u00e9s et les cours avec des syst\u00e8mes avanc\u00e9s orient\u00e9s vers l&#039;\u00e9ducation (mat\u00e9riel et logiciels).\" \/>\n<meta name=\"robots\" content=\"index, follow, max-snippet:-1, max-image-preview:large, max-video-preview:-1\" \/>\n<link rel=\"canonical\" href=\"https:\/\/www.oros.com\/fr\/industries\/enseignement-universites\/\" \/>\n<meta property=\"og:locale\" content=\"fr_FR\" \/>\n<meta property=\"og:type\" content=\"article\" \/>\n<meta property=\"og:title\" content=\"Mesure en bruit et vibration enseignement et universit\u00e9s - OROS\" \/>\n<meta property=\"og:description\" content=\"OROS soutient les universit\u00e9s et les cours avec des syst\u00e8mes avanc\u00e9s orient\u00e9s vers l&#039;\u00e9ducation (mat\u00e9riel et logiciels).\" \/>\n<meta property=\"og:url\" content=\"https:\/\/www.oros.com\/fr\/industries\/enseignement-universites\/\" \/>\n<meta property=\"og:site_name\" content=\"OROS\" \/>\n<meta property=\"article:modified_time\" content=\"2022-10-07T15:41:53+00:00\" \/>\n<meta property=\"og:image\" content=\"https:\/\/www.oros.com\/wp-content\/uploads\/2019\/02\/univ_ac_research.jpg\" \/>\n\t<meta property=\"og:image:width\" content=\"1128\" \/>\n\t<meta property=\"og:image:height\" content=\"846\" \/>\n\t<meta property=\"og:image:type\" content=\"image\/jpeg\" \/>\n<meta name=\"twitter:card\" content=\"summary_large_image\" \/>\n<meta name=\"twitter:label1\" content=\"Dur\u00e9e de lecture estim\u00e9e\" \/>\n\t<meta name=\"twitter:data1\" content=\"1 minute\" \/>\n<script type=\"application\/ld+json\" class=\"yoast-schema-graph\">{\"@context\":\"https:\\\/\\\/schema.org\",\"@graph\":[{\"@type\":\"WebPage\",\"@id\":\"https:\\\/\\\/www.oros.com\\\/fr\\\/industries\\\/enseignement-universites\\\/\",\"url\":\"https:\\\/\\\/www.oros.com\\\/fr\\\/industries\\\/enseignement-universites\\\/\",\"name\":\"Mesure en bruit et vibration enseignement et universit\u00e9s - OROS\",\"isPartOf\":{\"@id\":\"https:\\\/\\\/www.oros.com\\\/#website\"},\"primaryImageOfPage\":{\"@id\":\"https:\\\/\\\/www.oros.com\\\/fr\\\/industries\\\/enseignement-universites\\\/#primaryimage\"},\"image\":{\"@id\":\"https:\\\/\\\/www.oros.com\\\/fr\\\/industries\\\/enseignement-universites\\\/#primaryimage\"},\"thumbnailUrl\":\"https:\\\/\\\/www.oros.com\\\/wp-content\\\/uploads\\\/2019\\\/02\\\/univ_ac_research.jpg\",\"datePublished\":\"2018-12-13T15:55:00+00:00\",\"dateModified\":\"2022-10-07T15:41:53+00:00\",\"description\":\"OROS soutient les universit\u00e9s et les cours avec des syst\u00e8mes avanc\u00e9s orient\u00e9s vers l'\u00e9ducation (mat\u00e9riel et logiciels).\",\"breadcrumb\":{\"@id\":\"https:\\\/\\\/www.oros.com\\\/fr\\\/industries\\\/enseignement-universites\\\/#breadcrumb\"},\"inLanguage\":\"fr-FR\",\"potentialAction\":[{\"@type\":\"ReadAction\",\"target\":[\"https:\\\/\\\/www.oros.com\\\/fr\\\/industries\\\/enseignement-universites\\\/\"]}]},{\"@type\":\"ImageObject\",\"inLanguage\":\"fr-FR\",\"@id\":\"https:\\\/\\\/www.oros.com\\\/fr\\\/industries\\\/enseignement-universites\\\/#primaryimage\",\"url\":\"https:\\\/\\\/www.oros.com\\\/wp-content\\\/uploads\\\/2019\\\/02\\\/univ_ac_research.jpg\",\"contentUrl\":\"https:\\\/\\\/www.oros.com\\\/wp-content\\\/uploads\\\/2019\\\/02\\\/univ_ac_research.jpg\",\"width\":1128,\"height\":846},{\"@type\":\"BreadcrumbList\",\"@id\":\"https:\\\/\\\/www.oros.com\\\/fr\\\/industries\\\/enseignement-universites\\\/#breadcrumb\",\"itemListElement\":[{\"@type\":\"ListItem\",\"position\":1,\"name\":\"Accueil\",\"item\":\"https:\\\/\\\/www.oros.com\\\/fr\\\/\"},{\"@type\":\"ListItem\",\"position\":2,\"name\":\"Syst\u00e8mes de mesure du bruit et des vibrations pour les besoins des industries\",\"item\":\"https:\\\/\\\/www.oros.com\\\/fr\\\/industries\\\/\"},{\"@type\":\"ListItem\",\"position\":3,\"name\":\"Solutions de mesure en bruit et vibration pour l&#8217;enseignement &#038; universit\u00e9s\"}]},{\"@type\":\"WebSite\",\"@id\":\"https:\\\/\\\/www.oros.com\\\/#website\",\"url\":\"https:\\\/\\\/www.oros.com\\\/\",\"name\":\"OROS\",\"description\":\"Measuring noise &amp; vibration\",\"potentialAction\":[{\"@type\":\"SearchAction\",\"target\":{\"@type\":\"EntryPoint\",\"urlTemplate\":\"https:\\\/\\\/www.oros.com\\\/?s={search_term_string}\"},\"query-input\":{\"@type\":\"PropertyValueSpecification\",\"valueRequired\":true,\"valueName\":\"search_term_string\"}}],\"inLanguage\":\"fr-FR\"}]}<\/script>\n<!-- \/ Yoast SEO plugin. -->","yoast_head_json":{"title":"Mesure en bruit et vibration enseignement et universit\u00e9s - OROS","description":"OROS soutient les universit\u00e9s et les cours avec des syst\u00e8mes avanc\u00e9s orient\u00e9s vers l'\u00e9ducation (mat\u00e9riel et logiciels).","robots":{"index":"index","follow":"follow","max-snippet":"max-snippet:-1","max-image-preview":"max-image-preview:large","max-video-preview":"max-video-preview:-1"},"canonical":"https:\/\/www.oros.com\/fr\/industries\/enseignement-universites\/","og_locale":"fr_FR","og_type":"article","og_title":"Mesure en bruit et vibration enseignement et universit\u00e9s - OROS","og_description":"OROS soutient les universit\u00e9s et les cours avec des syst\u00e8mes avanc\u00e9s orient\u00e9s vers l'\u00e9ducation (mat\u00e9riel et logiciels).","og_url":"https:\/\/www.oros.com\/fr\/industries\/enseignement-universites\/","og_site_name":"OROS","article_modified_time":"2022-10-07T15:41:53+00:00","og_image":[{"width":1128,"height":846,"url":"https:\/\/www.oros.com\/wp-content\/uploads\/2019\/02\/univ_ac_research.jpg","type":"image\/jpeg"}],"twitter_card":"summary_large_image","twitter_misc":{"Dur\u00e9e de lecture estim\u00e9e":"1 minute"},"schema":{"@context":"https:\/\/schema.org","@graph":[{"@type":"WebPage","@id":"https:\/\/www.oros.com\/fr\/industries\/enseignement-universites\/","url":"https:\/\/www.oros.com\/fr\/industries\/enseignement-universites\/","name":"Mesure en bruit et vibration enseignement et universit\u00e9s - OROS","isPartOf":{"@id":"https:\/\/www.oros.com\/#website"},"primaryImageOfPage":{"@id":"https:\/\/www.oros.com\/fr\/industries\/enseignement-universites\/#primaryimage"},"image":{"@id":"https:\/\/www.oros.com\/fr\/industries\/enseignement-universites\/#primaryimage"},"thumbnailUrl":"https:\/\/www.oros.com\/wp-content\/uploads\/2019\/02\/univ_ac_research.jpg","datePublished":"2018-12-13T15:55:00+00:00","dateModified":"2022-10-07T15:41:53+00:00","description":"OROS soutient les universit\u00e9s et les cours avec des syst\u00e8mes avanc\u00e9s orient\u00e9s vers l'\u00e9ducation (mat\u00e9riel et logiciels).","breadcrumb":{"@id":"https:\/\/www.oros.com\/fr\/industries\/enseignement-universites\/#breadcrumb"},"inLanguage":"fr-FR","potentialAction":[{"@type":"ReadAction","target":["https:\/\/www.oros.com\/fr\/industries\/enseignement-universites\/"]}]},{"@type":"ImageObject","inLanguage":"fr-FR","@id":"https:\/\/www.oros.com\/fr\/industries\/enseignement-universites\/#primaryimage","url":"https:\/\/www.oros.com\/wp-content\/uploads\/2019\/02\/univ_ac_research.jpg","contentUrl":"https:\/\/www.oros.com\/wp-content\/uploads\/2019\/02\/univ_ac_research.jpg","width":1128,"height":846},{"@type":"BreadcrumbList","@id":"https:\/\/www.oros.com\/fr\/industries\/enseignement-universites\/#breadcrumb","itemListElement":[{"@type":"ListItem","position":1,"name":"Accueil","item":"https:\/\/www.oros.com\/fr\/"},{"@type":"ListItem","position":2,"name":"Syst\u00e8mes de mesure du bruit et des vibrations pour les besoins des industries","item":"https:\/\/www.oros.com\/fr\/industries\/"},{"@type":"ListItem","position":3,"name":"Solutions de mesure en bruit et vibration pour l&#8217;enseignement &#038; universit\u00e9s"}]},{"@type":"WebSite","@id":"https:\/\/www.oros.com\/#website","url":"https:\/\/www.oros.com\/","name":"OROS","description":"Measuring noise &amp; vibration","potentialAction":[{"@type":"SearchAction","target":{"@type":"EntryPoint","urlTemplate":"https:\/\/www.oros.com\/?s={search_term_string}"},"query-input":{"@type":"PropertyValueSpecification","valueRequired":true,"valueName":"search_term_string"}}],"inLanguage":"fr-FR"}]}},"_links":{"self":[{"href":"https:\/\/www.oros.com\/fr\/wp-json\/wp\/v2\/pages\/15958","targetHints":{"allow":["GET"]}}],"collection":[{"href":"https:\/\/www.oros.com\/fr\/wp-json\/wp\/v2\/pages"}],"about":[{"href":"https:\/\/www.oros.com\/fr\/wp-json\/wp\/v2\/types\/page"}],"author":[{"embeddable":true,"href":"https:\/\/www.oros.com\/fr\/wp-json\/wp\/v2\/users\/2"}],"replies":[{"embeddable":true,"href":"https:\/\/www.oros.com\/fr\/wp-json\/wp\/v2\/comments?post=15958"}],"version-history":[{"count":14,"href":"https:\/\/www.oros.com\/fr\/wp-json\/wp\/v2\/pages\/15958\/revisions"}],"predecessor-version":[{"id":128911,"href":"https:\/\/www.oros.com\/fr\/wp-json\/wp\/v2\/pages\/15958\/revisions\/128911"}],"up":[{"embeddable":true,"href":"https:\/\/www.oros.com\/fr\/wp-json\/wp\/v2\/pages\/13205"}],"wp:featuredmedia":[{"embeddable":true,"href":"https:\/\/www.oros.com\/fr\/wp-json\/wp\/v2\/media\/1376"}],"wp:attachment":[{"href":"https:\/\/www.oros.com\/fr\/wp-json\/wp\/v2\/media?parent=15958"}],"curies":[{"name":"wp","href":"https:\/\/api.w.org\/{rel}","templated":true}]}}