{"id":16040,"date":"2019-04-16T17:16:12","date_gmt":"2019-04-16T15:16:12","guid":{"rendered":"https:\/\/www.oros.com\/applications\/machines-tournantes\/in-flight-tests\/"},"modified":"2024-10-30T16:16:36","modified_gmt":"2024-10-30T15:16:36","slug":"test-en-vol","status":"publish","type":"page","link":"https:\/\/www.oros.com\/fr\/applications\/dynamique-des-structures\/test-en-vol\/","title":{"rendered":"Tests en vol"},"content":{"rendered":"","protected":false},"excerpt":{"rendered":"","protected":false},"author":2,"featured_media":5134,"parent":13264,"menu_order":5,"comment_status":"closed","ping_status":"closed","template":"views\/applications.blade.php","meta":{"_acf_changed":false,"inline_featured_image":false,"footnotes":""},"class_list":["post-16040","page","type-page","status-publish","has-post-thumbnail","hentry"],"acf":[],"yoast_head":"<!-- This site is optimized with the Yoast SEO plugin v27.5 - https:\/\/yoast.com\/product\/yoast-seo-wordpress\/ -->\n<title>In-flight structural dynamics, in-flight noise test for aicraft R&amp;D, OROS<\/title>\n<meta name=\"description\" content=\"Solutions d&#039;essais en vol pour la R&amp;D a\u00e9ronautique, la certification a\u00e9roportuaire et la validation du domaine de vol des h\u00e9licopt\u00e8res et des chasseurs de d\u00e9fense\" \/>\n<meta name=\"robots\" content=\"index, follow, max-snippet:-1, max-image-preview:large, max-video-preview:-1\" \/>\n<link rel=\"canonical\" href=\"https:\/\/www.oros.com\/fr\/applications\/dynamique-des-structures\/test-en-vol\/\" \/>\n<meta property=\"og:locale\" content=\"fr_FR\" \/>\n<meta property=\"og:type\" content=\"article\" \/>\n<meta property=\"og:title\" content=\"In-flight structural dynamics, in-flight noise test for aicraft R&amp;D, OROS\" \/>\n<meta property=\"og:description\" content=\"Solutions d&#039;essais en vol pour la R&amp;D a\u00e9ronautique, la certification a\u00e9roportuaire et la validation du domaine de vol des h\u00e9licopt\u00e8res et des chasseurs de d\u00e9fense\" \/>\n<meta property=\"og:url\" content=\"https:\/\/www.oros.com\/fr\/applications\/dynamique-des-structures\/test-en-vol\/\" \/>\n<meta property=\"og:site_name\" content=\"OROS\" \/>\n<meta property=\"article:modified_time\" content=\"2024-10-30T15:16:36+00:00\" \/>\n<meta property=\"og:image\" content=\"https:\/\/www.oros.com\/wp-content\/uploads\/2019\/06\/aircraft_flight_wing_2-1.jpg\" \/>\n\t<meta property=\"og:image:width\" content=\"1687\" \/>\n\t<meta property=\"og:image:height\" content=\"1000\" \/>\n\t<meta property=\"og:image:type\" content=\"image\/jpeg\" \/>\n<meta name=\"twitter:card\" content=\"summary_large_image\" \/>\n<meta name=\"twitter:label1\" content=\"Dur\u00e9e de lecture estim\u00e9e\" \/>\n\t<meta name=\"twitter:data1\" content=\"1 minute\" \/>\n<script type=\"application\/ld+json\" class=\"yoast-schema-graph\">{\"@context\":\"https:\\\/\\\/schema.org\",\"@graph\":[{\"@type\":\"WebPage\",\"@id\":\"https:\\\/\\\/www.oros.com\\\/fr\\\/applications\\\/dynamique-des-structures\\\/test-en-vol\\\/\",\"url\":\"https:\\\/\\\/www.oros.com\\\/fr\\\/applications\\\/dynamique-des-structures\\\/test-en-vol\\\/\",\"name\":\"In-flight structural dynamics, in-flight noise test for aicraft R&D, OROS\",\"isPartOf\":{\"@id\":\"https:\\\/\\\/www.oros.com\\\/#website\"},\"primaryImageOfPage\":{\"@id\":\"https:\\\/\\\/www.oros.com\\\/fr\\\/applications\\\/dynamique-des-structures\\\/test-en-vol\\\/#primaryimage\"},\"image\":{\"@id\":\"https:\\\/\\\/www.oros.com\\\/fr\\\/applications\\\/dynamique-des-structures\\\/test-en-vol\\\/#primaryimage\"},\"thumbnailUrl\":\"https:\\\/\\\/www.oros.com\\\/wp-content\\\/uploads\\\/2019\\\/06\\\/aircraft_flight_wing_2-1.jpg\",\"datePublished\":\"2019-04-16T15:16:12+00:00\",\"dateModified\":\"2024-10-30T15:16:36+00:00\",\"description\":\"Solutions d'essais en vol pour la R&D a\u00e9ronautique, la certification a\u00e9roportuaire et la validation du domaine de vol des h\u00e9licopt\u00e8res et des chasseurs de d\u00e9fense\",\"breadcrumb\":{\"@id\":\"https:\\\/\\\/www.oros.com\\\/fr\\\/applications\\\/dynamique-des-structures\\\/test-en-vol\\\/#breadcrumb\"},\"inLanguage\":\"fr-FR\",\"potentialAction\":[{\"@type\":\"ReadAction\",\"target\":[\"https:\\\/\\\/www.oros.com\\\/fr\\\/applications\\\/dynamique-des-structures\\\/test-en-vol\\\/\"]}]},{\"@type\":\"ImageObject\",\"inLanguage\":\"fr-FR\",\"@id\":\"https:\\\/\\\/www.oros.com\\\/fr\\\/applications\\\/dynamique-des-structures\\\/test-en-vol\\\/#primaryimage\",\"url\":\"https:\\\/\\\/www.oros.com\\\/wp-content\\\/uploads\\\/2019\\\/06\\\/aircraft_flight_wing_2-1.jpg\",\"contentUrl\":\"https:\\\/\\\/www.oros.com\\\/wp-content\\\/uploads\\\/2019\\\/06\\\/aircraft_flight_wing_2-1.jpg\",\"width\":1687,\"height\":1000},{\"@type\":\"BreadcrumbList\",\"@id\":\"https:\\\/\\\/www.oros.com\\\/fr\\\/applications\\\/dynamique-des-structures\\\/test-en-vol\\\/#breadcrumb\",\"itemListElement\":[{\"@type\":\"ListItem\",\"position\":1,\"name\":\"Accueil\",\"item\":\"https:\\\/\\\/www.oros.com\\\/fr\\\/\"},{\"@type\":\"ListItem\",\"position\":2,\"name\":\"Applications\",\"item\":\"https:\\\/\\\/www.oros.com\\\/fr\\\/applications\\\/\"},{\"@type\":\"ListItem\",\"position\":3,\"name\":\"Dynamique des structures\",\"item\":\"https:\\\/\\\/www.oros.com\\\/fr\\\/applications\\\/dynamique-des-structures\\\/\"},{\"@type\":\"ListItem\",\"position\":4,\"name\":\"Tests en vol\"}]},{\"@type\":\"WebSite\",\"@id\":\"https:\\\/\\\/www.oros.com\\\/#website\",\"url\":\"https:\\\/\\\/www.oros.com\\\/\",\"name\":\"OROS\",\"description\":\"Measuring noise &amp; vibration\",\"potentialAction\":[{\"@type\":\"SearchAction\",\"target\":{\"@type\":\"EntryPoint\",\"urlTemplate\":\"https:\\\/\\\/www.oros.com\\\/?s={search_term_string}\"},\"query-input\":{\"@type\":\"PropertyValueSpecification\",\"valueRequired\":true,\"valueName\":\"search_term_string\"}}],\"inLanguage\":\"fr-FR\"}]}<\/script>\n<!-- \/ Yoast SEO plugin. -->","yoast_head_json":{"title":"In-flight structural dynamics, in-flight noise test for aicraft R&D, OROS","description":"Solutions d'essais en vol pour la R&D a\u00e9ronautique, la certification a\u00e9roportuaire et la validation du domaine de vol des h\u00e9licopt\u00e8res et des chasseurs de d\u00e9fense","robots":{"index":"index","follow":"follow","max-snippet":"max-snippet:-1","max-image-preview":"max-image-preview:large","max-video-preview":"max-video-preview:-1"},"canonical":"https:\/\/www.oros.com\/fr\/applications\/dynamique-des-structures\/test-en-vol\/","og_locale":"fr_FR","og_type":"article","og_title":"In-flight structural dynamics, in-flight noise test for aicraft R&D, OROS","og_description":"Solutions d'essais en vol pour la R&D a\u00e9ronautique, la certification a\u00e9roportuaire et la validation du domaine de vol des h\u00e9licopt\u00e8res et des chasseurs de d\u00e9fense","og_url":"https:\/\/www.oros.com\/fr\/applications\/dynamique-des-structures\/test-en-vol\/","og_site_name":"OROS","article_modified_time":"2024-10-30T15:16:36+00:00","og_image":[{"width":1687,"height":1000,"url":"https:\/\/www.oros.com\/wp-content\/uploads\/2019\/06\/aircraft_flight_wing_2-1.jpg","type":"image\/jpeg"}],"twitter_card":"summary_large_image","twitter_misc":{"Dur\u00e9e de lecture estim\u00e9e":"1 minute"},"schema":{"@context":"https:\/\/schema.org","@graph":[{"@type":"WebPage","@id":"https:\/\/www.oros.com\/fr\/applications\/dynamique-des-structures\/test-en-vol\/","url":"https:\/\/www.oros.com\/fr\/applications\/dynamique-des-structures\/test-en-vol\/","name":"In-flight structural dynamics, in-flight noise test for aicraft R&D, OROS","isPartOf":{"@id":"https:\/\/www.oros.com\/#website"},"primaryImageOfPage":{"@id":"https:\/\/www.oros.com\/fr\/applications\/dynamique-des-structures\/test-en-vol\/#primaryimage"},"image":{"@id":"https:\/\/www.oros.com\/fr\/applications\/dynamique-des-structures\/test-en-vol\/#primaryimage"},"thumbnailUrl":"https:\/\/www.oros.com\/wp-content\/uploads\/2019\/06\/aircraft_flight_wing_2-1.jpg","datePublished":"2019-04-16T15:16:12+00:00","dateModified":"2024-10-30T15:16:36+00:00","description":"Solutions d'essais en vol pour la R&D a\u00e9ronautique, la certification a\u00e9roportuaire et la validation du domaine de vol des h\u00e9licopt\u00e8res et des chasseurs de d\u00e9fense","breadcrumb":{"@id":"https:\/\/www.oros.com\/fr\/applications\/dynamique-des-structures\/test-en-vol\/#breadcrumb"},"inLanguage":"fr-FR","potentialAction":[{"@type":"ReadAction","target":["https:\/\/www.oros.com\/fr\/applications\/dynamique-des-structures\/test-en-vol\/"]}]},{"@type":"ImageObject","inLanguage":"fr-FR","@id":"https:\/\/www.oros.com\/fr\/applications\/dynamique-des-structures\/test-en-vol\/#primaryimage","url":"https:\/\/www.oros.com\/wp-content\/uploads\/2019\/06\/aircraft_flight_wing_2-1.jpg","contentUrl":"https:\/\/www.oros.com\/wp-content\/uploads\/2019\/06\/aircraft_flight_wing_2-1.jpg","width":1687,"height":1000},{"@type":"BreadcrumbList","@id":"https:\/\/www.oros.com\/fr\/applications\/dynamique-des-structures\/test-en-vol\/#breadcrumb","itemListElement":[{"@type":"ListItem","position":1,"name":"Accueil","item":"https:\/\/www.oros.com\/fr\/"},{"@type":"ListItem","position":2,"name":"Applications","item":"https:\/\/www.oros.com\/fr\/applications\/"},{"@type":"ListItem","position":3,"name":"Dynamique des structures","item":"https:\/\/www.oros.com\/fr\/applications\/dynamique-des-structures\/"},{"@type":"ListItem","position":4,"name":"Tests en vol"}]},{"@type":"WebSite","@id":"https:\/\/www.oros.com\/#website","url":"https:\/\/www.oros.com\/","name":"OROS","description":"Measuring noise &amp; vibration","potentialAction":[{"@type":"SearchAction","target":{"@type":"EntryPoint","urlTemplate":"https:\/\/www.oros.com\/?s={search_term_string}"},"query-input":{"@type":"PropertyValueSpecification","valueRequired":true,"valueName":"search_term_string"}}],"inLanguage":"fr-FR"}]}},"_links":{"self":[{"href":"https:\/\/www.oros.com\/fr\/wp-json\/wp\/v2\/pages\/16040","targetHints":{"allow":["GET"]}}],"collection":[{"href":"https:\/\/www.oros.com\/fr\/wp-json\/wp\/v2\/pages"}],"about":[{"href":"https:\/\/www.oros.com\/fr\/wp-json\/wp\/v2\/types\/page"}],"author":[{"embeddable":true,"href":"https:\/\/www.oros.com\/fr\/wp-json\/wp\/v2\/users\/2"}],"replies":[{"embeddable":true,"href":"https:\/\/www.oros.com\/fr\/wp-json\/wp\/v2\/comments?post=16040"}],"version-history":[{"count":4,"href":"https:\/\/www.oros.com\/fr\/wp-json\/wp\/v2\/pages\/16040\/revisions"}],"predecessor-version":[{"id":131788,"href":"https:\/\/www.oros.com\/fr\/wp-json\/wp\/v2\/pages\/16040\/revisions\/131788"}],"up":[{"embeddable":true,"href":"https:\/\/www.oros.com\/fr\/wp-json\/wp\/v2\/pages\/13264"}],"wp:featuredmedia":[{"embeddable":true,"href":"https:\/\/www.oros.com\/fr\/wp-json\/wp\/v2\/media\/5134"}],"wp:attachment":[{"href":"https:\/\/www.oros.com\/fr\/wp-json\/wp\/v2\/media?parent=16040"}],"curies":[{"name":"wp","href":"https:\/\/api.w.org\/{rel}","templated":true}]}}