{"id":16074,"date":"2019-01-16T12:17:02","date_gmt":"2019-01-16T11:17:02","guid":{"rendered":"https:\/\/www.oros.com\/solutions\/instruments-et6accessoires\/teamwork\/"},"modified":"2022-08-01T18:21:15","modified_gmt":"2022-08-01T16:21:15","slug":"technologie-teamwork","status":"publish","type":"page","link":"https:\/\/www.oros.com\/fr\/produits\/instruments-et-accessoires\/technologie-teamwork\/","title":{"rendered":"Technologie Teamwork"},"content":{"rendered":"<h3 style=\"text-align: left;\"><strong>DataCare<\/strong><\/h3>\n<p style=\"text-align: left;\">Traitement d\u00e9di\u00e9 embarqu\u00e9<br \/>\nM\u00e9trologie haut de gamme<br \/>\nDisques durs SSD r\u00e9cup\u00e9rables<\/p>\n<p>&nbsp;<\/p>\n<h3 style=\"text-align: left;\"><strong>Flexible<\/strong><\/h3>\n<p style=\"text-align: left;\">Manipulation de tous les capteurs<br \/>\nSyst\u00e8me de double licences<br \/>\nMulti-t\u00e2ches synchrones (live et post)<\/p>\n<p>&nbsp;<\/p>\n<h3 style=\"text-align: left;\"><strong>Con\u00e7u pour tout environnement d&rsquo;essai<\/strong><\/h3>\n<p style=\"text-align: left;\">Conception robuste<br \/>\nModes autonome et de surveillance \u00e0 distance<br \/>\nInt\u00e9gration facile pour les bancs d&rsquo;essai<\/p>\n","protected":false},"excerpt":{"rendered":"<p>DataCare Traitement d\u00e9di\u00e9 embarqu\u00e9 M\u00e9trologie haut de gamme Disques durs SSD r\u00e9cup\u00e9rables &nbsp; Flexible Manipulation de tous les capteurs Syst\u00e8me&#8230; <span class=\"moretag btn btn--right btn--bold\">Lire la suite<\/span><\/p>\n","protected":false},"author":2,"featured_media":131434,"parent":13213,"menu_order":8,"comment_status":"closed","ping_status":"closed","template":"views\/solutions.blade.php","meta":{"_acf_changed":false,"inline_featured_image":false,"footnotes":""},"class_list":["post-16074","page","type-page","status-publish","has-post-thumbnail","hentry"],"acf":[],"yoast_head":"<!-- This site is optimized with the Yoast SEO plugin v27.5 - https:\/\/yoast.com\/product\/yoast-seo-wordpress\/ -->\n<title>Instruments de bruit et vibration Teamwork - OROS<\/title>\n<meta name=\"description\" content=\"Analyseurs \u00e0 cha\u00eener ou distribuer jusqu&#039;\u00e0 1000 voies de mesure pour les tests et analyses de bruit et de vibrations.\" \/>\n<meta name=\"robots\" content=\"index, follow, max-snippet:-1, max-image-preview:large, max-video-preview:-1\" \/>\n<link rel=\"canonical\" href=\"https:\/\/www.oros.com\/fr\/produits\/instruments-et-accessoires\/technologie-teamwork\/\" \/>\n<meta property=\"og:locale\" content=\"fr_FR\" \/>\n<meta property=\"og:type\" content=\"article\" \/>\n<meta property=\"og:title\" content=\"Instruments de bruit et vibration Teamwork - OROS\" \/>\n<meta property=\"og:description\" content=\"Analyseurs \u00e0 cha\u00eener ou distribuer jusqu&#039;\u00e0 1000 voies de mesure pour les tests et analyses de bruit et de vibrations.\" \/>\n<meta property=\"og:url\" content=\"https:\/\/www.oros.com\/fr\/produits\/instruments-et-accessoires\/technologie-teamwork\/\" \/>\n<meta property=\"og:site_name\" content=\"OROS\" \/>\n<meta property=\"article:modified_time\" content=\"2022-08-01T16:21:15+00:00\" \/>\n<meta property=\"og:image\" content=\"https:\/\/www.oros.com\/wp-content\/uploads\/2019\/02\/full-range-nvgate_web.jpg\" \/>\n\t<meta property=\"og:image:width\" content=\"1000\" \/>\n\t<meta property=\"og:image:height\" content=\"712\" \/>\n\t<meta property=\"og:image:type\" content=\"image\/jpeg\" \/>\n<meta name=\"twitter:card\" content=\"summary_large_image\" \/>\n<meta name=\"twitter:label1\" content=\"Dur\u00e9e de lecture estim\u00e9e\" \/>\n\t<meta name=\"twitter:data1\" content=\"1 minute\" \/>\n<script type=\"application\/ld+json\" class=\"yoast-schema-graph\">{\"@context\":\"https:\\\/\\\/schema.org\",\"@graph\":[{\"@type\":\"WebPage\",\"@id\":\"https:\\\/\\\/www.oros.com\\\/fr\\\/produits\\\/instruments-et-accessoires\\\/technologie-teamwork\\\/\",\"url\":\"https:\\\/\\\/www.oros.com\\\/fr\\\/produits\\\/instruments-et-accessoires\\\/technologie-teamwork\\\/\",\"name\":\"Instruments de bruit et vibration Teamwork - OROS\",\"isPartOf\":{\"@id\":\"https:\\\/\\\/www.oros.com\\\/#website\"},\"primaryImageOfPage\":{\"@id\":\"https:\\\/\\\/www.oros.com\\\/fr\\\/produits\\\/instruments-et-accessoires\\\/technologie-teamwork\\\/#primaryimage\"},\"image\":{\"@id\":\"https:\\\/\\\/www.oros.com\\\/fr\\\/produits\\\/instruments-et-accessoires\\\/technologie-teamwork\\\/#primaryimage\"},\"thumbnailUrl\":\"https:\\\/\\\/www.oros.com\\\/wp-content\\\/uploads\\\/2024\\\/06\\\/gamme-o4-or35-or36-or38-pc-modifiee-lr-scaled.jpg\",\"datePublished\":\"2019-01-16T11:17:02+00:00\",\"dateModified\":\"2022-08-01T16:21:15+00:00\",\"description\":\"Analyseurs \u00e0 cha\u00eener ou distribuer jusqu'\u00e0 1000 voies de mesure pour les tests et analyses de bruit et de vibrations.\",\"breadcrumb\":{\"@id\":\"https:\\\/\\\/www.oros.com\\\/fr\\\/produits\\\/instruments-et-accessoires\\\/technologie-teamwork\\\/#breadcrumb\"},\"inLanguage\":\"fr-FR\",\"potentialAction\":[{\"@type\":\"ReadAction\",\"target\":[\"https:\\\/\\\/www.oros.com\\\/fr\\\/produits\\\/instruments-et-accessoires\\\/technologie-teamwork\\\/\"]}]},{\"@type\":\"ImageObject\",\"inLanguage\":\"fr-FR\",\"@id\":\"https:\\\/\\\/www.oros.com\\\/fr\\\/produits\\\/instruments-et-accessoires\\\/technologie-teamwork\\\/#primaryimage\",\"url\":\"https:\\\/\\\/www.oros.com\\\/wp-content\\\/uploads\\\/2024\\\/06\\\/gamme-o4-or35-or36-or38-pc-modifiee-lr-scaled.jpg\",\"contentUrl\":\"https:\\\/\\\/www.oros.com\\\/wp-content\\\/uploads\\\/2024\\\/06\\\/gamme-o4-or35-or36-or38-pc-modifiee-lr-scaled.jpg\",\"width\":3000,\"height\":1836,\"caption\":\"OROS noise and vibration analyzers' range\"},{\"@type\":\"BreadcrumbList\",\"@id\":\"https:\\\/\\\/www.oros.com\\\/fr\\\/produits\\\/instruments-et-accessoires\\\/technologie-teamwork\\\/#breadcrumb\",\"itemListElement\":[{\"@type\":\"ListItem\",\"position\":1,\"name\":\"Accueil\",\"item\":\"https:\\\/\\\/www.oros.com\\\/fr\\\/\"},{\"@type\":\"ListItem\",\"position\":2,\"name\":\"Produits\",\"item\":\"https:\\\/\\\/www.oros.com\\\/fr\\\/produits\\\/\"},{\"@type\":\"ListItem\",\"position\":3,\"name\":\"Instruments et accessoires\",\"item\":\"https:\\\/\\\/www.oros.com\\\/fr\\\/produits\\\/instruments-et-accessoires\\\/\"},{\"@type\":\"ListItem\",\"position\":4,\"name\":\"Technologie Teamwork\"}]},{\"@type\":\"WebSite\",\"@id\":\"https:\\\/\\\/www.oros.com\\\/#website\",\"url\":\"https:\\\/\\\/www.oros.com\\\/\",\"name\":\"OROS\",\"description\":\"Measuring noise &amp; vibration\",\"potentialAction\":[{\"@type\":\"SearchAction\",\"target\":{\"@type\":\"EntryPoint\",\"urlTemplate\":\"https:\\\/\\\/www.oros.com\\\/?s={search_term_string}\"},\"query-input\":{\"@type\":\"PropertyValueSpecification\",\"valueRequired\":true,\"valueName\":\"search_term_string\"}}],\"inLanguage\":\"fr-FR\"}]}<\/script>\n<!-- \/ Yoast SEO plugin. -->","yoast_head_json":{"title":"Instruments de bruit et vibration Teamwork - OROS","description":"Analyseurs \u00e0 cha\u00eener ou distribuer jusqu'\u00e0 1000 voies de mesure pour les tests et analyses de bruit et de vibrations.","robots":{"index":"index","follow":"follow","max-snippet":"max-snippet:-1","max-image-preview":"max-image-preview:large","max-video-preview":"max-video-preview:-1"},"canonical":"https:\/\/www.oros.com\/fr\/produits\/instruments-et-accessoires\/technologie-teamwork\/","og_locale":"fr_FR","og_type":"article","og_title":"Instruments de bruit et vibration Teamwork - OROS","og_description":"Analyseurs \u00e0 cha\u00eener ou distribuer jusqu'\u00e0 1000 voies de mesure pour les tests et analyses de bruit et de vibrations.","og_url":"https:\/\/www.oros.com\/fr\/produits\/instruments-et-accessoires\/technologie-teamwork\/","og_site_name":"OROS","article_modified_time":"2022-08-01T16:21:15+00:00","og_image":[{"width":1000,"height":712,"url":"https:\/\/www.oros.com\/wp-content\/uploads\/2019\/02\/full-range-nvgate_web.jpg","type":"image\/jpeg"}],"twitter_card":"summary_large_image","twitter_misc":{"Dur\u00e9e de lecture estim\u00e9e":"1 minute"},"schema":{"@context":"https:\/\/schema.org","@graph":[{"@type":"WebPage","@id":"https:\/\/www.oros.com\/fr\/produits\/instruments-et-accessoires\/technologie-teamwork\/","url":"https:\/\/www.oros.com\/fr\/produits\/instruments-et-accessoires\/technologie-teamwork\/","name":"Instruments de bruit et vibration Teamwork - OROS","isPartOf":{"@id":"https:\/\/www.oros.com\/#website"},"primaryImageOfPage":{"@id":"https:\/\/www.oros.com\/fr\/produits\/instruments-et-accessoires\/technologie-teamwork\/#primaryimage"},"image":{"@id":"https:\/\/www.oros.com\/fr\/produits\/instruments-et-accessoires\/technologie-teamwork\/#primaryimage"},"thumbnailUrl":"https:\/\/www.oros.com\/wp-content\/uploads\/2024\/06\/gamme-o4-or35-or36-or38-pc-modifiee-lr-scaled.jpg","datePublished":"2019-01-16T11:17:02+00:00","dateModified":"2022-08-01T16:21:15+00:00","description":"Analyseurs \u00e0 cha\u00eener ou distribuer jusqu'\u00e0 1000 voies de mesure pour les tests et analyses de bruit et de vibrations.","breadcrumb":{"@id":"https:\/\/www.oros.com\/fr\/produits\/instruments-et-accessoires\/technologie-teamwork\/#breadcrumb"},"inLanguage":"fr-FR","potentialAction":[{"@type":"ReadAction","target":["https:\/\/www.oros.com\/fr\/produits\/instruments-et-accessoires\/technologie-teamwork\/"]}]},{"@type":"ImageObject","inLanguage":"fr-FR","@id":"https:\/\/www.oros.com\/fr\/produits\/instruments-et-accessoires\/technologie-teamwork\/#primaryimage","url":"https:\/\/www.oros.com\/wp-content\/uploads\/2024\/06\/gamme-o4-or35-or36-or38-pc-modifiee-lr-scaled.jpg","contentUrl":"https:\/\/www.oros.com\/wp-content\/uploads\/2024\/06\/gamme-o4-or35-or36-or38-pc-modifiee-lr-scaled.jpg","width":3000,"height":1836,"caption":"OROS noise and vibration analyzers' range"},{"@type":"BreadcrumbList","@id":"https:\/\/www.oros.com\/fr\/produits\/instruments-et-accessoires\/technologie-teamwork\/#breadcrumb","itemListElement":[{"@type":"ListItem","position":1,"name":"Accueil","item":"https:\/\/www.oros.com\/fr\/"},{"@type":"ListItem","position":2,"name":"Produits","item":"https:\/\/www.oros.com\/fr\/produits\/"},{"@type":"ListItem","position":3,"name":"Instruments et accessoires","item":"https:\/\/www.oros.com\/fr\/produits\/instruments-et-accessoires\/"},{"@type":"ListItem","position":4,"name":"Technologie Teamwork"}]},{"@type":"WebSite","@id":"https:\/\/www.oros.com\/#website","url":"https:\/\/www.oros.com\/","name":"OROS","description":"Measuring noise &amp; vibration","potentialAction":[{"@type":"SearchAction","target":{"@type":"EntryPoint","urlTemplate":"https:\/\/www.oros.com\/?s={search_term_string}"},"query-input":{"@type":"PropertyValueSpecification","valueRequired":true,"valueName":"search_term_string"}}],"inLanguage":"fr-FR"}]}},"_links":{"self":[{"href":"https:\/\/www.oros.com\/fr\/wp-json\/wp\/v2\/pages\/16074","targetHints":{"allow":["GET"]}}],"collection":[{"href":"https:\/\/www.oros.com\/fr\/wp-json\/wp\/v2\/pages"}],"about":[{"href":"https:\/\/www.oros.com\/fr\/wp-json\/wp\/v2\/types\/page"}],"author":[{"embeddable":true,"href":"https:\/\/www.oros.com\/fr\/wp-json\/wp\/v2\/users\/2"}],"replies":[{"embeddable":true,"href":"https:\/\/www.oros.com\/fr\/wp-json\/wp\/v2\/comments?post=16074"}],"version-history":[{"count":9,"href":"https:\/\/www.oros.com\/fr\/wp-json\/wp\/v2\/pages\/16074\/revisions"}],"predecessor-version":[{"id":95651,"href":"https:\/\/www.oros.com\/fr\/wp-json\/wp\/v2\/pages\/16074\/revisions\/95651"}],"up":[{"embeddable":true,"href":"https:\/\/www.oros.com\/fr\/wp-json\/wp\/v2\/pages\/13213"}],"wp:featuredmedia":[{"embeddable":true,"href":"https:\/\/www.oros.com\/fr\/wp-json\/wp\/v2\/media\/131434"}],"wp:attachment":[{"href":"https:\/\/www.oros.com\/fr\/wp-json\/wp\/v2\/media?parent=16074"}],"curies":[{"name":"wp","href":"https:\/\/api.w.org\/{rel}","templated":true}]}}