{"id":16099,"date":"2018-12-14T09:24:51","date_gmt":"2018-12-14T08:24:41","guid":{"rendered":"https:\/\/www.oros.com\/applications\/quality-process-control\/microelectronics-equipment\/"},"modified":"2022-07-27T16:11:29","modified_gmt":"2022-07-27T14:11:29","slug":"equipement-production-microelectronique","status":"publish","type":"page","link":"https:\/\/www.oros.com\/fr\/applications\/controle-de-la-qualite-et-des-processus\/equipement-production-microelectronique\/","title":{"rendered":"\u00c9quipement de production micro\u00e9lectronique"},"content":{"rendered":"<p>Ajustement des asservissements de positionnement et contr\u00f4le de r\u00e9sonnances vibratoire des supports de masques,\u00a0 supports de wafer, vibrations du sol des steppers et imageurs m\u00e9dicaux.<\/p>\n","protected":false},"excerpt":{"rendered":"<p>Ajustement des asservissements de positionnement et contr\u00f4le de r\u00e9sonnances vibratoire des supports de masques,\u00a0 supports de wafer, vibrations du sol&#8230; <span class=\"moretag btn btn--right btn--bold\">Lire la suite<\/span><\/p>\n","protected":false},"author":2,"featured_media":4518,"parent":16097,"menu_order":0,"comment_status":"closed","ping_status":"closed","template":"views\/applications.blade.php","meta":{"_acf_changed":false,"inline_featured_image":false,"footnotes":""},"class_list":["post-16099","page","type-page","status-publish","has-post-thumbnail","hentry"],"acf":[],"yoast_head":"<!-- This site is optimized with the Yoast SEO plugin v27.4 - https:\/\/yoast.com\/product\/yoast-seo-wordpress\/ -->\n<title>Contr\u00f4le des vibrations et asservissement des \u00e9quipements de production de micro\u00e9lectronique - OROS<\/title>\n<meta name=\"description\" content=\"Ajustement des asservissements de positionnement et contr\u00f4le de r\u00e9sonnances vibratoire des supports de masques,\u00a0 supports de wafer, vibrations du sol des steppers et imageurs m\u00e9dicaux.\" \/>\n<meta name=\"robots\" content=\"index, follow, max-snippet:-1, max-image-preview:large, max-video-preview:-1\" \/>\n<link rel=\"canonical\" href=\"https:\/\/www.oros.com\/fr\/applications\/controle-de-la-qualite-et-des-processus\/equipement-production-microelectronique\/\" \/>\n<meta property=\"og:locale\" content=\"fr_FR\" \/>\n<meta property=\"og:type\" content=\"article\" \/>\n<meta property=\"og:title\" content=\"Contr\u00f4le des vibrations et asservissement des \u00e9quipements de production de micro\u00e9lectronique - OROS\" \/>\n<meta property=\"og:description\" content=\"Ajustement des asservissements de positionnement et contr\u00f4le de r\u00e9sonnances vibratoire des supports de masques,\u00a0 supports de wafer, vibrations du sol des steppers et imageurs m\u00e9dicaux.\" \/>\n<meta property=\"og:url\" content=\"https:\/\/www.oros.com\/fr\/applications\/controle-de-la-qualite-et-des-processus\/equipement-production-microelectronique\/\" \/>\n<meta property=\"og:site_name\" content=\"OROS\" \/>\n<meta property=\"article:modified_time\" content=\"2022-07-27T14:11:29+00:00\" \/>\n<meta property=\"og:image\" content=\"https:\/\/www.oros.com\/wp-content\/uploads\/2019\/06\/chips_collection_on_wafer_web.jpg\" \/>\n\t<meta property=\"og:image:width\" content=\"1000\" \/>\n\t<meta property=\"og:image:height\" content=\"667\" \/>\n\t<meta property=\"og:image:type\" content=\"image\/jpeg\" \/>\n<meta name=\"twitter:card\" content=\"summary_large_image\" \/>\n<meta name=\"twitter:label1\" content=\"Dur\u00e9e de lecture estim\u00e9e\" \/>\n\t<meta name=\"twitter:data1\" content=\"1 minute\" \/>\n<script type=\"application\/ld+json\" class=\"yoast-schema-graph\">{\"@context\":\"https:\\\/\\\/schema.org\",\"@graph\":[{\"@type\":\"WebPage\",\"@id\":\"https:\\\/\\\/www.oros.com\\\/fr\\\/applications\\\/controle-de-la-qualite-et-des-processus\\\/equipement-production-microelectronique\\\/\",\"url\":\"https:\\\/\\\/www.oros.com\\\/fr\\\/applications\\\/controle-de-la-qualite-et-des-processus\\\/equipement-production-microelectronique\\\/\",\"name\":\"Contr\u00f4le des vibrations et asservissement des \u00e9quipements de production de micro\u00e9lectronique - OROS\",\"isPartOf\":{\"@id\":\"https:\\\/\\\/www.oros.com\\\/#website\"},\"primaryImageOfPage\":{\"@id\":\"https:\\\/\\\/www.oros.com\\\/fr\\\/applications\\\/controle-de-la-qualite-et-des-processus\\\/equipement-production-microelectronique\\\/#primaryimage\"},\"image\":{\"@id\":\"https:\\\/\\\/www.oros.com\\\/fr\\\/applications\\\/controle-de-la-qualite-et-des-processus\\\/equipement-production-microelectronique\\\/#primaryimage\"},\"thumbnailUrl\":\"https:\\\/\\\/www.oros.com\\\/wp-content\\\/uploads\\\/2019\\\/06\\\/chips_collection_on_wafer_web.jpg\",\"datePublished\":\"2018-12-14T08:24:41+00:00\",\"dateModified\":\"2022-07-27T14:11:29+00:00\",\"description\":\"Ajustement des asservissements de positionnement et contr\u00f4le de r\u00e9sonnances vibratoire des supports de masques,\u00a0 supports de wafer, vibrations du sol des steppers et imageurs m\u00e9dicaux.\",\"breadcrumb\":{\"@id\":\"https:\\\/\\\/www.oros.com\\\/fr\\\/applications\\\/controle-de-la-qualite-et-des-processus\\\/equipement-production-microelectronique\\\/#breadcrumb\"},\"inLanguage\":\"fr-FR\",\"potentialAction\":[{\"@type\":\"ReadAction\",\"target\":[\"https:\\\/\\\/www.oros.com\\\/fr\\\/applications\\\/controle-de-la-qualite-et-des-processus\\\/equipement-production-microelectronique\\\/\"]}]},{\"@type\":\"ImageObject\",\"inLanguage\":\"fr-FR\",\"@id\":\"https:\\\/\\\/www.oros.com\\\/fr\\\/applications\\\/controle-de-la-qualite-et-des-processus\\\/equipement-production-microelectronique\\\/#primaryimage\",\"url\":\"https:\\\/\\\/www.oros.com\\\/wp-content\\\/uploads\\\/2019\\\/06\\\/chips_collection_on_wafer_web.jpg\",\"contentUrl\":\"https:\\\/\\\/www.oros.com\\\/wp-content\\\/uploads\\\/2019\\\/06\\\/chips_collection_on_wafer_web.jpg\",\"width\":1000,\"height\":667},{\"@type\":\"BreadcrumbList\",\"@id\":\"https:\\\/\\\/www.oros.com\\\/fr\\\/applications\\\/controle-de-la-qualite-et-des-processus\\\/equipement-production-microelectronique\\\/#breadcrumb\",\"itemListElement\":[{\"@type\":\"ListItem\",\"position\":1,\"name\":\"Accueil\",\"item\":\"https:\\\/\\\/www.oros.com\\\/fr\\\/\"},{\"@type\":\"ListItem\",\"position\":2,\"name\":\"Applications\",\"item\":\"https:\\\/\\\/www.oros.com\\\/fr\\\/applications\\\/\"},{\"@type\":\"ListItem\",\"position\":3,\"name\":\"Contr\u00f4le de la qualit\u00e9 et des processus\",\"item\":\"https:\\\/\\\/www.oros.com\\\/fr\\\/applications\\\/controle-de-la-qualite-et-des-processus\\\/\"},{\"@type\":\"ListItem\",\"position\":4,\"name\":\"\u00c9quipement de production micro\u00e9lectronique\"}]},{\"@type\":\"WebSite\",\"@id\":\"https:\\\/\\\/www.oros.com\\\/#website\",\"url\":\"https:\\\/\\\/www.oros.com\\\/\",\"name\":\"OROS\",\"description\":\"Measuring noise &amp; vibration\",\"potentialAction\":[{\"@type\":\"SearchAction\",\"target\":{\"@type\":\"EntryPoint\",\"urlTemplate\":\"https:\\\/\\\/www.oros.com\\\/?s={search_term_string}\"},\"query-input\":{\"@type\":\"PropertyValueSpecification\",\"valueRequired\":true,\"valueName\":\"search_term_string\"}}],\"inLanguage\":\"fr-FR\"}]}<\/script>\n<!-- \/ Yoast SEO plugin. -->","yoast_head_json":{"title":"Contr\u00f4le des vibrations et asservissement des \u00e9quipements de production de micro\u00e9lectronique - OROS","description":"Ajustement des asservissements de positionnement et contr\u00f4le de r\u00e9sonnances vibratoire des supports de masques,\u00a0 supports de wafer, vibrations du sol des steppers et imageurs m\u00e9dicaux.","robots":{"index":"index","follow":"follow","max-snippet":"max-snippet:-1","max-image-preview":"max-image-preview:large","max-video-preview":"max-video-preview:-1"},"canonical":"https:\/\/www.oros.com\/fr\/applications\/controle-de-la-qualite-et-des-processus\/equipement-production-microelectronique\/","og_locale":"fr_FR","og_type":"article","og_title":"Contr\u00f4le des vibrations et asservissement des \u00e9quipements de production de micro\u00e9lectronique - OROS","og_description":"Ajustement des asservissements de positionnement et contr\u00f4le de r\u00e9sonnances vibratoire des supports de masques,\u00a0 supports de wafer, vibrations du sol des steppers et imageurs m\u00e9dicaux.","og_url":"https:\/\/www.oros.com\/fr\/applications\/controle-de-la-qualite-et-des-processus\/equipement-production-microelectronique\/","og_site_name":"OROS","article_modified_time":"2022-07-27T14:11:29+00:00","og_image":[{"width":1000,"height":667,"url":"https:\/\/www.oros.com\/wp-content\/uploads\/2019\/06\/chips_collection_on_wafer_web.jpg","type":"image\/jpeg"}],"twitter_card":"summary_large_image","twitter_misc":{"Dur\u00e9e de lecture estim\u00e9e":"1 minute"},"schema":{"@context":"https:\/\/schema.org","@graph":[{"@type":"WebPage","@id":"https:\/\/www.oros.com\/fr\/applications\/controle-de-la-qualite-et-des-processus\/equipement-production-microelectronique\/","url":"https:\/\/www.oros.com\/fr\/applications\/controle-de-la-qualite-et-des-processus\/equipement-production-microelectronique\/","name":"Contr\u00f4le des vibrations et asservissement des \u00e9quipements de production de micro\u00e9lectronique - OROS","isPartOf":{"@id":"https:\/\/www.oros.com\/#website"},"primaryImageOfPage":{"@id":"https:\/\/www.oros.com\/fr\/applications\/controle-de-la-qualite-et-des-processus\/equipement-production-microelectronique\/#primaryimage"},"image":{"@id":"https:\/\/www.oros.com\/fr\/applications\/controle-de-la-qualite-et-des-processus\/equipement-production-microelectronique\/#primaryimage"},"thumbnailUrl":"https:\/\/www.oros.com\/wp-content\/uploads\/2019\/06\/chips_collection_on_wafer_web.jpg","datePublished":"2018-12-14T08:24:41+00:00","dateModified":"2022-07-27T14:11:29+00:00","description":"Ajustement des asservissements de positionnement et contr\u00f4le de r\u00e9sonnances vibratoire des supports de masques,\u00a0 supports de wafer, vibrations du sol des steppers et imageurs m\u00e9dicaux.","breadcrumb":{"@id":"https:\/\/www.oros.com\/fr\/applications\/controle-de-la-qualite-et-des-processus\/equipement-production-microelectronique\/#breadcrumb"},"inLanguage":"fr-FR","potentialAction":[{"@type":"ReadAction","target":["https:\/\/www.oros.com\/fr\/applications\/controle-de-la-qualite-et-des-processus\/equipement-production-microelectronique\/"]}]},{"@type":"ImageObject","inLanguage":"fr-FR","@id":"https:\/\/www.oros.com\/fr\/applications\/controle-de-la-qualite-et-des-processus\/equipement-production-microelectronique\/#primaryimage","url":"https:\/\/www.oros.com\/wp-content\/uploads\/2019\/06\/chips_collection_on_wafer_web.jpg","contentUrl":"https:\/\/www.oros.com\/wp-content\/uploads\/2019\/06\/chips_collection_on_wafer_web.jpg","width":1000,"height":667},{"@type":"BreadcrumbList","@id":"https:\/\/www.oros.com\/fr\/applications\/controle-de-la-qualite-et-des-processus\/equipement-production-microelectronique\/#breadcrumb","itemListElement":[{"@type":"ListItem","position":1,"name":"Accueil","item":"https:\/\/www.oros.com\/fr\/"},{"@type":"ListItem","position":2,"name":"Applications","item":"https:\/\/www.oros.com\/fr\/applications\/"},{"@type":"ListItem","position":3,"name":"Contr\u00f4le de la qualit\u00e9 et des processus","item":"https:\/\/www.oros.com\/fr\/applications\/controle-de-la-qualite-et-des-processus\/"},{"@type":"ListItem","position":4,"name":"\u00c9quipement de production micro\u00e9lectronique"}]},{"@type":"WebSite","@id":"https:\/\/www.oros.com\/#website","url":"https:\/\/www.oros.com\/","name":"OROS","description":"Measuring noise &amp; vibration","potentialAction":[{"@type":"SearchAction","target":{"@type":"EntryPoint","urlTemplate":"https:\/\/www.oros.com\/?s={search_term_string}"},"query-input":{"@type":"PropertyValueSpecification","valueRequired":true,"valueName":"search_term_string"}}],"inLanguage":"fr-FR"}]}},"_links":{"self":[{"href":"https:\/\/www.oros.com\/fr\/wp-json\/wp\/v2\/pages\/16099","targetHints":{"allow":["GET"]}}],"collection":[{"href":"https:\/\/www.oros.com\/fr\/wp-json\/wp\/v2\/pages"}],"about":[{"href":"https:\/\/www.oros.com\/fr\/wp-json\/wp\/v2\/types\/page"}],"author":[{"embeddable":true,"href":"https:\/\/www.oros.com\/fr\/wp-json\/wp\/v2\/users\/2"}],"replies":[{"embeddable":true,"href":"https:\/\/www.oros.com\/fr\/wp-json\/wp\/v2\/comments?post=16099"}],"version-history":[{"count":11,"href":"https:\/\/www.oros.com\/fr\/wp-json\/wp\/v2\/pages\/16099\/revisions"}],"predecessor-version":[{"id":99364,"href":"https:\/\/www.oros.com\/fr\/wp-json\/wp\/v2\/pages\/16099\/revisions\/99364"}],"up":[{"embeddable":true,"href":"https:\/\/www.oros.com\/fr\/wp-json\/wp\/v2\/pages\/16097"}],"wp:featuredmedia":[{"embeddable":true,"href":"https:\/\/www.oros.com\/fr\/wp-json\/wp\/v2\/media\/4518"}],"wp:attachment":[{"href":"https:\/\/www.oros.com\/fr\/wp-json\/wp\/v2\/media?parent=16099"}],"curies":[{"name":"wp","href":"https:\/\/api.w.org\/{rel}","templated":true}]}}