{"id":16125,"date":"2018-12-14T09:23:51","date_gmt":"2018-12-14T08:23:45","guid":{"rendered":"https:\/\/www.oros.com\/applications\/nvh\/powertrain-test\/"},"modified":"2025-08-04T10:21:55","modified_gmt":"2025-08-04T08:21:55","slug":"test-du-groupe-motopropulseur","status":"publish","type":"page","link":"https:\/\/www.oros.com\/fr\/applications\/nvh\/test-du-groupe-motopropulseur\/","title":{"rendered":"Test du groupe motopropulseur"},"content":{"rendered":"<p>Essais du groupe motopropulseur, identification des modes, torsion et couple, \u00e9quilibrage des arbres flexibles, accouplement, ODS, \u00e9quilibrage des ventilateurs \u00e0 l&rsquo;aide d&rsquo;analyseurs FFT.<\/p>\n","protected":false},"excerpt":{"rendered":"<p>Essais du groupe motopropulseur, identification des modes, torsion et couple, \u00e9quilibrage des arbres flexibles, accouplement, ODS, \u00e9quilibrage des ventilateurs \u00e0&#8230; <span class=\"moretag btn btn--right btn--bold\">Lire la suite<\/span><\/p>\n","protected":false},"author":2,"featured_media":4502,"parent":16117,"menu_order":5,"comment_status":"closed","ping_status":"closed","template":"views\/applications.blade.php","meta":{"_acf_changed":false,"inline_featured_image":false,"footnotes":""},"class_list":["post-16125","page","type-page","status-publish","has-post-thumbnail","hentry"],"acf":[],"yoast_head":"<!-- This site is optimized with the Yoast SEO plugin v27.4 - https:\/\/yoast.com\/product\/yoast-seo-wordpress\/ -->\n<title>Powertrain tests for test benches, in-vehicle and R&amp;D - OROS<\/title>\n<meta name=\"description\" content=\"Perform powertrain tests for test benches, in-vehicle and R&amp;D using FFT analyzers.\" \/>\n<meta name=\"robots\" content=\"index, follow, max-snippet:-1, max-image-preview:large, max-video-preview:-1\" \/>\n<link rel=\"canonical\" href=\"https:\/\/www.oros.com\/fr\/applications\/nvh\/test-du-groupe-motopropulseur\/\" \/>\n<meta property=\"og:locale\" content=\"fr_FR\" \/>\n<meta property=\"og:type\" content=\"article\" \/>\n<meta property=\"og:title\" content=\"Powertrain tests for test benches, in-vehicle and R&amp;D - OROS\" \/>\n<meta property=\"og:description\" content=\"Perform powertrain tests for test benches, in-vehicle and R&amp;D using FFT analyzers.\" \/>\n<meta property=\"og:url\" content=\"https:\/\/www.oros.com\/fr\/applications\/nvh\/test-du-groupe-motopropulseur\/\" \/>\n<meta property=\"og:site_name\" content=\"OROS\" \/>\n<meta property=\"article:modified_time\" content=\"2025-08-04T08:21:55+00:00\" \/>\n<meta property=\"og:image\" content=\"https:\/\/www.oros.com\/wp-content\/uploads\/2019\/06\/auto_range_rover_2019.jpg\" \/>\n\t<meta property=\"og:image:width\" content=\"1000\" \/>\n\t<meta property=\"og:image:height\" content=\"667\" \/>\n\t<meta property=\"og:image:type\" content=\"image\/jpeg\" \/>\n<meta name=\"twitter:card\" content=\"summary_large_image\" \/>\n<meta name=\"twitter:label1\" content=\"Dur\u00e9e de lecture estim\u00e9e\" \/>\n\t<meta name=\"twitter:data1\" content=\"1 minute\" \/>\n<script type=\"application\/ld+json\" class=\"yoast-schema-graph\">{\"@context\":\"https:\\\/\\\/schema.org\",\"@graph\":[{\"@type\":\"WebPage\",\"@id\":\"https:\\\/\\\/www.oros.com\\\/fr\\\/applications\\\/nvh\\\/test-du-groupe-motopropulseur\\\/\",\"url\":\"https:\\\/\\\/www.oros.com\\\/fr\\\/applications\\\/nvh\\\/test-du-groupe-motopropulseur\\\/\",\"name\":\"Powertrain tests for test benches, in-vehicle and R&D - OROS\",\"isPartOf\":{\"@id\":\"https:\\\/\\\/www.oros.com\\\/#website\"},\"primaryImageOfPage\":{\"@id\":\"https:\\\/\\\/www.oros.com\\\/fr\\\/applications\\\/nvh\\\/test-du-groupe-motopropulseur\\\/#primaryimage\"},\"image\":{\"@id\":\"https:\\\/\\\/www.oros.com\\\/fr\\\/applications\\\/nvh\\\/test-du-groupe-motopropulseur\\\/#primaryimage\"},\"thumbnailUrl\":\"https:\\\/\\\/www.oros.com\\\/wp-content\\\/uploads\\\/2019\\\/06\\\/auto_range_rover_2019.jpg\",\"datePublished\":\"2018-12-14T08:23:45+00:00\",\"dateModified\":\"2025-08-04T08:21:55+00:00\",\"description\":\"Perform powertrain tests for test benches, in-vehicle and R&D using FFT analyzers.\",\"breadcrumb\":{\"@id\":\"https:\\\/\\\/www.oros.com\\\/fr\\\/applications\\\/nvh\\\/test-du-groupe-motopropulseur\\\/#breadcrumb\"},\"inLanguage\":\"fr-FR\",\"potentialAction\":[{\"@type\":\"ReadAction\",\"target\":[\"https:\\\/\\\/www.oros.com\\\/fr\\\/applications\\\/nvh\\\/test-du-groupe-motopropulseur\\\/\"]}]},{\"@type\":\"ImageObject\",\"inLanguage\":\"fr-FR\",\"@id\":\"https:\\\/\\\/www.oros.com\\\/fr\\\/applications\\\/nvh\\\/test-du-groupe-motopropulseur\\\/#primaryimage\",\"url\":\"https:\\\/\\\/www.oros.com\\\/wp-content\\\/uploads\\\/2019\\\/06\\\/auto_range_rover_2019.jpg\",\"contentUrl\":\"https:\\\/\\\/www.oros.com\\\/wp-content\\\/uploads\\\/2019\\\/06\\\/auto_range_rover_2019.jpg\",\"width\":1000,\"height\":667},{\"@type\":\"BreadcrumbList\",\"@id\":\"https:\\\/\\\/www.oros.com\\\/fr\\\/applications\\\/nvh\\\/test-du-groupe-motopropulseur\\\/#breadcrumb\",\"itemListElement\":[{\"@type\":\"ListItem\",\"position\":1,\"name\":\"Accueil\",\"item\":\"https:\\\/\\\/www.oros.com\\\/fr\\\/\"},{\"@type\":\"ListItem\",\"position\":2,\"name\":\"Applications\",\"item\":\"https:\\\/\\\/www.oros.com\\\/fr\\\/applications\\\/\"},{\"@type\":\"ListItem\",\"position\":3,\"name\":\"NVH\",\"item\":\"https:\\\/\\\/www.oros.com\\\/fr\\\/applications\\\/nvh\\\/\"},{\"@type\":\"ListItem\",\"position\":4,\"name\":\"Test du groupe motopropulseur\"}]},{\"@type\":\"WebSite\",\"@id\":\"https:\\\/\\\/www.oros.com\\\/#website\",\"url\":\"https:\\\/\\\/www.oros.com\\\/\",\"name\":\"OROS\",\"description\":\"Measuring noise &amp; vibration\",\"potentialAction\":[{\"@type\":\"SearchAction\",\"target\":{\"@type\":\"EntryPoint\",\"urlTemplate\":\"https:\\\/\\\/www.oros.com\\\/?s={search_term_string}\"},\"query-input\":{\"@type\":\"PropertyValueSpecification\",\"valueRequired\":true,\"valueName\":\"search_term_string\"}}],\"inLanguage\":\"fr-FR\"}]}<\/script>\n<!-- \/ Yoast SEO plugin. -->","yoast_head_json":{"title":"Powertrain tests for test benches, in-vehicle and R&D - OROS","description":"Perform powertrain tests for test benches, in-vehicle and R&D using FFT analyzers.","robots":{"index":"index","follow":"follow","max-snippet":"max-snippet:-1","max-image-preview":"max-image-preview:large","max-video-preview":"max-video-preview:-1"},"canonical":"https:\/\/www.oros.com\/fr\/applications\/nvh\/test-du-groupe-motopropulseur\/","og_locale":"fr_FR","og_type":"article","og_title":"Powertrain tests for test benches, in-vehicle and R&D - OROS","og_description":"Perform powertrain tests for test benches, in-vehicle and R&D using FFT analyzers.","og_url":"https:\/\/www.oros.com\/fr\/applications\/nvh\/test-du-groupe-motopropulseur\/","og_site_name":"OROS","article_modified_time":"2025-08-04T08:21:55+00:00","og_image":[{"width":1000,"height":667,"url":"https:\/\/www.oros.com\/wp-content\/uploads\/2019\/06\/auto_range_rover_2019.jpg","type":"image\/jpeg"}],"twitter_card":"summary_large_image","twitter_misc":{"Dur\u00e9e de lecture estim\u00e9e":"1 minute"},"schema":{"@context":"https:\/\/schema.org","@graph":[{"@type":"WebPage","@id":"https:\/\/www.oros.com\/fr\/applications\/nvh\/test-du-groupe-motopropulseur\/","url":"https:\/\/www.oros.com\/fr\/applications\/nvh\/test-du-groupe-motopropulseur\/","name":"Powertrain tests for test benches, in-vehicle and R&D - OROS","isPartOf":{"@id":"https:\/\/www.oros.com\/#website"},"primaryImageOfPage":{"@id":"https:\/\/www.oros.com\/fr\/applications\/nvh\/test-du-groupe-motopropulseur\/#primaryimage"},"image":{"@id":"https:\/\/www.oros.com\/fr\/applications\/nvh\/test-du-groupe-motopropulseur\/#primaryimage"},"thumbnailUrl":"https:\/\/www.oros.com\/wp-content\/uploads\/2019\/06\/auto_range_rover_2019.jpg","datePublished":"2018-12-14T08:23:45+00:00","dateModified":"2025-08-04T08:21:55+00:00","description":"Perform powertrain tests for test benches, in-vehicle and R&D using FFT analyzers.","breadcrumb":{"@id":"https:\/\/www.oros.com\/fr\/applications\/nvh\/test-du-groupe-motopropulseur\/#breadcrumb"},"inLanguage":"fr-FR","potentialAction":[{"@type":"ReadAction","target":["https:\/\/www.oros.com\/fr\/applications\/nvh\/test-du-groupe-motopropulseur\/"]}]},{"@type":"ImageObject","inLanguage":"fr-FR","@id":"https:\/\/www.oros.com\/fr\/applications\/nvh\/test-du-groupe-motopropulseur\/#primaryimage","url":"https:\/\/www.oros.com\/wp-content\/uploads\/2019\/06\/auto_range_rover_2019.jpg","contentUrl":"https:\/\/www.oros.com\/wp-content\/uploads\/2019\/06\/auto_range_rover_2019.jpg","width":1000,"height":667},{"@type":"BreadcrumbList","@id":"https:\/\/www.oros.com\/fr\/applications\/nvh\/test-du-groupe-motopropulseur\/#breadcrumb","itemListElement":[{"@type":"ListItem","position":1,"name":"Accueil","item":"https:\/\/www.oros.com\/fr\/"},{"@type":"ListItem","position":2,"name":"Applications","item":"https:\/\/www.oros.com\/fr\/applications\/"},{"@type":"ListItem","position":3,"name":"NVH","item":"https:\/\/www.oros.com\/fr\/applications\/nvh\/"},{"@type":"ListItem","position":4,"name":"Test du groupe motopropulseur"}]},{"@type":"WebSite","@id":"https:\/\/www.oros.com\/#website","url":"https:\/\/www.oros.com\/","name":"OROS","description":"Measuring noise &amp; vibration","potentialAction":[{"@type":"SearchAction","target":{"@type":"EntryPoint","urlTemplate":"https:\/\/www.oros.com\/?s={search_term_string}"},"query-input":{"@type":"PropertyValueSpecification","valueRequired":true,"valueName":"search_term_string"}}],"inLanguage":"fr-FR"}]}},"_links":{"self":[{"href":"https:\/\/www.oros.com\/fr\/wp-json\/wp\/v2\/pages\/16125","targetHints":{"allow":["GET"]}}],"collection":[{"href":"https:\/\/www.oros.com\/fr\/wp-json\/wp\/v2\/pages"}],"about":[{"href":"https:\/\/www.oros.com\/fr\/wp-json\/wp\/v2\/types\/page"}],"author":[{"embeddable":true,"href":"https:\/\/www.oros.com\/fr\/wp-json\/wp\/v2\/users\/2"}],"replies":[{"embeddable":true,"href":"https:\/\/www.oros.com\/fr\/wp-json\/wp\/v2\/comments?post=16125"}],"version-history":[{"count":8,"href":"https:\/\/www.oros.com\/fr\/wp-json\/wp\/v2\/pages\/16125\/revisions"}],"predecessor-version":[{"id":132279,"href":"https:\/\/www.oros.com\/fr\/wp-json\/wp\/v2\/pages\/16125\/revisions\/132279"}],"up":[{"embeddable":true,"href":"https:\/\/www.oros.com\/fr\/wp-json\/wp\/v2\/pages\/16117"}],"wp:featuredmedia":[{"embeddable":true,"href":"https:\/\/www.oros.com\/fr\/wp-json\/wp\/v2\/media\/4502"}],"wp:attachment":[{"href":"https:\/\/www.oros.com\/fr\/wp-json\/wp\/v2\/media?parent=16125"}],"curies":[{"name":"wp","href":"https:\/\/api.w.org\/{rel}","templated":true}]}}