{"id":16149,"date":"2019-06-20T17:57:27","date_gmt":"2019-06-20T15:57:27","guid":{"rendered":"https:\/\/www.oros.com\/solutions\/data-acquisition-and-signal-processing\/teamwork-software-technology\/"},"modified":"2022-08-03T13:21:49","modified_gmt":"2022-08-03T11:21:49","slug":"technologie-logicielle-teamwork","status":"publish","type":"page","link":"https:\/\/www.oros.com\/fr\/produits\/bruit-vibration-general\/technologie-logicielle-teamwork\/","title":{"rendered":"Technologie logicielle Teamwork"},"content":{"rendered":"<p>Bas\u00e9e sur une gamme d\u2019instruments modulaires de 4 \u00e0 32 voies, la technologie Teamwork permet de cha\u00eener ou de distribuer les instruments pour mesurer plus de 1000 voies. Gr\u00e2ce \u00e0 elle, les instruments, conditionneurs et licences logicielles sont interchangeables et flexibles, tout comme les donn\u00e9es qui b\u00e9n\u00e9ficient d\u2019une technologie de partage native.<\/p>\n","protected":false},"excerpt":{"rendered":"<p>Bas\u00e9e sur une gamme d\u2019instruments modulaires de 4 \u00e0 32 voies, la technologie Teamwork permet de cha\u00eener ou de distribuer&#8230; <span class=\"moretag btn btn--right btn--bold\">Lire la suite<\/span><\/p>\n","protected":false},"author":5,"featured_media":6322,"parent":16147,"menu_order":3,"comment_status":"closed","ping_status":"closed","template":"views\/solutions.blade.php","meta":{"_acf_changed":false,"inline_featured_image":false,"footnotes":""},"class_list":["post-16149","page","type-page","status-publish","has-post-thumbnail","hentry"],"acf":[],"yoast_head":"<!-- This site is optimized with the Yoast SEO plugin v27.5 - https:\/\/yoast.com\/product\/yoast-seo-wordpress\/ -->\n<title>Technologie logicielle bruit et vibration Teamwork - OROS<\/title>\n<meta name=\"description\" content=\"Comment am\u00e9liorer l&#039;efficacit\u00e9, la s\u00e9curit\u00e9 et la qualit\u00e9 des mesures de bruit et de vibrations ? D\u00e9couvrez la technologie pour les \u00e9quipes.\" \/>\n<meta name=\"robots\" content=\"index, follow, max-snippet:-1, max-image-preview:large, max-video-preview:-1\" \/>\n<link rel=\"canonical\" href=\"https:\/\/www.oros.com\/fr\/produits\/bruit-vibration-general\/technologie-logicielle-teamwork\/\" \/>\n<meta property=\"og:locale\" content=\"fr_FR\" \/>\n<meta property=\"og:type\" content=\"article\" \/>\n<meta property=\"og:title\" content=\"Technologie logicielle bruit et vibration Teamwork - OROS\" \/>\n<meta property=\"og:description\" content=\"Comment am\u00e9liorer l&#039;efficacit\u00e9, la s\u00e9curit\u00e9 et la qualit\u00e9 des mesures de bruit et de vibrations ? D\u00e9couvrez la technologie pour les \u00e9quipes.\" \/>\n<meta property=\"og:url\" content=\"https:\/\/www.oros.com\/fr\/produits\/bruit-vibration-general\/technologie-logicielle-teamwork\/\" \/>\n<meta property=\"og:site_name\" content=\"OROS\" \/>\n<meta property=\"article:modified_time\" content=\"2022-08-03T11:21:49+00:00\" \/>\n<meta property=\"og:image\" content=\"https:\/\/www.oros.com\/wp-content\/uploads\/2019\/06\/teamwork_nvgate_mockup_web-1.jpg\" \/>\n\t<meta property=\"og:image:width\" content=\"1000\" \/>\n\t<meta property=\"og:image:height\" content=\"666\" \/>\n\t<meta property=\"og:image:type\" content=\"image\/jpeg\" \/>\n<meta name=\"twitter:card\" content=\"summary_large_image\" \/>\n<meta name=\"twitter:label1\" content=\"Dur\u00e9e de lecture estim\u00e9e\" \/>\n\t<meta name=\"twitter:data1\" content=\"1 minute\" \/>\n<script type=\"application\/ld+json\" class=\"yoast-schema-graph\">{\"@context\":\"https:\\\/\\\/schema.org\",\"@graph\":[{\"@type\":\"WebPage\",\"@id\":\"https:\\\/\\\/www.oros.com\\\/fr\\\/produits\\\/bruit-vibration-general\\\/technologie-logicielle-teamwork\\\/\",\"url\":\"https:\\\/\\\/www.oros.com\\\/fr\\\/produits\\\/bruit-vibration-general\\\/technologie-logicielle-teamwork\\\/\",\"name\":\"Technologie logicielle bruit et vibration Teamwork - OROS\",\"isPartOf\":{\"@id\":\"https:\\\/\\\/www.oros.com\\\/#website\"},\"primaryImageOfPage\":{\"@id\":\"https:\\\/\\\/www.oros.com\\\/fr\\\/produits\\\/bruit-vibration-general\\\/technologie-logicielle-teamwork\\\/#primaryimage\"},\"image\":{\"@id\":\"https:\\\/\\\/www.oros.com\\\/fr\\\/produits\\\/bruit-vibration-general\\\/technologie-logicielle-teamwork\\\/#primaryimage\"},\"thumbnailUrl\":\"https:\\\/\\\/www.oros.com\\\/wp-content\\\/uploads\\\/2019\\\/06\\\/teamwork_nvgate_mockup_web-1.jpg\",\"datePublished\":\"2019-06-20T15:57:27+00:00\",\"dateModified\":\"2022-08-03T11:21:49+00:00\",\"description\":\"Comment am\u00e9liorer l'efficacit\u00e9, la s\u00e9curit\u00e9 et la qualit\u00e9 des mesures de bruit et de vibrations ? D\u00e9couvrez la technologie pour les \u00e9quipes.\",\"breadcrumb\":{\"@id\":\"https:\\\/\\\/www.oros.com\\\/fr\\\/produits\\\/bruit-vibration-general\\\/technologie-logicielle-teamwork\\\/#breadcrumb\"},\"inLanguage\":\"fr-FR\",\"potentialAction\":[{\"@type\":\"ReadAction\",\"target\":[\"https:\\\/\\\/www.oros.com\\\/fr\\\/produits\\\/bruit-vibration-general\\\/technologie-logicielle-teamwork\\\/\"]}]},{\"@type\":\"ImageObject\",\"inLanguage\":\"fr-FR\",\"@id\":\"https:\\\/\\\/www.oros.com\\\/fr\\\/produits\\\/bruit-vibration-general\\\/technologie-logicielle-teamwork\\\/#primaryimage\",\"url\":\"https:\\\/\\\/www.oros.com\\\/wp-content\\\/uploads\\\/2019\\\/06\\\/teamwork_nvgate_mockup_web-1.jpg\",\"contentUrl\":\"https:\\\/\\\/www.oros.com\\\/wp-content\\\/uploads\\\/2019\\\/06\\\/teamwork_nvgate_mockup_web-1.jpg\",\"width\":1000,\"height\":666,\"caption\":\"NVGate noise and vibration software platform\"},{\"@type\":\"BreadcrumbList\",\"@id\":\"https:\\\/\\\/www.oros.com\\\/fr\\\/produits\\\/bruit-vibration-general\\\/technologie-logicielle-teamwork\\\/#breadcrumb\",\"itemListElement\":[{\"@type\":\"ListItem\",\"position\":1,\"name\":\"Accueil\",\"item\":\"https:\\\/\\\/www.oros.com\\\/fr\\\/\"},{\"@type\":\"ListItem\",\"position\":2,\"name\":\"Produits\",\"item\":\"https:\\\/\\\/www.oros.com\\\/fr\\\/produits\\\/\"},{\"@type\":\"ListItem\",\"position\":3,\"name\":\"Bruit et vibration &#8211; G\u00e9n\u00e9ral\",\"item\":\"https:\\\/\\\/www.oros.com\\\/fr\\\/produits\\\/bruit-vibration-general\\\/\"},{\"@type\":\"ListItem\",\"position\":4,\"name\":\"Technologie logicielle Teamwork\"}]},{\"@type\":\"WebSite\",\"@id\":\"https:\\\/\\\/www.oros.com\\\/#website\",\"url\":\"https:\\\/\\\/www.oros.com\\\/\",\"name\":\"OROS\",\"description\":\"Measuring noise &amp; vibration\",\"potentialAction\":[{\"@type\":\"SearchAction\",\"target\":{\"@type\":\"EntryPoint\",\"urlTemplate\":\"https:\\\/\\\/www.oros.com\\\/?s={search_term_string}\"},\"query-input\":{\"@type\":\"PropertyValueSpecification\",\"valueRequired\":true,\"valueName\":\"search_term_string\"}}],\"inLanguage\":\"fr-FR\"}]}<\/script>\n<!-- \/ Yoast SEO plugin. -->","yoast_head_json":{"title":"Technologie logicielle bruit et vibration Teamwork - OROS","description":"Comment am\u00e9liorer l'efficacit\u00e9, la s\u00e9curit\u00e9 et la qualit\u00e9 des mesures de bruit et de vibrations ? D\u00e9couvrez la technologie pour les \u00e9quipes.","robots":{"index":"index","follow":"follow","max-snippet":"max-snippet:-1","max-image-preview":"max-image-preview:large","max-video-preview":"max-video-preview:-1"},"canonical":"https:\/\/www.oros.com\/fr\/produits\/bruit-vibration-general\/technologie-logicielle-teamwork\/","og_locale":"fr_FR","og_type":"article","og_title":"Technologie logicielle bruit et vibration Teamwork - OROS","og_description":"Comment am\u00e9liorer l'efficacit\u00e9, la s\u00e9curit\u00e9 et la qualit\u00e9 des mesures de bruit et de vibrations ? D\u00e9couvrez la technologie pour les \u00e9quipes.","og_url":"https:\/\/www.oros.com\/fr\/produits\/bruit-vibration-general\/technologie-logicielle-teamwork\/","og_site_name":"OROS","article_modified_time":"2022-08-03T11:21:49+00:00","og_image":[{"width":1000,"height":666,"url":"https:\/\/www.oros.com\/wp-content\/uploads\/2019\/06\/teamwork_nvgate_mockup_web-1.jpg","type":"image\/jpeg"}],"twitter_card":"summary_large_image","twitter_misc":{"Dur\u00e9e de lecture estim\u00e9e":"1 minute"},"schema":{"@context":"https:\/\/schema.org","@graph":[{"@type":"WebPage","@id":"https:\/\/www.oros.com\/fr\/produits\/bruit-vibration-general\/technologie-logicielle-teamwork\/","url":"https:\/\/www.oros.com\/fr\/produits\/bruit-vibration-general\/technologie-logicielle-teamwork\/","name":"Technologie logicielle bruit et vibration Teamwork - OROS","isPartOf":{"@id":"https:\/\/www.oros.com\/#website"},"primaryImageOfPage":{"@id":"https:\/\/www.oros.com\/fr\/produits\/bruit-vibration-general\/technologie-logicielle-teamwork\/#primaryimage"},"image":{"@id":"https:\/\/www.oros.com\/fr\/produits\/bruit-vibration-general\/technologie-logicielle-teamwork\/#primaryimage"},"thumbnailUrl":"https:\/\/www.oros.com\/wp-content\/uploads\/2019\/06\/teamwork_nvgate_mockup_web-1.jpg","datePublished":"2019-06-20T15:57:27+00:00","dateModified":"2022-08-03T11:21:49+00:00","description":"Comment am\u00e9liorer l'efficacit\u00e9, la s\u00e9curit\u00e9 et la qualit\u00e9 des mesures de bruit et de vibrations ? D\u00e9couvrez la technologie pour les \u00e9quipes.","breadcrumb":{"@id":"https:\/\/www.oros.com\/fr\/produits\/bruit-vibration-general\/technologie-logicielle-teamwork\/#breadcrumb"},"inLanguage":"fr-FR","potentialAction":[{"@type":"ReadAction","target":["https:\/\/www.oros.com\/fr\/produits\/bruit-vibration-general\/technologie-logicielle-teamwork\/"]}]},{"@type":"ImageObject","inLanguage":"fr-FR","@id":"https:\/\/www.oros.com\/fr\/produits\/bruit-vibration-general\/technologie-logicielle-teamwork\/#primaryimage","url":"https:\/\/www.oros.com\/wp-content\/uploads\/2019\/06\/teamwork_nvgate_mockup_web-1.jpg","contentUrl":"https:\/\/www.oros.com\/wp-content\/uploads\/2019\/06\/teamwork_nvgate_mockup_web-1.jpg","width":1000,"height":666,"caption":"NVGate noise and vibration software platform"},{"@type":"BreadcrumbList","@id":"https:\/\/www.oros.com\/fr\/produits\/bruit-vibration-general\/technologie-logicielle-teamwork\/#breadcrumb","itemListElement":[{"@type":"ListItem","position":1,"name":"Accueil","item":"https:\/\/www.oros.com\/fr\/"},{"@type":"ListItem","position":2,"name":"Produits","item":"https:\/\/www.oros.com\/fr\/produits\/"},{"@type":"ListItem","position":3,"name":"Bruit et vibration &#8211; G\u00e9n\u00e9ral","item":"https:\/\/www.oros.com\/fr\/produits\/bruit-vibration-general\/"},{"@type":"ListItem","position":4,"name":"Technologie logicielle Teamwork"}]},{"@type":"WebSite","@id":"https:\/\/www.oros.com\/#website","url":"https:\/\/www.oros.com\/","name":"OROS","description":"Measuring noise &amp; vibration","potentialAction":[{"@type":"SearchAction","target":{"@type":"EntryPoint","urlTemplate":"https:\/\/www.oros.com\/?s={search_term_string}"},"query-input":{"@type":"PropertyValueSpecification","valueRequired":true,"valueName":"search_term_string"}}],"inLanguage":"fr-FR"}]}},"_links":{"self":[{"href":"https:\/\/www.oros.com\/fr\/wp-json\/wp\/v2\/pages\/16149","targetHints":{"allow":["GET"]}}],"collection":[{"href":"https:\/\/www.oros.com\/fr\/wp-json\/wp\/v2\/pages"}],"about":[{"href":"https:\/\/www.oros.com\/fr\/wp-json\/wp\/v2\/types\/page"}],"author":[{"embeddable":true,"href":"https:\/\/www.oros.com\/fr\/wp-json\/wp\/v2\/users\/5"}],"replies":[{"embeddable":true,"href":"https:\/\/www.oros.com\/fr\/wp-json\/wp\/v2\/comments?post=16149"}],"version-history":[{"count":7,"href":"https:\/\/www.oros.com\/fr\/wp-json\/wp\/v2\/pages\/16149\/revisions"}],"predecessor-version":[{"id":95656,"href":"https:\/\/www.oros.com\/fr\/wp-json\/wp\/v2\/pages\/16149\/revisions\/95656"}],"up":[{"embeddable":true,"href":"https:\/\/www.oros.com\/fr\/wp-json\/wp\/v2\/pages\/16147"}],"wp:featuredmedia":[{"embeddable":true,"href":"https:\/\/www.oros.com\/fr\/wp-json\/wp\/v2\/media\/6322"}],"wp:attachment":[{"href":"https:\/\/www.oros.com\/fr\/wp-json\/wp\/v2\/media?parent=16149"}],"curies":[{"name":"wp","href":"https:\/\/api.w.org\/{rel}","templated":true}]}}