{"id":16151,"date":"2021-01-19T11:43:06","date_gmt":"2021-01-19T10:43:06","guid":{"rendered":"https:\/\/www.oros.com\/solutions\/data-acquisition-and-signal-processing\/nvgate-2021-whatsnew\/"},"modified":"2022-10-07T17:49:39","modified_gmt":"2022-10-07T15:49:39","slug":"nvgate-2021-whatsnew","status":"publish","type":"page","link":"https:\/\/www.oros.com\/fr\/nvgate-2021-whatsnew\/","title":{"rendered":"NVGate 2021, logiciel bruit et vibration \u2013 Quoi de neuf ?"},"content":{"rendered":"<p>OROS est pr\u00eat \u00e0 aller encore plus loin pour fournir les meilleurs outils de test et d&rsquo;analyse du bruit et des vibrations.<\/p>\n<p>La version majeure <strong>NVGate 2021<\/strong> est disponible depuis janvier 2021. Cette version de la plateforme logicielle des analyseurs OROS apporte des fonctionnalit\u00e9s suppl\u00e9mentaires et des am\u00e9liorations significatives de performance. Vous trouverez ci-dessous un r\u00e9sum\u00e9 des principales am\u00e9liorations apport\u00e9es \u00e0 votre exp\u00e9rience NVGate !<\/p>\n<p>&nbsp;<\/p>\n<p>&nbsp;<\/p>\n","protected":false},"excerpt":{"rendered":"<p>OROS est pr\u00eat \u00e0 aller encore plus loin pour fournir les meilleurs outils de test et d&rsquo;analyse du bruit et&#8230; <span class=\"moretag btn btn--right btn--bold\">Lire la suite<\/span><\/p>\n","protected":false},"author":2,"featured_media":6322,"parent":0,"menu_order":3,"comment_status":"closed","ping_status":"closed","template":"views\/solutions.blade.php","meta":{"_acf_changed":false,"inline_featured_image":false,"footnotes":""},"class_list":["post-16151","page","type-page","status-publish","has-post-thumbnail","hentry"],"acf":[],"yoast_head":"<!-- This site is optimized with the Yoast SEO plugin v27.4 - https:\/\/yoast.com\/product\/yoast-seo-wordpress\/ -->\n<title>Nouvelles fonctionnalit\u00e9s NVGate logiciel bruit et vibration - OROS<\/title>\n<meta name=\"description\" content=\"Parmi les nouveaut\u00e9s 2021 : l&#039;outil OROS Body Vibration qui \u00e9value l&#039;effet des vibrations sur le corps selon les normes ISO 2631 et ISO 5349.\" \/>\n<meta name=\"robots\" content=\"index, follow, max-snippet:-1, max-image-preview:large, max-video-preview:-1\" \/>\n<link rel=\"canonical\" href=\"https:\/\/www.oros.com\/fr\/nvgate-2021-whatsnew\/\" \/>\n<meta property=\"og:locale\" content=\"fr_FR\" \/>\n<meta property=\"og:type\" content=\"article\" \/>\n<meta property=\"og:title\" content=\"Nouvelles fonctionnalit\u00e9s NVGate logiciel bruit et vibration - OROS\" \/>\n<meta property=\"og:description\" content=\"Parmi les nouveaut\u00e9s 2021 : l&#039;outil OROS Body Vibration qui \u00e9value l&#039;effet des vibrations sur le corps selon les normes ISO 2631 et ISO 5349.\" \/>\n<meta property=\"og:url\" content=\"https:\/\/www.oros.com\/fr\/nvgate-2021-whatsnew\/\" \/>\n<meta property=\"og:site_name\" content=\"OROS\" \/>\n<meta property=\"article:modified_time\" content=\"2022-10-07T15:49:39+00:00\" \/>\n<meta property=\"og:image\" content=\"https:\/\/www.oros.com\/wp-content\/uploads\/2019\/06\/teamwork_nvgate_mockup_web-1.jpg\" \/>\n\t<meta property=\"og:image:width\" content=\"1000\" \/>\n\t<meta property=\"og:image:height\" content=\"666\" \/>\n\t<meta property=\"og:image:type\" content=\"image\/jpeg\" \/>\n<meta name=\"twitter:card\" content=\"summary_large_image\" \/>\n<meta name=\"twitter:label1\" content=\"Dur\u00e9e de lecture estim\u00e9e\" \/>\n\t<meta name=\"twitter:data1\" content=\"1 minute\" \/>\n<script type=\"application\/ld+json\" class=\"yoast-schema-graph\">{\"@context\":\"https:\\\/\\\/schema.org\",\"@graph\":[{\"@type\":\"WebPage\",\"@id\":\"https:\\\/\\\/www.oros.com\\\/fr\\\/nvgate-2021-whatsnew\\\/\",\"url\":\"https:\\\/\\\/www.oros.com\\\/fr\\\/nvgate-2021-whatsnew\\\/\",\"name\":\"Nouvelles fonctionnalit\u00e9s NVGate logiciel bruit et vibration - OROS\",\"isPartOf\":{\"@id\":\"https:\\\/\\\/www.oros.com\\\/#website\"},\"primaryImageOfPage\":{\"@id\":\"https:\\\/\\\/www.oros.com\\\/fr\\\/nvgate-2021-whatsnew\\\/#primaryimage\"},\"image\":{\"@id\":\"https:\\\/\\\/www.oros.com\\\/fr\\\/nvgate-2021-whatsnew\\\/#primaryimage\"},\"thumbnailUrl\":\"https:\\\/\\\/www.oros.com\\\/wp-content\\\/uploads\\\/2019\\\/06\\\/teamwork_nvgate_mockup_web-1.jpg\",\"datePublished\":\"2021-01-19T10:43:06+00:00\",\"dateModified\":\"2022-10-07T15:49:39+00:00\",\"description\":\"Parmi les nouveaut\u00e9s 2021 : l'outil OROS Body Vibration qui \u00e9value l'effet des vibrations sur le corps selon les normes ISO 2631 et ISO 5349.\",\"breadcrumb\":{\"@id\":\"https:\\\/\\\/www.oros.com\\\/fr\\\/nvgate-2021-whatsnew\\\/#breadcrumb\"},\"inLanguage\":\"fr-FR\",\"potentialAction\":[{\"@type\":\"ReadAction\",\"target\":[\"https:\\\/\\\/www.oros.com\\\/fr\\\/nvgate-2021-whatsnew\\\/\"]}]},{\"@type\":\"ImageObject\",\"inLanguage\":\"fr-FR\",\"@id\":\"https:\\\/\\\/www.oros.com\\\/fr\\\/nvgate-2021-whatsnew\\\/#primaryimage\",\"url\":\"https:\\\/\\\/www.oros.com\\\/wp-content\\\/uploads\\\/2019\\\/06\\\/teamwork_nvgate_mockup_web-1.jpg\",\"contentUrl\":\"https:\\\/\\\/www.oros.com\\\/wp-content\\\/uploads\\\/2019\\\/06\\\/teamwork_nvgate_mockup_web-1.jpg\",\"width\":1000,\"height\":666,\"caption\":\"NVGate noise and vibration software platform\"},{\"@type\":\"BreadcrumbList\",\"@id\":\"https:\\\/\\\/www.oros.com\\\/fr\\\/nvgate-2021-whatsnew\\\/#breadcrumb\",\"itemListElement\":[{\"@type\":\"ListItem\",\"position\":1,\"name\":\"Accueil\",\"item\":\"https:\\\/\\\/www.oros.com\\\/fr\\\/\"},{\"@type\":\"ListItem\",\"position\":2,\"name\":\"NVGate 2021, logiciel bruit et vibration \u2013 Quoi de neuf ?\"}]},{\"@type\":\"WebSite\",\"@id\":\"https:\\\/\\\/www.oros.com\\\/#website\",\"url\":\"https:\\\/\\\/www.oros.com\\\/\",\"name\":\"OROS\",\"description\":\"Measuring noise &amp; vibration\",\"potentialAction\":[{\"@type\":\"SearchAction\",\"target\":{\"@type\":\"EntryPoint\",\"urlTemplate\":\"https:\\\/\\\/www.oros.com\\\/?s={search_term_string}\"},\"query-input\":{\"@type\":\"PropertyValueSpecification\",\"valueRequired\":true,\"valueName\":\"search_term_string\"}}],\"inLanguage\":\"fr-FR\"}]}<\/script>\n<!-- \/ Yoast SEO plugin. -->","yoast_head_json":{"title":"Nouvelles fonctionnalit\u00e9s NVGate logiciel bruit et vibration - OROS","description":"Parmi les nouveaut\u00e9s 2021 : l'outil OROS Body Vibration qui \u00e9value l'effet des vibrations sur le corps selon les normes ISO 2631 et ISO 5349.","robots":{"index":"index","follow":"follow","max-snippet":"max-snippet:-1","max-image-preview":"max-image-preview:large","max-video-preview":"max-video-preview:-1"},"canonical":"https:\/\/www.oros.com\/fr\/nvgate-2021-whatsnew\/","og_locale":"fr_FR","og_type":"article","og_title":"Nouvelles fonctionnalit\u00e9s NVGate logiciel bruit et vibration - OROS","og_description":"Parmi les nouveaut\u00e9s 2021 : l'outil OROS Body Vibration qui \u00e9value l'effet des vibrations sur le corps selon les normes ISO 2631 et ISO 5349.","og_url":"https:\/\/www.oros.com\/fr\/nvgate-2021-whatsnew\/","og_site_name":"OROS","article_modified_time":"2022-10-07T15:49:39+00:00","og_image":[{"width":1000,"height":666,"url":"https:\/\/www.oros.com\/wp-content\/uploads\/2019\/06\/teamwork_nvgate_mockup_web-1.jpg","type":"image\/jpeg"}],"twitter_card":"summary_large_image","twitter_misc":{"Dur\u00e9e de lecture estim\u00e9e":"1 minute"},"schema":{"@context":"https:\/\/schema.org","@graph":[{"@type":"WebPage","@id":"https:\/\/www.oros.com\/fr\/nvgate-2021-whatsnew\/","url":"https:\/\/www.oros.com\/fr\/nvgate-2021-whatsnew\/","name":"Nouvelles fonctionnalit\u00e9s NVGate logiciel bruit et vibration - OROS","isPartOf":{"@id":"https:\/\/www.oros.com\/#website"},"primaryImageOfPage":{"@id":"https:\/\/www.oros.com\/fr\/nvgate-2021-whatsnew\/#primaryimage"},"image":{"@id":"https:\/\/www.oros.com\/fr\/nvgate-2021-whatsnew\/#primaryimage"},"thumbnailUrl":"https:\/\/www.oros.com\/wp-content\/uploads\/2019\/06\/teamwork_nvgate_mockup_web-1.jpg","datePublished":"2021-01-19T10:43:06+00:00","dateModified":"2022-10-07T15:49:39+00:00","description":"Parmi les nouveaut\u00e9s 2021 : l'outil OROS Body Vibration qui \u00e9value l'effet des vibrations sur le corps selon les normes ISO 2631 et ISO 5349.","breadcrumb":{"@id":"https:\/\/www.oros.com\/fr\/nvgate-2021-whatsnew\/#breadcrumb"},"inLanguage":"fr-FR","potentialAction":[{"@type":"ReadAction","target":["https:\/\/www.oros.com\/fr\/nvgate-2021-whatsnew\/"]}]},{"@type":"ImageObject","inLanguage":"fr-FR","@id":"https:\/\/www.oros.com\/fr\/nvgate-2021-whatsnew\/#primaryimage","url":"https:\/\/www.oros.com\/wp-content\/uploads\/2019\/06\/teamwork_nvgate_mockup_web-1.jpg","contentUrl":"https:\/\/www.oros.com\/wp-content\/uploads\/2019\/06\/teamwork_nvgate_mockup_web-1.jpg","width":1000,"height":666,"caption":"NVGate noise and vibration software platform"},{"@type":"BreadcrumbList","@id":"https:\/\/www.oros.com\/fr\/nvgate-2021-whatsnew\/#breadcrumb","itemListElement":[{"@type":"ListItem","position":1,"name":"Accueil","item":"https:\/\/www.oros.com\/fr\/"},{"@type":"ListItem","position":2,"name":"NVGate 2021, logiciel bruit et vibration \u2013 Quoi de neuf ?"}]},{"@type":"WebSite","@id":"https:\/\/www.oros.com\/#website","url":"https:\/\/www.oros.com\/","name":"OROS","description":"Measuring noise &amp; vibration","potentialAction":[{"@type":"SearchAction","target":{"@type":"EntryPoint","urlTemplate":"https:\/\/www.oros.com\/?s={search_term_string}"},"query-input":{"@type":"PropertyValueSpecification","valueRequired":true,"valueName":"search_term_string"}}],"inLanguage":"fr-FR"}]}},"_links":{"self":[{"href":"https:\/\/www.oros.com\/fr\/wp-json\/wp\/v2\/pages\/16151","targetHints":{"allow":["GET"]}}],"collection":[{"href":"https:\/\/www.oros.com\/fr\/wp-json\/wp\/v2\/pages"}],"about":[{"href":"https:\/\/www.oros.com\/fr\/wp-json\/wp\/v2\/types\/page"}],"author":[{"embeddable":true,"href":"https:\/\/www.oros.com\/fr\/wp-json\/wp\/v2\/users\/2"}],"replies":[{"embeddable":true,"href":"https:\/\/www.oros.com\/fr\/wp-json\/wp\/v2\/comments?post=16151"}],"version-history":[{"count":7,"href":"https:\/\/www.oros.com\/fr\/wp-json\/wp\/v2\/pages\/16151\/revisions"}],"predecessor-version":[{"id":128919,"href":"https:\/\/www.oros.com\/fr\/wp-json\/wp\/v2\/pages\/16151\/revisions\/128919"}],"wp:featuredmedia":[{"embeddable":true,"href":"https:\/\/www.oros.com\/fr\/wp-json\/wp\/v2\/media\/6322"}],"wp:attachment":[{"href":"https:\/\/www.oros.com\/fr\/wp-json\/wp\/v2\/media?parent=16151"}],"curies":[{"name":"wp","href":"https:\/\/api.w.org\/{rel}","templated":true}]}}