{"id":16157,"date":"2018-12-14T09:31:48","date_gmt":"2018-12-14T08:31:48","guid":{"rendered":"https:\/\/www.oros.com\/solutions\/acoustics\/"},"modified":"2022-08-04T18:23:05","modified_gmt":"2022-08-04T16:23:05","slug":"acoustique","status":"publish","type":"page","link":"https:\/\/www.oros.com\/fr\/produits\/acoustique\/","title":{"rendered":"Acoustique"},"content":{"rendered":"<p>Les analyseurs portables de la s\u00e9rie 3 d&rsquo;OROS fournissent des r\u00e9sultats pr\u00e9cis et complets sur les ph\u00e9nom\u00e8nes de bruit.<br \/>\nL&rsquo;analyse acoustique peut \u00eatre effectu\u00e9e simultan\u00e9ment avec d&rsquo;autres traitements du signal tels que la FFT, l&rsquo;enregistreur ou le suivi d&rsquo;ordre.<\/p>\n","protected":false},"excerpt":{"rendered":"<p>Les analyseurs portables de la s\u00e9rie 3 d&rsquo;OROS fournissent des r\u00e9sultats pr\u00e9cis et complets sur les ph\u00e9nom\u00e8nes de bruit. L&rsquo;analyse&#8230; <span class=\"moretag btn btn--right btn--bold\">Lire la suite<\/span><\/p>\n","protected":false},"author":2,"featured_media":5486,"parent":13210,"menu_order":4,"comment_status":"closed","ping_status":"closed","template":"views\/main-page.blade.php","meta":{"_acf_changed":false,"inline_featured_image":false,"footnotes":""},"class_list":["post-16157","page","type-page","status-publish","has-post-thumbnail","hentry"],"acf":[],"yoast_head":"<!-- This site is optimized with the Yoast SEO plugin v27.4 - https:\/\/yoast.com\/product\/yoast-seo-wordpress\/ -->\n<title>Test et analyse acoustique - OROS<\/title>\n<meta name=\"description\" content=\"Tous les outils pour r\u00e9aliser des mesures et des analyses acoustiques industrielles : puissance acoustique, intensit\u00e9 acoustique, ...\" \/>\n<meta name=\"robots\" content=\"index, follow, max-snippet:-1, max-image-preview:large, max-video-preview:-1\" \/>\n<link rel=\"canonical\" href=\"https:\/\/www.oros.com\/fr\/produits\/acoustique\/\" \/>\n<meta property=\"og:locale\" content=\"fr_FR\" \/>\n<meta property=\"og:type\" content=\"article\" \/>\n<meta property=\"og:title\" content=\"Test et analyse acoustique - OROS\" \/>\n<meta property=\"og:description\" content=\"Tous les outils pour r\u00e9aliser des mesures et des analyses acoustiques industrielles : puissance acoustique, intensit\u00e9 acoustique, ...\" \/>\n<meta property=\"og:url\" content=\"https:\/\/www.oros.com\/fr\/produits\/acoustique\/\" \/>\n<meta property=\"og:site_name\" content=\"OROS\" \/>\n<meta property=\"article:modified_time\" content=\"2022-08-04T16:23:05+00:00\" \/>\n<meta property=\"og:image\" content=\"https:\/\/www.oros.com\/wp-content\/uploads\/2019\/06\/si-eclate_xl_web-2.jpg\" \/>\n\t<meta property=\"og:image:width\" content=\"3780\" \/>\n\t<meta property=\"og:image:height\" content=\"1323\" \/>\n\t<meta property=\"og:image:type\" content=\"image\/jpeg\" \/>\n<meta name=\"twitter:card\" content=\"summary_large_image\" \/>\n<meta name=\"twitter:label1\" content=\"Dur\u00e9e de lecture estim\u00e9e\" \/>\n\t<meta name=\"twitter:data1\" content=\"1 minute\" \/>\n<script type=\"application\/ld+json\" class=\"yoast-schema-graph\">{\"@context\":\"https:\\\/\\\/schema.org\",\"@graph\":[{\"@type\":\"WebPage\",\"@id\":\"https:\\\/\\\/www.oros.com\\\/fr\\\/produits\\\/acoustique\\\/\",\"url\":\"https:\\\/\\\/www.oros.com\\\/fr\\\/produits\\\/acoustique\\\/\",\"name\":\"Test et analyse acoustique - OROS\",\"isPartOf\":{\"@id\":\"https:\\\/\\\/www.oros.com\\\/#website\"},\"primaryImageOfPage\":{\"@id\":\"https:\\\/\\\/www.oros.com\\\/fr\\\/produits\\\/acoustique\\\/#primaryimage\"},\"image\":{\"@id\":\"https:\\\/\\\/www.oros.com\\\/fr\\\/produits\\\/acoustique\\\/#primaryimage\"},\"thumbnailUrl\":\"https:\\\/\\\/www.oros.com\\\/wp-content\\\/uploads\\\/2019\\\/06\\\/si-eclate_xl_web-2.jpg\",\"datePublished\":\"2018-12-14T08:31:48+00:00\",\"dateModified\":\"2022-08-04T16:23:05+00:00\",\"description\":\"Tous les outils pour r\u00e9aliser des mesures et des analyses acoustiques industrielles : puissance acoustique, intensit\u00e9 acoustique, ...\",\"breadcrumb\":{\"@id\":\"https:\\\/\\\/www.oros.com\\\/fr\\\/produits\\\/acoustique\\\/#breadcrumb\"},\"inLanguage\":\"fr-FR\",\"potentialAction\":[{\"@type\":\"ReadAction\",\"target\":[\"https:\\\/\\\/www.oros.com\\\/fr\\\/produits\\\/acoustique\\\/\"]}]},{\"@type\":\"ImageObject\",\"inLanguage\":\"fr-FR\",\"@id\":\"https:\\\/\\\/www.oros.com\\\/fr\\\/produits\\\/acoustique\\\/#primaryimage\",\"url\":\"https:\\\/\\\/www.oros.com\\\/wp-content\\\/uploads\\\/2019\\\/06\\\/si-eclate_xl_web-2.jpg\",\"contentUrl\":\"https:\\\/\\\/www.oros.com\\\/wp-content\\\/uploads\\\/2019\\\/06\\\/si-eclate_xl_web-2.jpg\",\"width\":3780,\"height\":1323},{\"@type\":\"BreadcrumbList\",\"@id\":\"https:\\\/\\\/www.oros.com\\\/fr\\\/produits\\\/acoustique\\\/#breadcrumb\",\"itemListElement\":[{\"@type\":\"ListItem\",\"position\":1,\"name\":\"Accueil\",\"item\":\"https:\\\/\\\/www.oros.com\\\/fr\\\/\"},{\"@type\":\"ListItem\",\"position\":2,\"name\":\"Produits\",\"item\":\"https:\\\/\\\/www.oros.com\\\/fr\\\/produits\\\/\"},{\"@type\":\"ListItem\",\"position\":3,\"name\":\"Acoustique\"}]},{\"@type\":\"WebSite\",\"@id\":\"https:\\\/\\\/www.oros.com\\\/#website\",\"url\":\"https:\\\/\\\/www.oros.com\\\/\",\"name\":\"OROS\",\"description\":\"Measuring noise &amp; vibration\",\"potentialAction\":[{\"@type\":\"SearchAction\",\"target\":{\"@type\":\"EntryPoint\",\"urlTemplate\":\"https:\\\/\\\/www.oros.com\\\/?s={search_term_string}\"},\"query-input\":{\"@type\":\"PropertyValueSpecification\",\"valueRequired\":true,\"valueName\":\"search_term_string\"}}],\"inLanguage\":\"fr-FR\"}]}<\/script>\n<!-- \/ Yoast SEO plugin. -->","yoast_head_json":{"title":"Test et analyse acoustique - OROS","description":"Tous les outils pour r\u00e9aliser des mesures et des analyses acoustiques industrielles : puissance acoustique, intensit\u00e9 acoustique, ...","robots":{"index":"index","follow":"follow","max-snippet":"max-snippet:-1","max-image-preview":"max-image-preview:large","max-video-preview":"max-video-preview:-1"},"canonical":"https:\/\/www.oros.com\/fr\/produits\/acoustique\/","og_locale":"fr_FR","og_type":"article","og_title":"Test et analyse acoustique - OROS","og_description":"Tous les outils pour r\u00e9aliser des mesures et des analyses acoustiques industrielles : puissance acoustique, intensit\u00e9 acoustique, ...","og_url":"https:\/\/www.oros.com\/fr\/produits\/acoustique\/","og_site_name":"OROS","article_modified_time":"2022-08-04T16:23:05+00:00","og_image":[{"width":3780,"height":1323,"url":"https:\/\/www.oros.com\/wp-content\/uploads\/2019\/06\/si-eclate_xl_web-2.jpg","type":"image\/jpeg"}],"twitter_card":"summary_large_image","twitter_misc":{"Dur\u00e9e de lecture estim\u00e9e":"1 minute"},"schema":{"@context":"https:\/\/schema.org","@graph":[{"@type":"WebPage","@id":"https:\/\/www.oros.com\/fr\/produits\/acoustique\/","url":"https:\/\/www.oros.com\/fr\/produits\/acoustique\/","name":"Test et analyse acoustique - OROS","isPartOf":{"@id":"https:\/\/www.oros.com\/#website"},"primaryImageOfPage":{"@id":"https:\/\/www.oros.com\/fr\/produits\/acoustique\/#primaryimage"},"image":{"@id":"https:\/\/www.oros.com\/fr\/produits\/acoustique\/#primaryimage"},"thumbnailUrl":"https:\/\/www.oros.com\/wp-content\/uploads\/2019\/06\/si-eclate_xl_web-2.jpg","datePublished":"2018-12-14T08:31:48+00:00","dateModified":"2022-08-04T16:23:05+00:00","description":"Tous les outils pour r\u00e9aliser des mesures et des analyses acoustiques industrielles : puissance acoustique, intensit\u00e9 acoustique, ...","breadcrumb":{"@id":"https:\/\/www.oros.com\/fr\/produits\/acoustique\/#breadcrumb"},"inLanguage":"fr-FR","potentialAction":[{"@type":"ReadAction","target":["https:\/\/www.oros.com\/fr\/produits\/acoustique\/"]}]},{"@type":"ImageObject","inLanguage":"fr-FR","@id":"https:\/\/www.oros.com\/fr\/produits\/acoustique\/#primaryimage","url":"https:\/\/www.oros.com\/wp-content\/uploads\/2019\/06\/si-eclate_xl_web-2.jpg","contentUrl":"https:\/\/www.oros.com\/wp-content\/uploads\/2019\/06\/si-eclate_xl_web-2.jpg","width":3780,"height":1323},{"@type":"BreadcrumbList","@id":"https:\/\/www.oros.com\/fr\/produits\/acoustique\/#breadcrumb","itemListElement":[{"@type":"ListItem","position":1,"name":"Accueil","item":"https:\/\/www.oros.com\/fr\/"},{"@type":"ListItem","position":2,"name":"Produits","item":"https:\/\/www.oros.com\/fr\/produits\/"},{"@type":"ListItem","position":3,"name":"Acoustique"}]},{"@type":"WebSite","@id":"https:\/\/www.oros.com\/#website","url":"https:\/\/www.oros.com\/","name":"OROS","description":"Measuring noise &amp; vibration","potentialAction":[{"@type":"SearchAction","target":{"@type":"EntryPoint","urlTemplate":"https:\/\/www.oros.com\/?s={search_term_string}"},"query-input":{"@type":"PropertyValueSpecification","valueRequired":true,"valueName":"search_term_string"}}],"inLanguage":"fr-FR"}]}},"_links":{"self":[{"href":"https:\/\/www.oros.com\/fr\/wp-json\/wp\/v2\/pages\/16157","targetHints":{"allow":["GET"]}}],"collection":[{"href":"https:\/\/www.oros.com\/fr\/wp-json\/wp\/v2\/pages"}],"about":[{"href":"https:\/\/www.oros.com\/fr\/wp-json\/wp\/v2\/types\/page"}],"author":[{"embeddable":true,"href":"https:\/\/www.oros.com\/fr\/wp-json\/wp\/v2\/users\/2"}],"replies":[{"embeddable":true,"href":"https:\/\/www.oros.com\/fr\/wp-json\/wp\/v2\/comments?post=16157"}],"version-history":[{"count":2,"href":"https:\/\/www.oros.com\/fr\/wp-json\/wp\/v2\/pages\/16157\/revisions"}],"predecessor-version":[{"id":16852,"href":"https:\/\/www.oros.com\/fr\/wp-json\/wp\/v2\/pages\/16157\/revisions\/16852"}],"up":[{"embeddable":true,"href":"https:\/\/www.oros.com\/fr\/wp-json\/wp\/v2\/pages\/13210"}],"wp:featuredmedia":[{"embeddable":true,"href":"https:\/\/www.oros.com\/fr\/wp-json\/wp\/v2\/media\/5486"}],"wp:attachment":[{"href":"https:\/\/www.oros.com\/fr\/wp-json\/wp\/v2\/media?parent=16157"}],"curies":[{"name":"wp","href":"https:\/\/api.w.org\/{rel}","templated":true}]}}