{"id":16160,"date":"2018-12-14T09:33:51","date_gmt":"2018-12-14T08:33:26","guid":{"rendered":"https:\/\/www.oros.com\/solutions\/acoustics\/sound-intensity\/"},"modified":"2022-11-16T15:38:53","modified_gmt":"2022-11-16T14:38:53","slug":"intensite-acoustique","status":"publish","type":"page","link":"https:\/\/www.oros.com\/fr\/produits\/acoustique\/intensite-acoustique\/","title":{"rendered":"Intensit\u00e9 Acoustique"},"content":{"rendered":"<p>Souvent utilis\u00e9e en R&amp;D pour am\u00e9liorer le confort ou diminuer les niveaux sonores, l&rsquo;acoustique peut \u00e9galement \u00eatre utilis\u00e9e comme outil de pr\u00e9vention des d\u00e9fauts et d&rsquo;entretien des machines<\/p>\n","protected":false},"excerpt":{"rendered":"<p>Souvent utilis\u00e9e en R&amp;D pour am\u00e9liorer le confort ou diminuer les niveaux sonores, l&rsquo;acoustique peut \u00e9galement \u00eatre utilis\u00e9e comme outil&#8230; <span class=\"moretag btn btn--right btn--bold\">Lire la suite<\/span><\/p>\n","protected":false},"author":2,"featured_media":5588,"parent":16157,"menu_order":3,"comment_status":"closed","ping_status":"closed","template":"views\/solutions.blade.php","meta":{"_acf_changed":false,"inline_featured_image":false,"footnotes":""},"class_list":["post-16160","page","type-page","status-publish","has-post-thumbnail","hentry"],"acf":[],"yoast_head":"<!-- This site is optimized with the Yoast SEO plugin v27.5 - https:\/\/yoast.com\/product\/yoast-seo-wordpress\/ -->\n<title>Intensit\u00e9 acoustique par localisation de la source - OROS<\/title>\n<meta name=\"description\" content=\"D\u00e9termination de la puissance acoustique et localisation de la source bas\u00e9 de la norme ISO 9614 sur l&#039;intensit\u00e9 acoustique.\" \/>\n<meta name=\"robots\" content=\"index, follow, max-snippet:-1, max-image-preview:large, max-video-preview:-1\" \/>\n<link rel=\"canonical\" href=\"https:\/\/www.oros.com\/fr\/produits\/acoustique\/intensite-acoustique\/\" \/>\n<meta property=\"og:locale\" content=\"fr_FR\" \/>\n<meta property=\"og:type\" content=\"article\" \/>\n<meta property=\"og:title\" content=\"Intensit\u00e9 acoustique par localisation de la source - OROS\" \/>\n<meta property=\"og:description\" content=\"D\u00e9termination de la puissance acoustique et localisation de la source bas\u00e9 de la norme ISO 9614 sur l&#039;intensit\u00e9 acoustique.\" \/>\n<meta property=\"og:url\" content=\"https:\/\/www.oros.com\/fr\/produits\/acoustique\/intensite-acoustique\/\" \/>\n<meta property=\"og:site_name\" content=\"OROS\" \/>\n<meta property=\"article:modified_time\" content=\"2022-11-16T14:38:53+00:00\" \/>\n<meta property=\"og:image\" content=\"https:\/\/www.oros.com\/wp-content\/uploads\/2019\/06\/ep_schneider_cestas_banner_web.jpg\" \/>\n\t<meta property=\"og:image:width\" content=\"750\" \/>\n\t<meta property=\"og:image:height\" content=\"315\" \/>\n\t<meta property=\"og:image:type\" content=\"image\/jpeg\" \/>\n<meta name=\"twitter:card\" content=\"summary_large_image\" \/>\n<meta name=\"twitter:label1\" content=\"Dur\u00e9e de lecture estim\u00e9e\" \/>\n\t<meta name=\"twitter:data1\" content=\"1 minute\" \/>\n<script type=\"application\/ld+json\" class=\"yoast-schema-graph\">{\"@context\":\"https:\\\/\\\/schema.org\",\"@graph\":[{\"@type\":\"WebPage\",\"@id\":\"https:\\\/\\\/www.oros.com\\\/fr\\\/produits\\\/acoustique\\\/intensite-acoustique\\\/\",\"url\":\"https:\\\/\\\/www.oros.com\\\/fr\\\/produits\\\/acoustique\\\/intensite-acoustique\\\/\",\"name\":\"Intensit\u00e9 acoustique par localisation de la source - OROS\",\"isPartOf\":{\"@id\":\"https:\\\/\\\/www.oros.com\\\/#website\"},\"primaryImageOfPage\":{\"@id\":\"https:\\\/\\\/www.oros.com\\\/fr\\\/produits\\\/acoustique\\\/intensite-acoustique\\\/#primaryimage\"},\"image\":{\"@id\":\"https:\\\/\\\/www.oros.com\\\/fr\\\/produits\\\/acoustique\\\/intensite-acoustique\\\/#primaryimage\"},\"thumbnailUrl\":\"https:\\\/\\\/www.oros.com\\\/wp-content\\\/uploads\\\/2019\\\/06\\\/ep_schneider_cestas_banner_web.jpg\",\"datePublished\":\"2018-12-14T08:33:26+00:00\",\"dateModified\":\"2022-11-16T14:38:53+00:00\",\"description\":\"D\u00e9termination de la puissance acoustique et localisation de la source bas\u00e9 de la norme ISO 9614 sur l'intensit\u00e9 acoustique.\",\"breadcrumb\":{\"@id\":\"https:\\\/\\\/www.oros.com\\\/fr\\\/produits\\\/acoustique\\\/intensite-acoustique\\\/#breadcrumb\"},\"inLanguage\":\"fr-FR\",\"potentialAction\":[{\"@type\":\"ReadAction\",\"target\":[\"https:\\\/\\\/www.oros.com\\\/fr\\\/produits\\\/acoustique\\\/intensite-acoustique\\\/\"]}]},{\"@type\":\"ImageObject\",\"inLanguage\":\"fr-FR\",\"@id\":\"https:\\\/\\\/www.oros.com\\\/fr\\\/produits\\\/acoustique\\\/intensite-acoustique\\\/#primaryimage\",\"url\":\"https:\\\/\\\/www.oros.com\\\/wp-content\\\/uploads\\\/2019\\\/06\\\/ep_schneider_cestas_banner_web.jpg\",\"contentUrl\":\"https:\\\/\\\/www.oros.com\\\/wp-content\\\/uploads\\\/2019\\\/06\\\/ep_schneider_cestas_banner_web.jpg\",\"width\":750,\"height\":315},{\"@type\":\"BreadcrumbList\",\"@id\":\"https:\\\/\\\/www.oros.com\\\/fr\\\/produits\\\/acoustique\\\/intensite-acoustique\\\/#breadcrumb\",\"itemListElement\":[{\"@type\":\"ListItem\",\"position\":1,\"name\":\"Accueil\",\"item\":\"https:\\\/\\\/www.oros.com\\\/fr\\\/\"},{\"@type\":\"ListItem\",\"position\":2,\"name\":\"Produits\",\"item\":\"https:\\\/\\\/www.oros.com\\\/fr\\\/produits\\\/\"},{\"@type\":\"ListItem\",\"position\":3,\"name\":\"Acoustique\",\"item\":\"https:\\\/\\\/www.oros.com\\\/fr\\\/produits\\\/acoustique\\\/\"},{\"@type\":\"ListItem\",\"position\":4,\"name\":\"Intensit\u00e9 Acoustique\"}]},{\"@type\":\"WebSite\",\"@id\":\"https:\\\/\\\/www.oros.com\\\/#website\",\"url\":\"https:\\\/\\\/www.oros.com\\\/\",\"name\":\"OROS\",\"description\":\"Measuring noise &amp; vibration\",\"potentialAction\":[{\"@type\":\"SearchAction\",\"target\":{\"@type\":\"EntryPoint\",\"urlTemplate\":\"https:\\\/\\\/www.oros.com\\\/?s={search_term_string}\"},\"query-input\":{\"@type\":\"PropertyValueSpecification\",\"valueRequired\":true,\"valueName\":\"search_term_string\"}}],\"inLanguage\":\"fr-FR\"}]}<\/script>\n<!-- \/ Yoast SEO plugin. -->","yoast_head_json":{"title":"Intensit\u00e9 acoustique par localisation de la source - OROS","description":"D\u00e9termination de la puissance acoustique et localisation de la source bas\u00e9 de la norme ISO 9614 sur l'intensit\u00e9 acoustique.","robots":{"index":"index","follow":"follow","max-snippet":"max-snippet:-1","max-image-preview":"max-image-preview:large","max-video-preview":"max-video-preview:-1"},"canonical":"https:\/\/www.oros.com\/fr\/produits\/acoustique\/intensite-acoustique\/","og_locale":"fr_FR","og_type":"article","og_title":"Intensit\u00e9 acoustique par localisation de la source - OROS","og_description":"D\u00e9termination de la puissance acoustique et localisation de la source bas\u00e9 de la norme ISO 9614 sur l'intensit\u00e9 acoustique.","og_url":"https:\/\/www.oros.com\/fr\/produits\/acoustique\/intensite-acoustique\/","og_site_name":"OROS","article_modified_time":"2022-11-16T14:38:53+00:00","og_image":[{"width":750,"height":315,"url":"https:\/\/www.oros.com\/wp-content\/uploads\/2019\/06\/ep_schneider_cestas_banner_web.jpg","type":"image\/jpeg"}],"twitter_card":"summary_large_image","twitter_misc":{"Dur\u00e9e de lecture estim\u00e9e":"1 minute"},"schema":{"@context":"https:\/\/schema.org","@graph":[{"@type":"WebPage","@id":"https:\/\/www.oros.com\/fr\/produits\/acoustique\/intensite-acoustique\/","url":"https:\/\/www.oros.com\/fr\/produits\/acoustique\/intensite-acoustique\/","name":"Intensit\u00e9 acoustique par localisation de la source - OROS","isPartOf":{"@id":"https:\/\/www.oros.com\/#website"},"primaryImageOfPage":{"@id":"https:\/\/www.oros.com\/fr\/produits\/acoustique\/intensite-acoustique\/#primaryimage"},"image":{"@id":"https:\/\/www.oros.com\/fr\/produits\/acoustique\/intensite-acoustique\/#primaryimage"},"thumbnailUrl":"https:\/\/www.oros.com\/wp-content\/uploads\/2019\/06\/ep_schneider_cestas_banner_web.jpg","datePublished":"2018-12-14T08:33:26+00:00","dateModified":"2022-11-16T14:38:53+00:00","description":"D\u00e9termination de la puissance acoustique et localisation de la source bas\u00e9 de la norme ISO 9614 sur l'intensit\u00e9 acoustique.","breadcrumb":{"@id":"https:\/\/www.oros.com\/fr\/produits\/acoustique\/intensite-acoustique\/#breadcrumb"},"inLanguage":"fr-FR","potentialAction":[{"@type":"ReadAction","target":["https:\/\/www.oros.com\/fr\/produits\/acoustique\/intensite-acoustique\/"]}]},{"@type":"ImageObject","inLanguage":"fr-FR","@id":"https:\/\/www.oros.com\/fr\/produits\/acoustique\/intensite-acoustique\/#primaryimage","url":"https:\/\/www.oros.com\/wp-content\/uploads\/2019\/06\/ep_schneider_cestas_banner_web.jpg","contentUrl":"https:\/\/www.oros.com\/wp-content\/uploads\/2019\/06\/ep_schneider_cestas_banner_web.jpg","width":750,"height":315},{"@type":"BreadcrumbList","@id":"https:\/\/www.oros.com\/fr\/produits\/acoustique\/intensite-acoustique\/#breadcrumb","itemListElement":[{"@type":"ListItem","position":1,"name":"Accueil","item":"https:\/\/www.oros.com\/fr\/"},{"@type":"ListItem","position":2,"name":"Produits","item":"https:\/\/www.oros.com\/fr\/produits\/"},{"@type":"ListItem","position":3,"name":"Acoustique","item":"https:\/\/www.oros.com\/fr\/produits\/acoustique\/"},{"@type":"ListItem","position":4,"name":"Intensit\u00e9 Acoustique"}]},{"@type":"WebSite","@id":"https:\/\/www.oros.com\/#website","url":"https:\/\/www.oros.com\/","name":"OROS","description":"Measuring noise &amp; vibration","potentialAction":[{"@type":"SearchAction","target":{"@type":"EntryPoint","urlTemplate":"https:\/\/www.oros.com\/?s={search_term_string}"},"query-input":{"@type":"PropertyValueSpecification","valueRequired":true,"valueName":"search_term_string"}}],"inLanguage":"fr-FR"}]}},"_links":{"self":[{"href":"https:\/\/www.oros.com\/fr\/wp-json\/wp\/v2\/pages\/16160","targetHints":{"allow":["GET"]}}],"collection":[{"href":"https:\/\/www.oros.com\/fr\/wp-json\/wp\/v2\/pages"}],"about":[{"href":"https:\/\/www.oros.com\/fr\/wp-json\/wp\/v2\/types\/page"}],"author":[{"embeddable":true,"href":"https:\/\/www.oros.com\/fr\/wp-json\/wp\/v2\/users\/2"}],"replies":[{"embeddable":true,"href":"https:\/\/www.oros.com\/fr\/wp-json\/wp\/v2\/comments?post=16160"}],"version-history":[{"count":9,"href":"https:\/\/www.oros.com\/fr\/wp-json\/wp\/v2\/pages\/16160\/revisions"}],"predecessor-version":[{"id":129256,"href":"https:\/\/www.oros.com\/fr\/wp-json\/wp\/v2\/pages\/16160\/revisions\/129256"}],"up":[{"embeddable":true,"href":"https:\/\/www.oros.com\/fr\/wp-json\/wp\/v2\/pages\/16157"}],"wp:featuredmedia":[{"embeddable":true,"href":"https:\/\/www.oros.com\/fr\/wp-json\/wp\/v2\/media\/5588"}],"wp:attachment":[{"href":"https:\/\/www.oros.com\/fr\/wp-json\/wp\/v2\/media?parent=16160"}],"curies":[{"name":"wp","href":"https:\/\/api.w.org\/{rel}","templated":true}]}}