{"id":16169,"date":"2019-07-17T11:56:13","date_gmt":"2019-07-17T09:56:13","guid":{"rendered":"https:\/\/www.oros.com\/solutions\/acoustics\/ev-hev-nvh-testing-solution\/"},"modified":"2022-08-04T18:43:33","modified_gmt":"2022-08-04T16:43:33","slug":"ev-hev-nvh-testing-solution","status":"publish","type":"page","link":"https:\/\/www.oros.com\/fr\/produits\/acoustique\/ev-hev-nvh-testing-solution\/","title":{"rendered":"Solution de test NVH"},"content":{"rendered":"<p>OROS propose la solution la plus avanc\u00e9e et la plus compl\u00e8te pour relever les d\u00e9fis de l&rsquo;e-NVH : logiciel de test, services et instrumentation. Cette solution a \u00e9t\u00e9 d\u00e9velopp\u00e9e en coop\u00e9ration avec EOMYS, qui est un sp\u00e9cialiste du bruit et des vibrations \u00e9lectromagn\u00e9tiques.<\/p>\n","protected":false},"excerpt":{"rendered":"<p>OROS propose la solution la plus avanc\u00e9e et la plus compl\u00e8te pour relever les d\u00e9fis de l&rsquo;e-NVH : logiciel de&#8230; <span class=\"moretag btn btn--right btn--bold\">Lire la suite<\/span><\/p>\n","protected":false},"author":5,"featured_media":7201,"parent":16157,"menu_order":6,"comment_status":"closed","ping_status":"closed","template":"views\/solutions.blade.php","meta":{"_acf_changed":false,"inline_featured_image":false,"footnotes":""},"class_list":["post-16169","page","type-page","status-publish","has-post-thumbnail","hentry"],"acf":[],"yoast_head":"<!-- This site is optimized with the Yoast SEO plugin v27.4 - https:\/\/yoast.com\/product\/yoast-seo-wordpress\/ -->\n<title>Tests acoustiques et vibratoires pour les VE\/HEV - OROS<\/title>\n<meta name=\"description\" content=\"Technologie haut de gamme pour les mesures NVH des VE\/HEV (v\u00e9hicules \u00e9lectriques et v\u00e9hicules \u00e9lectriques hybrides).\" \/>\n<meta name=\"robots\" content=\"index, follow, max-snippet:-1, max-image-preview:large, max-video-preview:-1\" \/>\n<link rel=\"canonical\" href=\"https:\/\/www.oros.com\/fr\/produits\/acoustique\/ev-hev-nvh-testing-solution\/\" \/>\n<meta property=\"og:locale\" content=\"fr_FR\" \/>\n<meta property=\"og:type\" content=\"article\" \/>\n<meta property=\"og:title\" content=\"Tests acoustiques et vibratoires pour les VE\/HEV - OROS\" \/>\n<meta property=\"og:description\" content=\"Technologie haut de gamme pour les mesures NVH des VE\/HEV (v\u00e9hicules \u00e9lectriques et v\u00e9hicules \u00e9lectriques hybrides).\" \/>\n<meta property=\"og:url\" content=\"https:\/\/www.oros.com\/fr\/produits\/acoustique\/ev-hev-nvh-testing-solution\/\" \/>\n<meta property=\"og:site_name\" content=\"OROS\" \/>\n<meta property=\"article:modified_time\" content=\"2022-08-04T16:43:33+00:00\" \/>\n<meta property=\"og:image\" content=\"https:\/\/www.oros.com\/wp-content\/uploads\/2019\/07\/gray_modern_car_closeup.gif\" \/>\n\t<meta property=\"og:image:width\" content=\"1000\" \/>\n\t<meta property=\"og:image:height\" content=\"372\" \/>\n\t<meta property=\"og:image:type\" content=\"image\/gif\" \/>\n<meta name=\"twitter:card\" content=\"summary_large_image\" \/>\n<meta name=\"twitter:label1\" content=\"Dur\u00e9e de lecture estim\u00e9e\" \/>\n\t<meta name=\"twitter:data1\" content=\"1 minute\" \/>\n<script type=\"application\/ld+json\" class=\"yoast-schema-graph\">{\"@context\":\"https:\\\/\\\/schema.org\",\"@graph\":[{\"@type\":\"WebPage\",\"@id\":\"https:\\\/\\\/www.oros.com\\\/fr\\\/produits\\\/acoustique\\\/ev-hev-nvh-testing-solution\\\/\",\"url\":\"https:\\\/\\\/www.oros.com\\\/fr\\\/produits\\\/acoustique\\\/ev-hev-nvh-testing-solution\\\/\",\"name\":\"Tests acoustiques et vibratoires pour les VE\\\/HEV - OROS\",\"isPartOf\":{\"@id\":\"https:\\\/\\\/www.oros.com\\\/#website\"},\"primaryImageOfPage\":{\"@id\":\"https:\\\/\\\/www.oros.com\\\/fr\\\/produits\\\/acoustique\\\/ev-hev-nvh-testing-solution\\\/#primaryimage\"},\"image\":{\"@id\":\"https:\\\/\\\/www.oros.com\\\/fr\\\/produits\\\/acoustique\\\/ev-hev-nvh-testing-solution\\\/#primaryimage\"},\"thumbnailUrl\":\"https:\\\/\\\/www.oros.com\\\/wp-content\\\/uploads\\\/2019\\\/07\\\/gray_modern_car_closeup.gif\",\"datePublished\":\"2019-07-17T09:56:13+00:00\",\"dateModified\":\"2022-08-04T16:43:33+00:00\",\"description\":\"Technologie haut de gamme pour les mesures NVH des VE\\\/HEV (v\u00e9hicules \u00e9lectriques et v\u00e9hicules \u00e9lectriques hybrides).\",\"breadcrumb\":{\"@id\":\"https:\\\/\\\/www.oros.com\\\/fr\\\/produits\\\/acoustique\\\/ev-hev-nvh-testing-solution\\\/#breadcrumb\"},\"inLanguage\":\"fr-FR\",\"potentialAction\":[{\"@type\":\"ReadAction\",\"target\":[\"https:\\\/\\\/www.oros.com\\\/fr\\\/produits\\\/acoustique\\\/ev-hev-nvh-testing-solution\\\/\"]}]},{\"@type\":\"ImageObject\",\"inLanguage\":\"fr-FR\",\"@id\":\"https:\\\/\\\/www.oros.com\\\/fr\\\/produits\\\/acoustique\\\/ev-hev-nvh-testing-solution\\\/#primaryimage\",\"url\":\"https:\\\/\\\/www.oros.com\\\/wp-content\\\/uploads\\\/2019\\\/07\\\/gray_modern_car_closeup.gif\",\"contentUrl\":\"https:\\\/\\\/www.oros.com\\\/wp-content\\\/uploads\\\/2019\\\/07\\\/gray_modern_car_closeup.gif\",\"width\":1000,\"height\":372,\"caption\":\"NVH testing and analysis solutions for automotive industry\"},{\"@type\":\"BreadcrumbList\",\"@id\":\"https:\\\/\\\/www.oros.com\\\/fr\\\/produits\\\/acoustique\\\/ev-hev-nvh-testing-solution\\\/#breadcrumb\",\"itemListElement\":[{\"@type\":\"ListItem\",\"position\":1,\"name\":\"Accueil\",\"item\":\"https:\\\/\\\/www.oros.com\\\/fr\\\/\"},{\"@type\":\"ListItem\",\"position\":2,\"name\":\"Produits\",\"item\":\"https:\\\/\\\/www.oros.com\\\/fr\\\/produits\\\/\"},{\"@type\":\"ListItem\",\"position\":3,\"name\":\"Acoustique\",\"item\":\"https:\\\/\\\/www.oros.com\\\/fr\\\/produits\\\/acoustique\\\/\"},{\"@type\":\"ListItem\",\"position\":4,\"name\":\"Solution de test NVH\"}]},{\"@type\":\"WebSite\",\"@id\":\"https:\\\/\\\/www.oros.com\\\/#website\",\"url\":\"https:\\\/\\\/www.oros.com\\\/\",\"name\":\"OROS\",\"description\":\"Measuring noise &amp; vibration\",\"potentialAction\":[{\"@type\":\"SearchAction\",\"target\":{\"@type\":\"EntryPoint\",\"urlTemplate\":\"https:\\\/\\\/www.oros.com\\\/?s={search_term_string}\"},\"query-input\":{\"@type\":\"PropertyValueSpecification\",\"valueRequired\":true,\"valueName\":\"search_term_string\"}}],\"inLanguage\":\"fr-FR\"}]}<\/script>\n<!-- \/ Yoast SEO plugin. -->","yoast_head_json":{"title":"Tests acoustiques et vibratoires pour les VE\/HEV - OROS","description":"Technologie haut de gamme pour les mesures NVH des VE\/HEV (v\u00e9hicules \u00e9lectriques et v\u00e9hicules \u00e9lectriques hybrides).","robots":{"index":"index","follow":"follow","max-snippet":"max-snippet:-1","max-image-preview":"max-image-preview:large","max-video-preview":"max-video-preview:-1"},"canonical":"https:\/\/www.oros.com\/fr\/produits\/acoustique\/ev-hev-nvh-testing-solution\/","og_locale":"fr_FR","og_type":"article","og_title":"Tests acoustiques et vibratoires pour les VE\/HEV - OROS","og_description":"Technologie haut de gamme pour les mesures NVH des VE\/HEV (v\u00e9hicules \u00e9lectriques et v\u00e9hicules \u00e9lectriques hybrides).","og_url":"https:\/\/www.oros.com\/fr\/produits\/acoustique\/ev-hev-nvh-testing-solution\/","og_site_name":"OROS","article_modified_time":"2022-08-04T16:43:33+00:00","og_image":[{"width":1000,"height":372,"url":"https:\/\/www.oros.com\/wp-content\/uploads\/2019\/07\/gray_modern_car_closeup.gif","type":"image\/gif"}],"twitter_card":"summary_large_image","twitter_misc":{"Dur\u00e9e de lecture estim\u00e9e":"1 minute"},"schema":{"@context":"https:\/\/schema.org","@graph":[{"@type":"WebPage","@id":"https:\/\/www.oros.com\/fr\/produits\/acoustique\/ev-hev-nvh-testing-solution\/","url":"https:\/\/www.oros.com\/fr\/produits\/acoustique\/ev-hev-nvh-testing-solution\/","name":"Tests acoustiques et vibratoires pour les VE\/HEV - OROS","isPartOf":{"@id":"https:\/\/www.oros.com\/#website"},"primaryImageOfPage":{"@id":"https:\/\/www.oros.com\/fr\/produits\/acoustique\/ev-hev-nvh-testing-solution\/#primaryimage"},"image":{"@id":"https:\/\/www.oros.com\/fr\/produits\/acoustique\/ev-hev-nvh-testing-solution\/#primaryimage"},"thumbnailUrl":"https:\/\/www.oros.com\/wp-content\/uploads\/2019\/07\/gray_modern_car_closeup.gif","datePublished":"2019-07-17T09:56:13+00:00","dateModified":"2022-08-04T16:43:33+00:00","description":"Technologie haut de gamme pour les mesures NVH des VE\/HEV (v\u00e9hicules \u00e9lectriques et v\u00e9hicules \u00e9lectriques hybrides).","breadcrumb":{"@id":"https:\/\/www.oros.com\/fr\/produits\/acoustique\/ev-hev-nvh-testing-solution\/#breadcrumb"},"inLanguage":"fr-FR","potentialAction":[{"@type":"ReadAction","target":["https:\/\/www.oros.com\/fr\/produits\/acoustique\/ev-hev-nvh-testing-solution\/"]}]},{"@type":"ImageObject","inLanguage":"fr-FR","@id":"https:\/\/www.oros.com\/fr\/produits\/acoustique\/ev-hev-nvh-testing-solution\/#primaryimage","url":"https:\/\/www.oros.com\/wp-content\/uploads\/2019\/07\/gray_modern_car_closeup.gif","contentUrl":"https:\/\/www.oros.com\/wp-content\/uploads\/2019\/07\/gray_modern_car_closeup.gif","width":1000,"height":372,"caption":"NVH testing and analysis solutions for automotive industry"},{"@type":"BreadcrumbList","@id":"https:\/\/www.oros.com\/fr\/produits\/acoustique\/ev-hev-nvh-testing-solution\/#breadcrumb","itemListElement":[{"@type":"ListItem","position":1,"name":"Accueil","item":"https:\/\/www.oros.com\/fr\/"},{"@type":"ListItem","position":2,"name":"Produits","item":"https:\/\/www.oros.com\/fr\/produits\/"},{"@type":"ListItem","position":3,"name":"Acoustique","item":"https:\/\/www.oros.com\/fr\/produits\/acoustique\/"},{"@type":"ListItem","position":4,"name":"Solution de test NVH"}]},{"@type":"WebSite","@id":"https:\/\/www.oros.com\/#website","url":"https:\/\/www.oros.com\/","name":"OROS","description":"Measuring noise &amp; vibration","potentialAction":[{"@type":"SearchAction","target":{"@type":"EntryPoint","urlTemplate":"https:\/\/www.oros.com\/?s={search_term_string}"},"query-input":{"@type":"PropertyValueSpecification","valueRequired":true,"valueName":"search_term_string"}}],"inLanguage":"fr-FR"}]}},"_links":{"self":[{"href":"https:\/\/www.oros.com\/fr\/wp-json\/wp\/v2\/pages\/16169","targetHints":{"allow":["GET"]}}],"collection":[{"href":"https:\/\/www.oros.com\/fr\/wp-json\/wp\/v2\/pages"}],"about":[{"href":"https:\/\/www.oros.com\/fr\/wp-json\/wp\/v2\/types\/page"}],"author":[{"embeddable":true,"href":"https:\/\/www.oros.com\/fr\/wp-json\/wp\/v2\/users\/5"}],"replies":[{"embeddable":true,"href":"https:\/\/www.oros.com\/fr\/wp-json\/wp\/v2\/comments?post=16169"}],"version-history":[{"count":7,"href":"https:\/\/www.oros.com\/fr\/wp-json\/wp\/v2\/pages\/16169\/revisions"}],"predecessor-version":[{"id":95675,"href":"https:\/\/www.oros.com\/fr\/wp-json\/wp\/v2\/pages\/16169\/revisions\/95675"}],"up":[{"embeddable":true,"href":"https:\/\/www.oros.com\/fr\/wp-json\/wp\/v2\/pages\/16157"}],"wp:featuredmedia":[{"embeddable":true,"href":"https:\/\/www.oros.com\/fr\/wp-json\/wp\/v2\/media\/7201"}],"wp:attachment":[{"href":"https:\/\/www.oros.com\/fr\/wp-json\/wp\/v2\/media?parent=16169"}],"curies":[{"name":"wp","href":"https:\/\/api.w.org\/{rel}","templated":true}]}}