{"id":16180,"date":"2018-12-14T09:33:51","date_gmt":"2018-12-14T08:33:27","guid":{"rendered":"https:\/\/www.oros.com\/solutions\/acoustics\/sound-quality\/"},"modified":"2025-09-19T09:58:35","modified_gmt":"2025-09-19T07:58:35","slug":"qualite-acoustique","status":"publish","type":"page","link":"https:\/\/www.oros.com\/fr\/produits\/acoustique\/qualite-acoustique\/","title":{"rendered":"Qualit\u00e9 Acoustique"},"content":{"rendered":"<p>La solution OROS <strong>Qualit\u00e9 Acoustique<\/strong> est l&rsquo;outil id\u00e9al pour la d\u00e9termination des m\u00e9triques psychoacoustiques et la conception intuitive du son.<\/p>\n<p>&nbsp;<\/p>\n<p>Le module disponibles :<\/p>\n<p>&nbsp;<\/p>\n<ul>\n<li><strong>Sound Quality Lite<\/strong> est con\u00e7u pour la d\u00e9termination des m\u00e9triques psychoacoustiques et la lecture filtr\u00e9e, optimalement convivial et efficace.<\/li>\n<\/ul>\n","protected":false},"excerpt":{"rendered":"<p>La solution OROS Qualit\u00e9 Acoustique est l&rsquo;outil id\u00e9al pour la d\u00e9termination des m\u00e9triques psychoacoustiques et la conception intuitive du son&#8230;. <span class=\"moretag btn btn--right btn--bold\">Lire la suite<\/span><\/p>\n","protected":false},"author":2,"featured_media":1793,"parent":16157,"menu_order":4,"comment_status":"closed","ping_status":"closed","template":"views\/solutions.blade.php","meta":{"_acf_changed":false,"inline_featured_image":false,"footnotes":""},"class_list":["post-16180","page","type-page","status-publish","has-post-thumbnail","hentry"],"acf":[],"yoast_head":"<!-- This site is optimized with the Yoast SEO plugin v27.5 - https:\/\/yoast.com\/product\/yoast-seo-wordpress\/ -->\n<title>Qualit\u00e9 acoustique, psychoacoustique, conception sonore - OROS<\/title>\n<meta name=\"description\" content=\"D\u00e9termination pr\u00e9cise et normalis\u00e9e des m\u00e9triques psychoacoustiques (DIN 45631\/A1, ISO 532B, ISO 532-1, ISO 532-2), spectrogramme auditif.\" \/>\n<meta name=\"robots\" content=\"index, follow, max-snippet:-1, max-image-preview:large, max-video-preview:-1\" \/>\n<link rel=\"canonical\" href=\"https:\/\/www.oros.com\/fr\/produits\/acoustique\/qualite-acoustique\/\" \/>\n<meta property=\"og:locale\" content=\"fr_FR\" \/>\n<meta property=\"og:type\" content=\"article\" \/>\n<meta property=\"og:title\" content=\"Qualit\u00e9 acoustique, psychoacoustique, conception sonore - OROS\" \/>\n<meta property=\"og:description\" content=\"D\u00e9termination pr\u00e9cise et normalis\u00e9e des m\u00e9triques psychoacoustiques (DIN 45631\/A1, ISO 532B, ISO 532-1, ISO 532-2), spectrogramme auditif.\" \/>\n<meta property=\"og:url\" content=\"https:\/\/www.oros.com\/fr\/produits\/acoustique\/qualite-acoustique\/\" \/>\n<meta property=\"og:site_name\" content=\"OROS\" \/>\n<meta property=\"article:modified_time\" content=\"2025-09-19T07:58:35+00:00\" \/>\n<meta property=\"og:image\" content=\"https:\/\/www.oros.com\/wp-content\/uploads\/2019\/02\/situation_auto_anechoic_chamber4_web.jpg\" \/>\n\t<meta property=\"og:image:width\" content=\"1000\" \/>\n\t<meta property=\"og:image:height\" content=\"667\" \/>\n\t<meta property=\"og:image:type\" content=\"image\/jpeg\" \/>\n<meta name=\"twitter:card\" content=\"summary_large_image\" \/>\n<meta name=\"twitter:label1\" content=\"Dur\u00e9e de lecture estim\u00e9e\" \/>\n\t<meta name=\"twitter:data1\" content=\"1 minute\" \/>\n<script type=\"application\/ld+json\" class=\"yoast-schema-graph\">{\"@context\":\"https:\\\/\\\/schema.org\",\"@graph\":[{\"@type\":\"WebPage\",\"@id\":\"https:\\\/\\\/www.oros.com\\\/fr\\\/produits\\\/acoustique\\\/qualite-acoustique\\\/\",\"url\":\"https:\\\/\\\/www.oros.com\\\/fr\\\/produits\\\/acoustique\\\/qualite-acoustique\\\/\",\"name\":\"Qualit\u00e9 acoustique, psychoacoustique, conception sonore - OROS\",\"isPartOf\":{\"@id\":\"https:\\\/\\\/www.oros.com\\\/#website\"},\"primaryImageOfPage\":{\"@id\":\"https:\\\/\\\/www.oros.com\\\/fr\\\/produits\\\/acoustique\\\/qualite-acoustique\\\/#primaryimage\"},\"image\":{\"@id\":\"https:\\\/\\\/www.oros.com\\\/fr\\\/produits\\\/acoustique\\\/qualite-acoustique\\\/#primaryimage\"},\"thumbnailUrl\":\"https:\\\/\\\/www.oros.com\\\/wp-content\\\/uploads\\\/2019\\\/02\\\/situation_auto_anechoic_chamber4_web.jpg\",\"datePublished\":\"2018-12-14T08:33:27+00:00\",\"dateModified\":\"2025-09-19T07:58:35+00:00\",\"description\":\"D\u00e9termination pr\u00e9cise et normalis\u00e9e des m\u00e9triques psychoacoustiques (DIN 45631\\\/A1, ISO 532B, ISO 532-1, ISO 532-2), spectrogramme auditif.\",\"breadcrumb\":{\"@id\":\"https:\\\/\\\/www.oros.com\\\/fr\\\/produits\\\/acoustique\\\/qualite-acoustique\\\/#breadcrumb\"},\"inLanguage\":\"fr-FR\",\"potentialAction\":[{\"@type\":\"ReadAction\",\"target\":[\"https:\\\/\\\/www.oros.com\\\/fr\\\/produits\\\/acoustique\\\/qualite-acoustique\\\/\"]}]},{\"@type\":\"ImageObject\",\"inLanguage\":\"fr-FR\",\"@id\":\"https:\\\/\\\/www.oros.com\\\/fr\\\/produits\\\/acoustique\\\/qualite-acoustique\\\/#primaryimage\",\"url\":\"https:\\\/\\\/www.oros.com\\\/wp-content\\\/uploads\\\/2019\\\/02\\\/situation_auto_anechoic_chamber4_web.jpg\",\"contentUrl\":\"https:\\\/\\\/www.oros.com\\\/wp-content\\\/uploads\\\/2019\\\/02\\\/situation_auto_anechoic_chamber4_web.jpg\",\"width\":1000,\"height\":667},{\"@type\":\"BreadcrumbList\",\"@id\":\"https:\\\/\\\/www.oros.com\\\/fr\\\/produits\\\/acoustique\\\/qualite-acoustique\\\/#breadcrumb\",\"itemListElement\":[{\"@type\":\"ListItem\",\"position\":1,\"name\":\"Accueil\",\"item\":\"https:\\\/\\\/www.oros.com\\\/fr\\\/\"},{\"@type\":\"ListItem\",\"position\":2,\"name\":\"Produits\",\"item\":\"https:\\\/\\\/www.oros.com\\\/fr\\\/produits\\\/\"},{\"@type\":\"ListItem\",\"position\":3,\"name\":\"Acoustique\",\"item\":\"https:\\\/\\\/www.oros.com\\\/fr\\\/produits\\\/acoustique\\\/\"},{\"@type\":\"ListItem\",\"position\":4,\"name\":\"Qualit\u00e9 Acoustique\"}]},{\"@type\":\"WebSite\",\"@id\":\"https:\\\/\\\/www.oros.com\\\/#website\",\"url\":\"https:\\\/\\\/www.oros.com\\\/\",\"name\":\"OROS\",\"description\":\"Measuring noise &amp; vibration\",\"potentialAction\":[{\"@type\":\"SearchAction\",\"target\":{\"@type\":\"EntryPoint\",\"urlTemplate\":\"https:\\\/\\\/www.oros.com\\\/?s={search_term_string}\"},\"query-input\":{\"@type\":\"PropertyValueSpecification\",\"valueRequired\":true,\"valueName\":\"search_term_string\"}}],\"inLanguage\":\"fr-FR\"}]}<\/script>\n<!-- \/ Yoast SEO plugin. -->","yoast_head_json":{"title":"Qualit\u00e9 acoustique, psychoacoustique, conception sonore - OROS","description":"D\u00e9termination pr\u00e9cise et normalis\u00e9e des m\u00e9triques psychoacoustiques (DIN 45631\/A1, ISO 532B, ISO 532-1, ISO 532-2), spectrogramme auditif.","robots":{"index":"index","follow":"follow","max-snippet":"max-snippet:-1","max-image-preview":"max-image-preview:large","max-video-preview":"max-video-preview:-1"},"canonical":"https:\/\/www.oros.com\/fr\/produits\/acoustique\/qualite-acoustique\/","og_locale":"fr_FR","og_type":"article","og_title":"Qualit\u00e9 acoustique, psychoacoustique, conception sonore - OROS","og_description":"D\u00e9termination pr\u00e9cise et normalis\u00e9e des m\u00e9triques psychoacoustiques (DIN 45631\/A1, ISO 532B, ISO 532-1, ISO 532-2), spectrogramme auditif.","og_url":"https:\/\/www.oros.com\/fr\/produits\/acoustique\/qualite-acoustique\/","og_site_name":"OROS","article_modified_time":"2025-09-19T07:58:35+00:00","og_image":[{"width":1000,"height":667,"url":"https:\/\/www.oros.com\/wp-content\/uploads\/2019\/02\/situation_auto_anechoic_chamber4_web.jpg","type":"image\/jpeg"}],"twitter_card":"summary_large_image","twitter_misc":{"Dur\u00e9e de lecture estim\u00e9e":"1 minute"},"schema":{"@context":"https:\/\/schema.org","@graph":[{"@type":"WebPage","@id":"https:\/\/www.oros.com\/fr\/produits\/acoustique\/qualite-acoustique\/","url":"https:\/\/www.oros.com\/fr\/produits\/acoustique\/qualite-acoustique\/","name":"Qualit\u00e9 acoustique, psychoacoustique, conception sonore - OROS","isPartOf":{"@id":"https:\/\/www.oros.com\/#website"},"primaryImageOfPage":{"@id":"https:\/\/www.oros.com\/fr\/produits\/acoustique\/qualite-acoustique\/#primaryimage"},"image":{"@id":"https:\/\/www.oros.com\/fr\/produits\/acoustique\/qualite-acoustique\/#primaryimage"},"thumbnailUrl":"https:\/\/www.oros.com\/wp-content\/uploads\/2019\/02\/situation_auto_anechoic_chamber4_web.jpg","datePublished":"2018-12-14T08:33:27+00:00","dateModified":"2025-09-19T07:58:35+00:00","description":"D\u00e9termination pr\u00e9cise et normalis\u00e9e des m\u00e9triques psychoacoustiques (DIN 45631\/A1, ISO 532B, ISO 532-1, ISO 532-2), spectrogramme auditif.","breadcrumb":{"@id":"https:\/\/www.oros.com\/fr\/produits\/acoustique\/qualite-acoustique\/#breadcrumb"},"inLanguage":"fr-FR","potentialAction":[{"@type":"ReadAction","target":["https:\/\/www.oros.com\/fr\/produits\/acoustique\/qualite-acoustique\/"]}]},{"@type":"ImageObject","inLanguage":"fr-FR","@id":"https:\/\/www.oros.com\/fr\/produits\/acoustique\/qualite-acoustique\/#primaryimage","url":"https:\/\/www.oros.com\/wp-content\/uploads\/2019\/02\/situation_auto_anechoic_chamber4_web.jpg","contentUrl":"https:\/\/www.oros.com\/wp-content\/uploads\/2019\/02\/situation_auto_anechoic_chamber4_web.jpg","width":1000,"height":667},{"@type":"BreadcrumbList","@id":"https:\/\/www.oros.com\/fr\/produits\/acoustique\/qualite-acoustique\/#breadcrumb","itemListElement":[{"@type":"ListItem","position":1,"name":"Accueil","item":"https:\/\/www.oros.com\/fr\/"},{"@type":"ListItem","position":2,"name":"Produits","item":"https:\/\/www.oros.com\/fr\/produits\/"},{"@type":"ListItem","position":3,"name":"Acoustique","item":"https:\/\/www.oros.com\/fr\/produits\/acoustique\/"},{"@type":"ListItem","position":4,"name":"Qualit\u00e9 Acoustique"}]},{"@type":"WebSite","@id":"https:\/\/www.oros.com\/#website","url":"https:\/\/www.oros.com\/","name":"OROS","description":"Measuring noise &amp; vibration","potentialAction":[{"@type":"SearchAction","target":{"@type":"EntryPoint","urlTemplate":"https:\/\/www.oros.com\/?s={search_term_string}"},"query-input":{"@type":"PropertyValueSpecification","valueRequired":true,"valueName":"search_term_string"}}],"inLanguage":"fr-FR"}]}},"_links":{"self":[{"href":"https:\/\/www.oros.com\/fr\/wp-json\/wp\/v2\/pages\/16180","targetHints":{"allow":["GET"]}}],"collection":[{"href":"https:\/\/www.oros.com\/fr\/wp-json\/wp\/v2\/pages"}],"about":[{"href":"https:\/\/www.oros.com\/fr\/wp-json\/wp\/v2\/types\/page"}],"author":[{"embeddable":true,"href":"https:\/\/www.oros.com\/fr\/wp-json\/wp\/v2\/users\/2"}],"replies":[{"embeddable":true,"href":"https:\/\/www.oros.com\/fr\/wp-json\/wp\/v2\/comments?post=16180"}],"version-history":[{"count":10,"href":"https:\/\/www.oros.com\/fr\/wp-json\/wp\/v2\/pages\/16180\/revisions"}],"predecessor-version":[{"id":132351,"href":"https:\/\/www.oros.com\/fr\/wp-json\/wp\/v2\/pages\/16180\/revisions\/132351"}],"up":[{"embeddable":true,"href":"https:\/\/www.oros.com\/fr\/wp-json\/wp\/v2\/pages\/16157"}],"wp:featuredmedia":[{"embeddable":true,"href":"https:\/\/www.oros.com\/fr\/wp-json\/wp\/v2\/media\/1793"}],"wp:attachment":[{"href":"https:\/\/www.oros.com\/fr\/wp-json\/wp\/v2\/media?parent=16180"}],"curies":[{"name":"wp","href":"https:\/\/api.w.org\/{rel}","templated":true}]}}