{"id":16223,"date":"2018-12-14T09:38:51","date_gmt":"2018-12-14T08:38:28","guid":{"rendered":"https:\/\/www.oros.com\/solutions\/rotating-analysis\/spectral-order-diagnostics-toolset\/"},"modified":"2022-10-07T17:56:54","modified_gmt":"2022-10-07T15:56:54","slug":"diagnostic-a-base-spectrale-et-a-base-dordres","status":"publish","type":"page","link":"https:\/\/www.oros.com\/fr\/produits\/machines-tournantes\/diagnostic-a-base-spectrale-et-a-base-dordres\/","title":{"rendered":"Diagnostic \u00e0 base spectrale et \u00e0 base d&rsquo;ordres"},"content":{"rendered":"<p>Quelle que soit la machine trait\u00e9e, il faut pr\u00eater une attention particuli\u00e8re \u00e0 ses bruits et vibrations qui marquent sont \u00e9tat actuel et futur. OROS fournit des instruments capables de mesurer la sant\u00e9 d\u2019une machine ou d\u2019une structure. Le cepstre, la d\u00e9modulation d\u2019enveloppe, les FRF\/ORF, la corr\u00e9lation et les indicateurs globaux permettent de diagnostiquer et de pr\u00e9voir les op\u00e9rations de maintenance des machines industrielles.<\/p>\n","protected":false},"excerpt":{"rendered":"<p>Quelle que soit la machine trait\u00e9e, il faut pr\u00eater une attention particuli\u00e8re \u00e0 ses bruits et vibrations qui marquent sont&#8230; <span class=\"moretag btn btn--right btn--bold\">Lire la suite<\/span><\/p>\n","protected":false},"author":2,"featured_media":789,"parent":16209,"menu_order":0,"comment_status":"closed","ping_status":"closed","template":"views\/solutions.blade.php","meta":{"_acf_changed":false,"inline_featured_image":false,"footnotes":""},"class_list":["post-16223","page","type-page","status-publish","has-post-thumbnail","hentry"],"acf":[],"yoast_head":"<!-- This site is optimized with the Yoast SEO plugin v27.4 - https:\/\/yoast.com\/product\/yoast-seo-wordpress\/ -->\n<title>Logiciel de diagnostic pour machines tournantes - OROS<\/title>\n<meta name=\"description\" content=\"Diagnostic des d\u00e9faillances vibratoires des machines tournantes gr\u00e2ce \u00e0 des outils de diagnostic spectral.\" \/>\n<meta name=\"robots\" content=\"index, follow, max-snippet:-1, max-image-preview:large, max-video-preview:-1\" \/>\n<link rel=\"canonical\" href=\"https:\/\/www.oros.com\/fr\/produits\/machines-tournantes\/diagnostic-a-base-spectrale-et-a-base-dordres\/\" \/>\n<meta property=\"og:locale\" content=\"fr_FR\" \/>\n<meta property=\"og:type\" content=\"article\" \/>\n<meta property=\"og:title\" content=\"Logiciel de diagnostic pour machines tournantes - OROS\" \/>\n<meta property=\"og:description\" content=\"Diagnostic des d\u00e9faillances vibratoires des machines tournantes gr\u00e2ce \u00e0 des outils de diagnostic spectral.\" \/>\n<meta property=\"og:url\" content=\"https:\/\/www.oros.com\/fr\/produits\/machines-tournantes\/diagnostic-a-base-spectrale-et-a-base-dordres\/\" \/>\n<meta property=\"og:site_name\" content=\"OROS\" \/>\n<meta property=\"article:modified_time\" content=\"2022-10-07T15:56:54+00:00\" \/>\n<meta property=\"og:image\" content=\"https:\/\/www.oros.com\/wp-content\/uploads\/2019\/01\/machinery-diagnostic-background-spectra-1.jpg\" \/>\n\t<meta property=\"og:image:width\" content=\"400\" \/>\n\t<meta property=\"og:image:height\" content=\"300\" \/>\n\t<meta property=\"og:image:type\" content=\"image\/jpeg\" \/>\n<meta name=\"twitter:card\" content=\"summary_large_image\" \/>\n<meta name=\"twitter:label1\" content=\"Dur\u00e9e de lecture estim\u00e9e\" \/>\n\t<meta name=\"twitter:data1\" content=\"1 minute\" \/>\n<script type=\"application\/ld+json\" class=\"yoast-schema-graph\">{\"@context\":\"https:\\\/\\\/schema.org\",\"@graph\":[{\"@type\":\"WebPage\",\"@id\":\"https:\\\/\\\/www.oros.com\\\/fr\\\/produits\\\/machines-tournantes\\\/diagnostic-a-base-spectrale-et-a-base-dordres\\\/\",\"url\":\"https:\\\/\\\/www.oros.com\\\/fr\\\/produits\\\/machines-tournantes\\\/diagnostic-a-base-spectrale-et-a-base-dordres\\\/\",\"name\":\"Logiciel de diagnostic pour machines tournantes - OROS\",\"isPartOf\":{\"@id\":\"https:\\\/\\\/www.oros.com\\\/#website\"},\"primaryImageOfPage\":{\"@id\":\"https:\\\/\\\/www.oros.com\\\/fr\\\/produits\\\/machines-tournantes\\\/diagnostic-a-base-spectrale-et-a-base-dordres\\\/#primaryimage\"},\"image\":{\"@id\":\"https:\\\/\\\/www.oros.com\\\/fr\\\/produits\\\/machines-tournantes\\\/diagnostic-a-base-spectrale-et-a-base-dordres\\\/#primaryimage\"},\"thumbnailUrl\":\"https:\\\/\\\/www.oros.com\\\/wp-content\\\/uploads\\\/2019\\\/01\\\/machinery-diagnostic-background-spectra-1.jpg\",\"datePublished\":\"2018-12-14T08:38:28+00:00\",\"dateModified\":\"2022-10-07T15:56:54+00:00\",\"description\":\"Diagnostic des d\u00e9faillances vibratoires des machines tournantes gr\u00e2ce \u00e0 des outils de diagnostic spectral.\",\"breadcrumb\":{\"@id\":\"https:\\\/\\\/www.oros.com\\\/fr\\\/produits\\\/machines-tournantes\\\/diagnostic-a-base-spectrale-et-a-base-dordres\\\/#breadcrumb\"},\"inLanguage\":\"fr-FR\",\"potentialAction\":[{\"@type\":\"ReadAction\",\"target\":[\"https:\\\/\\\/www.oros.com\\\/fr\\\/produits\\\/machines-tournantes\\\/diagnostic-a-base-spectrale-et-a-base-dordres\\\/\"]}]},{\"@type\":\"ImageObject\",\"inLanguage\":\"fr-FR\",\"@id\":\"https:\\\/\\\/www.oros.com\\\/fr\\\/produits\\\/machines-tournantes\\\/diagnostic-a-base-spectrale-et-a-base-dordres\\\/#primaryimage\",\"url\":\"https:\\\/\\\/www.oros.com\\\/wp-content\\\/uploads\\\/2019\\\/01\\\/machinery-diagnostic-background-spectra-1.jpg\",\"contentUrl\":\"https:\\\/\\\/www.oros.com\\\/wp-content\\\/uploads\\\/2019\\\/01\\\/machinery-diagnostic-background-spectra-1.jpg\",\"width\":400,\"height\":300,\"caption\":\"Machinery-diagnostic-background-spectra\"},{\"@type\":\"BreadcrumbList\",\"@id\":\"https:\\\/\\\/www.oros.com\\\/fr\\\/produits\\\/machines-tournantes\\\/diagnostic-a-base-spectrale-et-a-base-dordres\\\/#breadcrumb\",\"itemListElement\":[{\"@type\":\"ListItem\",\"position\":1,\"name\":\"Accueil\",\"item\":\"https:\\\/\\\/www.oros.com\\\/fr\\\/\"},{\"@type\":\"ListItem\",\"position\":2,\"name\":\"Produits\",\"item\":\"https:\\\/\\\/www.oros.com\\\/fr\\\/produits\\\/\"},{\"@type\":\"ListItem\",\"position\":3,\"name\":\"Solutions pour machines tournantes\",\"item\":\"https:\\\/\\\/www.oros.com\\\/fr\\\/produits\\\/machines-tournantes\\\/\"},{\"@type\":\"ListItem\",\"position\":4,\"name\":\"Diagnostic \u00e0 base spectrale et \u00e0 base d&#8217;ordres\"}]},{\"@type\":\"WebSite\",\"@id\":\"https:\\\/\\\/www.oros.com\\\/#website\",\"url\":\"https:\\\/\\\/www.oros.com\\\/\",\"name\":\"OROS\",\"description\":\"Measuring noise &amp; vibration\",\"potentialAction\":[{\"@type\":\"SearchAction\",\"target\":{\"@type\":\"EntryPoint\",\"urlTemplate\":\"https:\\\/\\\/www.oros.com\\\/?s={search_term_string}\"},\"query-input\":{\"@type\":\"PropertyValueSpecification\",\"valueRequired\":true,\"valueName\":\"search_term_string\"}}],\"inLanguage\":\"fr-FR\"}]}<\/script>\n<!-- \/ Yoast SEO plugin. -->","yoast_head_json":{"title":"Logiciel de diagnostic pour machines tournantes - OROS","description":"Diagnostic des d\u00e9faillances vibratoires des machines tournantes gr\u00e2ce \u00e0 des outils de diagnostic spectral.","robots":{"index":"index","follow":"follow","max-snippet":"max-snippet:-1","max-image-preview":"max-image-preview:large","max-video-preview":"max-video-preview:-1"},"canonical":"https:\/\/www.oros.com\/fr\/produits\/machines-tournantes\/diagnostic-a-base-spectrale-et-a-base-dordres\/","og_locale":"fr_FR","og_type":"article","og_title":"Logiciel de diagnostic pour machines tournantes - OROS","og_description":"Diagnostic des d\u00e9faillances vibratoires des machines tournantes gr\u00e2ce \u00e0 des outils de diagnostic spectral.","og_url":"https:\/\/www.oros.com\/fr\/produits\/machines-tournantes\/diagnostic-a-base-spectrale-et-a-base-dordres\/","og_site_name":"OROS","article_modified_time":"2022-10-07T15:56:54+00:00","og_image":[{"width":400,"height":300,"url":"https:\/\/www.oros.com\/wp-content\/uploads\/2019\/01\/machinery-diagnostic-background-spectra-1.jpg","type":"image\/jpeg"}],"twitter_card":"summary_large_image","twitter_misc":{"Dur\u00e9e de lecture estim\u00e9e":"1 minute"},"schema":{"@context":"https:\/\/schema.org","@graph":[{"@type":"WebPage","@id":"https:\/\/www.oros.com\/fr\/produits\/machines-tournantes\/diagnostic-a-base-spectrale-et-a-base-dordres\/","url":"https:\/\/www.oros.com\/fr\/produits\/machines-tournantes\/diagnostic-a-base-spectrale-et-a-base-dordres\/","name":"Logiciel de diagnostic pour machines tournantes - OROS","isPartOf":{"@id":"https:\/\/www.oros.com\/#website"},"primaryImageOfPage":{"@id":"https:\/\/www.oros.com\/fr\/produits\/machines-tournantes\/diagnostic-a-base-spectrale-et-a-base-dordres\/#primaryimage"},"image":{"@id":"https:\/\/www.oros.com\/fr\/produits\/machines-tournantes\/diagnostic-a-base-spectrale-et-a-base-dordres\/#primaryimage"},"thumbnailUrl":"https:\/\/www.oros.com\/wp-content\/uploads\/2019\/01\/machinery-diagnostic-background-spectra-1.jpg","datePublished":"2018-12-14T08:38:28+00:00","dateModified":"2022-10-07T15:56:54+00:00","description":"Diagnostic des d\u00e9faillances vibratoires des machines tournantes gr\u00e2ce \u00e0 des outils de diagnostic spectral.","breadcrumb":{"@id":"https:\/\/www.oros.com\/fr\/produits\/machines-tournantes\/diagnostic-a-base-spectrale-et-a-base-dordres\/#breadcrumb"},"inLanguage":"fr-FR","potentialAction":[{"@type":"ReadAction","target":["https:\/\/www.oros.com\/fr\/produits\/machines-tournantes\/diagnostic-a-base-spectrale-et-a-base-dordres\/"]}]},{"@type":"ImageObject","inLanguage":"fr-FR","@id":"https:\/\/www.oros.com\/fr\/produits\/machines-tournantes\/diagnostic-a-base-spectrale-et-a-base-dordres\/#primaryimage","url":"https:\/\/www.oros.com\/wp-content\/uploads\/2019\/01\/machinery-diagnostic-background-spectra-1.jpg","contentUrl":"https:\/\/www.oros.com\/wp-content\/uploads\/2019\/01\/machinery-diagnostic-background-spectra-1.jpg","width":400,"height":300,"caption":"Machinery-diagnostic-background-spectra"},{"@type":"BreadcrumbList","@id":"https:\/\/www.oros.com\/fr\/produits\/machines-tournantes\/diagnostic-a-base-spectrale-et-a-base-dordres\/#breadcrumb","itemListElement":[{"@type":"ListItem","position":1,"name":"Accueil","item":"https:\/\/www.oros.com\/fr\/"},{"@type":"ListItem","position":2,"name":"Produits","item":"https:\/\/www.oros.com\/fr\/produits\/"},{"@type":"ListItem","position":3,"name":"Solutions pour machines tournantes","item":"https:\/\/www.oros.com\/fr\/produits\/machines-tournantes\/"},{"@type":"ListItem","position":4,"name":"Diagnostic \u00e0 base spectrale et \u00e0 base d&#8217;ordres"}]},{"@type":"WebSite","@id":"https:\/\/www.oros.com\/#website","url":"https:\/\/www.oros.com\/","name":"OROS","description":"Measuring noise &amp; vibration","potentialAction":[{"@type":"SearchAction","target":{"@type":"EntryPoint","urlTemplate":"https:\/\/www.oros.com\/?s={search_term_string}"},"query-input":{"@type":"PropertyValueSpecification","valueRequired":true,"valueName":"search_term_string"}}],"inLanguage":"fr-FR"}]}},"_links":{"self":[{"href":"https:\/\/www.oros.com\/fr\/wp-json\/wp\/v2\/pages\/16223","targetHints":{"allow":["GET"]}}],"collection":[{"href":"https:\/\/www.oros.com\/fr\/wp-json\/wp\/v2\/pages"}],"about":[{"href":"https:\/\/www.oros.com\/fr\/wp-json\/wp\/v2\/types\/page"}],"author":[{"embeddable":true,"href":"https:\/\/www.oros.com\/fr\/wp-json\/wp\/v2\/users\/2"}],"replies":[{"embeddable":true,"href":"https:\/\/www.oros.com\/fr\/wp-json\/wp\/v2\/comments?post=16223"}],"version-history":[{"count":11,"href":"https:\/\/www.oros.com\/fr\/wp-json\/wp\/v2\/pages\/16223\/revisions"}],"predecessor-version":[{"id":128927,"href":"https:\/\/www.oros.com\/fr\/wp-json\/wp\/v2\/pages\/16223\/revisions\/128927"}],"up":[{"embeddable":true,"href":"https:\/\/www.oros.com\/fr\/wp-json\/wp\/v2\/pages\/16209"}],"wp:featuredmedia":[{"embeddable":true,"href":"https:\/\/www.oros.com\/fr\/wp-json\/wp\/v2\/media\/789"}],"wp:attachment":[{"href":"https:\/\/www.oros.com\/fr\/wp-json\/wp\/v2\/media?parent=16223"}],"curies":[{"name":"wp","href":"https:\/\/api.w.org\/{rel}","templated":true}]}}