{"id":16229,"date":"2019-07-02T17:33:11","date_gmt":"2019-07-02T15:33:11","guid":{"rendered":"https:\/\/www.oros.com\/solutions\/acquisition-de-donnees-et-traitement-du-signal\/software-platform-nvgate\/"},"modified":"2024-09-26T17:35:26","modified_gmt":"2024-09-26T15:35:26","slug":"platforme-logicielle-nvgate","status":"publish","type":"page","link":"https:\/\/www.oros.com\/fr\/produits\/bruit-vibration-general\/platforme-logicielle-nvgate\/","title":{"rendered":"Plateforme logicielle \u2013 NVGate"},"content":{"rendered":"<p><strong>NVGate<\/strong> est la plate-forme logicielle d&rsquo;OROS. Elle g\u00e8re la configuration des instruments et l&rsquo;analyse des signaux en temps r\u00e9el et en post-traitement. C&rsquo;est le lien entre l&rsquo;acquisition des donn\u00e9es et les r\u00e9sultats d&rsquo;analyse. Il constitue la base de l&rsquo;ossature de la mesure du bruit et des vibrations avec la configuration frontale, le traitement du signal, les calibrations, la base de donn\u00e9es des transducteurs, les graphiques de r\u00e9sultats en temps r\u00e9el, les rapports et les outils d&rsquo;automatisation des mesures. Il int\u00e8gre nativement la technologie logicielle Teamwork qui am\u00e9liore l&rsquo;efficacit\u00e9, la s\u00e9curit\u00e9 et la qualit\u00e9 des mesures.<\/p>\n<p><a href=\"https:\/\/www.oros.com\/products\/general-noise-and-vibration\/software-platform-nvgate\/nvgate-v17-whatsnew\/\" target=\"_blank\" rel=\"noopener\">NVGate V17 &#8211; what&rsquo;s new?<\/a> (en anglais)<\/p>\n","protected":false},"excerpt":{"rendered":"<p>NVGate est la plate-forme logicielle d&rsquo;OROS. Elle g\u00e8re la configuration des instruments et l&rsquo;analyse des signaux en temps r\u00e9el et&#8230; <span class=\"moretag btn btn--right btn--bold\">Lire la suite<\/span><\/p>\n","protected":false},"author":4,"featured_media":6874,"parent":16147,"menu_order":0,"comment_status":"closed","ping_status":"closed","template":"views\/solutions.blade.php","meta":{"_acf_changed":false,"inline_featured_image":false,"footnotes":""},"class_list":["post-16229","page","type-page","status-publish","has-post-thumbnail","hentry"],"acf":[],"yoast_head":"<!-- This site is optimized with the Yoast SEO plugin v27.4 - https:\/\/yoast.com\/product\/yoast-seo-wordpress\/ -->\n<title>Plateforme logicielle d&#039;analyse de bruit et vibration - OROS<\/title>\n<meta name=\"description\" content=\"Tous les outils pour l&#039;analyse du bruit et des vibrations, analyse des signaux en temps r\u00e9el et en post-traitement.\" \/>\n<meta name=\"robots\" content=\"index, follow, max-snippet:-1, max-image-preview:large, max-video-preview:-1\" \/>\n<link rel=\"canonical\" href=\"https:\/\/www.oros.com\/fr\/produits\/bruit-vibration-general\/platforme-logicielle-nvgate\/\" \/>\n<meta property=\"og:locale\" content=\"fr_FR\" \/>\n<meta property=\"og:type\" content=\"article\" \/>\n<meta property=\"og:title\" content=\"Plateforme logicielle d&#039;analyse de bruit et vibration - OROS\" \/>\n<meta property=\"og:description\" content=\"Tous les outils pour l&#039;analyse du bruit et des vibrations, analyse des signaux en temps r\u00e9el et en post-traitement.\" \/>\n<meta property=\"og:url\" content=\"https:\/\/www.oros.com\/fr\/produits\/bruit-vibration-general\/platforme-logicielle-nvgate\/\" \/>\n<meta property=\"og:site_name\" content=\"OROS\" \/>\n<meta property=\"article:modified_time\" content=\"2024-09-26T15:35:26+00:00\" \/>\n<meta property=\"og:image\" content=\"https:\/\/www.oros.com\/wp-content\/uploads\/2019\/07\/nvgate_mockup_web.jpg\" \/>\n\t<meta property=\"og:image:width\" content=\"1000\" \/>\n\t<meta property=\"og:image:height\" content=\"563\" \/>\n\t<meta property=\"og:image:type\" content=\"image\/jpeg\" \/>\n<meta name=\"twitter:card\" content=\"summary_large_image\" \/>\n<meta name=\"twitter:label1\" content=\"Dur\u00e9e de lecture estim\u00e9e\" \/>\n\t<meta name=\"twitter:data1\" content=\"1 minute\" \/>\n<script type=\"application\/ld+json\" class=\"yoast-schema-graph\">{\"@context\":\"https:\\\/\\\/schema.org\",\"@graph\":[{\"@type\":\"WebPage\",\"@id\":\"https:\\\/\\\/www.oros.com\\\/fr\\\/produits\\\/bruit-vibration-general\\\/platforme-logicielle-nvgate\\\/\",\"url\":\"https:\\\/\\\/www.oros.com\\\/fr\\\/produits\\\/bruit-vibration-general\\\/platforme-logicielle-nvgate\\\/\",\"name\":\"Plateforme logicielle d'analyse de bruit et vibration - OROS\",\"isPartOf\":{\"@id\":\"https:\\\/\\\/www.oros.com\\\/#website\"},\"primaryImageOfPage\":{\"@id\":\"https:\\\/\\\/www.oros.com\\\/fr\\\/produits\\\/bruit-vibration-general\\\/platforme-logicielle-nvgate\\\/#primaryimage\"},\"image\":{\"@id\":\"https:\\\/\\\/www.oros.com\\\/fr\\\/produits\\\/bruit-vibration-general\\\/platforme-logicielle-nvgate\\\/#primaryimage\"},\"thumbnailUrl\":\"https:\\\/\\\/www.oros.com\\\/wp-content\\\/uploads\\\/2019\\\/07\\\/nvgate_mockup_web.jpg\",\"datePublished\":\"2019-07-02T15:33:11+00:00\",\"dateModified\":\"2024-09-26T15:35:26+00:00\",\"description\":\"Tous les outils pour l'analyse du bruit et des vibrations, analyse des signaux en temps r\u00e9el et en post-traitement.\",\"breadcrumb\":{\"@id\":\"https:\\\/\\\/www.oros.com\\\/fr\\\/produits\\\/bruit-vibration-general\\\/platforme-logicielle-nvgate\\\/#breadcrumb\"},\"inLanguage\":\"fr-FR\",\"potentialAction\":[{\"@type\":\"ReadAction\",\"target\":[\"https:\\\/\\\/www.oros.com\\\/fr\\\/produits\\\/bruit-vibration-general\\\/platforme-logicielle-nvgate\\\/\"]}]},{\"@type\":\"ImageObject\",\"inLanguage\":\"fr-FR\",\"@id\":\"https:\\\/\\\/www.oros.com\\\/fr\\\/produits\\\/bruit-vibration-general\\\/platforme-logicielle-nvgate\\\/#primaryimage\",\"url\":\"https:\\\/\\\/www.oros.com\\\/wp-content\\\/uploads\\\/2019\\\/07\\\/nvgate_mockup_web.jpg\",\"contentUrl\":\"https:\\\/\\\/www.oros.com\\\/wp-content\\\/uploads\\\/2019\\\/07\\\/nvgate_mockup_web.jpg\",\"width\":1000,\"height\":563},{\"@type\":\"BreadcrumbList\",\"@id\":\"https:\\\/\\\/www.oros.com\\\/fr\\\/produits\\\/bruit-vibration-general\\\/platforme-logicielle-nvgate\\\/#breadcrumb\",\"itemListElement\":[{\"@type\":\"ListItem\",\"position\":1,\"name\":\"Accueil\",\"item\":\"https:\\\/\\\/www.oros.com\\\/fr\\\/\"},{\"@type\":\"ListItem\",\"position\":2,\"name\":\"Produits\",\"item\":\"https:\\\/\\\/www.oros.com\\\/fr\\\/produits\\\/\"},{\"@type\":\"ListItem\",\"position\":3,\"name\":\"Bruit et vibration &#8211; G\u00e9n\u00e9ral\",\"item\":\"https:\\\/\\\/www.oros.com\\\/fr\\\/produits\\\/bruit-vibration-general\\\/\"},{\"@type\":\"ListItem\",\"position\":4,\"name\":\"Plateforme logicielle \u2013 NVGate\"}]},{\"@type\":\"WebSite\",\"@id\":\"https:\\\/\\\/www.oros.com\\\/#website\",\"url\":\"https:\\\/\\\/www.oros.com\\\/\",\"name\":\"OROS\",\"description\":\"Measuring noise &amp; vibration\",\"potentialAction\":[{\"@type\":\"SearchAction\",\"target\":{\"@type\":\"EntryPoint\",\"urlTemplate\":\"https:\\\/\\\/www.oros.com\\\/?s={search_term_string}\"},\"query-input\":{\"@type\":\"PropertyValueSpecification\",\"valueRequired\":true,\"valueName\":\"search_term_string\"}}],\"inLanguage\":\"fr-FR\"}]}<\/script>\n<!-- \/ Yoast SEO plugin. -->","yoast_head_json":{"title":"Plateforme logicielle d'analyse de bruit et vibration - OROS","description":"Tous les outils pour l'analyse du bruit et des vibrations, analyse des signaux en temps r\u00e9el et en post-traitement.","robots":{"index":"index","follow":"follow","max-snippet":"max-snippet:-1","max-image-preview":"max-image-preview:large","max-video-preview":"max-video-preview:-1"},"canonical":"https:\/\/www.oros.com\/fr\/produits\/bruit-vibration-general\/platforme-logicielle-nvgate\/","og_locale":"fr_FR","og_type":"article","og_title":"Plateforme logicielle d'analyse de bruit et vibration - OROS","og_description":"Tous les outils pour l'analyse du bruit et des vibrations, analyse des signaux en temps r\u00e9el et en post-traitement.","og_url":"https:\/\/www.oros.com\/fr\/produits\/bruit-vibration-general\/platforme-logicielle-nvgate\/","og_site_name":"OROS","article_modified_time":"2024-09-26T15:35:26+00:00","og_image":[{"width":1000,"height":563,"url":"https:\/\/www.oros.com\/wp-content\/uploads\/2019\/07\/nvgate_mockup_web.jpg","type":"image\/jpeg"}],"twitter_card":"summary_large_image","twitter_misc":{"Dur\u00e9e de lecture estim\u00e9e":"1 minute"},"schema":{"@context":"https:\/\/schema.org","@graph":[{"@type":"WebPage","@id":"https:\/\/www.oros.com\/fr\/produits\/bruit-vibration-general\/platforme-logicielle-nvgate\/","url":"https:\/\/www.oros.com\/fr\/produits\/bruit-vibration-general\/platforme-logicielle-nvgate\/","name":"Plateforme logicielle d'analyse de bruit et vibration - OROS","isPartOf":{"@id":"https:\/\/www.oros.com\/#website"},"primaryImageOfPage":{"@id":"https:\/\/www.oros.com\/fr\/produits\/bruit-vibration-general\/platforme-logicielle-nvgate\/#primaryimage"},"image":{"@id":"https:\/\/www.oros.com\/fr\/produits\/bruit-vibration-general\/platforme-logicielle-nvgate\/#primaryimage"},"thumbnailUrl":"https:\/\/www.oros.com\/wp-content\/uploads\/2019\/07\/nvgate_mockup_web.jpg","datePublished":"2019-07-02T15:33:11+00:00","dateModified":"2024-09-26T15:35:26+00:00","description":"Tous les outils pour l'analyse du bruit et des vibrations, analyse des signaux en temps r\u00e9el et en post-traitement.","breadcrumb":{"@id":"https:\/\/www.oros.com\/fr\/produits\/bruit-vibration-general\/platforme-logicielle-nvgate\/#breadcrumb"},"inLanguage":"fr-FR","potentialAction":[{"@type":"ReadAction","target":["https:\/\/www.oros.com\/fr\/produits\/bruit-vibration-general\/platforme-logicielle-nvgate\/"]}]},{"@type":"ImageObject","inLanguage":"fr-FR","@id":"https:\/\/www.oros.com\/fr\/produits\/bruit-vibration-general\/platforme-logicielle-nvgate\/#primaryimage","url":"https:\/\/www.oros.com\/wp-content\/uploads\/2019\/07\/nvgate_mockup_web.jpg","contentUrl":"https:\/\/www.oros.com\/wp-content\/uploads\/2019\/07\/nvgate_mockup_web.jpg","width":1000,"height":563},{"@type":"BreadcrumbList","@id":"https:\/\/www.oros.com\/fr\/produits\/bruit-vibration-general\/platforme-logicielle-nvgate\/#breadcrumb","itemListElement":[{"@type":"ListItem","position":1,"name":"Accueil","item":"https:\/\/www.oros.com\/fr\/"},{"@type":"ListItem","position":2,"name":"Produits","item":"https:\/\/www.oros.com\/fr\/produits\/"},{"@type":"ListItem","position":3,"name":"Bruit et vibration &#8211; G\u00e9n\u00e9ral","item":"https:\/\/www.oros.com\/fr\/produits\/bruit-vibration-general\/"},{"@type":"ListItem","position":4,"name":"Plateforme logicielle \u2013 NVGate"}]},{"@type":"WebSite","@id":"https:\/\/www.oros.com\/#website","url":"https:\/\/www.oros.com\/","name":"OROS","description":"Measuring noise &amp; vibration","potentialAction":[{"@type":"SearchAction","target":{"@type":"EntryPoint","urlTemplate":"https:\/\/www.oros.com\/?s={search_term_string}"},"query-input":{"@type":"PropertyValueSpecification","valueRequired":true,"valueName":"search_term_string"}}],"inLanguage":"fr-FR"}]}},"_links":{"self":[{"href":"https:\/\/www.oros.com\/fr\/wp-json\/wp\/v2\/pages\/16229","targetHints":{"allow":["GET"]}}],"collection":[{"href":"https:\/\/www.oros.com\/fr\/wp-json\/wp\/v2\/pages"}],"about":[{"href":"https:\/\/www.oros.com\/fr\/wp-json\/wp\/v2\/types\/page"}],"author":[{"embeddable":true,"href":"https:\/\/www.oros.com\/fr\/wp-json\/wp\/v2\/users\/4"}],"replies":[{"embeddable":true,"href":"https:\/\/www.oros.com\/fr\/wp-json\/wp\/v2\/comments?post=16229"}],"version-history":[{"count":12,"href":"https:\/\/www.oros.com\/fr\/wp-json\/wp\/v2\/pages\/16229\/revisions"}],"predecessor-version":[{"id":131659,"href":"https:\/\/www.oros.com\/fr\/wp-json\/wp\/v2\/pages\/16229\/revisions\/131659"}],"up":[{"embeddable":true,"href":"https:\/\/www.oros.com\/fr\/wp-json\/wp\/v2\/pages\/16147"}],"wp:featuredmedia":[{"embeddable":true,"href":"https:\/\/www.oros.com\/fr\/wp-json\/wp\/v2\/media\/6874"}],"wp:attachment":[{"href":"https:\/\/www.oros.com\/fr\/wp-json\/wp\/v2\/media?parent=16229"}],"curies":[{"name":"wp","href":"https:\/\/api.w.org\/{rel}","templated":true}]}}