{"id":16432,"date":"2018-12-14T09:30:51","date_gmt":"2018-12-14T08:30:54","guid":{"rendered":"https:\/\/www.oros.com\/services\/"},"modified":"2023-03-21T15:03:47","modified_gmt":"2023-03-21T14:03:47","slug":"services","status":"publish","type":"page","link":"https:\/\/www.oros.com\/fr\/services\/","title":{"rendered":"Services"},"content":{"rendered":"<div id=\"document\" class=\"avecColonneGauche\">\n<div class=\"documentInner\">\n<div id=\"fondSite\">\n<div id=\"corps\">\n<div id=\"contenu\">\n<div id=\"par56204\" class=\"paragraphe\">\n<div class=\"inner\">\n<p><strong>En tant que sp\u00e9cialiste des mesures de bruit et vibrations, OROS s\u2019appuie sur un vaste r\u00e9seau de partenaires et d\u2019experts qualifi\u00e9s, pour vous accompagner dans la r\u00e9solution de vos probl\u00e9matiques de bruit et vibrations.<\/strong><\/p>\n<p>B\u00e9n\u00e9ficiez de tout le savoir-fraire et l&rsquo;expertise OROS pour optimiser vos mesures et essais selon vos besoins.<\/p>\n<p>&nbsp;<\/p>\n<p>Nous dispensons des formations d\u00e9di\u00e9es \u00e0 la mesure acoustique et vibratoire sur site ou \u00e0 distance.<\/p>\n<p>&nbsp;<\/p>\n<p>Nos \u00e9quipes d&rsquo;experts sont \u00e0 votre disposition pour vous accompagner lors de vos mesures. Cet accompagnement est la garantie d&rsquo;obtenir le meilleur de votre \u00e9quipement OROS.<\/p>\n<p>&nbsp;<\/p>\n<p>&nbsp;<\/p>\n<\/div>\n<\/div>\n<\/div>\n<\/div>\n<\/div>\n<\/div>\n<\/div>\n","protected":false},"excerpt":{"rendered":"<p>En tant que sp\u00e9cialiste des mesures de bruit et vibrations, OROS s\u2019appuie sur un vaste r\u00e9seau de partenaires et d\u2019experts&#8230; <span class=\"moretag btn btn--right btn--bold\">Lire la suite<\/span><\/p>\n","protected":false},"author":2,"featured_media":2859,"parent":0,"menu_order":5,"comment_status":"closed","ping_status":"closed","template":"views\/main-page.blade.php","meta":{"_acf_changed":false,"inline_featured_image":false,"footnotes":""},"class_list":["post-16432","page","type-page","status-publish","has-post-thumbnail","hentry"],"acf":[],"yoast_head":"<!-- This site is optimized with the Yoast SEO plugin v27.5 - https:\/\/yoast.com\/product\/yoast-seo-wordpress\/ -->\n<title>Services: Training, Coaching and Testing - OROS<\/title>\n<meta name=\"description\" content=\"Thanks to its solid network, OROS offers its expertise in noise and vibration testing and analysis.\" \/>\n<meta name=\"robots\" content=\"index, follow, max-snippet:-1, max-image-preview:large, max-video-preview:-1\" \/>\n<link rel=\"canonical\" href=\"https:\/\/www.oros.com\/fr\/services\/\" \/>\n<meta property=\"og:locale\" content=\"fr_FR\" \/>\n<meta property=\"og:type\" content=\"article\" \/>\n<meta property=\"og:title\" content=\"Services: Training, Coaching and Testing - OROS\" \/>\n<meta property=\"og:description\" content=\"Thanks to its solid network, OROS offers its expertise in noise and vibration testing and analysis.\" \/>\n<meta property=\"og:url\" content=\"https:\/\/www.oros.com\/fr\/services\/\" \/>\n<meta property=\"og:site_name\" content=\"OROS\" \/>\n<meta property=\"article:modified_time\" content=\"2023-03-21T14:03:47+00:00\" \/>\n<meta property=\"og:image\" content=\"https:\/\/www.oros.com\/wp-content\/uploads\/2019\/02\/services_uae_web.jpg\" \/>\n\t<meta property=\"og:image:width\" content=\"960\" \/>\n\t<meta property=\"og:image:height\" content=\"720\" \/>\n\t<meta property=\"og:image:type\" content=\"image\/jpeg\" \/>\n<meta name=\"twitter:card\" content=\"summary_large_image\" \/>\n<meta name=\"twitter:label1\" content=\"Dur\u00e9e de lecture estim\u00e9e\" \/>\n\t<meta name=\"twitter:data1\" content=\"1 minute\" \/>\n<script type=\"application\/ld+json\" class=\"yoast-schema-graph\">{\"@context\":\"https:\\\/\\\/schema.org\",\"@graph\":[{\"@type\":\"WebPage\",\"@id\":\"https:\\\/\\\/www.oros.com\\\/fr\\\/services\\\/\",\"url\":\"https:\\\/\\\/www.oros.com\\\/fr\\\/services\\\/\",\"name\":\"Services: Training, Coaching and Testing - OROS\",\"isPartOf\":{\"@id\":\"https:\\\/\\\/www.oros.com\\\/#website\"},\"primaryImageOfPage\":{\"@id\":\"https:\\\/\\\/www.oros.com\\\/fr\\\/services\\\/#primaryimage\"},\"image\":{\"@id\":\"https:\\\/\\\/www.oros.com\\\/fr\\\/services\\\/#primaryimage\"},\"thumbnailUrl\":\"https:\\\/\\\/www.oros.com\\\/wp-content\\\/uploads\\\/2019\\\/02\\\/services_uae_web.jpg\",\"datePublished\":\"2018-12-14T08:30:54+00:00\",\"dateModified\":\"2023-03-21T14:03:47+00:00\",\"description\":\"Thanks to its solid network, OROS offers its expertise in noise and vibration testing and analysis.\",\"breadcrumb\":{\"@id\":\"https:\\\/\\\/www.oros.com\\\/fr\\\/services\\\/#breadcrumb\"},\"inLanguage\":\"fr-FR\",\"potentialAction\":[{\"@type\":\"ReadAction\",\"target\":[\"https:\\\/\\\/www.oros.com\\\/fr\\\/services\\\/\"]}]},{\"@type\":\"ImageObject\",\"inLanguage\":\"fr-FR\",\"@id\":\"https:\\\/\\\/www.oros.com\\\/fr\\\/services\\\/#primaryimage\",\"url\":\"https:\\\/\\\/www.oros.com\\\/wp-content\\\/uploads\\\/2019\\\/02\\\/services_uae_web.jpg\",\"contentUrl\":\"https:\\\/\\\/www.oros.com\\\/wp-content\\\/uploads\\\/2019\\\/02\\\/services_uae_web.jpg\",\"width\":960,\"height\":720},{\"@type\":\"BreadcrumbList\",\"@id\":\"https:\\\/\\\/www.oros.com\\\/fr\\\/services\\\/#breadcrumb\",\"itemListElement\":[{\"@type\":\"ListItem\",\"position\":1,\"name\":\"Accueil\",\"item\":\"https:\\\/\\\/www.oros.com\\\/fr\\\/\"},{\"@type\":\"ListItem\",\"position\":2,\"name\":\"Services\"}]},{\"@type\":\"WebSite\",\"@id\":\"https:\\\/\\\/www.oros.com\\\/#website\",\"url\":\"https:\\\/\\\/www.oros.com\\\/\",\"name\":\"OROS\",\"description\":\"Measuring noise &amp; vibration\",\"potentialAction\":[{\"@type\":\"SearchAction\",\"target\":{\"@type\":\"EntryPoint\",\"urlTemplate\":\"https:\\\/\\\/www.oros.com\\\/?s={search_term_string}\"},\"query-input\":{\"@type\":\"PropertyValueSpecification\",\"valueRequired\":true,\"valueName\":\"search_term_string\"}}],\"inLanguage\":\"fr-FR\"}]}<\/script>\n<!-- \/ Yoast SEO plugin. -->","yoast_head_json":{"title":"Services: Training, Coaching and Testing - OROS","description":"Thanks to its solid network, OROS offers its expertise in noise and vibration testing and analysis.","robots":{"index":"index","follow":"follow","max-snippet":"max-snippet:-1","max-image-preview":"max-image-preview:large","max-video-preview":"max-video-preview:-1"},"canonical":"https:\/\/www.oros.com\/fr\/services\/","og_locale":"fr_FR","og_type":"article","og_title":"Services: Training, Coaching and Testing - OROS","og_description":"Thanks to its solid network, OROS offers its expertise in noise and vibration testing and analysis.","og_url":"https:\/\/www.oros.com\/fr\/services\/","og_site_name":"OROS","article_modified_time":"2023-03-21T14:03:47+00:00","og_image":[{"width":960,"height":720,"url":"https:\/\/www.oros.com\/wp-content\/uploads\/2019\/02\/services_uae_web.jpg","type":"image\/jpeg"}],"twitter_card":"summary_large_image","twitter_misc":{"Dur\u00e9e de lecture estim\u00e9e":"1 minute"},"schema":{"@context":"https:\/\/schema.org","@graph":[{"@type":"WebPage","@id":"https:\/\/www.oros.com\/fr\/services\/","url":"https:\/\/www.oros.com\/fr\/services\/","name":"Services: Training, Coaching and Testing - OROS","isPartOf":{"@id":"https:\/\/www.oros.com\/#website"},"primaryImageOfPage":{"@id":"https:\/\/www.oros.com\/fr\/services\/#primaryimage"},"image":{"@id":"https:\/\/www.oros.com\/fr\/services\/#primaryimage"},"thumbnailUrl":"https:\/\/www.oros.com\/wp-content\/uploads\/2019\/02\/services_uae_web.jpg","datePublished":"2018-12-14T08:30:54+00:00","dateModified":"2023-03-21T14:03:47+00:00","description":"Thanks to its solid network, OROS offers its expertise in noise and vibration testing and analysis.","breadcrumb":{"@id":"https:\/\/www.oros.com\/fr\/services\/#breadcrumb"},"inLanguage":"fr-FR","potentialAction":[{"@type":"ReadAction","target":["https:\/\/www.oros.com\/fr\/services\/"]}]},{"@type":"ImageObject","inLanguage":"fr-FR","@id":"https:\/\/www.oros.com\/fr\/services\/#primaryimage","url":"https:\/\/www.oros.com\/wp-content\/uploads\/2019\/02\/services_uae_web.jpg","contentUrl":"https:\/\/www.oros.com\/wp-content\/uploads\/2019\/02\/services_uae_web.jpg","width":960,"height":720},{"@type":"BreadcrumbList","@id":"https:\/\/www.oros.com\/fr\/services\/#breadcrumb","itemListElement":[{"@type":"ListItem","position":1,"name":"Accueil","item":"https:\/\/www.oros.com\/fr\/"},{"@type":"ListItem","position":2,"name":"Services"}]},{"@type":"WebSite","@id":"https:\/\/www.oros.com\/#website","url":"https:\/\/www.oros.com\/","name":"OROS","description":"Measuring noise &amp; vibration","potentialAction":[{"@type":"SearchAction","target":{"@type":"EntryPoint","urlTemplate":"https:\/\/www.oros.com\/?s={search_term_string}"},"query-input":{"@type":"PropertyValueSpecification","valueRequired":true,"valueName":"search_term_string"}}],"inLanguage":"fr-FR"}]}},"_links":{"self":[{"href":"https:\/\/www.oros.com\/fr\/wp-json\/wp\/v2\/pages\/16432","targetHints":{"allow":["GET"]}}],"collection":[{"href":"https:\/\/www.oros.com\/fr\/wp-json\/wp\/v2\/pages"}],"about":[{"href":"https:\/\/www.oros.com\/fr\/wp-json\/wp\/v2\/types\/page"}],"author":[{"embeddable":true,"href":"https:\/\/www.oros.com\/fr\/wp-json\/wp\/v2\/users\/2"}],"replies":[{"embeddable":true,"href":"https:\/\/www.oros.com\/fr\/wp-json\/wp\/v2\/comments?post=16432"}],"version-history":[{"count":11,"href":"https:\/\/www.oros.com\/fr\/wp-json\/wp\/v2\/pages\/16432\/revisions"}],"predecessor-version":[{"id":130104,"href":"https:\/\/www.oros.com\/fr\/wp-json\/wp\/v2\/pages\/16432\/revisions\/130104"}],"wp:featuredmedia":[{"embeddable":true,"href":"https:\/\/www.oros.com\/fr\/wp-json\/wp\/v2\/media\/2859"}],"wp:attachment":[{"href":"https:\/\/www.oros.com\/fr\/wp-json\/wp\/v2\/media?parent=16432"}],"curies":[{"name":"wp","href":"https:\/\/api.w.org\/{rel}","templated":true}]}}